{"id":4949,"date":"2025-02-21T14:40:43","date_gmt":"2025-02-21T13:40:43","guid":{"rendered":"https:\/\/www.rcr-production-france.com\/fr\/?post_type=product&#038;p=4949"},"modified":"2025-03-26T20:58:51","modified_gmt":"2025-03-26T19:58:51","slug":"rinol-performance-plus","status":"publish","type":"product","link":"https:\/\/www.achro.eu\/fr\/performance-plus.html","title":{"rendered":"RINOL Performance plus"},"content":{"rendered":"\t\t<div data-elementor-type=\"wp-post\" data-elementor-id=\"4949\" class=\"elementor elementor-4949\">\n\t\t\t\t<div class=\"elementor-element elementor-element-74716d8c e-grid e-con-boxed e-con e-parent\" data-id=\"74716d8c\" data-element_type=\"container\">\n\t\t\t\t\t<div class=\"e-con-inner\">\n\t\t\t\t<div class=\"elementor-element elementor-element-6bf16661 elementor-widget elementor-widget-text-editor\" data-id=\"6bf16661\" data-element_type=\"widget\" data-widget_type=\"text-editor.default\">\n\t\t\t\t<div class=\"elementor-widget-container\">\n\t\t\t\t\t\t\t\t\t<p>Gr\u00e2ce \u00e0 sa formulation sans solvant, RINOL Performance Plus r\u00e9pond aux exigences des projets durables et \u00e9cologiques. Pr\u00eat \u00e0 l\u2019emploi, il s\u2019applique directement sans pr\u00e9paration complexe, ce qui facilite son utilisation tout en garantissant une performance maximale.<\/p>\t\t\t\t\t\t\t\t<\/div>\n\t\t\t\t<\/div>\n\t\t<div class=\"elementor-element elementor-element-1a584a9f e-con-full e-flex e-con e-child\" data-id=\"1a584a9f\" data-element_type=\"container\" data-settings=\"{&quot;background_background&quot;:&quot;classic&quot;}\">\n\t\t\t\t<div class=\"elementor-element elementor-element-785afe21 elementor-widget elementor-widget-cs_title\" data-id=\"785afe21\" data-element_type=\"widget\" data-widget_type=\"cs_title.default\">\n\t\t\t\t<div class=\"elementor-widget-container\">\n\t\t\t\t\t\n        <div class=\"cs-title-wrap text-center\">\t            <div class=\"cs-subtitle-wrap\"><span class=\"cs-subtitle\">liens utiles<\/span><\/div>\t            <h4 class=\"cs-title\">\n\t                T\u00e9l\u00e9chargements\t            <\/h4>        <\/div>\t\t\t\t<\/div>\n\t\t\t\t<\/div>\n\t\t\t\t<div class=\"elementor-element elementor-element-1fe000b0 elementor-widget elementor-widget-text-editor\" data-id=\"1fe000b0\" data-element_type=\"widget\" data-widget_type=\"text-editor.default\">\n\t\t\t\t<div class=\"elementor-widget-container\">\n\t\t\t\t\t\t\t\t\t<p style=\"text-align: center;\"><a href=\"https:\/\/rinol.com\/wp-content\/uploads\/2024\/07\/RINOL-Performance-Plus_v4.22fr.pdf\" rel=\"\">Fiche technique<br><\/a><\/p><p style=\"text-align: center;\"><a href=\"https:\/\/rinol.com\/wp-content\/uploads\/2024\/07\/RINOL-Performance-Plus_v4.22fr.pdf\" rel=\"\"><br><\/a><\/p>\t\t\t\t\t\t\t\t<\/div>\n\t\t\t\t<\/div>\n\t\t\t\t<\/div>\n\t\t\t\t\t<\/div>\n\t\t\t\t<\/div>\n\t\t<div class=\"elementor-element elementor-element-21d842e4 e-flex e-con-boxed e-con e-parent\" data-id=\"21d842e4\" data-element_type=\"container\">\n\t\t\t\t\t<div class=\"e-con-inner\">\n\t\t\t\t<div class=\"elementor-element elementor-element-6c5c6f72 elementor-widget elementor-widget-text-editor\" data-id=\"6c5c6f72\" data-element_type=\"widget\" data-widget_type=\"text-editor.default\">\n\t\t\t\t<div class=\"elementor-widget-container\">\n\t\t\t\t\t\t\t\t\t<h2>Caract\u00e9ristiques principales<\/h2><ul><li><strong>Pr\u00eat \u00e0 l&#8217;emploi<\/strong> : Application directe sans m\u00e9lange ni dilution.<\/li><li><strong>Haute r\u00e9sistance<\/strong> : Prot\u00e8ge contre les agressions chimiques et m\u00e9caniques.<\/li><li><strong>Sans film de surface<\/strong> : Maintient la respirabilit\u00e9 du b\u00e9ton et \u00e9vite les efflorescences.<\/li><li><strong>Facilit\u00e9 d\u2019entretien<\/strong> : R\u00e9duit l\u2019adh\u00e9rence des salissures et simplifie le nettoyage.<\/li><li><strong>Stabilit\u00e9 de la couleur<\/strong> : Reste clair et ne jaunit pas dans le temps.<\/li><li><strong>Sans solvant<\/strong> : Formulation s\u00fbre et respectueuse de l\u2019environnement.<\/li><li><strong>Polyvalence d\u2019application<\/strong> : Compatible avec diverses surfaces en b\u00e9ton.<\/li><li><strong>R\u00e9sistance aux UV<\/strong> : Pr\u00e9serve l\u2019int\u00e9grit\u00e9 du rev\u00eatement face aux rayons ultraviolets.<\/li><li><strong>Barri\u00e8re anti-taches<\/strong> : Prot\u00e8ge contre les huiles et autres substances.<\/li><li><strong>\u00c9cologique<\/strong> : Id\u00e9al pour les projets soucieux de l\u2019impact environnemental.<\/li><li><strong>Application rapide et efficace<\/strong> : Facilit\u00e9 d\u2019utilisation pour une mise en \u0153uvre optimis\u00e9e.<\/li><\/ul><h2>Applications recommand\u00e9es<\/h2><p>RINOL Performance Plus est id\u00e9al pour de nombreux secteurs n\u00e9cessitant une protection avanc\u00e9e des sols en b\u00e9ton :<\/p><ul><li><strong>Sols industriels et entrep\u00f4ts<\/strong> : R\u00e9sistance accrue \u00e0 l\u2019abrasion et au trafic intense.<\/li><li><strong>Usines de fabrication<\/strong> : Supporte les usages intensifs et les d\u00e9versements industriels.<\/li><li><strong>Centres de distribution<\/strong> : Prot\u00e8ge contre l\u2019usure caus\u00e9e par les chargements r\u00e9p\u00e9t\u00e9s.<\/li><li><strong>Terminaux de transport<\/strong> : Adapt\u00e9 aux a\u00e9roports, gares et d\u00e9p\u00f4ts de bus, alliant durabilit\u00e9 et esth\u00e9tique.<\/li><li><strong>Sols institutionnels<\/strong> : S\u00e9curise et simplifie l\u2019entretien des \u00e9tablissements publics.<\/li><li><strong>Espaces commerciaux et de vente<\/strong> : Facilite le nettoyage et conserve l\u2019apparence du sol.<\/li><li><strong>B\u00e9ton poli au diamant<\/strong> : Am\u00e9liore la long\u00e9vit\u00e9 et l\u2019esth\u00e9tique des surfaces polies.<\/li><\/ul><p>Avec ses performances sup\u00e9rieures et sa facilit\u00e9 d\u2019application, RINOL Performance Plus est la solution id\u00e9ale pour renforcer la protection et prolonger la dur\u00e9e de vie des sols en b\u00e9ton.<\/p>\t\t\t\t\t\t\t\t<\/div>\n\t\t\t\t<\/div>\n\t\t\t\t\t<\/div>\n\t\t\t\t<\/div>\n\t\t\t\t<\/div>\n\t\t","protected":false},"excerpt":{"rendered":"<p>RINOL Performance Plus est un scellant d&rsquo;impr\u00e9gnation \u00e0 base d&rsquo;eau con\u00e7u pour offrir une protection optimale aux surfaces en b\u00e9ton, tout en conservant leur porosit\u00e9 naturelle. Il agit comme une barri\u00e8re efficace contre l\u2019eau, l\u2019huile, la graisse et les contaminants environnementaux, assurant ainsi une durabilit\u00e9 accrue dans divers environnements, aussi bien en int\u00e9rieur qu\u2019en ext\u00e9rieur.<\/p>\n","protected":false},"featured_media":4938,"template":"","meta":[],"product_cat":[58],"product_tag":[],"class_list":{"0":"post-4949","1":"product","2":"type-product","3":"status-publish","4":"has-post-thumbnail","6":"product_cat-entretien","8":"first","9":"instock","10":"featured","11":"shipping-taxable","12":"product-type-simple"},"yoast_head":"<!-- This site is optimized with the Yoast SEO plugin v24.3 - https:\/\/yoast.com\/wordpress\/plugins\/seo\/ -->\n<title>Scellant haute performance pour b\u00e9ton quartz\u00e9<\/title>\n<meta name=\"description\" content=\"Scellant \u00e0 base d\u2019eau offrant une protection optimale contre l\u2019eau, l\u2019huile et les taches. Id\u00e9al pour sols industriels, commerciaux et b\u00e9ton quartz\u00e9\" \/>\n<meta name=\"robots\" content=\"index, follow, max-snippet:-1, max-image-preview:large, max-video-preview:-1\" \/>\n<link rel=\"canonical\" href=\"https:\/\/www.achro.eu\/fr\/performance-plus.html\" \/>\n<meta property=\"og:locale\" content=\"fr_FR\" \/>\n<meta property=\"og:type\" content=\"article\" \/>\n<meta property=\"og:title\" content=\"Scellant haute performance pour b\u00e9ton quartz\u00e9\" \/>\n<meta property=\"og:description\" content=\"Scellant \u00e0 base d\u2019eau offrant une protection optimale contre l\u2019eau, l\u2019huile et les taches. Id\u00e9al pour sols industriels, commerciaux et b\u00e9ton quartz\u00e9\" \/>\n<meta property=\"og:url\" content=\"https:\/\/www.achro.eu\/fr\/performance-plus.html\" \/>\n<meta property=\"article:modified_time\" content=\"2025-03-26T19:58:51+00:00\" \/>\n<meta property=\"og:image\" content=\"http:\/\/www.achro.eu\/fr\/wp-content\/uploads\/2025\/02\/protection-beton-performance-plus.jpg\" \/>\n\t<meta property=\"og:image:width\" content=\"945\" \/>\n\t<meta property=\"og:image:height\" content=\"944\" \/>\n\t<meta property=\"og:image:type\" content=\"image\/jpeg\" \/>\n<meta name=\"twitter:card\" content=\"summary_large_image\" \/>\n<meta name=\"twitter:label1\" content=\"Dur\u00e9e de lecture estim\u00e9e\" \/>\n\t<meta name=\"twitter:data1\" content=\"2 minutes\" \/>\n<script type=\"application\/ld+json\" class=\"yoast-schema-graph\">{\"@context\":\"https:\/\/schema.org\",\"@graph\":[{\"@type\":\"WebPage\",\"@id\":\"https:\/\/www.achro.eu\/fr\/performance-plus.html\",\"url\":\"https:\/\/www.achro.eu\/fr\/performance-plus.html\",\"name\":\"Scellant haute performance pour b\u00e9ton quartz\u00e9\",\"isPartOf\":{\"@id\":\"https:\/\/www.achro.eu\/fr\/#website\"},\"primaryImageOfPage\":{\"@id\":\"https:\/\/www.achro.eu\/fr\/performance-plus.html#primaryimage\"},\"image\":{\"@id\":\"https:\/\/www.achro.eu\/fr\/performance-plus.html#primaryimage\"},\"thumbnailUrl\":\"https:\/\/www.achro.eu\/fr\/wp-content\/uploads\/2025\/02\/protection-beton-performance-plus.jpg\",\"datePublished\":\"2025-02-21T13:40:43+00:00\",\"dateModified\":\"2025-03-26T19:58:51+00:00\",\"description\":\"Scellant \u00e0 base d\u2019eau offrant une protection optimale contre l\u2019eau, l\u2019huile et les taches. Id\u00e9al pour sols industriels, commerciaux et b\u00e9ton quartz\u00e9\",\"inLanguage\":\"fr-FR\",\"potentialAction\":[{\"@type\":\"ReadAction\",\"target\":[\"https:\/\/www.achro.eu\/fr\/performance-plus.html\"]}]},{\"@type\":\"ImageObject\",\"inLanguage\":\"fr-FR\",\"@id\":\"https:\/\/www.achro.eu\/fr\/performance-plus.html#primaryimage\",\"url\":\"https:\/\/www.achro.eu\/fr\/wp-content\/uploads\/2025\/02\/protection-beton-performance-plus.jpg\",\"contentUrl\":\"https:\/\/www.achro.eu\/fr\/wp-content\/uploads\/2025\/02\/protection-beton-performance-plus.jpg\",\"width\":945,\"height\":944},{\"@type\":\"WebSite\",\"@id\":\"https:\/\/www.achro.eu\/fr\/#website\",\"url\":\"https:\/\/www.achro.eu\/fr\/\",\"name\":\"\",\"description\":\"\",\"potentialAction\":[{\"@type\":\"SearchAction\",\"target\":{\"@type\":\"EntryPoint\",\"urlTemplate\":\"https:\/\/www.achro.eu\/fr\/?s={search_term_string}\"},\"query-input\":{\"@type\":\"PropertyValueSpecification\",\"valueRequired\":true,\"valueName\":\"search_term_string\"}}],\"inLanguage\":\"fr-FR\"}]}<\/script>\n<!-- \/ Yoast SEO plugin. -->","yoast_head_json":{"title":"Scellant haute performance pour b\u00e9ton quartz\u00e9","description":"Scellant \u00e0 base d\u2019eau offrant une protection optimale contre l\u2019eau, l\u2019huile et les taches. Id\u00e9al pour sols industriels, commerciaux et b\u00e9ton quartz\u00e9","robots":{"index":"index","follow":"follow","max-snippet":"max-snippet:-1","max-image-preview":"max-image-preview:large","max-video-preview":"max-video-preview:-1"},"canonical":"https:\/\/www.achro.eu\/fr\/performance-plus.html","og_locale":"fr_FR","og_type":"article","og_title":"Scellant haute performance pour b\u00e9ton quartz\u00e9","og_description":"Scellant \u00e0 base d\u2019eau offrant une protection optimale contre l\u2019eau, l\u2019huile et les taches. Id\u00e9al pour sols industriels, commerciaux et b\u00e9ton quartz\u00e9","og_url":"https:\/\/www.achro.eu\/fr\/performance-plus.html","article_modified_time":"2025-03-26T19:58:51+00:00","og_image":[{"width":945,"height":944,"url":"http:\/\/www.achro.eu\/fr\/wp-content\/uploads\/2025\/02\/protection-beton-performance-plus.jpg","type":"image\/jpeg"}],"twitter_card":"summary_large_image","twitter_misc":{"Dur\u00e9e de lecture estim\u00e9e":"2 minutes"},"schema":{"@context":"https:\/\/schema.org","@graph":[{"@type":"WebPage","@id":"https:\/\/www.achro.eu\/fr\/performance-plus.html","url":"https:\/\/www.achro.eu\/fr\/performance-plus.html","name":"Scellant haute performance pour b\u00e9ton quartz\u00e9","isPartOf":{"@id":"https:\/\/www.achro.eu\/fr\/#website"},"primaryImageOfPage":{"@id":"https:\/\/www.achro.eu\/fr\/performance-plus.html#primaryimage"},"image":{"@id":"https:\/\/www.achro.eu\/fr\/performance-plus.html#primaryimage"},"thumbnailUrl":"https:\/\/www.achro.eu\/fr\/wp-content\/uploads\/2025\/02\/protection-beton-performance-plus.jpg","datePublished":"2025-02-21T13:40:43+00:00","dateModified":"2025-03-26T19:58:51+00:00","description":"Scellant \u00e0 base d\u2019eau offrant une protection optimale contre l\u2019eau, l\u2019huile et les taches. Id\u00e9al pour sols industriels, commerciaux et b\u00e9ton quartz\u00e9","inLanguage":"fr-FR","potentialAction":[{"@type":"ReadAction","target":["https:\/\/www.achro.eu\/fr\/performance-plus.html"]}]},{"@type":"ImageObject","inLanguage":"fr-FR","@id":"https:\/\/www.achro.eu\/fr\/performance-plus.html#primaryimage","url":"https:\/\/www.achro.eu\/fr\/wp-content\/uploads\/2025\/02\/protection-beton-performance-plus.jpg","contentUrl":"https:\/\/www.achro.eu\/fr\/wp-content\/uploads\/2025\/02\/protection-beton-performance-plus.jpg","width":945,"height":944},{"@type":"WebSite","@id":"https:\/\/www.achro.eu\/fr\/#website","url":"https:\/\/www.achro.eu\/fr\/","name":"","description":"","potentialAction":[{"@type":"SearchAction","target":{"@type":"EntryPoint","urlTemplate":"https:\/\/www.achro.eu\/fr\/?s={search_term_string}"},"query-input":{"@type":"PropertyValueSpecification","valueRequired":true,"valueName":"search_term_string"}}],"inLanguage":"fr-FR"}]}},"_links":{"self":[{"href":"https:\/\/www.achro.eu\/fr\/wp-json\/wp\/v2\/product\/4949"}],"collection":[{"href":"https:\/\/www.achro.eu\/fr\/wp-json\/wp\/v2\/product"}],"about":[{"href":"https:\/\/www.achro.eu\/fr\/wp-json\/wp\/v2\/types\/product"}],"version-history":[{"count":17,"href":"https:\/\/www.achro.eu\/fr\/wp-json\/wp\/v2\/product\/4949\/revisions"}],"predecessor-version":[{"id":5009,"href":"https:\/\/www.achro.eu\/fr\/wp-json\/wp\/v2\/product\/4949\/revisions\/5009"}],"wp:featuredmedia":[{"embeddable":true,"href":"https:\/\/www.achro.eu\/fr\/wp-json\/wp\/v2\/media\/4938"}],"wp:attachment":[{"href":"https:\/\/www.achro.eu\/fr\/wp-json\/wp\/v2\/media?parent=4949"}],"wp:term":[{"taxonomy":"product_cat","embeddable":true,"href":"https:\/\/www.achro.eu\/fr\/wp-json\/wp\/v2\/product_cat?post=4949"},{"taxonomy":"product_tag","embeddable":true,"href":"https:\/\/www.achro.eu\/fr\/wp-json\/wp\/v2\/product_tag?post=4949"}],"curies":[{"name":"wp","href":"https:\/\/api.w.org\/{rel}","templated":true}]}}