{"id":4935,"date":"2025-02-21T14:35:11","date_gmt":"2025-02-21T13:35:11","guid":{"rendered":"https:\/\/www.rcr-production-france.com\/fr\/?post_type=product&#038;p=4935"},"modified":"2025-03-26T20:59:45","modified_gmt":"2025-03-26T19:59:45","slug":"rinol-performance","status":"publish","type":"product","link":"https:\/\/www.achro.eu\/fr\/performance.html","title":{"rendered":"RINOL Performance"},"content":{"rendered":"\t\t<div data-elementor-type=\"wp-post\" data-elementor-id=\"4935\" class=\"elementor elementor-4935\">\n\t\t\t\t<div class=\"elementor-element elementor-element-74716d8c e-grid e-con-boxed e-con e-parent\" data-id=\"74716d8c\" data-element_type=\"container\">\n\t\t\t\t\t<div class=\"e-con-inner\">\n\t\t\t\t<div class=\"elementor-element elementor-element-6bf16661 elementor-widget elementor-widget-text-editor\" data-id=\"6bf16661\" data-element_type=\"widget\" data-widget_type=\"text-editor.default\">\n\t\t\t\t<div class=\"elementor-widget-container\">\n\t\t\t\t\t\t\t\t\t<p>Gr\u00e2ce \u00e0 sa formulation sans solvant, RINOL Performance p\u00e9n\u00e8tre profond\u00e9ment dans le b\u00e9ton, formant une barri\u00e8re invisible qui am\u00e9liore la r\u00e9sistance chimique et m\u00e9canique du sol.&nbsp;<\/p><p>Pr\u00eat \u00e0 l\u2019emploi, il s\u2019applique facilement sans pr\u00e9paration pr\u00e9alable et assure une protection optimale contre l\u2019usure et les agressions ext\u00e9rieures.<\/p>\t\t\t\t\t\t\t\t<\/div>\n\t\t\t\t<\/div>\n\t\t<div class=\"elementor-element elementor-element-1a584a9f e-con-full e-flex e-con e-child\" data-id=\"1a584a9f\" data-element_type=\"container\" data-settings=\"{&quot;background_background&quot;:&quot;classic&quot;}\">\n\t\t\t\t<div class=\"elementor-element elementor-element-785afe21 elementor-widget elementor-widget-cs_title\" data-id=\"785afe21\" data-element_type=\"widget\" data-widget_type=\"cs_title.default\">\n\t\t\t\t<div class=\"elementor-widget-container\">\n\t\t\t\t\t\n        <div class=\"cs-title-wrap text-center\">\t            <div class=\"cs-subtitle-wrap\"><span class=\"cs-subtitle\">liens utiles<\/span><\/div>\t            <h4 class=\"cs-title\">\n\t                T\u00e9l\u00e9chargements\t            <\/h4>        <\/div>\t\t\t\t<\/div>\n\t\t\t\t<\/div>\n\t\t\t\t<div class=\"elementor-element elementor-element-1fe000b0 elementor-widget elementor-widget-text-editor\" data-id=\"1fe000b0\" data-element_type=\"widget\" data-widget_type=\"text-editor.default\">\n\t\t\t\t<div class=\"elementor-widget-container\">\n\t\t\t\t\t\t\t\t\t<p style=\"text-align: center;\"><a href=\"https:\/\/rinol.com\/wp-content\/uploads\/2024\/07\/RINOL-Performance_v4.22fr.pdf\" rel=\"\">Fiche technique<br \/><\/a><\/p><p style=\"text-align: center;\"><a href=\"https:\/\/rinol.com\/wp-content\/uploads\/2024\/07\/RINOL-Performance_v4.22fr.pdf\" rel=\"\">\u00a0<\/a><\/p>\t\t\t\t\t\t\t\t<\/div>\n\t\t\t\t<\/div>\n\t\t\t\t<\/div>\n\t\t\t\t\t<\/div>\n\t\t\t\t<\/div>\n\t\t<div class=\"elementor-element elementor-element-21d842e4 e-flex e-con-boxed e-con e-parent\" data-id=\"21d842e4\" data-element_type=\"container\">\n\t\t\t\t\t<div class=\"e-con-inner\">\n\t\t\t\t<div class=\"elementor-element elementor-element-6c5c6f72 elementor-widget elementor-widget-text-editor\" data-id=\"6c5c6f72\" data-element_type=\"widget\" data-widget_type=\"text-editor.default\">\n\t\t\t\t<div class=\"elementor-widget-container\">\n\t\t\t\t\t\t\t\t\t<h2><strong>Caract\u00e9ristiques principales<\/strong><\/h2><ul><li><strong>Pr\u00eat \u00e0 l\u2019emploi<\/strong> : Application directe sans dilution ni m\u00e9lange.<\/li><li><strong>Haute r\u00e9sistance<\/strong> : Prot\u00e8ge contre les agressions chimiques et m\u00e9caniques.<\/li><li><strong>Sans film de surface<\/strong> : Pr\u00e9serve la respirabilit\u00e9 du b\u00e9ton et \u00e9vite les efflorescences.<\/li><li><strong>Facile d\u2019entretien<\/strong> : R\u00e9duit l\u2019adh\u00e9rence des salissures et simplifie le nettoyage.<\/li><li><strong>Stable et durable<\/strong> : Ne jaunit pas et maintient un aspect uniforme dans le temps.<\/li><li><strong>Respectueux de l\u2019environnement<\/strong> : Formule sans solvant, adapt\u00e9e aux projets durables.<\/li><li><strong>Protection anti-UV<\/strong> : Limite la d\u00e9gradation due \u00e0 l\u2019exposition solaire.<\/li><li><strong>Barri\u00e8re anti-taches<\/strong> : Emp\u00eache la p\u00e9n\u00e9tration des huiles et autres substances.<\/li><li><strong>Adapt\u00e9 \u00e0 diverses surfaces<\/strong> : Compatible avec de nombreux types de sols en b\u00e9ton.<\/li><\/ul><h2><strong>Applications recommand\u00e9es<\/strong><\/h2><p>RINOL Performance est con\u00e7u pour une large gamme d\u2019environnements n\u00e9cessitant une protection efficace des sols en b\u00e9ton :<\/p><ul><li><strong>Sols industriels et entrep\u00f4ts<\/strong> : R\u00e9siste au passage intensif des machines et pi\u00e9tons.<\/li><li><strong>Usines et centres de distribution<\/strong> : Prot\u00e8ge contre les d\u00e9versements et l\u2019usure m\u00e9canique.<\/li><li><strong>Terminaux de transport<\/strong> : Id\u00e9al pour les a\u00e9roports, gares et d\u00e9p\u00f4ts de bus.<\/li><li><strong>B\u00e2timents institutionnels<\/strong> : S\u00e9curise les sols des \u00e9tablissements \u00e9ducatifs et administratifs.<\/li><li><strong>Commerces et espaces de vente<\/strong> : Facile \u00e0 entretenir, il pr\u00e9serve l\u2019esth\u00e9tique du sol.<\/li><li><strong>B\u00e9ton poli au diamant<\/strong> : Am\u00e9liore la long\u00e9vit\u00e9 et l\u2019aspect visuel des surfaces polies.<\/li><\/ul><p>Gr\u00e2ce \u00e0 ses performances avanc\u00e9es et sa simplicit\u00e9 d\u2019application, RINOL Performance est une solution id\u00e9ale pour prolonger la dur\u00e9e de vie des sols en b\u00e9ton tout en facilitant leur entretien.<\/p>\t\t\t\t\t\t\t\t<\/div>\n\t\t\t\t<\/div>\n\t\t\t\t\t<\/div>\n\t\t\t\t<\/div>\n\t\t\t\t<\/div>\n\t\t","protected":false},"excerpt":{"rendered":"<p>RINOL Performance est un scellant \u00e0 base d\u2019eau sp\u00e9cialement con\u00e7u pour renforcer et prot\u00e9ger les sols en b\u00e9ton poli. Il offre une r\u00e9sistance avanc\u00e9e aux huiles, graisses et taches tout en permettant au b\u00e9ton de respirer. Id\u00e9al pour une application en int\u00e9rieur comme en ext\u00e9rieur, il pr\u00e9serve l\u2019apparence naturelle du support tout en prolongeant sa durabilit\u00e9.<\/p>\n","protected":false},"featured_media":4937,"template":"","meta":[],"product_cat":[58],"product_tag":[],"class_list":{"0":"post-4935","1":"product","2":"type-product","3":"status-publish","4":"has-post-thumbnail","6":"product_cat-entretien","8":"first","9":"instock","10":"featured","11":"shipping-taxable","12":"product-type-simple"},"yoast_head":"<!-- This site is optimized with the Yoast SEO plugin v24.3 - https:\/\/yoast.com\/wordpress\/plugins\/seo\/ -->\n<title>Scellant haute protection pour b\u00e9ton poli<\/title>\n<meta name=\"description\" content=\"Prot\u00e9gez vos sols en b\u00e9ton poli. R\u00e9sistant aux taches, huiles et UV, ce scellant \u00e0 base d\u2019eau am\u00e9liore la durabilit\u00e9 et facilite l\u2019entretien.\" \/>\n<meta name=\"robots\" content=\"index, follow, max-snippet:-1, max-image-preview:large, max-video-preview:-1\" \/>\n<link rel=\"canonical\" href=\"https:\/\/www.achro.eu\/fr\/performance.html\" \/>\n<meta property=\"og:locale\" content=\"fr_FR\" \/>\n<meta property=\"og:type\" content=\"article\" \/>\n<meta property=\"og:title\" content=\"Scellant haute protection pour b\u00e9ton poli\" \/>\n<meta property=\"og:description\" content=\"Prot\u00e9gez vos sols en b\u00e9ton poli. R\u00e9sistant aux taches, huiles et UV, ce scellant \u00e0 base d\u2019eau am\u00e9liore la durabilit\u00e9 et facilite l\u2019entretien.\" \/>\n<meta property=\"og:url\" content=\"https:\/\/www.achro.eu\/fr\/performance.html\" \/>\n<meta property=\"article:modified_time\" content=\"2025-03-26T19:59:45+00:00\" \/>\n<meta property=\"og:image\" content=\"http:\/\/www.achro.eu\/fr\/wp-content\/uploads\/2025\/02\/protection-beton-performance.jpg\" \/>\n\t<meta property=\"og:image:width\" content=\"945\" \/>\n\t<meta property=\"og:image:height\" content=\"944\" \/>\n\t<meta property=\"og:image:type\" content=\"image\/jpeg\" \/>\n<meta name=\"twitter:card\" content=\"summary_large_image\" \/>\n<meta name=\"twitter:label1\" content=\"Dur\u00e9e de lecture estim\u00e9e\" \/>\n\t<meta name=\"twitter:data1\" content=\"2 minutes\" \/>\n<script type=\"application\/ld+json\" class=\"yoast-schema-graph\">{\"@context\":\"https:\/\/schema.org\",\"@graph\":[{\"@type\":\"WebPage\",\"@id\":\"https:\/\/www.achro.eu\/fr\/performance.html\",\"url\":\"https:\/\/www.achro.eu\/fr\/performance.html\",\"name\":\"Scellant haute protection pour b\u00e9ton poli\",\"isPartOf\":{\"@id\":\"https:\/\/www.achro.eu\/fr\/#website\"},\"primaryImageOfPage\":{\"@id\":\"https:\/\/www.achro.eu\/fr\/performance.html#primaryimage\"},\"image\":{\"@id\":\"https:\/\/www.achro.eu\/fr\/performance.html#primaryimage\"},\"thumbnailUrl\":\"https:\/\/www.achro.eu\/fr\/wp-content\/uploads\/2025\/02\/protection-beton-performance.jpg\",\"datePublished\":\"2025-02-21T13:35:11+00:00\",\"dateModified\":\"2025-03-26T19:59:45+00:00\",\"description\":\"Prot\u00e9gez vos sols en b\u00e9ton poli. R\u00e9sistant aux taches, huiles et UV, ce scellant \u00e0 base d\u2019eau am\u00e9liore la durabilit\u00e9 et facilite l\u2019entretien.\",\"inLanguage\":\"fr-FR\",\"potentialAction\":[{\"@type\":\"ReadAction\",\"target\":[\"https:\/\/www.achro.eu\/fr\/performance.html\"]}]},{\"@type\":\"ImageObject\",\"inLanguage\":\"fr-FR\",\"@id\":\"https:\/\/www.achro.eu\/fr\/performance.html#primaryimage\",\"url\":\"https:\/\/www.achro.eu\/fr\/wp-content\/uploads\/2025\/02\/protection-beton-performance.jpg\",\"contentUrl\":\"https:\/\/www.achro.eu\/fr\/wp-content\/uploads\/2025\/02\/protection-beton-performance.jpg\",\"width\":945,\"height\":944},{\"@type\":\"WebSite\",\"@id\":\"https:\/\/www.achro.eu\/fr\/#website\",\"url\":\"https:\/\/www.achro.eu\/fr\/\",\"name\":\"\",\"description\":\"\",\"potentialAction\":[{\"@type\":\"SearchAction\",\"target\":{\"@type\":\"EntryPoint\",\"urlTemplate\":\"https:\/\/www.achro.eu\/fr\/?s={search_term_string}\"},\"query-input\":{\"@type\":\"PropertyValueSpecification\",\"valueRequired\":true,\"valueName\":\"search_term_string\"}}],\"inLanguage\":\"fr-FR\"}]}<\/script>\n<!-- \/ Yoast SEO plugin. -->","yoast_head_json":{"title":"Scellant haute protection pour b\u00e9ton poli","description":"Prot\u00e9gez vos sols en b\u00e9ton poli. R\u00e9sistant aux taches, huiles et UV, ce scellant \u00e0 base d\u2019eau am\u00e9liore la durabilit\u00e9 et facilite l\u2019entretien.","robots":{"index":"index","follow":"follow","max-snippet":"max-snippet:-1","max-image-preview":"max-image-preview:large","max-video-preview":"max-video-preview:-1"},"canonical":"https:\/\/www.achro.eu\/fr\/performance.html","og_locale":"fr_FR","og_type":"article","og_title":"Scellant haute protection pour b\u00e9ton poli","og_description":"Prot\u00e9gez vos sols en b\u00e9ton poli. R\u00e9sistant aux taches, huiles et UV, ce scellant \u00e0 base d\u2019eau am\u00e9liore la durabilit\u00e9 et facilite l\u2019entretien.","og_url":"https:\/\/www.achro.eu\/fr\/performance.html","article_modified_time":"2025-03-26T19:59:45+00:00","og_image":[{"width":945,"height":944,"url":"http:\/\/www.achro.eu\/fr\/wp-content\/uploads\/2025\/02\/protection-beton-performance.jpg","type":"image\/jpeg"}],"twitter_card":"summary_large_image","twitter_misc":{"Dur\u00e9e de lecture estim\u00e9e":"2 minutes"},"schema":{"@context":"https:\/\/schema.org","@graph":[{"@type":"WebPage","@id":"https:\/\/www.achro.eu\/fr\/performance.html","url":"https:\/\/www.achro.eu\/fr\/performance.html","name":"Scellant haute protection pour b\u00e9ton poli","isPartOf":{"@id":"https:\/\/www.achro.eu\/fr\/#website"},"primaryImageOfPage":{"@id":"https:\/\/www.achro.eu\/fr\/performance.html#primaryimage"},"image":{"@id":"https:\/\/www.achro.eu\/fr\/performance.html#primaryimage"},"thumbnailUrl":"https:\/\/www.achro.eu\/fr\/wp-content\/uploads\/2025\/02\/protection-beton-performance.jpg","datePublished":"2025-02-21T13:35:11+00:00","dateModified":"2025-03-26T19:59:45+00:00","description":"Prot\u00e9gez vos sols en b\u00e9ton poli. R\u00e9sistant aux taches, huiles et UV, ce scellant \u00e0 base d\u2019eau am\u00e9liore la durabilit\u00e9 et facilite l\u2019entretien.","inLanguage":"fr-FR","potentialAction":[{"@type":"ReadAction","target":["https:\/\/www.achro.eu\/fr\/performance.html"]}]},{"@type":"ImageObject","inLanguage":"fr-FR","@id":"https:\/\/www.achro.eu\/fr\/performance.html#primaryimage","url":"https:\/\/www.achro.eu\/fr\/wp-content\/uploads\/2025\/02\/protection-beton-performance.jpg","contentUrl":"https:\/\/www.achro.eu\/fr\/wp-content\/uploads\/2025\/02\/protection-beton-performance.jpg","width":945,"height":944},{"@type":"WebSite","@id":"https:\/\/www.achro.eu\/fr\/#website","url":"https:\/\/www.achro.eu\/fr\/","name":"","description":"","potentialAction":[{"@type":"SearchAction","target":{"@type":"EntryPoint","urlTemplate":"https:\/\/www.achro.eu\/fr\/?s={search_term_string}"},"query-input":{"@type":"PropertyValueSpecification","valueRequired":true,"valueName":"search_term_string"}}],"inLanguage":"fr-FR"}]}},"_links":{"self":[{"href":"https:\/\/www.achro.eu\/fr\/wp-json\/wp\/v2\/product\/4935"}],"collection":[{"href":"https:\/\/www.achro.eu\/fr\/wp-json\/wp\/v2\/product"}],"about":[{"href":"https:\/\/www.achro.eu\/fr\/wp-json\/wp\/v2\/types\/product"}],"version-history":[{"count":17,"href":"https:\/\/www.achro.eu\/fr\/wp-json\/wp\/v2\/product\/4935\/revisions"}],"predecessor-version":[{"id":5015,"href":"https:\/\/www.achro.eu\/fr\/wp-json\/wp\/v2\/product\/4935\/revisions\/5015"}],"wp:featuredmedia":[{"embeddable":true,"href":"https:\/\/www.achro.eu\/fr\/wp-json\/wp\/v2\/media\/4937"}],"wp:attachment":[{"href":"https:\/\/www.achro.eu\/fr\/wp-json\/wp\/v2\/media?parent=4935"}],"wp:term":[{"taxonomy":"product_cat","embeddable":true,"href":"https:\/\/www.achro.eu\/fr\/wp-json\/wp\/v2\/product_cat?post=4935"},{"taxonomy":"product_tag","embeddable":true,"href":"https:\/\/www.achro.eu\/fr\/wp-json\/wp\/v2\/product_tag?post=4935"}],"curies":[{"name":"wp","href":"https:\/\/api.w.org\/{rel}","templated":true}]}}