{"id":4897,"date":"2025-02-20T16:02:15","date_gmt":"2025-02-20T15:02:15","guid":{"rendered":"https:\/\/www.rcr-production-france.com\/fr\/?post_type=product&#038;p=4897"},"modified":"2025-03-26T21:01:40","modified_gmt":"2025-03-26T20:01:40","slug":"rinol-densiplus","status":"publish","type":"product","link":"https:\/\/www.achro.eu\/fr\/densiplus.html","title":{"rendered":"RINOL Densiplus"},"content":{"rendered":"\t\t<div data-elementor-type=\"wp-post\" data-elementor-id=\"4897\" class=\"elementor elementor-4897\">\n\t\t\t\t<div class=\"elementor-element elementor-element-74716d8c e-grid e-con-boxed e-con e-parent\" data-id=\"74716d8c\" data-element_type=\"container\">\n\t\t\t\t\t<div class=\"e-con-inner\">\n\t\t\t\t<div class=\"elementor-element elementor-element-6bf16661 elementor-widget elementor-widget-text-editor\" data-id=\"6bf16661\" data-element_type=\"widget\" data-widget_type=\"text-editor.default\">\n\t\t\t\t<div class=\"elementor-widget-container\">\n\t\t\t\t\t\t\t\t\t<p data-pm-slice=\"1 1 []\">Il est particuli\u00e8rement efficace pour augmenter la r\u00e9sistance \u00e0 l&rsquo;abrasion et la r\u00e9sistance \u00e0 la traction des surfaces en b\u00e9ton d\u00e9t\u00e9rior\u00e9es. RINOL DensiPlus p\u00e9n\u00e8tre profond\u00e9ment dans les surfaces en b\u00e9ton et r\u00e9agit avec l&rsquo;hydroxyde de calcium pr\u00e9sent, ce qui donne une masse de b\u00e9ton plus dense et plus dure.<\/p><p data-pm-slice=\"1 1 []\">Cette r\u00e9action am\u00e9liore non seulement les propri\u00e9t\u00e9s m\u00e9caniques du b\u00e9ton mais r\u00e9duit \u00e9galement la porosit\u00e9, rendant ainsi la surface imperm\u00e9able \u00e0 la poussi\u00e8re et am\u00e9liorant sa r\u00e9sistance \u00e0 l&rsquo;eau, \u00e0 l&rsquo;huile et \u00e0 d&rsquo;autres p\u00e9n\u00e9trations de liquides.<\/p>\t\t\t\t\t\t\t\t<\/div>\n\t\t\t\t<\/div>\n\t\t<div class=\"elementor-element elementor-element-1a584a9f e-con-full e-flex e-con e-child\" data-id=\"1a584a9f\" data-element_type=\"container\" data-settings=\"{&quot;background_background&quot;:&quot;classic&quot;}\">\n\t\t\t\t<div class=\"elementor-element elementor-element-785afe21 elementor-widget elementor-widget-cs_title\" data-id=\"785afe21\" data-element_type=\"widget\" data-widget_type=\"cs_title.default\">\n\t\t\t\t<div class=\"elementor-widget-container\">\n\t\t\t\t\t\n        <div class=\"cs-title-wrap text-center\">\t            <div class=\"cs-subtitle-wrap\"><span class=\"cs-subtitle\">liens utiles<\/span><\/div>\t            <h4 class=\"cs-title\">\n\t                T\u00e9l\u00e9chargements\t            <\/h4>        <\/div>\t\t\t\t<\/div>\n\t\t\t\t<\/div>\n\t\t\t\t<div class=\"elementor-element elementor-element-1fe000b0 elementor-widget elementor-widget-text-editor\" data-id=\"1fe000b0\" data-element_type=\"widget\" data-widget_type=\"text-editor.default\">\n\t\t\t\t<div class=\"elementor-widget-container\">\n\t\t\t\t\t\t\t\t\t<p style=\"text-align: center;\"><a href=\"https:\/\/rinol.com\/wp-content\/uploads\/2024\/07\/RINOL-DensiPlus_v4.22fr.pdf\" rel=\"\">Fiche technique<br \/><\/a><\/p><p style=\"text-align: center;\"><a href=\"https:\/\/rinol.com\/wp-content\/uploads\/2024\/07\/RINOL-DensiPlus_v4.22fr.pdf\" rel=\"\">\u00a0<\/a><\/p>\t\t\t\t\t\t\t\t<\/div>\n\t\t\t\t<\/div>\n\t\t\t\t<\/div>\n\t\t\t\t\t<\/div>\n\t\t\t\t<\/div>\n\t\t<div class=\"elementor-element elementor-element-21d842e4 e-flex e-con-boxed e-con e-parent\" data-id=\"21d842e4\" data-element_type=\"container\">\n\t\t\t\t\t<div class=\"e-con-inner\">\n\t\t\t\t<div class=\"elementor-element elementor-element-6c5c6f72 elementor-widget elementor-widget-text-editor\" data-id=\"6c5c6f72\" data-element_type=\"widget\" data-widget_type=\"text-editor.default\">\n\t\t\t\t<div class=\"elementor-widget-container\">\n\t\t\t\t\t\t\t\t\t<h2><br><\/h2><h2>Caract\u00e9ristiques principales<\/h2>\n<ul data-spread=\"false\">\n<li><strong>P\u00e9n\u00e9tration profonde<\/strong> : P\u00e9n\u00e8tre de 3 \u00e0 5 mm dans les substrats poreux, formant des sels de silicate de lithium durables et insolubles.<\/li>\n<li><strong>Durabilit\u00e9 accrue<\/strong> : Prot\u00e8ge contre la d\u00e9gradation physique et chimique, prolongeant ainsi la dur\u00e9e de vie du sol.<\/li>\n<li><strong>Am\u00e9lioration de la durabilit\u00e9<\/strong> : Prolonge consid\u00e9rablement la dur\u00e9e de vie des sols en b\u00e9ton en augmentant la r\u00e9sistance \u00e0 l&rsquo;abrasion.<\/li>\n<li><strong>Ne forme pas de film<\/strong> : Ne laisse pas de couche en surface, ce qui pr\u00e9serve la respirabilit\u00e9 du b\u00e9ton.<\/li>\n<li><strong>Temps de r\u00e9action rapide<\/strong> : R\u00e9agit avec le b\u00e9ton pour produire une surface plus dure rapidement apr\u00e8s l&rsquo;application.<\/li>\n<li><strong>Faible teneur en COV<\/strong> : Respectueux de l&rsquo;environnement avec un minimum de compos\u00e9s organiques volatils, ce qui favorise les pratiques de construction durable.<\/li>\n<li><strong>Facilit\u00e9 d&rsquo;application<\/strong> : Formule pr\u00eate \u00e0 l&#8217;emploi qui ne n\u00e9cessite pas de m\u00e9lange ni de pr\u00e9paration importante.<\/li>\n<li><strong>Long\u00e9vit\u00e9 accrue<\/strong> : Offre une protection durable contre l&rsquo;usure, r\u00e9duisant ainsi les besoins d&rsquo;entretien.<\/li>\n<\/ul>\n<h2>Domaines d&rsquo;application recommand\u00e9s<\/h2>\n<p>RINOL DensiPlus est un densifiant sup\u00e9rieur id\u00e9al pour une large gamme d&rsquo;environnements o\u00f9 les sols en b\u00e9ton n\u00e9cessitent une duret\u00e9 et une durabilit\u00e9 accrues. Ce produit est sp\u00e9cialement formul\u00e9 pour r\u00e9pondre aux exigences des nouvelles constructions et des projets de r\u00e9novation dans divers secteurs.<\/p>\n<ul data-spread=\"false\">\n<li><strong>Sols int\u00e9rieurs en b\u00e9ton<\/strong> : Augmente la duret\u00e9 et la durabilit\u00e9 des surfaces int\u00e9rieures en b\u00e9ton, les rendant plus r\u00e9sistantes \u00e0 l&rsquo;usure et \u00e0 l&rsquo;abrasion.<\/li>\n<li><strong>Sols commerciaux et de vente au d\u00e9tail<\/strong> : Augmente la densit\u00e9 de la surface, ce qui facilite l&rsquo;entretien et la r\u00e9sistance \u00e0 un trafic pi\u00e9tonnier intense, ce qui est essentiel pour les environnements de vente au d\u00e9tail tr\u00e8s fr\u00e9quent\u00e9s.<\/li>\n<li><strong>B\u00e9ton poli au diamant<\/strong> : Optimise les sols trait\u00e9s avec des techniques de polissage au diamant, am\u00e9liorant leur durabilit\u00e9 et leur attrait visuel en renfor\u00e7ant la densit\u00e9 du b\u00e9ton.<\/li>\n<li><strong>Sols d&rsquo;entrep\u00f4ts<\/strong> : Offrent une protection renforc\u00e9e contre le trafic de pi\u00e9tons et d&rsquo;engins, en am\u00e9liorant consid\u00e9rablement la r\u00e9sistance du sol \u00e0 l&rsquo;abrasion et aux chocs.<\/li>\n<\/ul>\t\t\t\t\t\t\t\t<\/div>\n\t\t\t\t<\/div>\n\t\t\t\t\t<\/div>\n\t\t\t\t<\/div>\n\t\t\t\t<\/div>\n\t\t","protected":false},"excerpt":{"rendered":"<p>RINOL DensiPlus est un densifiant \u00e0 base d&rsquo;eau de haute qualit\u00e9, compos\u00e9 de silicates de lithium modifi\u00e9s, con\u00e7u sp\u00e9cifiquement pour le durcissement et le post-traitement des sols en b\u00e9ton. Id\u00e9al pour les sols en b\u00e9ton neufs ou existants, RINOL DensiPlus am\u00e9liore consid\u00e9rablement la r\u00e9sistance, la duret\u00e9 et les performances des surfaces en b\u00e9ton industrielles et commerciales.<\/p>\n","protected":false},"featured_media":4899,"template":"","meta":[],"product_cat":[58],"product_tag":[],"class_list":{"0":"post-4897","1":"product","2":"type-product","3":"status-publish","4":"has-post-thumbnail","6":"product_cat-entretien","8":"first","9":"instock","10":"featured","11":"shipping-taxable","12":"product-type-simple"},"yoast_head":"<!-- This site is optimized with the Yoast SEO plugin v24.3 - https:\/\/yoast.com\/wordpress\/plugins\/seo\/ -->\n<title>Densifiant haute performance pour sols en b\u00e9ton<\/title>\n<meta name=\"description\" content=\"Un densifiant \u00e0 base de silicates de lithium con\u00e7u pour renforcer la duret\u00e9 et la durabilit\u00e9 des sols en b\u00e9ton. Environnements industriels et commerciaux.\" \/>\n<meta name=\"robots\" content=\"index, follow, max-snippet:-1, max-image-preview:large, max-video-preview:-1\" \/>\n<link rel=\"canonical\" href=\"https:\/\/www.achro.eu\/fr\/densiplus.html\" \/>\n<meta property=\"og:locale\" content=\"fr_FR\" \/>\n<meta property=\"og:type\" content=\"article\" \/>\n<meta property=\"og:title\" content=\"Densifiant haute performance pour sols en b\u00e9ton\" \/>\n<meta property=\"og:description\" content=\"Un densifiant \u00e0 base de silicates de lithium con\u00e7u pour renforcer la duret\u00e9 et la durabilit\u00e9 des sols en b\u00e9ton. Environnements industriels et commerciaux.\" \/>\n<meta property=\"og:url\" content=\"https:\/\/www.achro.eu\/fr\/densiplus.html\" \/>\n<meta property=\"article:modified_time\" content=\"2025-03-26T20:01:40+00:00\" \/>\n<meta property=\"og:image\" content=\"http:\/\/www.achro.eu\/fr\/wp-content\/uploads\/2025\/02\/densifiant-beton.jpg\" \/>\n\t<meta property=\"og:image:width\" content=\"945\" \/>\n\t<meta property=\"og:image:height\" content=\"944\" \/>\n\t<meta property=\"og:image:type\" content=\"image\/jpeg\" \/>\n<meta name=\"twitter:card\" content=\"summary_large_image\" \/>\n<meta name=\"twitter:label1\" content=\"Dur\u00e9e de lecture estim\u00e9e\" \/>\n\t<meta name=\"twitter:data1\" content=\"3 minutes\" \/>\n<script type=\"application\/ld+json\" class=\"yoast-schema-graph\">{\"@context\":\"https:\/\/schema.org\",\"@graph\":[{\"@type\":\"WebPage\",\"@id\":\"https:\/\/www.achro.eu\/fr\/densiplus.html\",\"url\":\"https:\/\/www.achro.eu\/fr\/densiplus.html\",\"name\":\"Densifiant haute performance pour sols en b\u00e9ton\",\"isPartOf\":{\"@id\":\"https:\/\/www.achro.eu\/fr\/#website\"},\"primaryImageOfPage\":{\"@id\":\"https:\/\/www.achro.eu\/fr\/densiplus.html#primaryimage\"},\"image\":{\"@id\":\"https:\/\/www.achro.eu\/fr\/densiplus.html#primaryimage\"},\"thumbnailUrl\":\"https:\/\/www.achro.eu\/fr\/wp-content\/uploads\/2025\/02\/densifiant-beton.jpg\",\"datePublished\":\"2025-02-20T15:02:15+00:00\",\"dateModified\":\"2025-03-26T20:01:40+00:00\",\"description\":\"Un densifiant \u00e0 base de silicates de lithium con\u00e7u pour renforcer la duret\u00e9 et la durabilit\u00e9 des sols en b\u00e9ton. Environnements industriels et commerciaux.\",\"inLanguage\":\"fr-FR\",\"potentialAction\":[{\"@type\":\"ReadAction\",\"target\":[\"https:\/\/www.achro.eu\/fr\/densiplus.html\"]}]},{\"@type\":\"ImageObject\",\"inLanguage\":\"fr-FR\",\"@id\":\"https:\/\/www.achro.eu\/fr\/densiplus.html#primaryimage\",\"url\":\"https:\/\/www.achro.eu\/fr\/wp-content\/uploads\/2025\/02\/densifiant-beton.jpg\",\"contentUrl\":\"https:\/\/www.achro.eu\/fr\/wp-content\/uploads\/2025\/02\/densifiant-beton.jpg\",\"width\":945,\"height\":944},{\"@type\":\"WebSite\",\"@id\":\"https:\/\/www.achro.eu\/fr\/#website\",\"url\":\"https:\/\/www.achro.eu\/fr\/\",\"name\":\"\",\"description\":\"\",\"potentialAction\":[{\"@type\":\"SearchAction\",\"target\":{\"@type\":\"EntryPoint\",\"urlTemplate\":\"https:\/\/www.achro.eu\/fr\/?s={search_term_string}\"},\"query-input\":{\"@type\":\"PropertyValueSpecification\",\"valueRequired\":true,\"valueName\":\"search_term_string\"}}],\"inLanguage\":\"fr-FR\"}]}<\/script>\n<!-- \/ Yoast SEO plugin. -->","yoast_head_json":{"title":"Densifiant haute performance pour sols en b\u00e9ton","description":"Un densifiant \u00e0 base de silicates de lithium con\u00e7u pour renforcer la duret\u00e9 et la durabilit\u00e9 des sols en b\u00e9ton. Environnements industriels et commerciaux.","robots":{"index":"index","follow":"follow","max-snippet":"max-snippet:-1","max-image-preview":"max-image-preview:large","max-video-preview":"max-video-preview:-1"},"canonical":"https:\/\/www.achro.eu\/fr\/densiplus.html","og_locale":"fr_FR","og_type":"article","og_title":"Densifiant haute performance pour sols en b\u00e9ton","og_description":"Un densifiant \u00e0 base de silicates de lithium con\u00e7u pour renforcer la duret\u00e9 et la durabilit\u00e9 des sols en b\u00e9ton. Environnements industriels et commerciaux.","og_url":"https:\/\/www.achro.eu\/fr\/densiplus.html","article_modified_time":"2025-03-26T20:01:40+00:00","og_image":[{"width":945,"height":944,"url":"http:\/\/www.achro.eu\/fr\/wp-content\/uploads\/2025\/02\/densifiant-beton.jpg","type":"image\/jpeg"}],"twitter_card":"summary_large_image","twitter_misc":{"Dur\u00e9e de lecture estim\u00e9e":"3 minutes"},"schema":{"@context":"https:\/\/schema.org","@graph":[{"@type":"WebPage","@id":"https:\/\/www.achro.eu\/fr\/densiplus.html","url":"https:\/\/www.achro.eu\/fr\/densiplus.html","name":"Densifiant haute performance pour sols en b\u00e9ton","isPartOf":{"@id":"https:\/\/www.achro.eu\/fr\/#website"},"primaryImageOfPage":{"@id":"https:\/\/www.achro.eu\/fr\/densiplus.html#primaryimage"},"image":{"@id":"https:\/\/www.achro.eu\/fr\/densiplus.html#primaryimage"},"thumbnailUrl":"https:\/\/www.achro.eu\/fr\/wp-content\/uploads\/2025\/02\/densifiant-beton.jpg","datePublished":"2025-02-20T15:02:15+00:00","dateModified":"2025-03-26T20:01:40+00:00","description":"Un densifiant \u00e0 base de silicates de lithium con\u00e7u pour renforcer la duret\u00e9 et la durabilit\u00e9 des sols en b\u00e9ton. Environnements industriels et commerciaux.","inLanguage":"fr-FR","potentialAction":[{"@type":"ReadAction","target":["https:\/\/www.achro.eu\/fr\/densiplus.html"]}]},{"@type":"ImageObject","inLanguage":"fr-FR","@id":"https:\/\/www.achro.eu\/fr\/densiplus.html#primaryimage","url":"https:\/\/www.achro.eu\/fr\/wp-content\/uploads\/2025\/02\/densifiant-beton.jpg","contentUrl":"https:\/\/www.achro.eu\/fr\/wp-content\/uploads\/2025\/02\/densifiant-beton.jpg","width":945,"height":944},{"@type":"WebSite","@id":"https:\/\/www.achro.eu\/fr\/#website","url":"https:\/\/www.achro.eu\/fr\/","name":"","description":"","potentialAction":[{"@type":"SearchAction","target":{"@type":"EntryPoint","urlTemplate":"https:\/\/www.achro.eu\/fr\/?s={search_term_string}"},"query-input":{"@type":"PropertyValueSpecification","valueRequired":true,"valueName":"search_term_string"}}],"inLanguage":"fr-FR"}]}},"_links":{"self":[{"href":"https:\/\/www.achro.eu\/fr\/wp-json\/wp\/v2\/product\/4897"}],"collection":[{"href":"https:\/\/www.achro.eu\/fr\/wp-json\/wp\/v2\/product"}],"about":[{"href":"https:\/\/www.achro.eu\/fr\/wp-json\/wp\/v2\/types\/product"}],"version-history":[{"count":16,"href":"https:\/\/www.achro.eu\/fr\/wp-json\/wp\/v2\/product\/4897\/revisions"}],"predecessor-version":[{"id":5027,"href":"https:\/\/www.achro.eu\/fr\/wp-json\/wp\/v2\/product\/4897\/revisions\/5027"}],"wp:featuredmedia":[{"embeddable":true,"href":"https:\/\/www.achro.eu\/fr\/wp-json\/wp\/v2\/media\/4899"}],"wp:attachment":[{"href":"https:\/\/www.achro.eu\/fr\/wp-json\/wp\/v2\/media?parent=4897"}],"wp:term":[{"taxonomy":"product_cat","embeddable":true,"href":"https:\/\/www.achro.eu\/fr\/wp-json\/wp\/v2\/product_cat?post=4897"},{"taxonomy":"product_tag","embeddable":true,"href":"https:\/\/www.achro.eu\/fr\/wp-json\/wp\/v2\/product_tag?post=4897"}],"curies":[{"name":"wp","href":"https:\/\/api.w.org\/{rel}","templated":true}]}}