{"id":4877,"date":"2025-02-20T13:28:13","date_gmt":"2025-02-20T12:28:13","guid":{"rendered":"https:\/\/www.rcr-production-france.com\/fr\/?post_type=product&#038;p=4877"},"modified":"2025-03-26T21:02:58","modified_gmt":"2025-03-26T20:02:58","slug":"joint-alphajoint-classic-4010","status":"publish","type":"product","link":"https:\/\/www.achro.eu\/fr\/alphajoint-classic-4010.html","title":{"rendered":"Joint AlphaJoint Classic 4010"},"content":{"rendered":"\t\t<div data-elementor-type=\"wp-post\" data-elementor-id=\"4877\" class=\"elementor elementor-4877\">\n\t\t\t\t<div class=\"elementor-element elementor-element-2638e73c e-grid e-con-full e-con e-parent\" data-id=\"2638e73c\" data-element_type=\"container\">\n\t\t\t\t<div class=\"elementor-element elementor-element-5fe75cbb elementor-widget elementor-widget-text-editor\" data-id=\"5fe75cbb\" data-element_type=\"widget\" data-widget_type=\"text-editor.default\">\n\t\t\t\t<div class=\"elementor-widget-container\">\n\t\t\t\t\t\t\t\t\t<h2><strong>La r\u00e9f\u00e9rence des joints blind\u00e9s<\/strong><\/h2><ul><li><strong>Protection durable<\/strong> : pr\u00e9serve les ar\u00eates des joints face aux sollicitations r\u00e9p\u00e9t\u00e9es.<\/li><li><strong>Ancrage renforc\u00e9<\/strong> : des barres d\u2019ancrage assurent une fixation solide sur toute la longueur du joint.<\/li><\/ul>\t\t\t\t\t\t\t\t<\/div>\n\t\t\t\t<\/div>\n\t\t<div class=\"elementor-element elementor-element-2e32e53b e-con-full e-flex e-con e-child\" data-id=\"2e32e53b\" data-element_type=\"container\" data-settings=\"{&quot;background_background&quot;:&quot;classic&quot;}\">\n\t\t\t\t<div class=\"elementor-element elementor-element-3db84a7 elementor-widget elementor-widget-cs_title\" data-id=\"3db84a7\" data-element_type=\"widget\" data-widget_type=\"cs_title.default\">\n\t\t\t\t<div class=\"elementor-widget-container\">\n\t\t\t\t\t\n        <div class=\"cs-title-wrap text-center\">\t            <div class=\"cs-subtitle-wrap\"><span class=\"cs-subtitle\">liens utiles<\/span><\/div>\t            <h4 class=\"cs-title\">\n\t                T\u00e9l\u00e9chargements\t            <\/h4>        <\/div>\t\t\t\t<\/div>\n\t\t\t\t<\/div>\n\t\t\t\t<div class=\"elementor-element elementor-element-3daa540c elementor-widget elementor-widget-text-editor\" data-id=\"3daa540c\" data-element_type=\"widget\" data-widget_type=\"text-editor.default\">\n\t\t\t\t<div class=\"elementor-widget-container\">\n\t\t\t\t\t\t\t\t\t<p style=\"text-align: center;\"><a href=\"https:\/\/permaban.com\/wp-content\/uploads\/2019\/04\/Spec-Sheet-AlphaJoint-Classic-4010-v6.3-French-3.pdf\" rel=\"\">Fiche technique<\/a><br><a href=\"https:\/\/permaban.com\/fr\/produitsfr\/alphajoint-classic-4010\/\">Site de Permaban<\/a><\/p><p style=\"text-align: center;\"><br><\/p>\t\t\t\t\t\t\t\t<\/div>\n\t\t\t\t<\/div>\n\t\t\t\t<\/div>\n\t\t\t\t<\/div>\n\t\t<div class=\"elementor-element elementor-element-d874da7 e-con-full e-flex e-con e-parent\" data-id=\"d874da7\" data-element_type=\"container\">\n\t\t\t\t<div class=\"elementor-element elementor-element-c4c1961 elementor-widget elementor-widget-text-editor\" data-id=\"c4c1961\" data-element_type=\"widget\" data-widget_type=\"text-editor.default\">\n\t\t\t\t<div class=\"elementor-widget-container\">\n\t\t\t\t\t\t\t\t\t<h3><strong>Avantages<\/strong><\/h3>\n<strong>R\u00e9sistance aux contraintes<\/strong> : con\u00e7u pour absorber l\u2019impact des v\u00e9hicules \u00e0 roues, limitant la torsion et les fissures.\n<strong>Transfert de charge optimis\u00e9<\/strong> : les plaques de transfert permettent une r\u00e9partition homog\u00e8ne des charges entre les dalles.\n<strong>Contr\u00f4le du mouvement<\/strong> : limite les d\u00e9placements horizontaux et supprime les d\u00e9salignements verticaux entre les dalles.\n<strong>Installation simplifi\u00e9e<\/strong> : livr\u00e9 sous forme d\u2019unit\u00e9 pr\u00e9assembl\u00e9e avec des rivets cassants qui se d\u00e9tachent naturellement apr\u00e8s la mise en place.\n<strong>Option sur demande<\/strong> : disponible avec un syst\u00e8me de bande en \u00ab\u00a0T\u00a0\u00bb Permaflex pr\u00e9install\u00e9 pour une meilleure \u00e9tanch\u00e9it\u00e9.\n<h3><strong>Applications<\/strong><\/h3>\n<ul>\n \t<li>Convient aux environnements industriels \u00e0 forte sollicitation (usines, entrep\u00f4ts, stations de transfert des d\u00e9chets).<\/li>\n \t<li>Id\u00e9al pour les zones de circulation intense et compatible avec la plupart des v\u00e9hicules de manutention.<\/li>\n \t<li>Adapt\u00e9 aux joints plus larges, jusqu\u2019\u00e0 30 mm d\u2019ouverture.<\/li>\n<\/ul>\nAlphaJoint Classic 4010 est \u00e9galement disponible avec une plaque de s\u00e9paration universelle pour les dalles d\u2019une \u00e9paisseur de 150 mm \u00e0 200 mm. Pour toute demande sp\u00e9cifique, notre \u00e9quipe commerciale est \u00e0 votre disposition.\t\t\t\t\t\t\t\t<\/div>\n\t\t\t\t<\/div>\n\t\t\t\t<\/div>\n\t\t\t\t<\/div>\n\t\t","protected":false},"excerpt":{"rendered":"<p>Reconnue comme un standard dans l\u2019industrie, la gamme AlphaJoint Classic 4010 se distingue par sa robustesse et sa polyvalence. Con\u00e7u pour les dallages soumis \u00e0 un trafic intense, ce joint assure une protection optimale des ar\u00eates et un transfert de charge efficace entre les dalles adjacentes.<\/p>\n","protected":false},"featured_media":4879,"template":"","meta":[],"product_cat":[56],"product_tag":[],"class_list":{"0":"post-4877","1":"product","2":"type-product","3":"status-publish","4":"has-post-thumbnail","6":"product_cat-joints","8":"first","9":"instock","10":"featured","11":"shipping-taxable","12":"product-type-simple"},"yoast_head":"<!-- This site is optimized with the Yoast SEO plugin v24.3 - https:\/\/yoast.com\/wordpress\/plugins\/seo\/ -->\n<title>AlphaJoint - Joint blind\u00e9 robuste pour dallages industriels<\/title>\n<meta name=\"description\" content=\"Joint blind\u00e9 de r\u00e9f\u00e9rence pour les sols industriels. R\u00e9siste aux chocs et trafic intense, protection optimale des ar\u00eates et un transfert de charge.\" \/>\n<meta name=\"robots\" content=\"index, follow, max-snippet:-1, max-image-preview:large, max-video-preview:-1\" \/>\n<link rel=\"canonical\" href=\"https:\/\/www.achro.eu\/fr\/alphajoint-classic-4010.html\" \/>\n<meta property=\"og:locale\" content=\"fr_FR\" \/>\n<meta property=\"og:type\" content=\"article\" \/>\n<meta property=\"og:title\" content=\"AlphaJoint - Joint blind\u00e9 robuste pour dallages industriels\" \/>\n<meta property=\"og:description\" content=\"Joint blind\u00e9 de r\u00e9f\u00e9rence pour les sols industriels. R\u00e9siste aux chocs et trafic intense, protection optimale des ar\u00eates et un transfert de charge.\" \/>\n<meta property=\"og:url\" content=\"https:\/\/www.achro.eu\/fr\/alphajoint-classic-4010.html\" \/>\n<meta property=\"article:modified_time\" content=\"2025-03-26T20:02:58+00:00\" \/>\n<meta property=\"og:image\" content=\"http:\/\/www.achro.eu\/fr\/wp-content\/uploads\/2025\/02\/permaban-alphajoint.jpg\" \/>\n\t<meta property=\"og:image:width\" content=\"1335\" \/>\n\t<meta property=\"og:image:height\" content=\"1500\" \/>\n\t<meta property=\"og:image:type\" content=\"image\/jpeg\" \/>\n<meta name=\"twitter:card\" content=\"summary_large_image\" \/>\n<meta name=\"twitter:label1\" content=\"Dur\u00e9e de lecture estim\u00e9e\" \/>\n\t<meta name=\"twitter:data1\" content=\"2 minutes\" \/>\n<script type=\"application\/ld+json\" class=\"yoast-schema-graph\">{\"@context\":\"https:\/\/schema.org\",\"@graph\":[{\"@type\":\"WebPage\",\"@id\":\"https:\/\/www.achro.eu\/fr\/alphajoint-classic-4010.html\",\"url\":\"https:\/\/www.achro.eu\/fr\/alphajoint-classic-4010.html\",\"name\":\"AlphaJoint - Joint blind\u00e9 robuste pour dallages industriels\",\"isPartOf\":{\"@id\":\"https:\/\/www.achro.eu\/fr\/#website\"},\"primaryImageOfPage\":{\"@id\":\"https:\/\/www.achro.eu\/fr\/alphajoint-classic-4010.html#primaryimage\"},\"image\":{\"@id\":\"https:\/\/www.achro.eu\/fr\/alphajoint-classic-4010.html#primaryimage\"},\"thumbnailUrl\":\"https:\/\/www.achro.eu\/fr\/wp-content\/uploads\/2025\/02\/permaban-alphajoint.jpg\",\"datePublished\":\"2025-02-20T12:28:13+00:00\",\"dateModified\":\"2025-03-26T20:02:58+00:00\",\"description\":\"Joint blind\u00e9 de r\u00e9f\u00e9rence pour les sols industriels. R\u00e9siste aux chocs et trafic intense, protection optimale des ar\u00eates et un transfert de charge.\",\"inLanguage\":\"fr-FR\",\"potentialAction\":[{\"@type\":\"ReadAction\",\"target\":[\"https:\/\/www.achro.eu\/fr\/alphajoint-classic-4010.html\"]}]},{\"@type\":\"ImageObject\",\"inLanguage\":\"fr-FR\",\"@id\":\"https:\/\/www.achro.eu\/fr\/alphajoint-classic-4010.html#primaryimage\",\"url\":\"https:\/\/www.achro.eu\/fr\/wp-content\/uploads\/2025\/02\/permaban-alphajoint.jpg\",\"contentUrl\":\"https:\/\/www.achro.eu\/fr\/wp-content\/uploads\/2025\/02\/permaban-alphajoint.jpg\",\"width\":1335,\"height\":1500},{\"@type\":\"WebSite\",\"@id\":\"https:\/\/www.achro.eu\/fr\/#website\",\"url\":\"https:\/\/www.achro.eu\/fr\/\",\"name\":\"\",\"description\":\"\",\"potentialAction\":[{\"@type\":\"SearchAction\",\"target\":{\"@type\":\"EntryPoint\",\"urlTemplate\":\"https:\/\/www.achro.eu\/fr\/?s={search_term_string}\"},\"query-input\":{\"@type\":\"PropertyValueSpecification\",\"valueRequired\":true,\"valueName\":\"search_term_string\"}}],\"inLanguage\":\"fr-FR\"}]}<\/script>\n<!-- \/ Yoast SEO plugin. -->","yoast_head_json":{"title":"AlphaJoint - Joint blind\u00e9 robuste pour dallages industriels","description":"Joint blind\u00e9 de r\u00e9f\u00e9rence pour les sols industriels. R\u00e9siste aux chocs et trafic intense, protection optimale des ar\u00eates et un transfert de charge.","robots":{"index":"index","follow":"follow","max-snippet":"max-snippet:-1","max-image-preview":"max-image-preview:large","max-video-preview":"max-video-preview:-1"},"canonical":"https:\/\/www.achro.eu\/fr\/alphajoint-classic-4010.html","og_locale":"fr_FR","og_type":"article","og_title":"AlphaJoint - Joint blind\u00e9 robuste pour dallages industriels","og_description":"Joint blind\u00e9 de r\u00e9f\u00e9rence pour les sols industriels. R\u00e9siste aux chocs et trafic intense, protection optimale des ar\u00eates et un transfert de charge.","og_url":"https:\/\/www.achro.eu\/fr\/alphajoint-classic-4010.html","article_modified_time":"2025-03-26T20:02:58+00:00","og_image":[{"width":1335,"height":1500,"url":"http:\/\/www.achro.eu\/fr\/wp-content\/uploads\/2025\/02\/permaban-alphajoint.jpg","type":"image\/jpeg"}],"twitter_card":"summary_large_image","twitter_misc":{"Dur\u00e9e de lecture estim\u00e9e":"2 minutes"},"schema":{"@context":"https:\/\/schema.org","@graph":[{"@type":"WebPage","@id":"https:\/\/www.achro.eu\/fr\/alphajoint-classic-4010.html","url":"https:\/\/www.achro.eu\/fr\/alphajoint-classic-4010.html","name":"AlphaJoint - Joint blind\u00e9 robuste pour dallages industriels","isPartOf":{"@id":"https:\/\/www.achro.eu\/fr\/#website"},"primaryImageOfPage":{"@id":"https:\/\/www.achro.eu\/fr\/alphajoint-classic-4010.html#primaryimage"},"image":{"@id":"https:\/\/www.achro.eu\/fr\/alphajoint-classic-4010.html#primaryimage"},"thumbnailUrl":"https:\/\/www.achro.eu\/fr\/wp-content\/uploads\/2025\/02\/permaban-alphajoint.jpg","datePublished":"2025-02-20T12:28:13+00:00","dateModified":"2025-03-26T20:02:58+00:00","description":"Joint blind\u00e9 de r\u00e9f\u00e9rence pour les sols industriels. R\u00e9siste aux chocs et trafic intense, protection optimale des ar\u00eates et un transfert de charge.","inLanguage":"fr-FR","potentialAction":[{"@type":"ReadAction","target":["https:\/\/www.achro.eu\/fr\/alphajoint-classic-4010.html"]}]},{"@type":"ImageObject","inLanguage":"fr-FR","@id":"https:\/\/www.achro.eu\/fr\/alphajoint-classic-4010.html#primaryimage","url":"https:\/\/www.achro.eu\/fr\/wp-content\/uploads\/2025\/02\/permaban-alphajoint.jpg","contentUrl":"https:\/\/www.achro.eu\/fr\/wp-content\/uploads\/2025\/02\/permaban-alphajoint.jpg","width":1335,"height":1500},{"@type":"WebSite","@id":"https:\/\/www.achro.eu\/fr\/#website","url":"https:\/\/www.achro.eu\/fr\/","name":"","description":"","potentialAction":[{"@type":"SearchAction","target":{"@type":"EntryPoint","urlTemplate":"https:\/\/www.achro.eu\/fr\/?s={search_term_string}"},"query-input":{"@type":"PropertyValueSpecification","valueRequired":true,"valueName":"search_term_string"}}],"inLanguage":"fr-FR"}]}},"_links":{"self":[{"href":"https:\/\/www.achro.eu\/fr\/wp-json\/wp\/v2\/product\/4877"}],"collection":[{"href":"https:\/\/www.achro.eu\/fr\/wp-json\/wp\/v2\/product"}],"about":[{"href":"https:\/\/www.achro.eu\/fr\/wp-json\/wp\/v2\/types\/product"}],"version-history":[{"count":18,"href":"https:\/\/www.achro.eu\/fr\/wp-json\/wp\/v2\/product\/4877\/revisions"}],"predecessor-version":[{"id":5030,"href":"https:\/\/www.achro.eu\/fr\/wp-json\/wp\/v2\/product\/4877\/revisions\/5030"}],"wp:featuredmedia":[{"embeddable":true,"href":"https:\/\/www.achro.eu\/fr\/wp-json\/wp\/v2\/media\/4879"}],"wp:attachment":[{"href":"https:\/\/www.achro.eu\/fr\/wp-json\/wp\/v2\/media?parent=4877"}],"wp:term":[{"taxonomy":"product_cat","embeddable":true,"href":"https:\/\/www.achro.eu\/fr\/wp-json\/wp\/v2\/product_cat?post=4877"},{"taxonomy":"product_tag","embeddable":true,"href":"https:\/\/www.achro.eu\/fr\/wp-json\/wp\/v2\/product_tag?post=4877"}],"curies":[{"name":"wp","href":"https:\/\/api.w.org\/{rel}","templated":true}]}}