{"id":4853,"date":"2025-02-20T11:28:39","date_gmt":"2025-02-20T10:28:39","guid":{"rendered":"https:\/\/www.rcr-production-france.com\/fr\/?post_type=product&#038;p=4853"},"modified":"2025-03-26T21:03:34","modified_gmt":"2025-03-26T20:03:34","slug":"joint-permaban-wave","status":"publish","type":"product","link":"https:\/\/www.achro.eu\/fr\/permaban-wave.html","title":{"rendered":"Joint Permaban Wave"},"content":{"rendered":"\t\t<div data-elementor-type=\"wp-post\" data-elementor-id=\"4853\" class=\"elementor elementor-4853\">\n\t\t\t\t<div class=\"elementor-element elementor-element-2638e73c e-grid e-con-full e-con e-parent\" data-id=\"2638e73c\" data-element_type=\"container\">\n\t\t\t\t<div class=\"elementor-element elementor-element-5fe75cbb elementor-widget elementor-widget-text-editor\" data-id=\"5fe75cbb\" data-element_type=\"widget\" data-widget_type=\"text-editor.default\">\n\t\t\t\t<div class=\"elementor-widget-container\">\n\t\t\t\t\t\t\t\t\t<h2><strong>Pourquoi choisir le joint Wave ?<\/strong><\/h2>\n<ul>\n \t<li><strong>Protection optimale<\/strong> : La triple courbure r\u00e9duit les dommages sur l\u2019ar\u00eate centrale et les bords.<\/li>\n \t<li><strong>Passage sans \u00e0-coups<\/strong> : Compatible avec une circulation perpendiculaire \u00e0 90\u00b0 sans vibrations ni chocs.<\/li>\n<\/ul>\t\t\t\t\t\t\t\t<\/div>\n\t\t\t\t<\/div>\n\t\t<div class=\"elementor-element elementor-element-2e32e53b e-con-full e-flex e-con e-child\" data-id=\"2e32e53b\" data-element_type=\"container\" data-settings=\"{&quot;background_background&quot;:&quot;classic&quot;}\">\n\t\t\t\t<div class=\"elementor-element elementor-element-3db84a7 elementor-widget elementor-widget-cs_title\" data-id=\"3db84a7\" data-element_type=\"widget\" data-widget_type=\"cs_title.default\">\n\t\t\t\t<div class=\"elementor-widget-container\">\n\t\t\t\t\t\n        <div class=\"cs-title-wrap text-center\">\t            <div class=\"cs-subtitle-wrap\"><span class=\"cs-subtitle\">liens utiles<\/span><\/div>\t            <h4 class=\"cs-title\">\n\t                T\u00e9l\u00e9chargements\t            <\/h4>        <\/div>\t\t\t\t<\/div>\n\t\t\t\t<\/div>\n\t\t\t\t<div class=\"elementor-element elementor-element-3daa540c elementor-widget elementor-widget-text-editor\" data-id=\"3daa540c\" data-element_type=\"widget\" data-widget_type=\"text-editor.default\">\n\t\t\t\t<div class=\"elementor-widget-container\">\n\t\t\t\t\t\t\t\t\t<p style=\"text-align: center;\"><a href=\"https:\/\/permaban.com\/wp-content\/uploads\/2019\/06\/Permaban-Wave-Spec-Sheet-V2.5-French-1.pdf\" rel=\"\">Fiche technique<\/a><br><a href=\"https:\/\/permaban.com\/fr\/produitsfr\/permaban-wave\/\">Voir sur Permaban<\/a><\/p><p style=\"text-align: center;\"><br><\/p>\n<p><\/p>\t\t\t\t\t\t\t\t<\/div>\n\t\t\t\t<\/div>\n\t\t\t\t<\/div>\n\t\t\t\t<\/div>\n\t\t<div class=\"elementor-element elementor-element-d874da7 e-con-full e-flex e-con e-parent\" data-id=\"d874da7\" data-element_type=\"container\">\n\t\t\t\t<div class=\"elementor-element elementor-element-c4c1961 elementor-widget elementor-widget-text-editor\" data-id=\"c4c1961\" data-element_type=\"widget\" data-widget_type=\"text-editor.default\">\n\t\t\t\t<div class=\"elementor-widget-container\">\n\t\t\t\t\t\t\t\t\t<ul><li><strong>Confort am\u00e9lior\u00e9<\/strong> : R\u00e9duit les nuisances sonores et les vibrations ressenties par les conducteurs d\u2019engins.<\/li><li><strong>Flexibilit\u00e9 d\u2019usage<\/strong> : Convient \u00e0 diff\u00e9rentes configurations de b\u00e2timents et \u00e9volutions d\u2019exploitation.<\/li><li><strong>Installation simplifi\u00e9e<\/strong> : Une plaque d\u2019extension ajustable permet une adaptation sur place pour des dalles de 150 \u00e0 200 mm d\u2019\u00e9paisseur.<\/li><li><strong>Ancrage fiable<\/strong> : Traverses en b\u00e9ton continues assurant une fixation robuste et durable.<\/li><li><strong>Finition pr\u00e9cise<\/strong> : Forme ondul\u00e9e facilitant le lissage \u00e0 la talocheuse et garantissant un b\u00e9ton bien compact\u00e9.<\/li><li><strong>Compatibilit\u00e9 \u00e9tendue<\/strong> : Fonctionne avec les plaques de transfert TD pour une stabilit\u00e9 accrue.<\/li><li><strong>Protection contre les d\u00e9bris<\/strong> : Structure pens\u00e9e pour limiter l\u2019accumulation de particules dans le joint.<\/li><li><strong>Personnalisation possible<\/strong> : Disponible en acier doux, galvanis\u00e9 ou inoxydable selon les besoins sp\u00e9cifiques.<\/li><li><strong>Format pratique<\/strong> : Fourni en longueurs de 2,4 m pour une mise en place efficace.<\/li><\/ul><h2><strong>Applications id\u00e9ales<\/strong><\/h2><ul><li>Convient \u00e0 une large gamme d\u2019environnements industriels et logistiques.<\/li><li>Parfait pour les zones \u00e0 trafic directionnel intense, comme les all\u00e9es de stockage et de transfert en entrep\u00f4t.<\/li><li>Utilisation int\u00e9rieure recommand\u00e9e ; pour les zones expos\u00e9es \u00e0 l\u2019humidit\u00e9, optez pour la version galvanis\u00e9e.<\/li><li>Compatible avec les transpalettes, gerbeurs lat\u00e9raux et frontaux.<\/li><li>Avec le joint Wave, b\u00e9n\u00e9ficiez d\u2019une solution efficace et durable pour prot\u00e9ger vos dallages tout en assurant un passage fluide et sans contrainte aux v\u00e9hicules de manutention.<\/li><\/ul>\t\t\t\t\t\t\t\t<\/div>\n\t\t\t\t<\/div>\n\t\t\t\t<\/div>\n\t\t\t\t<\/div>\n\t\t","protected":false},"excerpt":{"rendered":"<p>Le joint Wave se distingue par son profil \u00e0 triple courbure et sa plaque sup\u00e9rieure \u00e9troite, garantissant une transition fluide des \u00e9quipements de manutention sans impact brutal. Sa conception ondul\u00e9e \u00e9limine tout bord droit, permettant un passage en douceur dans toutes les directions. Gr\u00e2ce \u00e0 sa plaque d\u2019extension, la hauteur du joint peut \u00eatre ajust\u00e9e directement sur site, optimisant ainsi l\u2019utilisation des mat\u00e9riaux disponibles pour les projets suivants.<\/p>\n","protected":false},"featured_media":4855,"template":"","meta":[],"product_cat":[56],"product_tag":[],"class_list":{"0":"post-4853","1":"product","2":"type-product","3":"status-publish","4":"has-post-thumbnail","6":"product_cat-joints","8":"first","9":"instock","10":"featured","11":"shipping-taxable","12":"product-type-simple"},"yoast_head":"<!-- This site is optimized with the Yoast SEO plugin v24.3 - https:\/\/yoast.com\/wordpress\/plugins\/seo\/ -->\n<title>Joint de dilatation Wave \u2013 dallage et sol industriel<\/title>\n<meta name=\"description\" content=\"Le joint de dilatation Wave assure un passage sans \u00e0-coups gr\u00e2ce \u00e0 son profil ondul\u00e9. R\u00e9sistant aux impacts il prot\u00e8ge durablement vos dallages industriels.\" \/>\n<meta name=\"robots\" content=\"index, follow, max-snippet:-1, max-image-preview:large, max-video-preview:-1\" \/>\n<link rel=\"canonical\" href=\"https:\/\/www.achro.eu\/fr\/permaban-wave.html\" \/>\n<meta property=\"og:locale\" content=\"fr_FR\" \/>\n<meta property=\"og:type\" content=\"article\" \/>\n<meta property=\"og:title\" content=\"Joint de dilatation Wave \u2013 dallage et sol industriel\" \/>\n<meta property=\"og:description\" content=\"Le joint de dilatation Wave assure un passage sans \u00e0-coups gr\u00e2ce \u00e0 son profil ondul\u00e9. R\u00e9sistant aux impacts il prot\u00e8ge durablement vos dallages industriels.\" \/>\n<meta property=\"og:url\" content=\"https:\/\/www.achro.eu\/fr\/permaban-wave.html\" \/>\n<meta property=\"article:modified_time\" content=\"2025-03-26T20:03:34+00:00\" \/>\n<meta property=\"og:image\" content=\"http:\/\/www.achro.eu\/fr\/wp-content\/uploads\/2025\/02\/permaban-wave.jpg\" \/>\n\t<meta property=\"og:image:width\" content=\"1024\" \/>\n\t<meta property=\"og:image:height\" content=\"794\" \/>\n\t<meta property=\"og:image:type\" content=\"image\/jpeg\" \/>\n<meta name=\"twitter:card\" content=\"summary_large_image\" \/>\n<meta name=\"twitter:label1\" content=\"Dur\u00e9e de lecture estim\u00e9e\" \/>\n\t<meta name=\"twitter:data1\" content=\"2 minutes\" \/>\n<script type=\"application\/ld+json\" class=\"yoast-schema-graph\">{\"@context\":\"https:\/\/schema.org\",\"@graph\":[{\"@type\":\"WebPage\",\"@id\":\"https:\/\/www.achro.eu\/fr\/permaban-wave.html\",\"url\":\"https:\/\/www.achro.eu\/fr\/permaban-wave.html\",\"name\":\"Joint de dilatation Wave \u2013 dallage et sol industriel\",\"isPartOf\":{\"@id\":\"https:\/\/www.achro.eu\/fr\/#website\"},\"primaryImageOfPage\":{\"@id\":\"https:\/\/www.achro.eu\/fr\/permaban-wave.html#primaryimage\"},\"image\":{\"@id\":\"https:\/\/www.achro.eu\/fr\/permaban-wave.html#primaryimage\"},\"thumbnailUrl\":\"https:\/\/www.achro.eu\/fr\/wp-content\/uploads\/2025\/02\/permaban-wave.jpg\",\"datePublished\":\"2025-02-20T10:28:39+00:00\",\"dateModified\":\"2025-03-26T20:03:34+00:00\",\"description\":\"Le joint de dilatation Wave assure un passage sans \u00e0-coups gr\u00e2ce \u00e0 son profil ondul\u00e9. R\u00e9sistant aux impacts il prot\u00e8ge durablement vos dallages industriels.\",\"inLanguage\":\"fr-FR\",\"potentialAction\":[{\"@type\":\"ReadAction\",\"target\":[\"https:\/\/www.achro.eu\/fr\/permaban-wave.html\"]}]},{\"@type\":\"ImageObject\",\"inLanguage\":\"fr-FR\",\"@id\":\"https:\/\/www.achro.eu\/fr\/permaban-wave.html#primaryimage\",\"url\":\"https:\/\/www.achro.eu\/fr\/wp-content\/uploads\/2025\/02\/permaban-wave.jpg\",\"contentUrl\":\"https:\/\/www.achro.eu\/fr\/wp-content\/uploads\/2025\/02\/permaban-wave.jpg\",\"width\":1024,\"height\":794},{\"@type\":\"WebSite\",\"@id\":\"https:\/\/www.achro.eu\/fr\/#website\",\"url\":\"https:\/\/www.achro.eu\/fr\/\",\"name\":\"\",\"description\":\"\",\"potentialAction\":[{\"@type\":\"SearchAction\",\"target\":{\"@type\":\"EntryPoint\",\"urlTemplate\":\"https:\/\/www.achro.eu\/fr\/?s={search_term_string}\"},\"query-input\":{\"@type\":\"PropertyValueSpecification\",\"valueRequired\":true,\"valueName\":\"search_term_string\"}}],\"inLanguage\":\"fr-FR\"}]}<\/script>\n<!-- \/ Yoast SEO plugin. -->","yoast_head_json":{"title":"Joint de dilatation Wave \u2013 dallage et sol industriel","description":"Le joint de dilatation Wave assure un passage sans \u00e0-coups gr\u00e2ce \u00e0 son profil ondul\u00e9. R\u00e9sistant aux impacts il prot\u00e8ge durablement vos dallages industriels.","robots":{"index":"index","follow":"follow","max-snippet":"max-snippet:-1","max-image-preview":"max-image-preview:large","max-video-preview":"max-video-preview:-1"},"canonical":"https:\/\/www.achro.eu\/fr\/permaban-wave.html","og_locale":"fr_FR","og_type":"article","og_title":"Joint de dilatation Wave \u2013 dallage et sol industriel","og_description":"Le joint de dilatation Wave assure un passage sans \u00e0-coups gr\u00e2ce \u00e0 son profil ondul\u00e9. R\u00e9sistant aux impacts il prot\u00e8ge durablement vos dallages industriels.","og_url":"https:\/\/www.achro.eu\/fr\/permaban-wave.html","article_modified_time":"2025-03-26T20:03:34+00:00","og_image":[{"width":1024,"height":794,"url":"http:\/\/www.achro.eu\/fr\/wp-content\/uploads\/2025\/02\/permaban-wave.jpg","type":"image\/jpeg"}],"twitter_card":"summary_large_image","twitter_misc":{"Dur\u00e9e de lecture estim\u00e9e":"2 minutes"},"schema":{"@context":"https:\/\/schema.org","@graph":[{"@type":"WebPage","@id":"https:\/\/www.achro.eu\/fr\/permaban-wave.html","url":"https:\/\/www.achro.eu\/fr\/permaban-wave.html","name":"Joint de dilatation Wave \u2013 dallage et sol industriel","isPartOf":{"@id":"https:\/\/www.achro.eu\/fr\/#website"},"primaryImageOfPage":{"@id":"https:\/\/www.achro.eu\/fr\/permaban-wave.html#primaryimage"},"image":{"@id":"https:\/\/www.achro.eu\/fr\/permaban-wave.html#primaryimage"},"thumbnailUrl":"https:\/\/www.achro.eu\/fr\/wp-content\/uploads\/2025\/02\/permaban-wave.jpg","datePublished":"2025-02-20T10:28:39+00:00","dateModified":"2025-03-26T20:03:34+00:00","description":"Le joint de dilatation Wave assure un passage sans \u00e0-coups gr\u00e2ce \u00e0 son profil ondul\u00e9. R\u00e9sistant aux impacts il prot\u00e8ge durablement vos dallages industriels.","inLanguage":"fr-FR","potentialAction":[{"@type":"ReadAction","target":["https:\/\/www.achro.eu\/fr\/permaban-wave.html"]}]},{"@type":"ImageObject","inLanguage":"fr-FR","@id":"https:\/\/www.achro.eu\/fr\/permaban-wave.html#primaryimage","url":"https:\/\/www.achro.eu\/fr\/wp-content\/uploads\/2025\/02\/permaban-wave.jpg","contentUrl":"https:\/\/www.achro.eu\/fr\/wp-content\/uploads\/2025\/02\/permaban-wave.jpg","width":1024,"height":794},{"@type":"WebSite","@id":"https:\/\/www.achro.eu\/fr\/#website","url":"https:\/\/www.achro.eu\/fr\/","name":"","description":"","potentialAction":[{"@type":"SearchAction","target":{"@type":"EntryPoint","urlTemplate":"https:\/\/www.achro.eu\/fr\/?s={search_term_string}"},"query-input":{"@type":"PropertyValueSpecification","valueRequired":true,"valueName":"search_term_string"}}],"inLanguage":"fr-FR"}]}},"_links":{"self":[{"href":"https:\/\/www.achro.eu\/fr\/wp-json\/wp\/v2\/product\/4853"}],"collection":[{"href":"https:\/\/www.achro.eu\/fr\/wp-json\/wp\/v2\/product"}],"about":[{"href":"https:\/\/www.achro.eu\/fr\/wp-json\/wp\/v2\/types\/product"}],"version-history":[{"count":23,"href":"https:\/\/www.achro.eu\/fr\/wp-json\/wp\/v2\/product\/4853\/revisions"}],"predecessor-version":[{"id":5033,"href":"https:\/\/www.achro.eu\/fr\/wp-json\/wp\/v2\/product\/4853\/revisions\/5033"}],"wp:featuredmedia":[{"embeddable":true,"href":"https:\/\/www.achro.eu\/fr\/wp-json\/wp\/v2\/media\/4855"}],"wp:attachment":[{"href":"https:\/\/www.achro.eu\/fr\/wp-json\/wp\/v2\/media?parent=4853"}],"wp:term":[{"taxonomy":"product_cat","embeddable":true,"href":"https:\/\/www.achro.eu\/fr\/wp-json\/wp\/v2\/product_cat?post=4853"},{"taxonomy":"product_tag","embeddable":true,"href":"https:\/\/www.achro.eu\/fr\/wp-json\/wp\/v2\/product_tag?post=4853"}],"curies":[{"name":"wp","href":"https:\/\/api.w.org\/{rel}","templated":true}]}}