{"id":457,"date":"2015-11-12T10:45:56","date_gmt":"2015-11-12T10:45:56","guid":{"rendered":"http:\/\/xml-io.proteusthemes.com\/structurepress\/?post_type=product&#038;p=457"},"modified":"2025-02-04T17:00:48","modified_gmt":"2025-02-04T16:00:48","slug":"achrodal-html","status":"publish","type":"product","link":"https:\/\/www.achro.eu\/fr\/achrodal.html","title":{"rendered":"Achrodal"},"content":{"rendered":"\t\t<div data-elementor-type=\"wp-post\" data-elementor-id=\"457\" class=\"elementor elementor-457\">\n\t\t\t\t<div class=\"elementor-element elementor-element-13ed355c e-grid e-con-boxed e-con e-parent\" data-id=\"13ed355c\" data-element_type=\"container\">\n\t\t\t\t\t<div class=\"e-con-inner\">\n\t\t\t\t<div class=\"elementor-element elementor-element-5f38f9ef elementor-widget elementor-widget-text-editor\" data-id=\"5f38f9ef\" data-element_type=\"widget\" data-widget_type=\"text-editor.default\">\n\t\t\t\t<div class=\"elementor-widget-container\">\n\t\t\t\t\t\t\t\t\t<h2><strong>Achrodal, le rev\u00eatement id\u00e9al pour les sols industriels<\/strong><\/h2><p><span style=\"color: #000000;\">Ce durcisseur de surface, dont le classement performanciel I.P.R.U. : 2.2.3.2 garantit la fiabilit\u00e9, offre aux dallages industriels une r\u00e9sistance \u00e0 toute \u00e9preuve. Qu\u2019ils subissent de nombreux chocs ou d\u2019innombrables trajets logistiques, les sols des entrep\u00f4ts ou des locaux commerciaux ont besoin d\u2019un sol particuli\u00e8rement r\u00e9sistant et durable.<\/span><\/p>\t\t\t\t\t\t\t\t<\/div>\n\t\t\t\t<\/div>\n\t\t<div class=\"elementor-element elementor-element-757cf5fb e-con-full e-flex e-con e-child\" data-id=\"757cf5fb\" data-element_type=\"container\" data-settings=\"{&quot;background_background&quot;:&quot;classic&quot;}\">\n\t\t\t\t<div class=\"elementor-element elementor-element-58320a87 elementor-widget elementor-widget-cs_title\" data-id=\"58320a87\" data-element_type=\"widget\" data-widget_type=\"cs_title.default\">\n\t\t\t\t<div class=\"elementor-widget-container\">\n\t\t\t\t\t\n        <div class=\"cs-title-wrap text-center\">\t            <div class=\"cs-subtitle-wrap\"><span class=\"cs-subtitle\">Liens utiles<\/span><\/div>\t            <h4 class=\"cs-title\">\n\t                T\u00e9l\u00e9chargements\t            <\/h4>        <\/div>\t\t\t\t<\/div>\n\t\t\t\t<\/div>\n\t\t\t\t<div class=\"elementor-element elementor-element-3325434d elementor-widget elementor-widget-text-editor\" data-id=\"3325434d\" data-element_type=\"widget\" data-widget_type=\"text-editor.default\">\n\t\t\t\t<div class=\"elementor-widget-container\">\n\t\t\t\t\t\t\t\t\t<p style=\"text-align: center;\"><a href=\"http:\/\/www.achro.eu\/fr\/wp-content\/uploads\/2015\/11\/Achrodal.pdf\" rel=\"\">Fiche technique<br \/><\/a><a href=\"http:\/\/www.achro.eu\/fr\/wp-content\/uploads\/2015\/11\/fds-durcisseurs.pdf\" rel=\"\">Fiche de s\u00e9curit\u00e9<\/a><br \/><a href=\"http:\/\/www.achro.eu\/fr\/wp-content\/uploads\/2015\/11\/cstb-achrodal.pdf\">Rapport CSTB<\/a><\/p>\t\t\t\t\t\t\t\t<\/div>\n\t\t\t\t<\/div>\n\t\t\t\t<\/div>\n\t\t\t\t\t<\/div>\n\t\t\t\t<\/div>\n\t\t<div class=\"elementor-element elementor-element-aee0c8c e-flex e-con-boxed e-con e-parent\" data-id=\"aee0c8c\" data-element_type=\"container\">\n\t\t\t\t\t<div class=\"e-con-inner\">\n\t\t\t\t<div class=\"elementor-element elementor-element-7e31700 elementor-widget elementor-widget-text-editor\" data-id=\"7e31700\" data-element_type=\"widget\" data-widget_type=\"text-editor.default\">\n\t\t\t\t<div class=\"elementor-widget-container\">\n\t\t\t\t\t\t\t\t\t<p><span style=\"color: #000000;\">De par sa composition et ses propri\u00e9t\u00e9s,\u00a0<em><strong>Achrodal<\/strong><\/em>\u00a0offre aux sols sur lesquels il est appliqu\u00e9 une excellente r\u00e9sistance \u00e0 l\u2019abrasion et aux chocs. Mais ce durcisseur est \u00e9galement tr\u00e8s simple d\u2019entretien, puisqu\u2019il est facilement lavable, anti-statique et anti-rouille. Gr\u00e2ce \u00e0\u00a0<em><strong>Achrodal<\/strong><\/em>, un sol industriel peut donc subir un trafic intense, recevoir de lourdes charges et \u00eatre inond\u00e9 tout en restant en parfait \u00e9tat.<\/span><\/p><h2>Un rev\u00eatement aux nombreux usages<\/h2><p><span style=\"color: #000000;\">Poss\u00e9dant des propri\u00e9t\u00e9s multiples,\u00a0<em><strong>Achrodal<\/strong><\/em>\u00a0offre une efficacit\u00e9 totale en tant que rev\u00eatement de sol industriel.<\/span><br \/><span style=\"color: #000000;\">Gr\u00e2ce \u00e0 sa polyvalence, ce produit prot\u00e8ge \u00e0 la fois de l\u2019usure, de l\u2019eau et de la rouille, et peut donc \u00eatre utilis\u00e9 par des soci\u00e9t\u00e9s aux activit\u00e9s tr\u00e8s diff\u00e9rentes. Ainsi, un hall de stockage pourra b\u00e9n\u00e9ficier de sa r\u00e9sistance exceptionnelle au trafic intense, tandis qu\u2019un magasin pourra accueillir ses clients en utilisant\u00a0<em><strong>Achrodal<\/strong><\/em>\u00a0comme rev\u00eatement durable et facile d\u2019entretien.<\/span><\/p><p><span style=\"color: #000000;\">Un atelier pourra quant \u00e0 lui b\u00e9n\u00e9ficier de sa r\u00e9sistance aux chocs, tandis que les entrep\u00f4ts d\u2019industries alimentaires le choisiront pour sa fiabilit\u00e9.<\/span><\/p><p><span style=\"color: #000000;\">Mais\u00a0<em><strong>Achrodal<\/strong><\/em>\u00a0offre un autre avantage : il est disponible en 15 coloris diff\u00e9rents. Ainsi, un fabricant automobile pourra opter pour la teinte naturelle \u00ab\u00a0gris ciment\u00a0\u00bb, n\u2019ayant pas besoin de cr\u00e9er une ambiance particuli\u00e8re dans ses entrep\u00f4ts, tandis qu\u2019une boutique de mode choisira plut\u00f4t une couleur qui mettra davantage \u00e0 l\u2019aise ses clientes.<\/span><\/p><h2>Achrodal : simple \u00e0 entretenir, facile \u00e0 appliquer<\/h2><p><span style=\"color: #000000;\">Si\u00a0<em><strong>Achrodal<\/strong><\/em>\u00a0est un produit simple d\u2019entretien, il est \u00e9galement facile \u00e0 appliquer lors de son utilisation.<\/span><\/p><p><span style=\"color: #000000;\">Pr\u00eat \u00e0 emploi,\u00a0<em><strong>Achrodal<\/strong><\/em>\u00a0peut \u00eatre \u00e9pandu manuellement ou m\u00e9caniquement, en m\u00eame temps que le coulage du b\u00e9ton, \u00e0 la surface duquel il sera ainsi int\u00e9gr\u00e9. L\u2019\u00e9pandage manuel du produit doit se faire en deux temps, afin d\u2019optimiser son efficacit\u00e9. Il suffit de le saupoudrer deux fois, \u00e0 raison de 2,5 \u00e0 3.5 kg par m2. Si on opte pour l\u2019\u00e9pandage m\u00e9canique, une seule passe est requise, avec une concentration du produit de 8 \u00e0 12 kg par m2. Une fois l\u2019humidit\u00e9 du b\u00e9ton absorb\u00e9e par le durcisseur, sa surface est taloch\u00e9e afin de lisser l\u2019ensemble et parfaire l\u2019int\u00e9gration du produit.<\/span><\/p><p><span style=\"color: #000000;\"><em><strong>Achrodal<\/strong><\/em>\u00a0permet ainsi d\u2019obtenir un rev\u00eatement id\u00e9al pour les sols industriels. Une fois le sol termin\u00e9, il convient de respecter un d\u00e9lai de 7 jours en cas de trafic l\u00e9ger et de 28 jours en cas de trafic plus important.<\/span><\/p>\t\t\t\t\t\t\t\t<\/div>\n\t\t\t\t<\/div>\n\t\t\t\t\t<\/div>\n\t\t\t\t<\/div>\n\t\t<div class=\"elementor-element elementor-element-5052c50 e-flex e-con-boxed e-con e-parent\" data-id=\"5052c50\" data-element_type=\"container\">\n\t\t\t\t\t<div class=\"e-con-inner\">\n\t\t\t\t\t<\/div>\n\t\t\t\t<\/div>\n\t\t\t\t<\/div>\n\t\t","protected":false},"excerpt":{"rendered":"<p style=\"text-align: justify;\"><span style=\"color: #000000;\">Achrodal est un durcisseur de surface destin\u00e9 \u00e0 prot\u00e9ger les sols industriels, notamment les dallages soumis \u00e0 l&rsquo;abrasion et \u00e0 un fort trafic de machines.<\/span><\/p>\n<p style=\"text-align: justify;\"><em><strong>Achrodal\u00a0<\/strong><\/em>est un produit \u00e0 la fois simple, efficace et polyvalent. Ce rev\u00eatement, id\u00e9al pour les sols \u00e0 usage courant, est compos\u00e9 de granulats min\u00e9raux et synth\u00e9tiques, d&rsquo;un liant hydraulique et d&rsquo;additifs.<\/p>\n","protected":false},"featured_media":1052,"template":"","meta":[],"product_cat":[54],"product_tag":[],"class_list":{"0":"post-457","1":"product","2":"type-product","3":"status-publish","4":"has-post-thumbnail","6":"product_cat-durcisseurs","8":"first","9":"instock","10":"featured","11":"shipping-taxable","12":"product-type-simple"},"yoast_head":"<!-- This site is optimized with the Yoast SEO plugin v24.3 - https:\/\/yoast.com\/wordpress\/plugins\/seo\/ -->\n<title>Durcisseur de surface pour dallage en b\u00e9ton<\/title>\n<meta name=\"description\" content=\"Id\u00e9al pour r\u00e9aliser un rev\u00eatement de sol industriel standard. Cette couche d&#039;usure convient parfaitement pour la r\u00e9alisation d&#039;un magasin, hall de stockage.\" \/>\n<meta name=\"robots\" content=\"index, follow, max-snippet:-1, max-image-preview:large, max-video-preview:-1\" \/>\n<link rel=\"canonical\" href=\"https:\/\/www.achro.eu\/fr\/achrodal.html\" \/>\n<meta property=\"og:locale\" content=\"fr_FR\" \/>\n<meta property=\"og:type\" content=\"article\" \/>\n<meta property=\"og:title\" content=\"Durcisseur de surface pour dallage en b\u00e9ton\" \/>\n<meta property=\"og:description\" content=\"Id\u00e9al pour r\u00e9aliser un rev\u00eatement de sol industriel standard. Cette couche d&#039;usure convient parfaitement pour la r\u00e9alisation d&#039;un magasin, hall de stockage.\" \/>\n<meta property=\"og:url\" content=\"https:\/\/www.achro.eu\/fr\/achrodal.html\" \/>\n<meta property=\"article:modified_time\" content=\"2025-02-04T16:00:48+00:00\" \/>\n<meta property=\"og:image\" content=\"https:\/\/www.achro.eu\/fr\/wp-content\/uploads\/2015\/11\/achrodal.jpg\" \/>\n\t<meta property=\"og:image:width\" content=\"600\" \/>\n\t<meta property=\"og:image:height\" content=\"600\" \/>\n\t<meta property=\"og:image:type\" content=\"image\/jpeg\" \/>\n<meta name=\"twitter:card\" content=\"summary_large_image\" \/>\n<meta name=\"twitter:label1\" content=\"Dur\u00e9e de lecture estim\u00e9e\" \/>\n\t<meta name=\"twitter:data1\" content=\"3 minutes\" \/>\n<script type=\"application\/ld+json\" class=\"yoast-schema-graph\">{\"@context\":\"https:\/\/schema.org\",\"@graph\":[{\"@type\":\"WebPage\",\"@id\":\"https:\/\/www.achro.eu\/fr\/achrodal.html\",\"url\":\"https:\/\/www.achro.eu\/fr\/achrodal.html\",\"name\":\"Durcisseur de surface pour dallage en b\u00e9ton\",\"isPartOf\":{\"@id\":\"https:\/\/www.achro.eu\/fr\/#website\"},\"primaryImageOfPage\":{\"@id\":\"https:\/\/www.achro.eu\/fr\/achrodal.html#primaryimage\"},\"image\":{\"@id\":\"https:\/\/www.achro.eu\/fr\/achrodal.html#primaryimage\"},\"thumbnailUrl\":\"https:\/\/www.achro.eu\/fr\/wp-content\/uploads\/2015\/11\/achrodal.jpg\",\"datePublished\":\"2015-11-12T10:45:56+00:00\",\"dateModified\":\"2025-02-04T16:00:48+00:00\",\"description\":\"Id\u00e9al pour r\u00e9aliser un rev\u00eatement de sol industriel standard. Cette couche d'usure convient parfaitement pour la r\u00e9alisation d'un magasin, hall de stockage.\",\"inLanguage\":\"fr-FR\",\"potentialAction\":[{\"@type\":\"ReadAction\",\"target\":[\"https:\/\/www.achro.eu\/fr\/achrodal.html\"]}]},{\"@type\":\"ImageObject\",\"inLanguage\":\"fr-FR\",\"@id\":\"https:\/\/www.achro.eu\/fr\/achrodal.html#primaryimage\",\"url\":\"https:\/\/www.achro.eu\/fr\/wp-content\/uploads\/2015\/11\/achrodal.jpg\",\"contentUrl\":\"https:\/\/www.achro.eu\/fr\/wp-content\/uploads\/2015\/11\/achrodal.jpg\",\"width\":600,\"height\":600},{\"@type\":\"WebSite\",\"@id\":\"https:\/\/www.achro.eu\/fr\/#website\",\"url\":\"https:\/\/www.achro.eu\/fr\/\",\"name\":\"\",\"description\":\"\",\"potentialAction\":[{\"@type\":\"SearchAction\",\"target\":{\"@type\":\"EntryPoint\",\"urlTemplate\":\"https:\/\/www.achro.eu\/fr\/?s={search_term_string}\"},\"query-input\":{\"@type\":\"PropertyValueSpecification\",\"valueRequired\":true,\"valueName\":\"search_term_string\"}}],\"inLanguage\":\"fr-FR\"}]}<\/script>\n<!-- \/ Yoast SEO plugin. -->","yoast_head_json":{"title":"Durcisseur de surface pour dallage en b\u00e9ton","description":"Id\u00e9al pour r\u00e9aliser un rev\u00eatement de sol industriel standard. Cette couche d'usure convient parfaitement pour la r\u00e9alisation d'un magasin, hall de stockage.","robots":{"index":"index","follow":"follow","max-snippet":"max-snippet:-1","max-image-preview":"max-image-preview:large","max-video-preview":"max-video-preview:-1"},"canonical":"https:\/\/www.achro.eu\/fr\/achrodal.html","og_locale":"fr_FR","og_type":"article","og_title":"Durcisseur de surface pour dallage en b\u00e9ton","og_description":"Id\u00e9al pour r\u00e9aliser un rev\u00eatement de sol industriel standard. Cette couche d'usure convient parfaitement pour la r\u00e9alisation d'un magasin, hall de stockage.","og_url":"https:\/\/www.achro.eu\/fr\/achrodal.html","article_modified_time":"2025-02-04T16:00:48+00:00","og_image":[{"width":600,"height":600,"url":"https:\/\/www.achro.eu\/fr\/wp-content\/uploads\/2015\/11\/achrodal.jpg","type":"image\/jpeg"}],"twitter_card":"summary_large_image","twitter_misc":{"Dur\u00e9e de lecture estim\u00e9e":"3 minutes"},"schema":{"@context":"https:\/\/schema.org","@graph":[{"@type":"WebPage","@id":"https:\/\/www.achro.eu\/fr\/achrodal.html","url":"https:\/\/www.achro.eu\/fr\/achrodal.html","name":"Durcisseur de surface pour dallage en b\u00e9ton","isPartOf":{"@id":"https:\/\/www.achro.eu\/fr\/#website"},"primaryImageOfPage":{"@id":"https:\/\/www.achro.eu\/fr\/achrodal.html#primaryimage"},"image":{"@id":"https:\/\/www.achro.eu\/fr\/achrodal.html#primaryimage"},"thumbnailUrl":"https:\/\/www.achro.eu\/fr\/wp-content\/uploads\/2015\/11\/achrodal.jpg","datePublished":"2015-11-12T10:45:56+00:00","dateModified":"2025-02-04T16:00:48+00:00","description":"Id\u00e9al pour r\u00e9aliser un rev\u00eatement de sol industriel standard. Cette couche d'usure convient parfaitement pour la r\u00e9alisation d'un magasin, hall de stockage.","inLanguage":"fr-FR","potentialAction":[{"@type":"ReadAction","target":["https:\/\/www.achro.eu\/fr\/achrodal.html"]}]},{"@type":"ImageObject","inLanguage":"fr-FR","@id":"https:\/\/www.achro.eu\/fr\/achrodal.html#primaryimage","url":"https:\/\/www.achro.eu\/fr\/wp-content\/uploads\/2015\/11\/achrodal.jpg","contentUrl":"https:\/\/www.achro.eu\/fr\/wp-content\/uploads\/2015\/11\/achrodal.jpg","width":600,"height":600},{"@type":"WebSite","@id":"https:\/\/www.achro.eu\/fr\/#website","url":"https:\/\/www.achro.eu\/fr\/","name":"","description":"","potentialAction":[{"@type":"SearchAction","target":{"@type":"EntryPoint","urlTemplate":"https:\/\/www.achro.eu\/fr\/?s={search_term_string}"},"query-input":{"@type":"PropertyValueSpecification","valueRequired":true,"valueName":"search_term_string"}}],"inLanguage":"fr-FR"}]}},"_links":{"self":[{"href":"https:\/\/www.achro.eu\/fr\/wp-json\/wp\/v2\/product\/457"}],"collection":[{"href":"https:\/\/www.achro.eu\/fr\/wp-json\/wp\/v2\/product"}],"about":[{"href":"https:\/\/www.achro.eu\/fr\/wp-json\/wp\/v2\/types\/product"}],"version-history":[{"count":3,"href":"https:\/\/www.achro.eu\/fr\/wp-json\/wp\/v2\/product\/457\/revisions"}],"predecessor-version":[{"id":4707,"href":"https:\/\/www.achro.eu\/fr\/wp-json\/wp\/v2\/product\/457\/revisions\/4707"}],"wp:featuredmedia":[{"embeddable":true,"href":"https:\/\/www.achro.eu\/fr\/wp-json\/wp\/v2\/media\/1052"}],"wp:attachment":[{"href":"https:\/\/www.achro.eu\/fr\/wp-json\/wp\/v2\/media?parent=457"}],"wp:term":[{"taxonomy":"product_cat","embeddable":true,"href":"https:\/\/www.achro.eu\/fr\/wp-json\/wp\/v2\/product_cat?post=457"},{"taxonomy":"product_tag","embeddable":true,"href":"https:\/\/www.achro.eu\/fr\/wp-json\/wp\/v2\/product_tag?post=457"}],"curies":[{"name":"wp","href":"https:\/\/api.w.org\/{rel}","templated":true}]}}