{"id":1323,"date":"2016-04-21T08:31:20","date_gmt":"2016-04-21T07:31:20","guid":{"rendered":"http:\/\/www.rcr-production-france.com\/2016\/achro-detachant.html"},"modified":"2025-03-26T21:04:09","modified_gmt":"2025-03-26T20:04:09","slug":"achro-maintenance-entretien-dallages","status":"publish","type":"product","link":"https:\/\/www.achro.eu\/fr\/maintenance-entretien.html","title":{"rendered":"Maintenance et entretien des dallages"},"content":{"rendered":"\t\t<div data-elementor-type=\"wp-post\" data-elementor-id=\"1323\" class=\"elementor elementor-1323\">\n\t\t\t\t<div class=\"elementor-element elementor-element-6babf9c1 e-grid e-con-boxed e-con e-parent\" data-id=\"6babf9c1\" data-element_type=\"container\">\n\t\t\t\t\t<div class=\"e-con-inner\">\n\t\t\t\t<div class=\"elementor-element elementor-element-1cefc49 elementor-widget elementor-widget-text-editor\" data-id=\"1cefc49\" data-element_type=\"widget\" data-widget_type=\"text-editor.default\">\n\t\t\t\t<div class=\"elementor-widget-container\">\n\t\t\t\t\t\t\t\t\t<h2 style=\"text-align: justify;\">La maintenance des surfaces<\/h2>\n<p style=\"text-align: justify;\"><span style=\"color: #000000;\">La surface des dallages demeure toujours microporeuse malgr\u00e9 le grand soin apport\u00e9 \u00e0 sa mise en \u0153uvre. Cette caract\u00e9ristique entra\u00eene pour le sol la possibilit\u00e9 d\u2019une p\u00e9n\u00e9tration de liquides ou de mati\u00e8res pouvant d\u00e9grader sa surface.<\/span><\/p>\n<p style=\"text-align: justify;\"><span style=\"color: #000000;\">Afin de limiter ou \u00e9viter cela mais aussi pour faciliter l\u2019<strong>entretien du sol<\/strong>, certains produits et mat\u00e9riels sp\u00e9cialis\u00e9s doivent \u00eatre utilis\u00e9s.<\/span><\/p>\t\t\t\t\t\t\t\t<\/div>\n\t\t\t\t<\/div>\n\t\t<div class=\"elementor-element elementor-element-7943c1dc e-con-full e-flex e-con e-child\" data-id=\"7943c1dc\" data-element_type=\"container\" data-settings=\"{&quot;background_background&quot;:&quot;classic&quot;}\">\n\t\t\t\t<div class=\"elementor-element elementor-element-16e77b00 elementor-widget elementor-widget-cs_title\" data-id=\"16e77b00\" data-element_type=\"widget\" data-widget_type=\"cs_title.default\">\n\t\t\t\t<div class=\"elementor-widget-container\">\n\t\t\t\t\t\n        <div class=\"cs-title-wrap text-center\">\t            <div class=\"cs-subtitle-wrap\"><span class=\"cs-subtitle\">Liens utiles<\/span><\/div>\t            <h4 class=\"cs-title\">\n\t                T\u00e9l\u00e9chargements\t            <\/h4>        <\/div>\t\t\t\t<\/div>\n\t\t\t\t<\/div>\n\t\t\t\t<div class=\"elementor-element elementor-element-24f13b99 elementor-widget elementor-widget-text-editor\" data-id=\"24f13b99\" data-element_type=\"widget\" data-widget_type=\"text-editor.default\">\n\t\t\t\t<div class=\"elementor-widget-container\">\n\t\t\t\t\t\t\t\t\t<p style=\"text-align: center;\"><a href=\"http:\/\/www.achro.eu\/fr\/wp-content\/uploads\/2016\/04\/Maintenance-et-entretien-des-dallages.pdf\" rel=\"\">Guide d&rsquo;entretien<\/a><\/p><p style=\"text-align: center;\"><br><\/p>\t\t\t\t\t\t\t\t<\/div>\n\t\t\t\t<\/div>\n\t\t\t\t<\/div>\n\t\t\t\t\t<\/div>\n\t\t\t\t<\/div>\n\t\t<div class=\"elementor-element elementor-element-56d8f44 e-flex e-con-boxed e-con e-parent\" data-id=\"56d8f44\" data-element_type=\"container\">\n\t\t\t\t\t<div class=\"e-con-inner\">\n\t\t\t\t<div class=\"elementor-element elementor-element-38488c5 elementor-widget elementor-widget-text-editor\" data-id=\"38488c5\" data-element_type=\"widget\" data-widget_type=\"text-editor.default\">\n\t\t\t\t<div class=\"elementor-widget-container\">\n\t\t\t\t\t\t\t\t\t<p style=\"text-align: justify;\"><span style=\"color: #000000;\">En premier lieu, certains produits sont parfaitement adapt\u00e9s au nettoyage du sol en fin de chantier. Les produits \u00e0 utiliser varient selon que la cure ait \u00e9t\u00e9 effectu\u00e9e au produit <a style=\"color: #000000;\" href=\"http:\/\/www.achro.eu\/fr\/achrocure.html\">Achro cure<\/a> ou au produit <a style=\"color: #000000;\" href=\"http:\/\/www.achro.eu\/fr\/ecocure-17.html\">Ecocure<\/a>.<\/span><\/p>\n<p style=\"text-align: justify;\"><span style=\"color: #000000;\">Suite \u00e0 une cure effectu\u00e9e \u00e0 l\u2019<strong>Achro cure<\/strong>, on utilisera tout d&rsquo;abord le d\u00e9capant de cure <a style=\"color: #000000;\" href=\"http:\/\/www.achro.eu\/fr\/achro-decap.html\">Achro Decap<\/a>, puis le fixateur <a style=\"color: #000000;\" href=\"http:\/\/www.achro.eu\/fr\/achro-seal.html\">Achro Seal<\/a> et enfin le nettoyage sera r\u00e9alis\u00e9 \u00e0 l\u2019<a style=\"color: #000000;\" href=\"http:\/\/www.achro.eu\/fr\/achro-neutre.html\">Achro Neutre<\/a>. Dans le cas o\u00f9 la cure a \u00e9t\u00e9 effectu\u00e9e \u00e0 l\u2019<a style=\"color: #000000;\" href=\"http:\/\/www.achro.eu\/fr\/ecocure-17.html\">Ecocure<\/a>, on utilisera tout d\u2019abord le bouche-pores <a style=\"color: #000000;\" href=\"http:\/\/www.achro.eu\/fr\/achro-finish.html\">Achro Finish<\/a> puis le nettoyage sera r\u00e9alis\u00e9 \u00e0 l\u2019<a style=\"color: #000000;\" href=\"http:\/\/www.achro.eu\/fr\/achro-neutre.html\">Achro Neutre<\/a>.<\/span><\/p>\n<p style=\"text-align: justify;\"><span style=\"color: #000000;\">Pour l\u2019<strong>entretien courant du dallage<\/strong>, il existe \u00e9galement des produits particuli\u00e8rement adapt\u00e9s. Il est notamment conseill\u00e9 d\u2019utiliser la cire lustrante <a style=\"color: #000000;\" href=\"http:\/\/www.achro.eu\/fr\/achro-polish.html\">Achro Polish<\/a> et le nettoyant neutre <a style=\"color: #000000;\" href=\"http:\/\/www.achro.eu\/fr\/achro-neutre.html\">Achro Neutre<\/a>.<\/span><\/p>\n<p style=\"text-align: justify;\"><span style=\"color: #000000;\">Enfin, pour l\u2019entretien plus sp\u00e9cifique des sols d\u2019autres produits sont conseill\u00e9s. On peut notamment utiliser le d\u00e9graissant <a style=\"color: #000000;\" href=\"http:\/\/www.achro.eu\/fr\/achro-detachant.html\">Achro D\u00e9tachant<\/a> ou le nettoyant neutre <a style=\"color: #000000;\" href=\"http:\/\/www.achro.eu\/fr\/achro-neutre.html\">Achro Neutre<\/a>.<\/span><\/p>\n<p style=\"text-align: justify;\"><span style=\"color: #000000;\">En ce qui concerne le mat\u00e9riel adapt\u00e9 \u00e0 l\u2019entretien des dallages, il s\u2019agit des auto-laveuses \u00e9quip\u00e9es de disques ou blanc, en aucun cas de disques noirs.<\/span><\/p>\n\n<h2 style=\"text-align: justify;\">La maintenance des joints<\/h2>\n<p style=\"text-align: justify;\"><span style=\"color: #000000;\">La surface n\u2019est pas le seul \u00e9l\u00e9ment du sol qui doit \u00eatre prot\u00e9g\u00e9. En effet, il est essentiel de limiter la d\u00e9gradation des joints en prot\u00e9geant notamment les l\u00e8vres des joints. Des produits sp\u00e9cialement con\u00e7us pour leur protection et leur entretien sont alors recommand\u00e9s.<\/span><\/p>\n<p style=\"text-align: justify;\"><span style=\"color: #000000;\">On utilisera alors pour les joints en travaux neufs le produit <a style=\"color: #000000;\" href=\"http:\/\/www.achro.eu\/fr\/achro-joint-pu-12.html\">Achro Joint PU 12<\/a>, <a style=\"color: #000000;\" href=\"http:\/\/www.achro.eu\/fr\/achropu-925.html\">Achro Joint PU 925<\/a>, mais aussi les joints provisoires au <a style=\"color: #000000;\" href=\"http:\/\/www.achro.eu\/fr\/achro-plast-55.html\">Achro Plast 55<\/a>.<\/span><\/p>\n<p style=\"text-align: justify;\"><span style=\"color: #000000;\">En ce qui concerne les joints \u00e9poxy en r\u00e9g\u00e9n\u00e9ration, le produit <a style=\"color: #000000;\" href=\"http:\/\/www.achro.eu\/fr\/achro-joint-es-10.html\">Achro Joint ES 10<\/a> est id\u00e9al.<\/span><\/p>\n\n<h2 style=\"text-align: justify;\">Ce qu\u2019il ne faut pas faire<\/h2>\n<p style=\"text-align: justify;\"><span style=\"color: #000000;\">Certains gestes sont fortement d\u00e9conseill\u00e9s dans le cadre des phases de maintenance des sols. Ainsi, pour la protection et l\u2019entretien des sols, il est fortement d\u00e9conseill\u00e9 d\u2019utiliser un produit dont le pH n\u2019est pas neutre.<\/span><\/p>\n<p style=\"text-align: justify;\"><span style=\"color: #000000;\">De m\u00eame, pour la protection et l&rsquo;entretien des sols, il est tr\u00e8s fortement recommand\u00e9 de ne pas utiliser de mat\u00e9riels abrasifs.<\/span><\/p>\n<p style=\"text-align: justify;\"><span style=\"color: #000000;\">Comme \u00e9voqu\u00e9 pr\u00e9c\u00e9demment, on privil\u00e9giera notamment l\u2019utilisation des disques blancs et rouges \u00e0 l&rsquo;utilisation des disques noirs qui doit \u00eatre bannie.<\/span><\/p>\t\t\t\t\t\t\t\t<\/div>\n\t\t\t\t<\/div>\n\t\t\t\t\t<\/div>\n\t\t\t\t<\/div>\n\t\t\t\t<\/div>\n\t\t","protected":false},"excerpt":{"rendered":"<p style=\"text-align: justify;\">Les dallages sont des ouvrages qu\u2019il est essentiel d\u2019entretenir et de prot\u00e9ger en proc\u00e9dant \u00e0 des phases de maintenance r\u00e9guli\u00e8res.<\/p>\n<p style=\"text-align: justify;\">Ces phases de maintenance voient leur d\u00e9roulement enti\u00e8rement d\u00e9pendre du produit de cure utilis\u00e9 sur les dallages qu\u2019ils soient bruts ou renforc\u00e9s d\u2019une couche d\u2019usure, color\u00e9s ou non\u2026<\/p>\n","protected":false},"featured_media":1068,"template":"","meta":[],"product_cat":[58],"product_tag":[],"class_list":{"0":"post-1323","1":"product","2":"type-product","3":"status-publish","4":"has-post-thumbnail","6":"product_cat-entretien","8":"first","9":"instock","10":"featured","11":"shipping-taxable","12":"product-type-simple"},"yoast_head":"<!-- This site is optimized with the Yoast SEO plugin v24.3 - https:\/\/yoast.com\/wordpress\/plugins\/seo\/ -->\n<title>Guide de la maintenance et d&#039;entretien des dallages<\/title>\n<meta name=\"description\" content=\"Entretenir un dallage ou un sol b\u00e9ton pour le garder brillant et en bonne \u00e9tat. En suivant les phases d&#039;entretien r\u00e9guli\u00e8rement vous assurer sa long\u00e9vit\u00e9.\u00a0\" \/>\n<meta name=\"robots\" content=\"index, follow, max-snippet:-1, max-image-preview:large, max-video-preview:-1\" \/>\n<link rel=\"canonical\" href=\"https:\/\/www.achro.eu\/fr\/maintenance-entretien.html\" \/>\n<meta property=\"og:locale\" content=\"fr_FR\" \/>\n<meta property=\"og:type\" content=\"article\" \/>\n<meta property=\"og:title\" content=\"Guide de la maintenance et d&#039;entretien des dallages\" \/>\n<meta property=\"og:description\" content=\"Entretenir un dallage ou un sol b\u00e9ton pour le garder brillant et en bonne \u00e9tat. En suivant les phases d&#039;entretien r\u00e9guli\u00e8rement vous assurer sa long\u00e9vit\u00e9.\u00a0\" \/>\n<meta property=\"og:url\" content=\"https:\/\/www.achro.eu\/fr\/maintenance-entretien.html\" \/>\n<meta property=\"article:modified_time\" content=\"2025-03-26T20:04:09+00:00\" \/>\n<meta property=\"og:image\" content=\"http:\/\/www.achro.eu\/fr\/wp-content\/uploads\/2015\/11\/roc-1.jpg\" \/>\n\t<meta property=\"og:image:width\" content=\"1000\" \/>\n\t<meta property=\"og:image:height\" content=\"610\" \/>\n\t<meta property=\"og:image:type\" content=\"image\/jpeg\" \/>\n<meta name=\"twitter:card\" content=\"summary_large_image\" \/>\n<meta name=\"twitter:label1\" content=\"Dur\u00e9e de lecture estim\u00e9e\" \/>\n\t<meta name=\"twitter:data1\" content=\"3 minutes\" \/>\n<script type=\"application\/ld+json\" class=\"yoast-schema-graph\">{\"@context\":\"https:\/\/schema.org\",\"@graph\":[{\"@type\":\"WebPage\",\"@id\":\"https:\/\/www.achro.eu\/fr\/maintenance-entretien.html\",\"url\":\"https:\/\/www.achro.eu\/fr\/maintenance-entretien.html\",\"name\":\"Guide de la maintenance et d'entretien des dallages\",\"isPartOf\":{\"@id\":\"https:\/\/www.achro.eu\/fr\/#website\"},\"primaryImageOfPage\":{\"@id\":\"https:\/\/www.achro.eu\/fr\/maintenance-entretien.html#primaryimage\"},\"image\":{\"@id\":\"https:\/\/www.achro.eu\/fr\/maintenance-entretien.html#primaryimage\"},\"thumbnailUrl\":\"https:\/\/www.achro.eu\/fr\/wp-content\/uploads\/2015\/11\/roc-1.jpg\",\"datePublished\":\"2016-04-21T07:31:20+00:00\",\"dateModified\":\"2025-03-26T20:04:09+00:00\",\"description\":\"Entretenir un dallage ou un sol b\u00e9ton pour le garder brillant et en bonne \u00e9tat. En suivant les phases d'entretien r\u00e9guli\u00e8rement vous assurer sa long\u00e9vit\u00e9.\u00a0\",\"inLanguage\":\"fr-FR\",\"potentialAction\":[{\"@type\":\"ReadAction\",\"target\":[\"https:\/\/www.achro.eu\/fr\/maintenance-entretien.html\"]}]},{\"@type\":\"ImageObject\",\"inLanguage\":\"fr-FR\",\"@id\":\"https:\/\/www.achro.eu\/fr\/maintenance-entretien.html#primaryimage\",\"url\":\"https:\/\/www.achro.eu\/fr\/wp-content\/uploads\/2015\/11\/roc-1.jpg\",\"contentUrl\":\"https:\/\/www.achro.eu\/fr\/wp-content\/uploads\/2015\/11\/roc-1.jpg\",\"width\":1000,\"height\":610},{\"@type\":\"WebSite\",\"@id\":\"https:\/\/www.achro.eu\/fr\/#website\",\"url\":\"https:\/\/www.achro.eu\/fr\/\",\"name\":\"\",\"description\":\"\",\"potentialAction\":[{\"@type\":\"SearchAction\",\"target\":{\"@type\":\"EntryPoint\",\"urlTemplate\":\"https:\/\/www.achro.eu\/fr\/?s={search_term_string}\"},\"query-input\":{\"@type\":\"PropertyValueSpecification\",\"valueRequired\":true,\"valueName\":\"search_term_string\"}}],\"inLanguage\":\"fr-FR\"}]}<\/script>\n<!-- \/ Yoast SEO plugin. -->","yoast_head_json":{"title":"Guide de la maintenance et d'entretien des dallages","description":"Entretenir un dallage ou un sol b\u00e9ton pour le garder brillant et en bonne \u00e9tat. En suivant les phases d'entretien r\u00e9guli\u00e8rement vous assurer sa long\u00e9vit\u00e9.\u00a0","robots":{"index":"index","follow":"follow","max-snippet":"max-snippet:-1","max-image-preview":"max-image-preview:large","max-video-preview":"max-video-preview:-1"},"canonical":"https:\/\/www.achro.eu\/fr\/maintenance-entretien.html","og_locale":"fr_FR","og_type":"article","og_title":"Guide de la maintenance et d'entretien des dallages","og_description":"Entretenir un dallage ou un sol b\u00e9ton pour le garder brillant et en bonne \u00e9tat. En suivant les phases d'entretien r\u00e9guli\u00e8rement vous assurer sa long\u00e9vit\u00e9.\u00a0","og_url":"https:\/\/www.achro.eu\/fr\/maintenance-entretien.html","article_modified_time":"2025-03-26T20:04:09+00:00","og_image":[{"width":1000,"height":610,"url":"http:\/\/www.achro.eu\/fr\/wp-content\/uploads\/2015\/11\/roc-1.jpg","type":"image\/jpeg"}],"twitter_card":"summary_large_image","twitter_misc":{"Dur\u00e9e de lecture estim\u00e9e":"3 minutes"},"schema":{"@context":"https:\/\/schema.org","@graph":[{"@type":"WebPage","@id":"https:\/\/www.achro.eu\/fr\/maintenance-entretien.html","url":"https:\/\/www.achro.eu\/fr\/maintenance-entretien.html","name":"Guide de la maintenance et d'entretien des dallages","isPartOf":{"@id":"https:\/\/www.achro.eu\/fr\/#website"},"primaryImageOfPage":{"@id":"https:\/\/www.achro.eu\/fr\/maintenance-entretien.html#primaryimage"},"image":{"@id":"https:\/\/www.achro.eu\/fr\/maintenance-entretien.html#primaryimage"},"thumbnailUrl":"https:\/\/www.achro.eu\/fr\/wp-content\/uploads\/2015\/11\/roc-1.jpg","datePublished":"2016-04-21T07:31:20+00:00","dateModified":"2025-03-26T20:04:09+00:00","description":"Entretenir un dallage ou un sol b\u00e9ton pour le garder brillant et en bonne \u00e9tat. En suivant les phases d'entretien r\u00e9guli\u00e8rement vous assurer sa long\u00e9vit\u00e9.\u00a0","inLanguage":"fr-FR","potentialAction":[{"@type":"ReadAction","target":["https:\/\/www.achro.eu\/fr\/maintenance-entretien.html"]}]},{"@type":"ImageObject","inLanguage":"fr-FR","@id":"https:\/\/www.achro.eu\/fr\/maintenance-entretien.html#primaryimage","url":"https:\/\/www.achro.eu\/fr\/wp-content\/uploads\/2015\/11\/roc-1.jpg","contentUrl":"https:\/\/www.achro.eu\/fr\/wp-content\/uploads\/2015\/11\/roc-1.jpg","width":1000,"height":610},{"@type":"WebSite","@id":"https:\/\/www.achro.eu\/fr\/#website","url":"https:\/\/www.achro.eu\/fr\/","name":"","description":"","potentialAction":[{"@type":"SearchAction","target":{"@type":"EntryPoint","urlTemplate":"https:\/\/www.achro.eu\/fr\/?s={search_term_string}"},"query-input":{"@type":"PropertyValueSpecification","valueRequired":true,"valueName":"search_term_string"}}],"inLanguage":"fr-FR"}]}},"_links":{"self":[{"href":"https:\/\/www.achro.eu\/fr\/wp-json\/wp\/v2\/product\/1323"}],"collection":[{"href":"https:\/\/www.achro.eu\/fr\/wp-json\/wp\/v2\/product"}],"about":[{"href":"https:\/\/www.achro.eu\/fr\/wp-json\/wp\/v2\/types\/product"}],"version-history":[{"count":12,"href":"https:\/\/www.achro.eu\/fr\/wp-json\/wp\/v2\/product\/1323\/revisions"}],"predecessor-version":[{"id":5036,"href":"https:\/\/www.achro.eu\/fr\/wp-json\/wp\/v2\/product\/1323\/revisions\/5036"}],"wp:featuredmedia":[{"embeddable":true,"href":"https:\/\/www.achro.eu\/fr\/wp-json\/wp\/v2\/media\/1068"}],"wp:attachment":[{"href":"https:\/\/www.achro.eu\/fr\/wp-json\/wp\/v2\/media?parent=1323"}],"wp:term":[{"taxonomy":"product_cat","embeddable":true,"href":"https:\/\/www.achro.eu\/fr\/wp-json\/wp\/v2\/product_cat?post=1323"},{"taxonomy":"product_tag","embeddable":true,"href":"https:\/\/www.achro.eu\/fr\/wp-json\/wp\/v2\/product_tag?post=1323"}],"curies":[{"name":"wp","href":"https:\/\/api.w.org\/{rel}","templated":true}]}}