{"id":1317,"date":"2016-04-20T10:53:01","date_gmt":"2016-04-20T09:53:01","guid":{"rendered":"http:\/\/www.rcr-production-france.com\/2016\/achro-neutre.html"},"modified":"2025-03-26T21:05:24","modified_gmt":"2025-03-26T20:05:24","slug":"achro-polish","status":"publish","type":"product","link":"https:\/\/www.achro.eu\/fr\/achro-polish.html","title":{"rendered":"Achro Polish"},"content":{"rendered":"\t\t<div data-elementor-type=\"wp-post\" data-elementor-id=\"1317\" class=\"elementor elementor-1317\">\n\t\t\t\t<div class=\"elementor-element elementor-element-74716d8c e-grid e-con-boxed e-con e-parent\" data-id=\"74716d8c\" data-element_type=\"container\">\n\t\t\t\t\t<div class=\"e-con-inner\">\n\t\t\t\t<div class=\"elementor-element elementor-element-6bf16661 elementor-widget elementor-widget-text-editor\" data-id=\"6bf16661\" data-element_type=\"widget\" data-widget_type=\"text-editor.default\">\n\t\t\t\t<div class=\"elementor-widget-container\">\n\t\t\t\t\t\t\t\t\t<p style=\"text-align: justify;\"><em><strong>Achro polish<\/strong><\/em> rend plus ais\u00e9 l\u2019entretien des sols industriels, notamment des sols en b\u00e9ton et des sols trait\u00e9s \u00e0 l\u2019<a href=\"http:\/\/www.achro.eu\/fr\/achro-finish.html\">Achro finish<\/a> ou \u00e0 l\u2019<a href=\"http:\/\/www.achro.eu\/fr\/achro-seal.html\">Achro seal<\/a>.<\/p><h2 style=\"text-align: justify; font-size: 20px;\">Comment utiliser Achro polish ?<\/h2><h3 style=\"text-align: justify;\">Fr\u00e9quence d\u2019utilisation<\/h3><p style=\"text-align: justify;\"><em><strong>Achro polish<\/strong><\/em> peut \u00eatre utilis\u00e9 une fois par semaine ou une fois par mois. Le choix d\u2019un rythme d\u2019application hebdomadaire ou mensuel d\u00e9pendra en particulier des contraintes propres au sol.<\/p>\t\t\t\t\t\t\t\t<\/div>\n\t\t\t\t<\/div>\n\t\t<div class=\"elementor-element elementor-element-1a584a9f e-con-full e-flex e-con e-child\" data-id=\"1a584a9f\" data-element_type=\"container\" data-settings=\"{&quot;background_background&quot;:&quot;classic&quot;}\">\n\t\t\t\t<div class=\"elementor-element elementor-element-785afe21 elementor-widget elementor-widget-cs_title\" data-id=\"785afe21\" data-element_type=\"widget\" data-widget_type=\"cs_title.default\">\n\t\t\t\t<div class=\"elementor-widget-container\">\n\t\t\t\t\t\n        <div class=\"cs-title-wrap text-center\">\t            <div class=\"cs-subtitle-wrap\"><span class=\"cs-subtitle\">liens utiles<\/span><\/div>\t            <h4 class=\"cs-title\">\n\t                T\u00e9l\u00e9chargements\t            <\/h4>        <\/div>\t\t\t\t<\/div>\n\t\t\t\t<\/div>\n\t\t\t\t<div class=\"elementor-element elementor-element-1fe000b0 elementor-widget elementor-widget-text-editor\" data-id=\"1fe000b0\" data-element_type=\"widget\" data-widget_type=\"text-editor.default\">\n\t\t\t\t<div class=\"elementor-widget-container\">\n\t\t\t\t\t\t\t\t\t<p style=\"text-align: center;\"><a href=\"http:\/\/www.achro.eu\/fr\/wp-content\/uploads\/2016\/04\/Achro-polish.pdf\" rel=\"\">Fiche technique<br><\/a><a href=\"http:\/\/www.achro.eu\/fr\/wp-content\/uploads\/2016\/04\/fr_fds-RCR-Polish-.pdf\" rel=\"\">Fiche de s\u00e9curit\u00e9<\/a><\/p>\t\t\t\t\t\t\t\t<\/div>\n\t\t\t\t<\/div>\n\t\t\t\t<div class=\"elementor-element elementor-element-79331a5a elementor-align-center elementor-widget elementor-widget-cs_button\" data-id=\"79331a5a\" data-element_type=\"widget\" data-widget_type=\"cs_button.default\">\n\t\t\t\t<div class=\"elementor-widget-container\">\n\t\t\t\t\t        <a href=\"https:\/\/www.achrodeco.com\/produits-d-entretien\/48-achro-polish.html\" class=\"elementor-button-link button\" role=\"button\">\n            <span class=\"cs-btn-text\">Acheter ce produit<\/span>        <\/a>\t\t\t\t<\/div>\n\t\t\t\t<\/div>\n\t\t\t\t<\/div>\n\t\t\t\t\t<\/div>\n\t\t\t\t<\/div>\n\t\t<div class=\"elementor-element elementor-element-21d842e4 e-flex e-con-boxed e-con e-parent\" data-id=\"21d842e4\" data-element_type=\"container\">\n\t\t\t\t\t<div class=\"e-con-inner\">\n\t\t\t\t<div class=\"elementor-element elementor-element-6c5c6f72 elementor-widget elementor-widget-text-editor\" data-id=\"6c5c6f72\" data-element_type=\"widget\" data-widget_type=\"text-editor.default\">\n\t\t\t\t<div class=\"elementor-widget-container\">\n\t\t\t\t\t\t\t\t\t<h3 style=\"text-align: justify;\">Quantit\u00e9s<\/h3><p style=\"text-align: justify;\">La quantit\u00e9 de produit \u00e0 utiliser est tr\u00e8s variable en fonction de la brillance souhait\u00e9e et du niveau de protection d\u00e9sir\u00e9 pour le sol. Ainsi, la consommation de produit peut aller de 1 litre de produit pur pour 20 m\u00b2 de support \u00e0 1 litre de produit en concentration \u00e0 10 % pour 200 m\u00b2 de sol.<\/p><p style=\"text-align: justify;\">Lorsque <em><strong>Achro polish<\/strong><\/em> est dilu\u00e9 dans l\u2019eau, c\u2019est-\u00e0-dire dans la majorit\u00e9 des cas, on consid\u00e8re que la concentration est de 10 % lorsqu\u2019on compte un volume d\u2019<em><strong>Achro polish<\/strong><\/em> pour 9 volumes d\u2019eau. On consid\u00e9rera alors que la concentration est de 20 % avec deux volumes d\u2019<em><strong>Achro polish<\/strong><\/em> pour 8 volumes d\u2019eau (soit 1 volume d\u2019<strong><em>Achro polish<\/em><\/strong> pour 4 volumes d\u2019eau) et ainsi de suite.<\/p><p style=\"text-align: justify;\">Concr\u00e8tement, pour 2 litres de produit <em><strong>Achro polish<\/strong><\/em>, 8 litres d\u2019eau doivent \u00eatre ajout\u00e9s pour obtenir une concentration \u00e0 20 %. Le choix de la concentration de produit se fera en fonction de la brillance et du degr\u00e9 de protection souhait\u00e9 : plus la concentration est forte plus la brillance et le degr\u00e9 de protection seront importants.<\/p><h3 style=\"text-align: justify;\">Mise en \u0153uvre<\/h3><p style=\"text-align: justify;\">Avant d\u2019utiliser Achro polish, le sol \u00e0 traiter doit avoir \u00e9t\u00e9 nettoy\u00e9 \u00e0 l\u2019<a href=\"http:\/\/www.achro.eu\/fr\/achro-neutre.html\">Achro neutre<\/a>.<\/p><p style=\"text-align: justify;\">On appliquera alors le produit <em><strong>Achro polish<\/strong><\/em> dilu\u00e9 en utilisant une mono-brosse ou une auto-laveuse. Si le produit est utilis\u00e9 non dilu\u00e9 (pur), un manchon applicateur sera utilis\u00e9 pour appliquer <strong><em>Achro polish<\/em><\/strong>.<\/p><p style=\"text-align: justify;\">Apr\u00e8s l\u2019application d\u2019<em><strong>Achro polish<\/strong><\/em> et une fois la surface trait\u00e9e s\u00e8che, il est possible d\u2019accentuer le lustrage en passant une machine \u00e0 haute vitesse. Cette derni\u00e8re devra alors \u00eatre \u00e9quip\u00e9e d\u2019un disque cr\u00e8me ou d\u2019un disque blanc.<\/p><h2 style=\"text-align: justify; font-size: 20px;\">Conditionnement et stockage de Achro polish<\/h2><p style=\"text-align: justify;\">Vendu dans des bidons de 20 litres, le liquide blanc et laiteux peut \u00eatre stock\u00e9 jusqu\u2019\u00e0 12 mois. Pour \u00eatre stock\u00e9 si longtemps, le produit doit \u00eatre conserv\u00e9 dans son emballage d\u2019origine. <em><strong>Achro polish<\/strong><\/em> craint le gel et doit par cons\u00e9quent \u00eatre entrepos\u00e9 dans un local ferm\u00e9 et prot\u00e9g\u00e9 du gel. Il est \u00e9galement important que le local soit \u00e0 l\u2019abri de l\u2019humidit\u00e9.<\/p><h2 style=\"text-align: justify; font-size: 20px;\">Pr\u00e9cautions d\u2019utilisation<\/h2><p style=\"text-align: justify;\"><strong><em>Achro polish<\/em><\/strong> est un produit non r\u00e9glement\u00e9 et non dangereux. Il est tout de m\u00eame essentiel de veiller \u00e0 ne pas ing\u00e9rer le produit et \u00e0 ne pas le laisser entrer en contact avec les yeux. Pour la protection des yeux, des lunettes de s\u00e9curit\u00e9 doivent \u00eatre port\u00e9es.<\/p><p style=\"text-align: justify;\">Des gants de protection ou des cr\u00e8mes protectrices peuvent \u00eatre utilis\u00e9s dans le cas o\u00f9 un contact prolong\u00e9 ou r\u00e9p\u00e9t\u00e9 avec le produit est pr\u00e9vu.<\/p><h2 style=\"text-align: justify; font-size: 20px;\">Caract\u00e9ristiques techniques du produit<\/h2><p style=\"text-align: justify;\">La densit\u00e9 d\u2019<strong><em>Achro polish<\/em><\/strong> est de 1,01 tandis que son pH varie entre 7 et 8.<br \/>Le produit d\u2019entretien des sols n\u2019est pas inflammable.<br \/><em><strong>Achro polish<\/strong><\/em> ne doit \u00eatre appliqu\u00e9 qui si la temp\u00e9rature de l\u2019environnement se situe entre 5\u00b0C au minimum et 30\u00b0C au maximum.<\/p>\t\t\t\t\t\t\t\t<\/div>\n\t\t\t\t<\/div>\n\t\t\t\t\t<\/div>\n\t\t\t\t<\/div>\n\t\t\t\t<\/div>\n\t\t","protected":false},"excerpt":{"rendered":"<p style=\"text-align: justify;\">Achro polish est un <a href=\"http:\/\/www.rcr-production-france.com\/fr\/categorie-produit\/entretien\">produit d\u2019entretien<\/a> cirant pour les <a href=\"http:\/\/www.rcr-production-france.com\/\">sols industriels<\/a>.<\/p>\n<p style=\"text-align: justify;\">Cette \u00e9mulsion compos\u00e9e en grande partie de polym\u00e8res, de cires et de tensio-actifs agit doublement sur les sols trait\u00e9s. En effet, elle permet \u00e0 la fois de nettoyer le support en profondeur et d\u2019y d\u00e9poser un <a href=\"http:\/\/www.rcr-production-france.com\/fr\/achro-neutre.html\">film protecteur<\/a> tr\u00e8s brillant l&rsquo;<a href=\"https:\/\/www.achrodeco.com\/produits-d-entretien\/48-achro-polish.html\">Achro Polish<\/a>.<\/p>\n<p style=\"text-align: justify;\">\n","protected":false},"featured_media":4647,"template":"","meta":[],"product_cat":[58],"product_tag":[],"class_list":{"0":"post-1317","1":"product","2":"type-product","3":"status-publish","4":"has-post-thumbnail","6":"product_cat-entretien","8":"first","9":"instock","10":"featured","11":"shipping-taxable","12":"product-type-simple"},"yoast_head":"<!-- This site is optimized with the Yoast SEO plugin v24.3 - https:\/\/yoast.com\/wordpress\/plugins\/seo\/ -->\n<title>Polish pour dallage, cire b\u00e9ton pour un effet poli<\/title>\n<meta name=\"description\" content=\"Emulsion et cire pour nettoyer en profondeur et d\u00e9poser un film protecteur brillant \u00e0 la surface du b\u00e9ton. Produit \u00e0 diluer dans l&#039;eau.\" \/>\n<meta name=\"robots\" content=\"index, follow, max-snippet:-1, max-image-preview:large, max-video-preview:-1\" \/>\n<link rel=\"canonical\" href=\"https:\/\/www.achro.eu\/fr\/achro-polish.html\" \/>\n<meta property=\"og:locale\" content=\"fr_FR\" \/>\n<meta property=\"og:type\" content=\"article\" \/>\n<meta property=\"og:title\" content=\"Polish pour dallage, cire b\u00e9ton pour un effet poli\" \/>\n<meta property=\"og:description\" content=\"Emulsion et cire pour nettoyer en profondeur et d\u00e9poser un film protecteur brillant \u00e0 la surface du b\u00e9ton. Produit \u00e0 diluer dans l&#039;eau.\" \/>\n<meta property=\"og:url\" content=\"https:\/\/www.achro.eu\/fr\/achro-polish.html\" \/>\n<meta property=\"article:modified_time\" content=\"2025-03-26T20:05:24+00:00\" \/>\n<meta property=\"og:image\" content=\"http:\/\/www.achro.eu\/fr\/wp-content\/uploads\/2016\/04\/cire-beton.jpg\" \/>\n\t<meta property=\"og:image:width\" content=\"945\" \/>\n\t<meta property=\"og:image:height\" content=\"944\" \/>\n\t<meta property=\"og:image:type\" content=\"image\/jpeg\" \/>\n<meta name=\"twitter:card\" content=\"summary_large_image\" \/>\n<meta name=\"twitter:label1\" content=\"Dur\u00e9e de lecture estim\u00e9e\" \/>\n\t<meta name=\"twitter:data1\" content=\"3 minutes\" \/>\n<script type=\"application\/ld+json\" class=\"yoast-schema-graph\">{\"@context\":\"https:\/\/schema.org\",\"@graph\":[{\"@type\":\"WebPage\",\"@id\":\"https:\/\/www.achro.eu\/fr\/achro-polish.html\",\"url\":\"https:\/\/www.achro.eu\/fr\/achro-polish.html\",\"name\":\"Polish pour dallage, cire b\u00e9ton pour un effet poli\",\"isPartOf\":{\"@id\":\"https:\/\/www.achro.eu\/fr\/#website\"},\"primaryImageOfPage\":{\"@id\":\"https:\/\/www.achro.eu\/fr\/achro-polish.html#primaryimage\"},\"image\":{\"@id\":\"https:\/\/www.achro.eu\/fr\/achro-polish.html#primaryimage\"},\"thumbnailUrl\":\"https:\/\/www.achro.eu\/fr\/wp-content\/uploads\/2016\/04\/cire-beton.jpg\",\"datePublished\":\"2016-04-20T09:53:01+00:00\",\"dateModified\":\"2025-03-26T20:05:24+00:00\",\"description\":\"Emulsion et cire pour nettoyer en profondeur et d\u00e9poser un film protecteur brillant \u00e0 la surface du b\u00e9ton. Produit \u00e0 diluer dans l'eau.\",\"inLanguage\":\"fr-FR\",\"potentialAction\":[{\"@type\":\"ReadAction\",\"target\":[\"https:\/\/www.achro.eu\/fr\/achro-polish.html\"]}]},{\"@type\":\"ImageObject\",\"inLanguage\":\"fr-FR\",\"@id\":\"https:\/\/www.achro.eu\/fr\/achro-polish.html#primaryimage\",\"url\":\"https:\/\/www.achro.eu\/fr\/wp-content\/uploads\/2016\/04\/cire-beton.jpg\",\"contentUrl\":\"https:\/\/www.achro.eu\/fr\/wp-content\/uploads\/2016\/04\/cire-beton.jpg\",\"width\":945,\"height\":944},{\"@type\":\"WebSite\",\"@id\":\"https:\/\/www.achro.eu\/fr\/#website\",\"url\":\"https:\/\/www.achro.eu\/fr\/\",\"name\":\"\",\"description\":\"\",\"potentialAction\":[{\"@type\":\"SearchAction\",\"target\":{\"@type\":\"EntryPoint\",\"urlTemplate\":\"https:\/\/www.achro.eu\/fr\/?s={search_term_string}\"},\"query-input\":{\"@type\":\"PropertyValueSpecification\",\"valueRequired\":true,\"valueName\":\"search_term_string\"}}],\"inLanguage\":\"fr-FR\"}]}<\/script>\n<!-- \/ Yoast SEO plugin. -->","yoast_head_json":{"title":"Polish pour dallage, cire b\u00e9ton pour un effet poli","description":"Emulsion et cire pour nettoyer en profondeur et d\u00e9poser un film protecteur brillant \u00e0 la surface du b\u00e9ton. Produit \u00e0 diluer dans l'eau.","robots":{"index":"index","follow":"follow","max-snippet":"max-snippet:-1","max-image-preview":"max-image-preview:large","max-video-preview":"max-video-preview:-1"},"canonical":"https:\/\/www.achro.eu\/fr\/achro-polish.html","og_locale":"fr_FR","og_type":"article","og_title":"Polish pour dallage, cire b\u00e9ton pour un effet poli","og_description":"Emulsion et cire pour nettoyer en profondeur et d\u00e9poser un film protecteur brillant \u00e0 la surface du b\u00e9ton. Produit \u00e0 diluer dans l'eau.","og_url":"https:\/\/www.achro.eu\/fr\/achro-polish.html","article_modified_time":"2025-03-26T20:05:24+00:00","og_image":[{"width":945,"height":944,"url":"http:\/\/www.achro.eu\/fr\/wp-content\/uploads\/2016\/04\/cire-beton.jpg","type":"image\/jpeg"}],"twitter_card":"summary_large_image","twitter_misc":{"Dur\u00e9e de lecture estim\u00e9e":"3 minutes"},"schema":{"@context":"https:\/\/schema.org","@graph":[{"@type":"WebPage","@id":"https:\/\/www.achro.eu\/fr\/achro-polish.html","url":"https:\/\/www.achro.eu\/fr\/achro-polish.html","name":"Polish pour dallage, cire b\u00e9ton pour un effet poli","isPartOf":{"@id":"https:\/\/www.achro.eu\/fr\/#website"},"primaryImageOfPage":{"@id":"https:\/\/www.achro.eu\/fr\/achro-polish.html#primaryimage"},"image":{"@id":"https:\/\/www.achro.eu\/fr\/achro-polish.html#primaryimage"},"thumbnailUrl":"https:\/\/www.achro.eu\/fr\/wp-content\/uploads\/2016\/04\/cire-beton.jpg","datePublished":"2016-04-20T09:53:01+00:00","dateModified":"2025-03-26T20:05:24+00:00","description":"Emulsion et cire pour nettoyer en profondeur et d\u00e9poser un film protecteur brillant \u00e0 la surface du b\u00e9ton. Produit \u00e0 diluer dans l'eau.","inLanguage":"fr-FR","potentialAction":[{"@type":"ReadAction","target":["https:\/\/www.achro.eu\/fr\/achro-polish.html"]}]},{"@type":"ImageObject","inLanguage":"fr-FR","@id":"https:\/\/www.achro.eu\/fr\/achro-polish.html#primaryimage","url":"https:\/\/www.achro.eu\/fr\/wp-content\/uploads\/2016\/04\/cire-beton.jpg","contentUrl":"https:\/\/www.achro.eu\/fr\/wp-content\/uploads\/2016\/04\/cire-beton.jpg","width":945,"height":944},{"@type":"WebSite","@id":"https:\/\/www.achro.eu\/fr\/#website","url":"https:\/\/www.achro.eu\/fr\/","name":"","description":"","potentialAction":[{"@type":"SearchAction","target":{"@type":"EntryPoint","urlTemplate":"https:\/\/www.achro.eu\/fr\/?s={search_term_string}"},"query-input":{"@type":"PropertyValueSpecification","valueRequired":true,"valueName":"search_term_string"}}],"inLanguage":"fr-FR"}]}},"_links":{"self":[{"href":"https:\/\/www.achro.eu\/fr\/wp-json\/wp\/v2\/product\/1317"}],"collection":[{"href":"https:\/\/www.achro.eu\/fr\/wp-json\/wp\/v2\/product"}],"about":[{"href":"https:\/\/www.achro.eu\/fr\/wp-json\/wp\/v2\/types\/product"}],"version-history":[{"count":15,"href":"https:\/\/www.achro.eu\/fr\/wp-json\/wp\/v2\/product\/1317\/revisions"}],"predecessor-version":[{"id":5039,"href":"https:\/\/www.achro.eu\/fr\/wp-json\/wp\/v2\/product\/1317\/revisions\/5039"}],"wp:featuredmedia":[{"embeddable":true,"href":"https:\/\/www.achro.eu\/fr\/wp-json\/wp\/v2\/media\/4647"}],"wp:attachment":[{"href":"https:\/\/www.achro.eu\/fr\/wp-json\/wp\/v2\/media?parent=1317"}],"wp:term":[{"taxonomy":"product_cat","embeddable":true,"href":"https:\/\/www.achro.eu\/fr\/wp-json\/wp\/v2\/product_cat?post=1317"},{"taxonomy":"product_tag","embeddable":true,"href":"https:\/\/www.achro.eu\/fr\/wp-json\/wp\/v2\/product_tag?post=1317"}],"curies":[{"name":"wp","href":"https:\/\/api.w.org\/{rel}","templated":true}]}}