{"id":1314,"date":"2016-04-20T10:43:40","date_gmt":"2016-04-20T09:43:40","guid":{"rendered":"http:\/\/www.rcr-production-france.com\/2016\/achro-finish.html"},"modified":"2025-03-26T21:06:58","modified_gmt":"2025-03-26T20:06:58","slug":"achro-neutre","status":"publish","type":"product","link":"https:\/\/www.achro.eu\/fr\/achro-neutre.html","title":{"rendered":"Achro Neutre"},"content":{"rendered":"\t\t<div data-elementor-type=\"wp-post\" data-elementor-id=\"1314\" class=\"elementor elementor-1314\">\n\t\t\t\t<div class=\"elementor-element elementor-element-f4b6e59 e-flex e-con-boxed e-con e-parent\" data-id=\"f4b6e59\" data-element_type=\"container\">\n\t\t\t\t\t<div class=\"e-con-inner\">\n\t\t<div class=\"elementor-element elementor-element-087bb77 e-con-full e-flex e-con e-child\" data-id=\"087bb77\" data-element_type=\"container\">\n\t\t\t\t<div class=\"elementor-element elementor-element-7b1f620 elementor-widget elementor-widget-text-editor\" data-id=\"7b1f620\" data-element_type=\"widget\" data-widget_type=\"text-editor.default\">\n\t\t\t\t<div class=\"elementor-widget-container\">\n\t\t\t\t\t\t\t\t\t<h2 style=\"text-align: justify; font-size: 20px; color: #004f9f;\">Qu\u2019est-ce qu\u2019Achro Neutre ?<\/h2><p style=\"text-align: justify;\">Avec son parfum agr\u00e9able, <em><strong>Achro Neutre<\/strong><\/em> est pr\u00e9vu pour une utilisation quotidienne et facile. Le produit non moussant peut \u00eatre mis en \u0153uvre \u00e0 l\u2019aide d\u2019une monobrosse ou bien d\u2019une autolaveuse.<\/p><h2 style=\"text-align: justify; font-size: 20px; color: #004f9f;\">Comment utiliser Achro Neutre ?<\/h2><p style=\"text-align: justify;\"><em><strong>Achro Neutre<\/strong><\/em> doit \u00eatre appliqu\u00e9 avec une monobrosse ou une autolaveuse. L\u2019appareil utilis\u00e9 doit alors \u00eatre \u00e9quip\u00e9 de disques blancs ou de disques rouges.<\/p>\t\t\t\t\t\t\t\t<\/div>\n\t\t\t\t<\/div>\n\t\t\t\t<\/div>\n\t\t<div class=\"elementor-element elementor-element-ac05e8a e-con-full e-flex e-con e-child\" data-id=\"ac05e8a\" data-element_type=\"container\">\n\t\t<div class=\"elementor-element elementor-element-36f1f813 e-flex e-con-boxed e-con e-child\" data-id=\"36f1f813\" data-element_type=\"container\" data-settings=\"{&quot;background_background&quot;:&quot;classic&quot;}\">\n\t\t\t\t\t<div class=\"e-con-inner\">\n\t\t\t\t<div class=\"elementor-element elementor-element-6a5c9026 elementor-widget elementor-widget-cs_title\" data-id=\"6a5c9026\" data-element_type=\"widget\" data-widget_type=\"cs_title.default\">\n\t\t\t\t<div class=\"elementor-widget-container\">\n\t\t\t\t\t\n        <div class=\"cs-title-wrap text-center\">\t            <div class=\"cs-subtitle-wrap\"><span class=\"cs-subtitle\">liens utiles<\/span><\/div>\t            <h4 class=\"cs-title\">\n\t                T\u00e9l\u00e9chargements\t            <\/h4>        <\/div>\t\t\t\t<\/div>\n\t\t\t\t<\/div>\n\t\t\t\t<div class=\"elementor-element elementor-element-6ae4dd21 elementor-widget elementor-widget-text-editor\" data-id=\"6ae4dd21\" data-element_type=\"widget\" data-widget_type=\"text-editor.default\">\n\t\t\t\t<div class=\"elementor-widget-container\">\n\t\t\t\t\t\t\t\t\t<p style=\"text-align: center;\"><a href=\"http:\/\/www.achro.eu\/fr\/wp-content\/uploads\/2016\/04\/Achro-neutre.pdf\" rel=\"\">Fiche technique<br><\/a><a href=\"http:\/\/www.achro.eu\/fr\/wp-content\/uploads\/2016\/04\/fr_fds_RCR-Neutre.pdf\" rel=\"\">Fiche de s\u00e9curit<\/a>\u00e9<\/p>\t\t\t\t\t\t\t\t<\/div>\n\t\t\t\t<\/div>\n\t\t\t\t<div class=\"elementor-element elementor-element-733e0ba7 elementor-align-center elementor-widget elementor-widget-cs_button\" data-id=\"733e0ba7\" data-element_type=\"widget\" data-widget_type=\"cs_button.default\">\n\t\t\t\t<div class=\"elementor-widget-container\">\n\t\t\t\t\t        <a href=\"https:\/\/www.achrodeco.com\/produits-d-entretien\/47-neutre.html\" class=\"elementor-button-link button\" role=\"button\">\n            <span class=\"cs-btn-text\">Acheter ce produit<\/span>        <\/a>\t\t\t\t<\/div>\n\t\t\t\t<\/div>\n\t\t\t\t\t<\/div>\n\t\t\t\t<\/div>\n\t\t\t\t<\/div>\n\t\t\t\t\t<\/div>\n\t\t\t\t<\/div>\n\t\t<div class=\"elementor-element elementor-element-cd6be4b e-flex e-con-boxed e-con e-parent\" data-id=\"cd6be4b\" data-element_type=\"container\">\n\t\t\t\t\t<div class=\"e-con-inner\">\n\t\t\t\t<div class=\"elementor-element elementor-element-fad056e elementor-widget elementor-widget-text-editor\" data-id=\"fad056e\" data-element_type=\"widget\" data-widget_type=\"text-editor.default\">\n\t\t\t\t<div class=\"elementor-widget-container\">\n\t\t\t\t\t\t\t\t\t<p style=\"text-align: justify;\">On placera alors une solution d\u2019<em><strong>Achro Neutre<\/strong><\/em> \u00e0 1 % dans le r\u00e9servoir de l\u2019appareil. Pour 1 litre d\u2019<em><strong>Achro neutre<\/strong><\/em> on ajoutera donc 100 litres d\u2019eau. Il faut savoir que 1 litre d\u2019<em><strong>Achro neutre<\/strong><\/em> pur permet le traitement d\u2019une surface d\u2019environ 50 m\u00b2.<\/p><p style=\"text-align: justify;\">La solution devra \u00eatre utilis\u00e9e pour laver en plusieurs passages, deux au minimum, le support \u00e0 traiter. Quel que soit le nombre de passages r\u00e9alis\u00e9s, la monobrosse ou l\u2019autolaveuse devra \u00eatre utilis\u00e9e pour aspirer la suspension lors du dernier passage.<\/p><h2 style=\"text-align: justify; font-size: 20px; color: #004f9f;\">Conditionnement et stockage du produit<\/h2><p style=\"text-align: justify;\"><strong><em>Achro neutre<\/em><\/strong> est conditionn\u00e9 dans des bidons de 20 litres. Dans ces bidons, le produit peut \u00eatre conserv\u00e9 durant 12 mois.<\/p><p style=\"text-align: justify;\">Les bidons ne doivent cependant pas \u00eatre d\u00e9t\u00e9rior\u00e9s pour que le produit puisse \u00eatre conserv\u00e9 si longtemps. L\u2019entreposage doit toujours se faire dans un local ferm\u00e9 et permettant au produit de rester \u00e0 l\u2019abri de l\u2019humidit\u00e9 comme du gel.<\/p><h2 style=\"text-align: justify; font-size: 20px; color: #004f9f;\">Hygi\u00e8ne et s\u00e9curit\u00e9<\/h2><p style=\"text-align: justify;\"><em><strong>Achro neutre<\/strong><\/em> n\u2019est pas r\u00e9glement\u00e9 et n\u2019est pas dangereux, cependant certaines pr\u00e9cautions sont \u00e0 prendre lors de son utilisation.<br \/>On veillera notamment \u00e0 emp\u00eacher l\u2019\u00e9coulement du produit put et en quantit\u00e9 importante dans les \u00e9gouts.<\/p><p style=\"text-align: justify;\">Pour ce qui est des utilisateurs, il leur est conseill\u00e9 de se laver les mains apr\u00e8s chaque utilisation ou bien de porter des gants en cas de contact prolong\u00e9 ou r\u00e9p\u00e9t\u00e9 avec le produit.<\/p><p style=\"text-align: justify;\">Afin d\u2019\u00e9viter le contact avec les yeux, il est \u00e9galement recommand\u00e9 de porter des lunettes de protection.<\/p><h2 style=\"text-align: justify; font-size: 20px; color: #004f9f;\">Caract\u00e9ristiques techniques<\/h2><ul><li style=\"text-align: justify;\">Achro neutre se pr\u00e9sente sous la forme d\u2019un liquide transparent et vert.<\/li><li style=\"text-align: justify;\">Sa densit\u00e9 est de 1,01 lorsque la temp\u00e9rature est de 20\u00b0C.<\/li><li style=\"text-align: justify;\">Le pH d\u2019Achro neutre est de 7.<\/li><li style=\"text-align: justify;\">Le produit n\u2019est pas inflammable et ne craint pas le gel.<\/li><li style=\"text-align: justify;\">Achro neutre b\u00e9n\u00e9ficie d\u2019une excellente biod\u00e9gradabilit\u00e9, sup\u00e9rieure \u00e0 90 %<\/li><\/ul>\t\t\t\t\t\t\t\t<\/div>\n\t\t\t\t<\/div>\n\t\t\t\t\t<\/div>\n\t\t\t\t<\/div>\n\t\t\t\t<\/div>\n\t\t","protected":false},"excerpt":{"rendered":"<p style=\"text-align: justify;\">Achro neutre est un produit nettoyant et neutralisant.<\/p>\n<p style=\"text-align: justify;\">Ce d\u00e9tergent neutre est \u00e0 la fois riche en \u00e9l\u00e9ments tensio-actifs et en s\u00e9questrants. La composition d\u2019<a href=\"https:\/\/www.achrodeco.com\/produits-d-entretien\/47-neutre.html\">Achro neutre<\/a> en fait un produit parfaitement adapt\u00e9 au rin\u00e7age des surfaces d\u00e9cap\u00e9es.<\/p>\n","protected":false},"featured_media":4654,"template":"","meta":[],"product_cat":[58],"product_tag":[],"class_list":{"0":"post-1314","1":"product","2":"type-product","3":"status-publish","4":"has-post-thumbnail","6":"product_cat-entretien","8":"first","9":"instock","10":"featured","11":"shipping-taxable","12":"product-type-simple"},"yoast_head":"<!-- This site is optimized with the Yoast SEO plugin v24.3 - https:\/\/yoast.com\/wordpress\/plugins\/seo\/ -->\n<title>Produit nettoyant pour dallage b\u00e9ton industriel<\/title>\n<meta name=\"description\" content=\"D\u00e9tergent pour sol en b\u00e9ton et dallage industriel. Il se passe \u00e0 l&#039;aide d&#039;une brosse ou d&#039;une auto-laveuse. Achro Neutre \u00e0 un PH neutre.\" \/>\n<meta name=\"robots\" content=\"index, follow, max-snippet:-1, max-image-preview:large, max-video-preview:-1\" \/>\n<link rel=\"canonical\" href=\"https:\/\/www.achro.eu\/fr\/achro-neutre.html\" \/>\n<meta property=\"og:locale\" content=\"fr_FR\" \/>\n<meta property=\"og:type\" content=\"article\" \/>\n<meta property=\"og:title\" content=\"Produit nettoyant pour dallage b\u00e9ton industriel\" \/>\n<meta property=\"og:description\" content=\"D\u00e9tergent pour sol en b\u00e9ton et dallage industriel. Il se passe \u00e0 l&#039;aide d&#039;une brosse ou d&#039;une auto-laveuse. Achro Neutre \u00e0 un PH neutre.\" \/>\n<meta property=\"og:url\" content=\"https:\/\/www.achro.eu\/fr\/achro-neutre.html\" \/>\n<meta property=\"article:modified_time\" content=\"2025-03-26T20:06:58+00:00\" \/>\n<meta property=\"og:image\" content=\"http:\/\/www.achro.eu\/fr\/wp-content\/uploads\/2016\/04\/nettoyant-beton-1.jpg\" \/>\n\t<meta property=\"og:image:width\" content=\"945\" \/>\n\t<meta property=\"og:image:height\" content=\"944\" \/>\n\t<meta property=\"og:image:type\" content=\"image\/jpeg\" \/>\n<meta name=\"twitter:card\" content=\"summary_large_image\" \/>\n<meta name=\"twitter:label1\" content=\"Dur\u00e9e de lecture estim\u00e9e\" \/>\n\t<meta name=\"twitter:data1\" content=\"2 minutes\" \/>\n<script type=\"application\/ld+json\" class=\"yoast-schema-graph\">{\"@context\":\"https:\/\/schema.org\",\"@graph\":[{\"@type\":\"WebPage\",\"@id\":\"https:\/\/www.achro.eu\/fr\/achro-neutre.html\",\"url\":\"https:\/\/www.achro.eu\/fr\/achro-neutre.html\",\"name\":\"Produit nettoyant pour dallage b\u00e9ton industriel\",\"isPartOf\":{\"@id\":\"https:\/\/www.achro.eu\/fr\/#website\"},\"primaryImageOfPage\":{\"@id\":\"https:\/\/www.achro.eu\/fr\/achro-neutre.html#primaryimage\"},\"image\":{\"@id\":\"https:\/\/www.achro.eu\/fr\/achro-neutre.html#primaryimage\"},\"thumbnailUrl\":\"https:\/\/www.achro.eu\/fr\/wp-content\/uploads\/2016\/04\/nettoyant-beton-1.jpg\",\"datePublished\":\"2016-04-20T09:43:40+00:00\",\"dateModified\":\"2025-03-26T20:06:58+00:00\",\"description\":\"D\u00e9tergent pour sol en b\u00e9ton et dallage industriel. Il se passe \u00e0 l'aide d'une brosse ou d'une auto-laveuse. Achro Neutre \u00e0 un PH neutre.\",\"inLanguage\":\"fr-FR\",\"potentialAction\":[{\"@type\":\"ReadAction\",\"target\":[\"https:\/\/www.achro.eu\/fr\/achro-neutre.html\"]}]},{\"@type\":\"ImageObject\",\"inLanguage\":\"fr-FR\",\"@id\":\"https:\/\/www.achro.eu\/fr\/achro-neutre.html#primaryimage\",\"url\":\"https:\/\/www.achro.eu\/fr\/wp-content\/uploads\/2016\/04\/nettoyant-beton-1.jpg\",\"contentUrl\":\"https:\/\/www.achro.eu\/fr\/wp-content\/uploads\/2016\/04\/nettoyant-beton-1.jpg\",\"width\":945,\"height\":944},{\"@type\":\"WebSite\",\"@id\":\"https:\/\/www.achro.eu\/fr\/#website\",\"url\":\"https:\/\/www.achro.eu\/fr\/\",\"name\":\"\",\"description\":\"\",\"potentialAction\":[{\"@type\":\"SearchAction\",\"target\":{\"@type\":\"EntryPoint\",\"urlTemplate\":\"https:\/\/www.achro.eu\/fr\/?s={search_term_string}\"},\"query-input\":{\"@type\":\"PropertyValueSpecification\",\"valueRequired\":true,\"valueName\":\"search_term_string\"}}],\"inLanguage\":\"fr-FR\"}]}<\/script>\n<!-- \/ Yoast SEO plugin. -->","yoast_head_json":{"title":"Produit nettoyant pour dallage b\u00e9ton industriel","description":"D\u00e9tergent pour sol en b\u00e9ton et dallage industriel. Il se passe \u00e0 l'aide d'une brosse ou d'une auto-laveuse. Achro Neutre \u00e0 un PH neutre.","robots":{"index":"index","follow":"follow","max-snippet":"max-snippet:-1","max-image-preview":"max-image-preview:large","max-video-preview":"max-video-preview:-1"},"canonical":"https:\/\/www.achro.eu\/fr\/achro-neutre.html","og_locale":"fr_FR","og_type":"article","og_title":"Produit nettoyant pour dallage b\u00e9ton industriel","og_description":"D\u00e9tergent pour sol en b\u00e9ton et dallage industriel. Il se passe \u00e0 l'aide d'une brosse ou d'une auto-laveuse. Achro Neutre \u00e0 un PH neutre.","og_url":"https:\/\/www.achro.eu\/fr\/achro-neutre.html","article_modified_time":"2025-03-26T20:06:58+00:00","og_image":[{"width":945,"height":944,"url":"http:\/\/www.achro.eu\/fr\/wp-content\/uploads\/2016\/04\/nettoyant-beton-1.jpg","type":"image\/jpeg"}],"twitter_card":"summary_large_image","twitter_misc":{"Dur\u00e9e de lecture estim\u00e9e":"2 minutes"},"schema":{"@context":"https:\/\/schema.org","@graph":[{"@type":"WebPage","@id":"https:\/\/www.achro.eu\/fr\/achro-neutre.html","url":"https:\/\/www.achro.eu\/fr\/achro-neutre.html","name":"Produit nettoyant pour dallage b\u00e9ton industriel","isPartOf":{"@id":"https:\/\/www.achro.eu\/fr\/#website"},"primaryImageOfPage":{"@id":"https:\/\/www.achro.eu\/fr\/achro-neutre.html#primaryimage"},"image":{"@id":"https:\/\/www.achro.eu\/fr\/achro-neutre.html#primaryimage"},"thumbnailUrl":"https:\/\/www.achro.eu\/fr\/wp-content\/uploads\/2016\/04\/nettoyant-beton-1.jpg","datePublished":"2016-04-20T09:43:40+00:00","dateModified":"2025-03-26T20:06:58+00:00","description":"D\u00e9tergent pour sol en b\u00e9ton et dallage industriel. Il se passe \u00e0 l'aide d'une brosse ou d'une auto-laveuse. Achro Neutre \u00e0 un PH neutre.","inLanguage":"fr-FR","potentialAction":[{"@type":"ReadAction","target":["https:\/\/www.achro.eu\/fr\/achro-neutre.html"]}]},{"@type":"ImageObject","inLanguage":"fr-FR","@id":"https:\/\/www.achro.eu\/fr\/achro-neutre.html#primaryimage","url":"https:\/\/www.achro.eu\/fr\/wp-content\/uploads\/2016\/04\/nettoyant-beton-1.jpg","contentUrl":"https:\/\/www.achro.eu\/fr\/wp-content\/uploads\/2016\/04\/nettoyant-beton-1.jpg","width":945,"height":944},{"@type":"WebSite","@id":"https:\/\/www.achro.eu\/fr\/#website","url":"https:\/\/www.achro.eu\/fr\/","name":"","description":"","potentialAction":[{"@type":"SearchAction","target":{"@type":"EntryPoint","urlTemplate":"https:\/\/www.achro.eu\/fr\/?s={search_term_string}"},"query-input":{"@type":"PropertyValueSpecification","valueRequired":true,"valueName":"search_term_string"}}],"inLanguage":"fr-FR"}]}},"_links":{"self":[{"href":"https:\/\/www.achro.eu\/fr\/wp-json\/wp\/v2\/product\/1314"}],"collection":[{"href":"https:\/\/www.achro.eu\/fr\/wp-json\/wp\/v2\/product"}],"about":[{"href":"https:\/\/www.achro.eu\/fr\/wp-json\/wp\/v2\/types\/product"}],"version-history":[{"count":33,"href":"https:\/\/www.achro.eu\/fr\/wp-json\/wp\/v2\/product\/1314\/revisions"}],"predecessor-version":[{"id":5048,"href":"https:\/\/www.achro.eu\/fr\/wp-json\/wp\/v2\/product\/1314\/revisions\/5048"}],"wp:featuredmedia":[{"embeddable":true,"href":"https:\/\/www.achro.eu\/fr\/wp-json\/wp\/v2\/media\/4654"}],"wp:attachment":[{"href":"https:\/\/www.achro.eu\/fr\/wp-json\/wp\/v2\/media?parent=1314"}],"wp:term":[{"taxonomy":"product_cat","embeddable":true,"href":"https:\/\/www.achro.eu\/fr\/wp-json\/wp\/v2\/product_cat?post=1314"},{"taxonomy":"product_tag","embeddable":true,"href":"https:\/\/www.achro.eu\/fr\/wp-json\/wp\/v2\/product_tag?post=1314"}],"curies":[{"name":"wp","href":"https:\/\/api.w.org\/{rel}","templated":true}]}}