{"id":1311,"date":"2016-04-20T09:30:38","date_gmt":"2016-04-20T08:30:38","guid":{"rendered":"http:\/\/www.rcr-production-france.com\/2016\/achro-decap.html"},"modified":"2025-03-26T21:08:05","modified_gmt":"2025-03-26T20:08:05","slug":"achro-finish","status":"publish","type":"product","link":"https:\/\/www.achro.eu\/fr\/achro-finish.html","title":{"rendered":"Achro Finish"},"content":{"rendered":"\t\t<div data-elementor-type=\"wp-post\" data-elementor-id=\"1311\" class=\"elementor elementor-1311\">\n\t\t\t\t<div class=\"elementor-element elementor-element-1725e001 e-grid e-con-boxed e-con e-parent\" data-id=\"1725e001\" data-element_type=\"container\">\n\t\t\t\t\t<div class=\"e-con-inner\">\n\t\t\t\t<div class=\"elementor-element elementor-element-74fc9b46 elementor-widget elementor-widget-text-editor\" data-id=\"74fc9b46\" data-element_type=\"widget\" data-widget_type=\"text-editor.default\">\n\t\t\t\t<div class=\"elementor-widget-container\">\n\t\t\t\t\t\t\t\t\t<h2 style=\"text-align: justify; font-size: 20px; color: #004f9f;\">Comment utiliser Achro Finish ?<\/h2><h3>Pr\u00e9paration de la surface<\/h3><p style=\"text-align: justify;\">Avant d\u2019utiliser <em><strong>Achro Finish<\/strong><\/em>, il est parfois essentiel de pr\u00e9parer la surface amen\u00e9e \u00e0 l\u2019accueillir.<\/p><p style=\"text-align: justify;\">Si la surface qui doit \u00eatre trait\u00e9e \u00e0 l\u2019<em><strong>Achro Finish<\/strong><\/em> a pr\u00e9alablement re\u00e7u de l\u2019<em><strong><a href=\"http:\/\/www.achro.eu\/fr\/achrocure.html\">Achrocure<\/a><\/strong><\/em>, il est indispensable de la d\u00e9caper \u00e0 l\u2019aide d\u2019<a href=\"http:\/\/www.achro.eu\/fr\/achro-decap.html\">Achro Decap<\/a>. Suite \u00e0 l\u2019utilisation de l\u2019<em><strong>Achro Decap<\/strong><\/em>, une attente de 28 jours est requise avant l\u2019application d\u2019Achro Finish. Cette p\u00e9riode de 28 jours correspond alors au temps n\u00e9cessaire au s\u00e9chage du dallage trait\u00e9 \u00e0 l\u2019<em><strong>Achro Decap<\/strong><\/em>.<\/p>\t\t\t\t\t\t\t\t<\/div>\n\t\t\t\t<\/div>\n\t\t<div class=\"elementor-element elementor-element-4d7fcbc3 e-con-full e-flex e-con e-child\" data-id=\"4d7fcbc3\" data-element_type=\"container\" data-settings=\"{&quot;background_background&quot;:&quot;classic&quot;}\">\n\t\t\t\t<div class=\"elementor-element elementor-element-214de9d7 elementor-widget elementor-widget-cs_title\" data-id=\"214de9d7\" data-element_type=\"widget\" data-widget_type=\"cs_title.default\">\n\t\t\t\t<div class=\"elementor-widget-container\">\n\t\t\t\t\t\n        <div class=\"cs-title-wrap text-center\">\t            <div class=\"cs-subtitle-wrap\"><span class=\"cs-subtitle\">liens utiles<\/span><\/div>\t            <h4 class=\"cs-title\">\n\t                T\u00e9l\u00e9chargements\t            <\/h4>        <\/div>\t\t\t\t<\/div>\n\t\t\t\t<\/div>\n\t\t\t\t<div class=\"elementor-element elementor-element-7342f974 elementor-widget elementor-widget-text-editor\" data-id=\"7342f974\" data-element_type=\"widget\" data-widget_type=\"text-editor.default\">\n\t\t\t\t<div class=\"elementor-widget-container\">\n\t\t\t\t\t\t\t\t\t<p style=\"text-align: center;\"><a href=\"http:\/\/www.achro.eu\/fr\/wp-content\/uploads\/2016\/04\/Achro-finish.pdf\" rel=\"\">Fiche technique<br><\/a><a href=\"http:\/\/www.achro.eu\/fr\/wp-content\/uploads\/2016\/04\/fr-fds-RCR-Finish.pdf\" rel=\"\">Fiche de s\u00e9curit\u00e9<\/a><\/p>\t\t\t\t\t\t\t\t<\/div>\n\t\t\t\t<\/div>\n\t\t\t\t<div class=\"elementor-element elementor-element-74522ac3 elementor-align-center elementor-widget elementor-widget-cs_button\" data-id=\"74522ac3\" data-element_type=\"widget\" data-widget_type=\"cs_button.default\">\n\t\t\t\t<div class=\"elementor-widget-container\">\n\t\t\t\t\t        <a href=\"https:\/\/www.achrodeco.com\/produits-d-entretien\/12-achro-finish.html\" class=\"elementor-button-link button\" role=\"button\">\n            <span class=\"cs-btn-text\">Acheter ce produit<\/span>        <\/a>\t\t\t\t<\/div>\n\t\t\t\t<\/div>\n\t\t\t\t<\/div>\n\t\t\t\t\t<\/div>\n\t\t\t\t<\/div>\n\t\t<div class=\"elementor-element elementor-element-51eaa2cb e-flex e-con-boxed e-con e-parent\" data-id=\"51eaa2cb\" data-element_type=\"container\">\n\t\t\t\t\t<div class=\"e-con-inner\">\n\t\t\t\t<div class=\"elementor-element elementor-element-6d39bd91 elementor-widget elementor-widget-text-editor\" data-id=\"6d39bd91\" data-element_type=\"widget\" data-widget_type=\"text-editor.default\">\n\t\t\t\t<div class=\"elementor-widget-container\">\n\t\t\t\t\t\t\t\t\t<p style=\"text-align: justify;\">Dans le cas o\u00f9 la surface n\u2019a pas \u00e9t\u00e9 trait\u00e9e au pr\u00e9alable, lorsqu\u2019elle n\u2019a re\u00e7u ni produit de cure ni cire (ou autres), et lorsqu\u2019en parall\u00e8le elle a re\u00e7u un traitement \u00e0 l\u2019<em><strong>Achro Neutre<\/strong><\/em>, il est possible de traiter directement la surface avec l\u2019<em><strong>Achro Finish<\/strong><\/em>.<\/p><h3 style=\"text-align: justify;\">Mise en \u0153uvre d\u2019Achro Finish<\/h3><p style=\"text-align: justify;\">Une fois la surface pr\u00eate \u00e0 recevoir un traitement \u00e0 l\u2019<em><strong>Achro Finish<\/strong><\/em>, le produit peut \u00eatre appliqu\u00e9 au manchon applicateur. Il existe \u00e9galement une possibilit\u00e9 d\u2019utiliser un pistolet airless \u00e0 haute pression. Dans les deux cas, que le produit soit appliqu\u00e9 \u00e0 l\u2019aide du manchon ou du pistolet airless, le support doit \u00eatre parfaitement sec.<\/p><p style=\"text-align: justify;\">Une seconde couche de produit devra \u00eatre appliqu\u00e9e lorsque la premi\u00e8re aura totalement s\u00e9ch\u00e9. La seconde couche permet d\u2019obtenir un support \u00e0 la finition satin\u00e9e.<\/p><p style=\"text-align: justify;\">Quel que soit le mode d\u2019application du produit et la couche appliqu\u00e9e, la temp\u00e9rature doit obligatoirement \u00eatre situ\u00e9e entre 5 et 30 \u00b0C.<br \/>La quantit\u00e9 de produit <em><strong><a href=\"https:\/\/www.achrodeco.com\/produits-d-entretien\/12-achro-finish.html\">Achro Finish<\/a><\/strong><\/em> \u00e0 utiliser est d\u2019environ 1 litre pour 10 m\u00b2 de support.<\/p><h3 style=\"text-align: justify;\">Mise en service et entretien<\/h3><p style=\"text-align: justify;\">Suite \u00e0 l\u2019application de la seconde couche d\u2019<em><strong>Achro Finish<\/strong><\/em>, il est g\u00e9n\u00e9ralement possible de circuler sur le support apr\u00e8s 12 h si la temp\u00e9rature est de 20\u00b0C.<br \/>Le support trait\u00e9 \u00e0 l\u2019<em><strong>Achro Finish<\/strong><\/em> devra \u00eatre entretenu de fa\u00e7on quotidienne avec le produit <a href=\"http:\/\/www.achro.eu\/fr\/achro-neutre.html\">Achro Neutre<\/a>.<\/p><p style=\"text-align: justify;\">En plus de cela, pour un entretien hebdomadaire ou mensuel (en fonction des contraintes), un traitement \u00e0 l\u2019<a href=\"http:\/\/www.achro.eu\/fr\/achro-polish.html\">Achro Polish<\/a> devra \u00eatre effectu\u00e9. <a href=\"http:\/\/www.achro.eu\/fr\/achro-neutre.html\">Achro Neutre<\/a> comme Achro Polish permettent de durabiliser le traitement qui a \u00e9t\u00e9 effectu\u00e9 avec <em><strong>Achro Finish<\/strong><\/em>.<\/p><h2 style=\"text-align: justify; font-size: 20px; color: #004f9f;\">Conditionnement et stockage<\/h2><p style=\"text-align: justify;\"><em><strong>Achro Finish<\/strong><\/em> est un produit \u00e0 l\u2019aspect liquide, il est vendu dans des bidons de 20 litres. Lorsqu\u2019il est conserv\u00e9 dans cet emballage d\u2019origine, le produit peut \u00eatre stock\u00e9 durant 12 mois \u00e0 condition d\u2019\u00eatre entrepos\u00e9 dans un local clos, prot\u00e9g\u00e9 de l\u2019humidit\u00e9 et du gel. Cette derni\u00e8re condition est essentielle \u00e9tant donn\u00e9 que le produit craint le gel.<\/p><h2 style=\"text-align: justify; font-size: 20px; color: #004f9f;\">S\u00e9curit\u00e9 et hygi\u00e8ne<\/h2><p style=\"text-align: justify;\"><em><strong>Achro Finish<\/strong><\/em> est ininflammable et non dangereux, \u00e0 ce titre, il n\u2019est pas r\u00e9glement\u00e9. Bien entendu, il est n\u00e9cessaire d\u2019\u00e9viter tout contact avec la peau et les yeux. De m\u00eame, le produit ne doit pas \u00eatre ing\u00e9r\u00e9.<\/p><h2 style=\"text-align: justify; font-size: 20px; color: #004f9f;\">Caract\u00e9ristiques techniques<\/h2><p style=\"text-align: justify;\">La densit\u00e9 d\u2019<em><strong>Achro Finish<\/strong><\/em> est de 1,02. Son pH est, quant \u00e0 lui, de 8,1.<\/p>\t\t\t\t\t\t\t\t<\/div>\n\t\t\t\t<\/div>\n\t\t\t\t\t<\/div>\n\t\t\t\t<\/div>\n\t\t\t\t<\/div>\n\t\t","protected":false},"excerpt":{"rendered":"<p style=\"text-align: justify;\"><em><strong>Achro Finish<\/strong><\/em> est un <a href=\"https:\/\/www.achrodeco.com\/produits-d-entretien\/12-achro-finish.html\">produit bouche-pores<\/a> sous forme d\u2019\u00e9mulsion de r\u00e9sine mono-composante \u00e0 utiliser sur les b\u00e9tons et les dallages.<\/p>\n<p style=\"text-align: justify;\">Les propri\u00e9t\u00e9s de ce bouche-pores lui conf\u00e8rent une tr\u00e8s haute duret\u00e9. <strong><em>Achro Finish<\/em><\/strong> est utilis\u00e9 afin de prot\u00e9ger les dallages mais \u00e9galement afin de rendre leur entretien plus facile.<\/p>\n","protected":false},"featured_media":4656,"template":"","meta":[],"product_cat":[58],"product_tag":[],"class_list":{"0":"post-1311","1":"product","2":"type-product","3":"status-publish","4":"has-post-thumbnail","6":"product_cat-entretien","8":"first","9":"instock","10":"featured","11":"shipping-taxable","12":"product-type-simple"},"yoast_head":"<!-- This site is optimized with the Yoast SEO plugin v24.3 - https:\/\/yoast.com\/wordpress\/plugins\/seo\/ -->\n<title>Bouche pores b\u00e9ton, b\u00e9ton cir\u00e9, dallage b\u00e9ton industriel<\/title>\n<meta name=\"description\" content=\"V\u00e9ritable bouche-pores de surface, Achro finish prot\u00e8ge la surface de votre dallage et le rend beau et brillant. Bien pr\u00e9parer la surface.\" \/>\n<meta name=\"robots\" content=\"index, follow, max-snippet:-1, max-image-preview:large, max-video-preview:-1\" \/>\n<link rel=\"canonical\" href=\"https:\/\/www.achro.eu\/fr\/achro-finish.html\" \/>\n<meta property=\"og:locale\" content=\"fr_FR\" \/>\n<meta property=\"og:type\" content=\"article\" \/>\n<meta property=\"og:title\" content=\"Bouche pores b\u00e9ton, b\u00e9ton cir\u00e9, dallage b\u00e9ton industriel\" \/>\n<meta property=\"og:description\" content=\"V\u00e9ritable bouche-pores de surface, Achro finish prot\u00e8ge la surface de votre dallage et le rend beau et brillant. Bien pr\u00e9parer la surface.\" \/>\n<meta property=\"og:url\" content=\"https:\/\/www.achro.eu\/fr\/achro-finish.html\" \/>\n<meta property=\"article:modified_time\" content=\"2025-03-26T20:08:05+00:00\" \/>\n<meta property=\"og:image\" content=\"http:\/\/www.achro.eu\/fr\/wp-content\/uploads\/2016\/04\/bouche-pores-dallage.jpg\" \/>\n\t<meta property=\"og:image:width\" content=\"945\" \/>\n\t<meta property=\"og:image:height\" content=\"944\" \/>\n\t<meta property=\"og:image:type\" content=\"image\/jpeg\" \/>\n<meta name=\"twitter:card\" content=\"summary_large_image\" \/>\n<meta name=\"twitter:label1\" content=\"Dur\u00e9e de lecture estim\u00e9e\" \/>\n\t<meta name=\"twitter:data1\" content=\"3 minutes\" \/>\n<script type=\"application\/ld+json\" class=\"yoast-schema-graph\">{\"@context\":\"https:\/\/schema.org\",\"@graph\":[{\"@type\":\"WebPage\",\"@id\":\"https:\/\/www.achro.eu\/fr\/achro-finish.html\",\"url\":\"https:\/\/www.achro.eu\/fr\/achro-finish.html\",\"name\":\"Bouche pores b\u00e9ton, b\u00e9ton cir\u00e9, dallage b\u00e9ton industriel\",\"isPartOf\":{\"@id\":\"https:\/\/www.achro.eu\/fr\/#website\"},\"primaryImageOfPage\":{\"@id\":\"https:\/\/www.achro.eu\/fr\/achro-finish.html#primaryimage\"},\"image\":{\"@id\":\"https:\/\/www.achro.eu\/fr\/achro-finish.html#primaryimage\"},\"thumbnailUrl\":\"https:\/\/www.achro.eu\/fr\/wp-content\/uploads\/2016\/04\/bouche-pores-dallage.jpg\",\"datePublished\":\"2016-04-20T08:30:38+00:00\",\"dateModified\":\"2025-03-26T20:08:05+00:00\",\"description\":\"V\u00e9ritable bouche-pores de surface, Achro finish prot\u00e8ge la surface de votre dallage et le rend beau et brillant. Bien pr\u00e9parer la surface.\",\"inLanguage\":\"fr-FR\",\"potentialAction\":[{\"@type\":\"ReadAction\",\"target\":[\"https:\/\/www.achro.eu\/fr\/achro-finish.html\"]}]},{\"@type\":\"ImageObject\",\"inLanguage\":\"fr-FR\",\"@id\":\"https:\/\/www.achro.eu\/fr\/achro-finish.html#primaryimage\",\"url\":\"https:\/\/www.achro.eu\/fr\/wp-content\/uploads\/2016\/04\/bouche-pores-dallage.jpg\",\"contentUrl\":\"https:\/\/www.achro.eu\/fr\/wp-content\/uploads\/2016\/04\/bouche-pores-dallage.jpg\",\"width\":945,\"height\":944},{\"@type\":\"WebSite\",\"@id\":\"https:\/\/www.achro.eu\/fr\/#website\",\"url\":\"https:\/\/www.achro.eu\/fr\/\",\"name\":\"\",\"description\":\"\",\"potentialAction\":[{\"@type\":\"SearchAction\",\"target\":{\"@type\":\"EntryPoint\",\"urlTemplate\":\"https:\/\/www.achro.eu\/fr\/?s={search_term_string}\"},\"query-input\":{\"@type\":\"PropertyValueSpecification\",\"valueRequired\":true,\"valueName\":\"search_term_string\"}}],\"inLanguage\":\"fr-FR\"}]}<\/script>\n<!-- \/ Yoast SEO plugin. -->","yoast_head_json":{"title":"Bouche pores b\u00e9ton, b\u00e9ton cir\u00e9, dallage b\u00e9ton industriel","description":"V\u00e9ritable bouche-pores de surface, Achro finish prot\u00e8ge la surface de votre dallage et le rend beau et brillant. Bien pr\u00e9parer la surface.","robots":{"index":"index","follow":"follow","max-snippet":"max-snippet:-1","max-image-preview":"max-image-preview:large","max-video-preview":"max-video-preview:-1"},"canonical":"https:\/\/www.achro.eu\/fr\/achro-finish.html","og_locale":"fr_FR","og_type":"article","og_title":"Bouche pores b\u00e9ton, b\u00e9ton cir\u00e9, dallage b\u00e9ton industriel","og_description":"V\u00e9ritable bouche-pores de surface, Achro finish prot\u00e8ge la surface de votre dallage et le rend beau et brillant. Bien pr\u00e9parer la surface.","og_url":"https:\/\/www.achro.eu\/fr\/achro-finish.html","article_modified_time":"2025-03-26T20:08:05+00:00","og_image":[{"width":945,"height":944,"url":"http:\/\/www.achro.eu\/fr\/wp-content\/uploads\/2016\/04\/bouche-pores-dallage.jpg","type":"image\/jpeg"}],"twitter_card":"summary_large_image","twitter_misc":{"Dur\u00e9e de lecture estim\u00e9e":"3 minutes"},"schema":{"@context":"https:\/\/schema.org","@graph":[{"@type":"WebPage","@id":"https:\/\/www.achro.eu\/fr\/achro-finish.html","url":"https:\/\/www.achro.eu\/fr\/achro-finish.html","name":"Bouche pores b\u00e9ton, b\u00e9ton cir\u00e9, dallage b\u00e9ton industriel","isPartOf":{"@id":"https:\/\/www.achro.eu\/fr\/#website"},"primaryImageOfPage":{"@id":"https:\/\/www.achro.eu\/fr\/achro-finish.html#primaryimage"},"image":{"@id":"https:\/\/www.achro.eu\/fr\/achro-finish.html#primaryimage"},"thumbnailUrl":"https:\/\/www.achro.eu\/fr\/wp-content\/uploads\/2016\/04\/bouche-pores-dallage.jpg","datePublished":"2016-04-20T08:30:38+00:00","dateModified":"2025-03-26T20:08:05+00:00","description":"V\u00e9ritable bouche-pores de surface, Achro finish prot\u00e8ge la surface de votre dallage et le rend beau et brillant. Bien pr\u00e9parer la surface.","inLanguage":"fr-FR","potentialAction":[{"@type":"ReadAction","target":["https:\/\/www.achro.eu\/fr\/achro-finish.html"]}]},{"@type":"ImageObject","inLanguage":"fr-FR","@id":"https:\/\/www.achro.eu\/fr\/achro-finish.html#primaryimage","url":"https:\/\/www.achro.eu\/fr\/wp-content\/uploads\/2016\/04\/bouche-pores-dallage.jpg","contentUrl":"https:\/\/www.achro.eu\/fr\/wp-content\/uploads\/2016\/04\/bouche-pores-dallage.jpg","width":945,"height":944},{"@type":"WebSite","@id":"https:\/\/www.achro.eu\/fr\/#website","url":"https:\/\/www.achro.eu\/fr\/","name":"","description":"","potentialAction":[{"@type":"SearchAction","target":{"@type":"EntryPoint","urlTemplate":"https:\/\/www.achro.eu\/fr\/?s={search_term_string}"},"query-input":{"@type":"PropertyValueSpecification","valueRequired":true,"valueName":"search_term_string"}}],"inLanguage":"fr-FR"}]}},"_links":{"self":[{"href":"https:\/\/www.achro.eu\/fr\/wp-json\/wp\/v2\/product\/1311"}],"collection":[{"href":"https:\/\/www.achro.eu\/fr\/wp-json\/wp\/v2\/product"}],"about":[{"href":"https:\/\/www.achro.eu\/fr\/wp-json\/wp\/v2\/types\/product"}],"version-history":[{"count":20,"href":"https:\/\/www.achro.eu\/fr\/wp-json\/wp\/v2\/product\/1311\/revisions"}],"predecessor-version":[{"id":5051,"href":"https:\/\/www.achro.eu\/fr\/wp-json\/wp\/v2\/product\/1311\/revisions\/5051"}],"wp:featuredmedia":[{"embeddable":true,"href":"https:\/\/www.achro.eu\/fr\/wp-json\/wp\/v2\/media\/4656"}],"wp:attachment":[{"href":"https:\/\/www.achro.eu\/fr\/wp-json\/wp\/v2\/media?parent=1311"}],"wp:term":[{"taxonomy":"product_cat","embeddable":true,"href":"https:\/\/www.achro.eu\/fr\/wp-json\/wp\/v2\/product_cat?post=1311"},{"taxonomy":"product_tag","embeddable":true,"href":"https:\/\/www.achro.eu\/fr\/wp-json\/wp\/v2\/product_tag?post=1311"}],"curies":[{"name":"wp","href":"https:\/\/api.w.org\/{rel}","templated":true}]}}