{"id":1307,"date":"2016-04-15T07:35:40","date_gmt":"2016-04-15T06:35:40","guid":{"rendered":"http:\/\/www.rcr-production-france.com\/2016\/cemcol.html"},"modified":"2025-03-26T21:08:35","modified_gmt":"2025-03-26T20:08:35","slug":"achro-decap","status":"publish","type":"product","link":"https:\/\/www.achro.eu\/fr\/achro-decap.html","title":{"rendered":"Decapchant"},"content":{"rendered":"\t\t<div data-elementor-type=\"wp-post\" data-elementor-id=\"1307\" class=\"elementor elementor-1307\">\n\t\t\t\t<div class=\"elementor-element elementor-element-51e6a9d1 e-grid e-con-boxed e-con e-parent\" data-id=\"51e6a9d1\" data-element_type=\"container\">\n\t\t\t\t\t<div class=\"e-con-inner\">\n\t\t\t\t<div class=\"elementor-element elementor-element-4ae24d56 elementor-widget elementor-widget-text-editor\" data-id=\"4ae24d56\" data-element_type=\"widget\" data-widget_type=\"text-editor.default\">\n\t\t\t\t<div class=\"elementor-widget-container\">\n\t\t\t\t\t\t\t\t\t<h2><strong>Un Nettoyage Performant et Complet<\/strong><\/h2><ul><li><strong>\u00c9limination des produits de cure :<\/strong>\u00a0Decapchant est sp\u00e9cialement \u00e9tudi\u00e9 pour \u00e9liminer les produits de cure en phase solvant ou aqueuse, appliqu\u00e9s sur les sols en b\u00e9ton liss\u00e9s \u00e0 l\u2019h\u00e9licopt\u00e8re.<\/li><li><strong>D\u00e9tachant puissant :<\/strong>\u00a0Il estompe les taches d\u2019huile, \u00e9limine les d\u00e9p\u00f4ts de graisse et les traces de pneus, rendant vos sols impeccables m\u00eame apr\u00e8s un trafic intense d\u2019engins de manutention.<\/li><\/ul>\t\t\t\t\t\t\t\t<\/div>\n\t\t\t\t<\/div>\n\t\t<div class=\"elementor-element elementor-element-35ea0aa e-con-full e-flex e-con e-child\" data-id=\"35ea0aa\" data-element_type=\"container\" data-settings=\"{&quot;background_background&quot;:&quot;classic&quot;}\">\n\t\t\t\t<div class=\"elementor-element elementor-element-308dca57 elementor-widget elementor-widget-cs_title\" data-id=\"308dca57\" data-element_type=\"widget\" data-widget_type=\"cs_title.default\">\n\t\t\t\t<div class=\"elementor-widget-container\">\n\t\t\t\t\t\n        <div class=\"cs-title-wrap text-center\">\t            <div class=\"cs-subtitle-wrap\"><span class=\"cs-subtitle\">liens utiles<\/span><\/div>\t            <h4 class=\"cs-title\">\n\t                T\u00e9l\u00e9chargements\t            <\/h4>        <\/div>\t\t\t\t<\/div>\n\t\t\t\t<\/div>\n\t\t\t\t<div class=\"elementor-element elementor-element-1095289c elementor-widget elementor-widget-text-editor\" data-id=\"1095289c\" data-element_type=\"widget\" data-widget_type=\"text-editor.default\">\n\t\t\t\t<div class=\"elementor-widget-container\">\n\t\t\t\t\t\t\t\t\t<p style=\"text-align: center;\"><a href=\"http:\/\/www.achro.eu\/fr\/wp-content\/uploads\/2016\/04\/ft-decapchant-rcr.pdf\" rel=\"\">Fiche technique<\/a><br><a href=\"http:\/\/www.achro.eu\/fr\/wp-content\/uploads\/2016\/04\/fds-decap.pdf\" rel=\"\">Fiche de s\u00e9curit\u00e9<\/a><\/p>\t\t\t\t\t\t\t\t<\/div>\n\t\t\t\t<\/div>\n\t\t\t\t<div class=\"elementor-element elementor-element-106821aa elementor-align-center elementor-widget elementor-widget-cs_button\" data-id=\"106821aa\" data-element_type=\"widget\" data-widget_type=\"cs_button.default\">\n\t\t\t\t<div class=\"elementor-widget-container\">\n\t\t\t\t\t        <a href=\"https:\/\/www.achrodeco.com\/produits-d-entretien\/85-achro-decap.html\" class=\"elementor-button-link button\" role=\"button\">\n            <span class=\"cs-btn-text\">Acheter ce produit<\/span>        <\/a>\t\t\t\t<\/div>\n\t\t\t\t<\/div>\n\t\t\t\t<\/div>\n\t\t\t\t\t<\/div>\n\t\t\t\t<\/div>\n\t\t<div class=\"elementor-element elementor-element-13ce3818 e-flex e-con-boxed e-con e-parent\" data-id=\"13ce3818\" data-element_type=\"container\">\n\t\t\t\t\t<div class=\"e-con-inner\">\n\t\t\t\t<div class=\"elementor-element elementor-element-5fe24d18 elementor-widget elementor-widget-text-editor\" data-id=\"5fe24d18\" data-element_type=\"widget\" data-widget_type=\"text-editor.default\">\n\t\t\t\t<div class=\"elementor-widget-container\">\n\t\t\t\t\t\t\t\t\t<h2><strong>Mode d\u2019Emploi Facile et Efficace<\/strong><\/h2><ol><li><strong>Dilution :<\/strong>\u00a0M\u00e9langer un volume de Decapchant avec trois volumes d\u2019eau.<\/li><li><strong>Application :<\/strong>\u00a0\u00c9taler le m\u00e9lange uniform\u00e9ment \u00e0 l\u2019aide d\u2019un pulv\u00e9risateur ou d\u2019un manchon mouilleur.<\/li><li><strong>Action :<\/strong>\u00a0Laisser agir 5 \u00e0 10 minutes pour que le produit p\u00e9n\u00e8tre et dissout les r\u00e9sidus.<\/li><li><strong>\u00c9mulsion et rin\u00e7age :<\/strong>\u00a0Utiliser une monobrosse ou une autolaveuse \u00e9quip\u00e9e d\u2019un disque vert ou marron pour \u00e9mulsionner et aspirer les r\u00e9sidus, puis rincer avec\u00a0<strong>Roc neutre<\/strong>.<\/li><\/ol><h2><strong>Avantages du Produit<\/strong><\/h2><ul><li><strong>Polyvalence :<\/strong>\u00a0Compatible avec les sols industriels en b\u00e9ton, Decapchant est id\u00e9al pour une large gamme d\u2019applications, allant de l\u2019entretien r\u00e9gulier au d\u00e9capage intensif.<\/li><li><strong>Respect des surfaces :<\/strong>\u00a0N\u2019attaque pas les couches d\u2019usures des b\u00e9tons, les m\u00e9taux ou autres mat\u00e9riaux robustes.<\/li><li><strong>S\u00e9curit\u00e9 environnementale :<\/strong>\u00a0Produit con\u00e7u pour minimiser son impact \u00e9cologique dans les conditions normales d\u2019utilisation.<\/li><\/ul><h2><strong>Caract\u00e9ristiques Techniques<\/strong><\/h2><ul><li><strong>Consommation nominale :<\/strong>\u00a020 litres permettent de traiter environ 300 m\u00b2, selon le niveau de salissure.<\/li><li><strong>Conditionnement :<\/strong>\u00a0Disponible en jerricans de 20 litres.<\/li><li><strong>Dur\u00e9e de stockage :<\/strong>\u00a0Jusqu\u2019\u00e0 12 mois dans son emballage d\u2019origine.<\/li><\/ul><h2>Pr\u00e9cautions d\u2019Utilisation<\/h2><ul><li>Porter des \u00e9quipements de protection (gants, lunettes) et veiller \u00e0 ventiler les locaux.<\/li><li>\u00c9viter tout contact avec les surfaces sensibles aux alcalins, comme le bois, le caoutchouc ou le linol\u00e9um.<\/li><li>Ne pas d\u00e9verser\u00a0de produit pur dans les \u00e9gouts (recyclage en produit chimique d\u00e9ch\u00e8terie)<\/li><\/ul><p>Avec\u00a0<strong>Decapchant<\/strong>, redonnez \u00e0 vos sols industriels leur \u00e9clat d\u2019origine en combinant d\u00e9capage efficace et nettoyage en profondeur, tout en simplifiant vos processus d\u2019entretien et de pr\u00e9paration des surfaces.<\/p>\t\t\t\t\t\t\t\t<\/div>\n\t\t\t\t<\/div>\n\t\t\t\t\t<\/div>\n\t\t\t\t<\/div>\n\t\t\t\t<\/div>\n\t\t","protected":false},"excerpt":{"rendered":"<p><b>Decapchant<\/b>\u00a0est une solution professionnelle multifonction con\u00e7ue pour le nettoyage et l\u2019entretien des sols en b\u00e9ton et des dallages industriels. Gr\u00e2ce \u00e0 sa formule innovante m\u00ealant solvants organiques et agents \u00e9mulsionnants, il \u00e9limine efficacement les produits de cure ainsi que les taches et r\u00e9sidus les plus tenaces, tout en pr\u00e9servant les surfaces en b\u00e9ton.<\/p>\n","protected":false},"featured_media":4635,"template":"","meta":[],"product_cat":[58],"product_tag":[],"class_list":{"0":"post-1307","1":"product","2":"type-product","3":"status-publish","4":"has-post-thumbnail","6":"product_cat-entretien","8":"first","9":"instock","10":"featured","11":"shipping-taxable","12":"product-type-simple"},"yoast_head":"<!-- This site is optimized with the Yoast SEO plugin v24.3 - https:\/\/yoast.com\/wordpress\/plugins\/seo\/ -->\n<title>D\u00e9capant de cure pour b\u00e9ton, ciment, mortier<\/title>\n<meta name=\"description\" content=\"D\u00e9capant de surface pour b\u00e9ton, ce produit permet de pr\u00e9parer le dallage \u00e0 l&#039;entretien et le nettoyage en retirant le cure pr\u00e9sent sur la dalle.\u00a0\" \/>\n<meta name=\"robots\" content=\"index, follow, max-snippet:-1, max-image-preview:large, max-video-preview:-1\" \/>\n<link rel=\"canonical\" href=\"https:\/\/www.achro.eu\/fr\/achro-decap.html\" \/>\n<meta property=\"og:locale\" content=\"fr_FR\" \/>\n<meta property=\"og:type\" content=\"article\" \/>\n<meta property=\"og:title\" content=\"D\u00e9capant de cure pour b\u00e9ton, ciment, mortier\" \/>\n<meta property=\"og:description\" content=\"D\u00e9capant de surface pour b\u00e9ton, ce produit permet de pr\u00e9parer le dallage \u00e0 l&#039;entretien et le nettoyage en retirant le cure pr\u00e9sent sur la dalle.\u00a0\" \/>\n<meta property=\"og:url\" content=\"https:\/\/www.achro.eu\/fr\/achro-decap.html\" \/>\n<meta property=\"article:modified_time\" content=\"2025-03-26T20:08:35+00:00\" \/>\n<meta property=\"og:image\" content=\"http:\/\/www.achro.eu\/fr\/wp-content\/uploads\/2016\/04\/decapant-beton.jpg\" \/>\n\t<meta property=\"og:image:width\" content=\"945\" \/>\n\t<meta property=\"og:image:height\" content=\"944\" \/>\n\t<meta property=\"og:image:type\" content=\"image\/jpeg\" \/>\n<meta name=\"twitter:card\" content=\"summary_large_image\" \/>\n<meta name=\"twitter:label1\" content=\"Dur\u00e9e de lecture estim\u00e9e\" \/>\n\t<meta name=\"twitter:data1\" content=\"2 minutes\" \/>\n<script type=\"application\/ld+json\" class=\"yoast-schema-graph\">{\"@context\":\"https:\/\/schema.org\",\"@graph\":[{\"@type\":\"WebPage\",\"@id\":\"https:\/\/www.achro.eu\/fr\/achro-decap.html\",\"url\":\"https:\/\/www.achro.eu\/fr\/achro-decap.html\",\"name\":\"D\u00e9capant de cure pour b\u00e9ton, ciment, mortier\",\"isPartOf\":{\"@id\":\"https:\/\/www.achro.eu\/fr\/#website\"},\"primaryImageOfPage\":{\"@id\":\"https:\/\/www.achro.eu\/fr\/achro-decap.html#primaryimage\"},\"image\":{\"@id\":\"https:\/\/www.achro.eu\/fr\/achro-decap.html#primaryimage\"},\"thumbnailUrl\":\"https:\/\/www.achro.eu\/fr\/wp-content\/uploads\/2016\/04\/decapant-beton.jpg\",\"datePublished\":\"2016-04-15T06:35:40+00:00\",\"dateModified\":\"2025-03-26T20:08:35+00:00\",\"description\":\"D\u00e9capant de surface pour b\u00e9ton, ce produit permet de pr\u00e9parer le dallage \u00e0 l'entretien et le nettoyage en retirant le cure pr\u00e9sent sur la dalle.\u00a0\",\"inLanguage\":\"fr-FR\",\"potentialAction\":[{\"@type\":\"ReadAction\",\"target\":[\"https:\/\/www.achro.eu\/fr\/achro-decap.html\"]}]},{\"@type\":\"ImageObject\",\"inLanguage\":\"fr-FR\",\"@id\":\"https:\/\/www.achro.eu\/fr\/achro-decap.html#primaryimage\",\"url\":\"https:\/\/www.achro.eu\/fr\/wp-content\/uploads\/2016\/04\/decapant-beton.jpg\",\"contentUrl\":\"https:\/\/www.achro.eu\/fr\/wp-content\/uploads\/2016\/04\/decapant-beton.jpg\",\"width\":945,\"height\":944},{\"@type\":\"WebSite\",\"@id\":\"https:\/\/www.achro.eu\/fr\/#website\",\"url\":\"https:\/\/www.achro.eu\/fr\/\",\"name\":\"\",\"description\":\"\",\"potentialAction\":[{\"@type\":\"SearchAction\",\"target\":{\"@type\":\"EntryPoint\",\"urlTemplate\":\"https:\/\/www.achro.eu\/fr\/?s={search_term_string}\"},\"query-input\":{\"@type\":\"PropertyValueSpecification\",\"valueRequired\":true,\"valueName\":\"search_term_string\"}}],\"inLanguage\":\"fr-FR\"}]}<\/script>\n<!-- \/ Yoast SEO plugin. -->","yoast_head_json":{"title":"D\u00e9capant de cure pour b\u00e9ton, ciment, mortier","description":"D\u00e9capant de surface pour b\u00e9ton, ce produit permet de pr\u00e9parer le dallage \u00e0 l'entretien et le nettoyage en retirant le cure pr\u00e9sent sur la dalle.\u00a0","robots":{"index":"index","follow":"follow","max-snippet":"max-snippet:-1","max-image-preview":"max-image-preview:large","max-video-preview":"max-video-preview:-1"},"canonical":"https:\/\/www.achro.eu\/fr\/achro-decap.html","og_locale":"fr_FR","og_type":"article","og_title":"D\u00e9capant de cure pour b\u00e9ton, ciment, mortier","og_description":"D\u00e9capant de surface pour b\u00e9ton, ce produit permet de pr\u00e9parer le dallage \u00e0 l'entretien et le nettoyage en retirant le cure pr\u00e9sent sur la dalle.\u00a0","og_url":"https:\/\/www.achro.eu\/fr\/achro-decap.html","article_modified_time":"2025-03-26T20:08:35+00:00","og_image":[{"width":945,"height":944,"url":"http:\/\/www.achro.eu\/fr\/wp-content\/uploads\/2016\/04\/decapant-beton.jpg","type":"image\/jpeg"}],"twitter_card":"summary_large_image","twitter_misc":{"Dur\u00e9e de lecture estim\u00e9e":"2 minutes"},"schema":{"@context":"https:\/\/schema.org","@graph":[{"@type":"WebPage","@id":"https:\/\/www.achro.eu\/fr\/achro-decap.html","url":"https:\/\/www.achro.eu\/fr\/achro-decap.html","name":"D\u00e9capant de cure pour b\u00e9ton, ciment, mortier","isPartOf":{"@id":"https:\/\/www.achro.eu\/fr\/#website"},"primaryImageOfPage":{"@id":"https:\/\/www.achro.eu\/fr\/achro-decap.html#primaryimage"},"image":{"@id":"https:\/\/www.achro.eu\/fr\/achro-decap.html#primaryimage"},"thumbnailUrl":"https:\/\/www.achro.eu\/fr\/wp-content\/uploads\/2016\/04\/decapant-beton.jpg","datePublished":"2016-04-15T06:35:40+00:00","dateModified":"2025-03-26T20:08:35+00:00","description":"D\u00e9capant de surface pour b\u00e9ton, ce produit permet de pr\u00e9parer le dallage \u00e0 l'entretien et le nettoyage en retirant le cure pr\u00e9sent sur la dalle.\u00a0","inLanguage":"fr-FR","potentialAction":[{"@type":"ReadAction","target":["https:\/\/www.achro.eu\/fr\/achro-decap.html"]}]},{"@type":"ImageObject","inLanguage":"fr-FR","@id":"https:\/\/www.achro.eu\/fr\/achro-decap.html#primaryimage","url":"https:\/\/www.achro.eu\/fr\/wp-content\/uploads\/2016\/04\/decapant-beton.jpg","contentUrl":"https:\/\/www.achro.eu\/fr\/wp-content\/uploads\/2016\/04\/decapant-beton.jpg","width":945,"height":944},{"@type":"WebSite","@id":"https:\/\/www.achro.eu\/fr\/#website","url":"https:\/\/www.achro.eu\/fr\/","name":"","description":"","potentialAction":[{"@type":"SearchAction","target":{"@type":"EntryPoint","urlTemplate":"https:\/\/www.achro.eu\/fr\/?s={search_term_string}"},"query-input":{"@type":"PropertyValueSpecification","valueRequired":true,"valueName":"search_term_string"}}],"inLanguage":"fr-FR"}]}},"_links":{"self":[{"href":"https:\/\/www.achro.eu\/fr\/wp-json\/wp\/v2\/product\/1307"}],"collection":[{"href":"https:\/\/www.achro.eu\/fr\/wp-json\/wp\/v2\/product"}],"about":[{"href":"https:\/\/www.achro.eu\/fr\/wp-json\/wp\/v2\/types\/product"}],"version-history":[{"count":32,"href":"https:\/\/www.achro.eu\/fr\/wp-json\/wp\/v2\/product\/1307\/revisions"}],"predecessor-version":[{"id":5054,"href":"https:\/\/www.achro.eu\/fr\/wp-json\/wp\/v2\/product\/1307\/revisions\/5054"}],"wp:featuredmedia":[{"embeddable":true,"href":"https:\/\/www.achro.eu\/fr\/wp-json\/wp\/v2\/media\/4635"}],"wp:attachment":[{"href":"https:\/\/www.achro.eu\/fr\/wp-json\/wp\/v2\/media?parent=1307"}],"wp:term":[{"taxonomy":"product_cat","embeddable":true,"href":"https:\/\/www.achro.eu\/fr\/wp-json\/wp\/v2\/product_cat?post=1307"},{"taxonomy":"product_tag","embeddable":true,"href":"https:\/\/www.achro.eu\/fr\/wp-json\/wp\/v2\/product_tag?post=1307"}],"curies":[{"name":"wp","href":"https:\/\/api.w.org\/{rel}","templated":true}]}}