{"id":1304,"date":"2016-04-14T14:51:58","date_gmt":"2016-04-14T13:51:58","guid":{"rendered":"http:\/\/www.rcr-production-france.com\/2016\/achrolatex.html"},"modified":"2025-03-26T21:09:14","modified_gmt":"2025-03-26T20:09:14","slug":"cemcol","status":"publish","type":"product","link":"https:\/\/www.achro.eu\/fr\/cemcol.html","title":{"rendered":"Cemcol"},"content":{"rendered":"\t\t<div data-elementor-type=\"wp-post\" data-elementor-id=\"1304\" class=\"elementor elementor-1304\">\n\t\t\t\t<div class=\"elementor-element elementor-element-7fcd8d1e e-grid e-con-boxed e-con e-parent\" data-id=\"7fcd8d1e\" data-element_type=\"container\">\n\t\t\t\t\t<div class=\"e-con-inner\">\n\t\t\t\t<div class=\"elementor-element elementor-element-6e4285c6 elementor-widget elementor-widget-text-editor\" data-id=\"6e4285c6\" data-element_type=\"widget\" data-widget_type=\"text-editor.default\">\n\t\t\t\t<div class=\"elementor-widget-container\">\n\t\t\t\t\t\t\t\t\t<h2 style=\"text-align: justify; font-size: 20px; color: #004f9f;\">Qu\u2019est-ce que CEMCOL ?<\/h2><p style=\"text-align: justify;\">L\u2019objectif de <em><strong>CEMCOL<\/strong><\/em> est de permettre une excellente adh\u00e9rence des produits \u00e0 base de liants hydrauliques sur les supports min\u00e9raux.<\/p><p style=\"text-align: justify;\">Le produit est surtout utilis\u00e9 pour les collages de b\u00e9tons, mortiers hydrauliques ou encore coulis sur des dallages (neufs ou existants).<\/p>\t\t\t\t\t\t\t\t<\/div>\n\t\t\t\t<\/div>\n\t\t<div class=\"elementor-element elementor-element-eb124d1 e-con-full e-flex e-con e-child\" data-id=\"eb124d1\" data-element_type=\"container\" data-settings=\"{&quot;background_background&quot;:&quot;classic&quot;}\">\n\t\t\t\t<div class=\"elementor-element elementor-element-7f5ac6c elementor-widget elementor-widget-cs_title\" data-id=\"7f5ac6c\" data-element_type=\"widget\" data-widget_type=\"cs_title.default\">\n\t\t\t\t<div class=\"elementor-widget-container\">\n\t\t\t\t\t\n        <div class=\"cs-title-wrap text-center\">\t            <div class=\"cs-subtitle-wrap\"><span class=\"cs-subtitle\">liens utiles<\/span><\/div>\t            <h4 class=\"cs-title\">\n\t                T\u00e9l\u00e9chargements\t            <\/h4>        <\/div>\t\t\t\t<\/div>\n\t\t\t\t<\/div>\n\t\t\t\t<div class=\"elementor-element elementor-element-30fbe84c elementor-widget elementor-widget-text-editor\" data-id=\"30fbe84c\" data-element_type=\"widget\" data-widget_type=\"text-editor.default\">\n\t\t\t\t<div class=\"elementor-widget-container\">\n\t\t\t\t\t\t\t\t\t<p style=\"text-align: center;\"><a href=\"http:\/\/www.achro.eu\/fr\/wp-content\/uploads\/2016\/04\/Cemcol.pdf\" rel=\"\">Fiche technique<br \/><\/a><a href=\"http:\/\/www.achro.eu\/fr\/wp-content\/uploads\/2016\/04\/fds-cemcol.pdf\" rel=\"\">Fiche de s\u00e9curit\u00e9<\/a><\/p>\t\t\t\t\t\t\t\t<\/div>\n\t\t\t\t<\/div>\n\t\t\t\t<div class=\"elementor-element elementor-element-68746245 elementor-align-center elementor-widget elementor-widget-cs_button\" data-id=\"68746245\" data-element_type=\"widget\" data-widget_type=\"cs_button.default\">\n\t\t\t\t<div class=\"elementor-widget-container\">\n\t\t\t\t\t        <a href=\"https:\/\/www.achrodeco.com\/produits-pour-beton-cire\/138-produit-de-ragreage-pour-beton-cire-indurit-gum.html\" class=\"elementor-button-link button\" role=\"button\">\n            <span class=\"cs-btn-text\">Acheter ce produit<\/span>        <\/a>\t\t\t\t<\/div>\n\t\t\t\t<\/div>\n\t\t\t\t<\/div>\n\t\t\t\t\t<\/div>\n\t\t\t\t<\/div>\n\t\t<div class=\"elementor-element elementor-element-2489a8d e-flex e-con-boxed e-con e-parent\" data-id=\"2489a8d\" data-element_type=\"container\">\n\t\t\t\t\t<div class=\"e-con-inner\">\n\t\t\t\t<div class=\"elementor-element elementor-element-3bc6b3d9 elementor-widget elementor-widget-text-editor\" data-id=\"3bc6b3d9\" data-element_type=\"widget\" data-widget_type=\"text-editor.default\">\n\t\t\t\t<div class=\"elementor-widget-container\">\n\t\t\t\t\t\t\t\t\t<h2 style=\"text-align: justify; font-size: 20px; color: #004f9f;\">Comment utiliser CEMCOL ?<\/h2><h3 style=\"text-align: justify;\">Quel support d\u2019accueil ? Comment le pr\u00e9parer ?<\/h3><p style=\"text-align: justify;\">Pour \u00eatre en mesure d\u2019accueillir le produit <em><strong>CEMCOL<\/strong><\/em>, le support devra disposer d\u2019une coh\u00e9sion interne sup\u00e9rieure \u00e0 1,5 Mpa au minimum.<\/p><p style=\"text-align: justify;\">En amont de l\u2019utilisation de <em><strong>CEMCOL<\/strong><\/em>, le support doit \u00eatre pr\u00e9par\u00e9. Il est notamment recommand\u00e9 de le raboter, de le nettoyer et de l\u2019humidifier. Attention tout de m\u00eame, il ne doit pas rester d\u2019exc\u00e8s d\u2019eau sur le support. Cette pr\u00e9paration doit \u00eatre r\u00e9alis\u00e9e, dans l\u2019id\u00e9al, la veille de l\u2019utilisation de <strong><em>CEMCOL<\/em><\/strong>.<\/p><h3 style=\"text-align: justify;\">Pr\u00e9paration de CEMCOL<\/h3><p style=\"text-align: justify;\">Afin de pouvoir \u00eatre utilis\u00e9, <em><strong>CEMCOL<\/strong><\/em> doit \u00eatre pr\u00e9par\u00e9. Pour cela, il est n\u00e9cessaire de m\u00e9langer la poudre <em><strong>CEMCOL<\/strong><\/em> avec de l\u2019eau propre. On m\u00e9langera donc les deux \u00e9l\u00e9ments dans un m\u00e9langeur adapt\u00e9 <em><strong>CEMCOL<\/strong><\/em> durant, au minimum, 3 minutes.<\/p><p style=\"text-align: justify;\">En ce qui concerne les quantit\u00e9s, 5.5 \u00e0 6 L d\u2019eau sont \u00e0 utiliser pour un sac de 20 kg de CEMCOL. Ce m\u00e9lange doit \u00eatre effectu\u00e9 \u00e0 l\u2019avancement du chantier et en aucun cas il ne faudra re-m\u00e9langer le produit avec de l\u2019eau.<\/p><h3 style=\"text-align: justify;\">Mise en \u0153uvre de CEMCOL<\/h3><p style=\"text-align: justify;\">Pour mettre en \u0153uvre le produit une fois celui-ci pr\u00e9par\u00e9, il est n\u00e9cessaire de l\u2019\u00e9taler \u00e0 l\u2019aide d\u2019un balai sur un support humide. Il est \u00e9galement possible de le faire en utilisant une pompe \u00e0 mortier. Quel que soit le moyen choisi pour \u00e9taler le produit, la quantit\u00e9 de <em><strong>CEMCOL<\/strong><\/em> \u00e0 utiliser est d\u2019au moins 2 kg\/m\u00b2.<\/p><p style=\"text-align: justify;\">Une fois la primaire d\u2019adh\u00e9rence r\u00e9partie sur le support et alors qu\u2019elle est encore poisseuse : rev\u00eatements, chapes, mortiers ou encore b\u00e9tons pourront \u00eatre mis en \u0153uvre. Dans le cas o\u00f9<\/p><p style=\"text-align: justify;\"><em><strong>CEMCOL<\/strong><\/em> ne serait plus poisseux il est possible de l\u2019humidifier et de r\u00e9it\u00e9rer l\u2019op\u00e9ration.<br \/><em><strong>CEMCOL<\/strong><\/em> ne doit en aucun cas \u00eatre utilis\u00e9 lorsqu\u2019il g\u00e8le ou qu\u2019il existe un risque de gel.<br \/>Le nettoyage du mat\u00e9riel peut se faire, tout simplement, \u00e0 l\u2019eau.<\/p><h2 style=\"text-align: justify; font-size: 20px; color: #004f9f;\">Pr\u00e9cautions d\u2019emploi<\/h2><p style=\"text-align: justify;\">L\u2019utilisation de liants hydrauliques, et donc de <strong><em>CEMCOL<\/em><\/strong>, engendre la n\u00e9cessit\u00e9 de prendre certaines pr\u00e9cautions lors de l\u2019utilisation.<\/p><p style=\"text-align: justify;\">La premi\u00e8re mesure \u00e0 mettre en \u0153uvre est de n\u2019utiliser <em><strong>CEMCOL<\/strong><\/em> que dans des locaux ventil\u00e9s. Malgr\u00e9 cela, le port d\u2019un masque reste indispensable lorsque le produit est utilis\u00e9.<\/p><p style=\"text-align: justify;\">Pour \u00e9viter tout contact avec les yeux et la peau, il est n\u00e9cessaire de porter des gants et des lunettes de protection. Si du produit est tout de m\u00eame projet\u00e9 dans les yeux de l\u2019utilisateur, le bon geste consiste \u00e0 rincer imm\u00e9diatement et abondamment les yeux avec de l\u2019eau. Un m\u00e9decin devra par la suite \u00eatre consult\u00e9.<\/p><p style=\"text-align: justify;\">Durant l\u2019emploi de <em><strong>CEMCOL<\/strong><\/em>, l\u2019utilisateur ne doit ni fumer, ni manger, ni boire.<br \/>Pour plus de renseignements, nous vous fournissons, \u00e0 la demande, la fiche de donn\u00e9es de s\u00e9curit\u00e9 du produit.<\/p><h2 style=\"text-align: justify; font-size: 20px; color: #004f9f;\">Conditionnement et stockage<\/h2><p style=\"text-align: justify;\"><em><strong>CEMCOL<\/strong><\/em> se pr\u00e9sente sous la forme d\u2019une poudre grise. Le produit est alors conditionn\u00e9 dans des sacs de 20 kg.<br \/>Si l\u2019emballage d\u2019origine n\u2019est pas d\u00e9grad\u00e9 ou ab\u00eem\u00e9, <em><strong>CEMCOL<\/strong><\/em> peut \u00eatre conserv\u00e9 dans un local temp\u00e9r\u00e9 durant une p\u00e9riode maximale de 6 mois.<\/p><h2 style=\"text-align: justify; font-size: 20px; color: #004f9f;\">Caract\u00e9ristiques physiques de CEMCOL<\/h2><p style=\"text-align: justify;\">La primaire d\u2019adh\u00e9rence <em><strong>CEMCOL<\/strong><\/em> a une densit\u00e9 apparente de 1,6.<br \/>La granulom\u00e9trie du produit est quant \u00e0 elle de 0\/0,5 mm.<br \/>La mesure d\u2019adh\u00e9rence de <em><strong>CEMCOL<\/strong><\/em> sur du b\u00e9ton normalis\u00e9 donne un r\u00e9sultat sup\u00e9rieur \u00e0 2,2 MPa.<br \/>Le produit est conforme \u00e0 la Norme NF EN 13813.<\/p>\t\t\t\t\t\t\t\t<\/div>\n\t\t\t\t<\/div>\n\t\t\t\t\t<\/div>\n\t\t\t\t<\/div>\n\t\t\t\t<\/div>\n\t\t","protected":false},"excerpt":{"rendered":"<p style=\"text-align: justify;\"><em><strong>CEMCOL<\/strong><\/em> est une primaire d\u2019adh\u00e9rence destin\u00e9e aux mortiers et aux b\u00e9tons.<\/p>\n<p style=\"text-align: justify;\">Les principaux \u00e9l\u00e9ments constitutifs de <em><strong>CEMCOL<\/strong><\/em> sont des liants hydrauliques modifi\u00e9s par des additifs et des r\u00e9sines \u00e0 tr\u00e8s hautes performances.<\/p>\n","protected":false},"featured_media":4469,"template":"","meta":[],"product_cat":[57],"product_tag":[],"class_list":{"0":"post-1304","1":"product","2":"type-product","3":"status-publish","4":"has-post-thumbnail","6":"product_cat-colles","8":"first","9":"instock","10":"featured","11":"shipping-taxable","12":"product-type-simple"},"yoast_head":"<!-- This site is optimized with the Yoast SEO plugin v24.3 - https:\/\/yoast.com\/wordpress\/plugins\/seo\/ -->\n<title>Primaire pour mortier et b\u00e9ton - produit pour les professionnels<\/title>\n<meta name=\"description\" content=\"Cemcol est un primaire \u00e0 appliquer avant la pose d&#039;un mortier ou d&#039;un b\u00e9ton. Cette colle assure une bonne adh\u00e9rence du produit sur le support.\" \/>\n<meta name=\"robots\" content=\"index, follow, max-snippet:-1, max-image-preview:large, max-video-preview:-1\" \/>\n<link rel=\"canonical\" href=\"https:\/\/www.achro.eu\/fr\/cemcol.html\" \/>\n<meta property=\"og:locale\" content=\"fr_FR\" \/>\n<meta property=\"og:type\" content=\"article\" \/>\n<meta property=\"og:title\" content=\"Primaire pour mortier et b\u00e9ton - produit pour les professionnels\" \/>\n<meta property=\"og:description\" content=\"Cemcol est un primaire \u00e0 appliquer avant la pose d&#039;un mortier ou d&#039;un b\u00e9ton. Cette colle assure une bonne adh\u00e9rence du produit sur le support.\" \/>\n<meta property=\"og:url\" content=\"https:\/\/www.achro.eu\/fr\/cemcol.html\" \/>\n<meta property=\"article:modified_time\" content=\"2025-03-26T20:09:14+00:00\" \/>\n<meta property=\"og:image\" content=\"http:\/\/www.achro.eu\/fr\/wp-content\/uploads\/2016\/04\/cemcol-sac.jpg\" \/>\n\t<meta property=\"og:image:width\" content=\"800\" \/>\n\t<meta property=\"og:image:height\" content=\"800\" \/>\n\t<meta property=\"og:image:type\" content=\"image\/jpeg\" \/>\n<meta name=\"twitter:card\" content=\"summary_large_image\" \/>\n<meta name=\"twitter:label1\" content=\"Dur\u00e9e de lecture estim\u00e9e\" \/>\n\t<meta name=\"twitter:data1\" content=\"4 minutes\" \/>\n<script type=\"application\/ld+json\" class=\"yoast-schema-graph\">{\"@context\":\"https:\/\/schema.org\",\"@graph\":[{\"@type\":\"WebPage\",\"@id\":\"https:\/\/www.achro.eu\/fr\/cemcol.html\",\"url\":\"https:\/\/www.achro.eu\/fr\/cemcol.html\",\"name\":\"Primaire pour mortier et b\u00e9ton - produit pour les professionnels\",\"isPartOf\":{\"@id\":\"https:\/\/www.achro.eu\/fr\/#website\"},\"primaryImageOfPage\":{\"@id\":\"https:\/\/www.achro.eu\/fr\/cemcol.html#primaryimage\"},\"image\":{\"@id\":\"https:\/\/www.achro.eu\/fr\/cemcol.html#primaryimage\"},\"thumbnailUrl\":\"https:\/\/www.achro.eu\/fr\/wp-content\/uploads\/2016\/04\/cemcol-sac.jpg\",\"datePublished\":\"2016-04-14T13:51:58+00:00\",\"dateModified\":\"2025-03-26T20:09:14+00:00\",\"description\":\"Cemcol est un primaire \u00e0 appliquer avant la pose d'un mortier ou d'un b\u00e9ton. Cette colle assure une bonne adh\u00e9rence du produit sur le support.\",\"inLanguage\":\"fr-FR\",\"potentialAction\":[{\"@type\":\"ReadAction\",\"target\":[\"https:\/\/www.achro.eu\/fr\/cemcol.html\"]}]},{\"@type\":\"ImageObject\",\"inLanguage\":\"fr-FR\",\"@id\":\"https:\/\/www.achro.eu\/fr\/cemcol.html#primaryimage\",\"url\":\"https:\/\/www.achro.eu\/fr\/wp-content\/uploads\/2016\/04\/cemcol-sac.jpg\",\"contentUrl\":\"https:\/\/www.achro.eu\/fr\/wp-content\/uploads\/2016\/04\/cemcol-sac.jpg\",\"width\":800,\"height\":800},{\"@type\":\"WebSite\",\"@id\":\"https:\/\/www.achro.eu\/fr\/#website\",\"url\":\"https:\/\/www.achro.eu\/fr\/\",\"name\":\"\",\"description\":\"\",\"potentialAction\":[{\"@type\":\"SearchAction\",\"target\":{\"@type\":\"EntryPoint\",\"urlTemplate\":\"https:\/\/www.achro.eu\/fr\/?s={search_term_string}\"},\"query-input\":{\"@type\":\"PropertyValueSpecification\",\"valueRequired\":true,\"valueName\":\"search_term_string\"}}],\"inLanguage\":\"fr-FR\"}]}<\/script>\n<!-- \/ Yoast SEO plugin. -->","yoast_head_json":{"title":"Primaire pour mortier et b\u00e9ton - produit pour les professionnels","description":"Cemcol est un primaire \u00e0 appliquer avant la pose d'un mortier ou d'un b\u00e9ton. Cette colle assure une bonne adh\u00e9rence du produit sur le support.","robots":{"index":"index","follow":"follow","max-snippet":"max-snippet:-1","max-image-preview":"max-image-preview:large","max-video-preview":"max-video-preview:-1"},"canonical":"https:\/\/www.achro.eu\/fr\/cemcol.html","og_locale":"fr_FR","og_type":"article","og_title":"Primaire pour mortier et b\u00e9ton - produit pour les professionnels","og_description":"Cemcol est un primaire \u00e0 appliquer avant la pose d'un mortier ou d'un b\u00e9ton. Cette colle assure une bonne adh\u00e9rence du produit sur le support.","og_url":"https:\/\/www.achro.eu\/fr\/cemcol.html","article_modified_time":"2025-03-26T20:09:14+00:00","og_image":[{"width":800,"height":800,"url":"http:\/\/www.achro.eu\/fr\/wp-content\/uploads\/2016\/04\/cemcol-sac.jpg","type":"image\/jpeg"}],"twitter_card":"summary_large_image","twitter_misc":{"Dur\u00e9e de lecture estim\u00e9e":"4 minutes"},"schema":{"@context":"https:\/\/schema.org","@graph":[{"@type":"WebPage","@id":"https:\/\/www.achro.eu\/fr\/cemcol.html","url":"https:\/\/www.achro.eu\/fr\/cemcol.html","name":"Primaire pour mortier et b\u00e9ton - produit pour les professionnels","isPartOf":{"@id":"https:\/\/www.achro.eu\/fr\/#website"},"primaryImageOfPage":{"@id":"https:\/\/www.achro.eu\/fr\/cemcol.html#primaryimage"},"image":{"@id":"https:\/\/www.achro.eu\/fr\/cemcol.html#primaryimage"},"thumbnailUrl":"https:\/\/www.achro.eu\/fr\/wp-content\/uploads\/2016\/04\/cemcol-sac.jpg","datePublished":"2016-04-14T13:51:58+00:00","dateModified":"2025-03-26T20:09:14+00:00","description":"Cemcol est un primaire \u00e0 appliquer avant la pose d'un mortier ou d'un b\u00e9ton. Cette colle assure une bonne adh\u00e9rence du produit sur le support.","inLanguage":"fr-FR","potentialAction":[{"@type":"ReadAction","target":["https:\/\/www.achro.eu\/fr\/cemcol.html"]}]},{"@type":"ImageObject","inLanguage":"fr-FR","@id":"https:\/\/www.achro.eu\/fr\/cemcol.html#primaryimage","url":"https:\/\/www.achro.eu\/fr\/wp-content\/uploads\/2016\/04\/cemcol-sac.jpg","contentUrl":"https:\/\/www.achro.eu\/fr\/wp-content\/uploads\/2016\/04\/cemcol-sac.jpg","width":800,"height":800},{"@type":"WebSite","@id":"https:\/\/www.achro.eu\/fr\/#website","url":"https:\/\/www.achro.eu\/fr\/","name":"","description":"","potentialAction":[{"@type":"SearchAction","target":{"@type":"EntryPoint","urlTemplate":"https:\/\/www.achro.eu\/fr\/?s={search_term_string}"},"query-input":{"@type":"PropertyValueSpecification","valueRequired":true,"valueName":"search_term_string"}}],"inLanguage":"fr-FR"}]}},"_links":{"self":[{"href":"https:\/\/www.achro.eu\/fr\/wp-json\/wp\/v2\/product\/1304"}],"collection":[{"href":"https:\/\/www.achro.eu\/fr\/wp-json\/wp\/v2\/product"}],"about":[{"href":"https:\/\/www.achro.eu\/fr\/wp-json\/wp\/v2\/types\/product"}],"version-history":[{"count":16,"href":"https:\/\/www.achro.eu\/fr\/wp-json\/wp\/v2\/product\/1304\/revisions"}],"predecessor-version":[{"id":5057,"href":"https:\/\/www.achro.eu\/fr\/wp-json\/wp\/v2\/product\/1304\/revisions\/5057"}],"wp:featuredmedia":[{"embeddable":true,"href":"https:\/\/www.achro.eu\/fr\/wp-json\/wp\/v2\/media\/4469"}],"wp:attachment":[{"href":"https:\/\/www.achro.eu\/fr\/wp-json\/wp\/v2\/media?parent=1304"}],"wp:term":[{"taxonomy":"product_cat","embeddable":true,"href":"https:\/\/www.achro.eu\/fr\/wp-json\/wp\/v2\/product_cat?post=1304"},{"taxonomy":"product_tag","embeddable":true,"href":"https:\/\/www.achro.eu\/fr\/wp-json\/wp\/v2\/product_tag?post=1304"}],"curies":[{"name":"wp","href":"https:\/\/api.w.org\/{rel}","templated":true}]}}