{"id":1301,"date":"2016-04-14T08:33:49","date_gmt":"2016-04-14T07:33:49","guid":{"rendered":"http:\/\/www.rcr-production-france.com\/2016\/achroprim.html"},"modified":"2025-03-26T21:09:39","modified_gmt":"2025-03-26T20:09:39","slug":"achro-latex","status":"publish","type":"product","link":"https:\/\/www.achro.eu\/fr\/achrolatex.html","title":{"rendered":"Achro Latex"},"content":{"rendered":"\t\t<div data-elementor-type=\"wp-post\" data-elementor-id=\"1301\" class=\"elementor elementor-1301\">\n\t\t\t\t<div class=\"elementor-element elementor-element-43604bd4 e-grid e-con-boxed e-con e-parent\" data-id=\"43604bd4\" data-element_type=\"container\">\n\t\t\t\t\t<div class=\"e-con-inner\">\n\t\t\t\t<div class=\"elementor-element elementor-element-30a7601f elementor-widget elementor-widget-text-editor\" data-id=\"30a7601f\" data-element_type=\"widget\" data-widget_type=\"text-editor.default\">\n\t\t\t\t<div class=\"elementor-widget-container\">\n\t\t\t\t\t\t\t\t\t<h2 style=\"text-align: justify; font-size: 20px; color: #004f9f;\"><strong>Une r\u00e9sine am\u00e9liorant la qualit\u00e9 d&rsquo;adh\u00e9rence des sols <\/strong><\/h2><p style=\"text-align: justify;\"><em><strong>Achro Latex<\/strong><\/em> est compos\u00e9 d&rsquo;une r\u00e9sine synth\u00e9tique offrant au sol sur lequel il est appliqu\u00e9 une meilleure adh\u00e9rence. Les mortiers et les b\u00e9tons b\u00e9n\u00e9ficiant d&rsquo;un produit tel que\u00a0<em><strong>Achro Latex<\/strong><\/em> deviennent plus r\u00e9sistants et plus flexibles.<\/p><p style=\"text-align: justify;\">L&rsquo;int\u00e9r\u00eat principale de cette r\u00e9sine de synth\u00e8se est l&rsquo;am\u00e9lioration des propri\u00e9t\u00e9s du support.<\/p>\t\t\t\t\t\t\t\t<\/div>\n\t\t\t\t<\/div>\n\t\t<div class=\"elementor-element elementor-element-73124ee3 e-con-full e-flex e-con e-child\" data-id=\"73124ee3\" data-element_type=\"container\" data-settings=\"{&quot;background_background&quot;:&quot;classic&quot;}\">\n\t\t\t\t<div class=\"elementor-element elementor-element-71223bb0 elementor-widget elementor-widget-cs_title\" data-id=\"71223bb0\" data-element_type=\"widget\" data-widget_type=\"cs_title.default\">\n\t\t\t\t<div class=\"elementor-widget-container\">\n\t\t\t\t\t\n        <div class=\"cs-title-wrap text-center\">\t            <div class=\"cs-subtitle-wrap\"><span class=\"cs-subtitle\">liens utiles<\/span><\/div>\t            <h4 class=\"cs-title\">\n\t                T\u00e9l\u00e9chargements\t            <\/h4>        <\/div>\t\t\t\t<\/div>\n\t\t\t\t<\/div>\n\t\t\t\t<div class=\"elementor-element elementor-element-701936c7 elementor-widget elementor-widget-text-editor\" data-id=\"701936c7\" data-element_type=\"widget\" data-widget_type=\"text-editor.default\">\n\t\t\t\t<div class=\"elementor-widget-container\">\n\t\t\t\t\t\t\t\t\t<p style=\"text-align: center;\">Fiche technique (sur demande)<br \/>Fiche de s\u00e9curit\u00e9 (sur demande)<\/p>\t\t\t\t\t\t\t\t<\/div>\n\t\t\t\t<\/div>\n\t\t\t\t<div class=\"elementor-element elementor-element-1e4b8d0e elementor-align-center elementor-widget elementor-widget-cs_button\" data-id=\"1e4b8d0e\" data-element_type=\"widget\" data-widget_type=\"cs_button.default\">\n\t\t\t\t<div class=\"elementor-widget-container\">\n\t\t\t\t\t        <a href=\"https:\/\/www.achrodeco.com\/additifs-beton\/82-achrolatex.html\" class=\"elementor-button-link button\" role=\"button\">\n            <span class=\"cs-btn-text\">Acheter ce produit<\/span>        <\/a>\t\t\t\t<\/div>\n\t\t\t\t<\/div>\n\t\t\t\t<\/div>\n\t\t\t\t\t<\/div>\n\t\t\t\t<\/div>\n\t\t<div class=\"elementor-element elementor-element-5dc46b04 e-flex e-con-boxed e-con e-parent\" data-id=\"5dc46b04\" data-element_type=\"container\">\n\t\t\t\t\t<div class=\"e-con-inner\">\n\t\t\t\t<div class=\"elementor-element elementor-element-37cac71e elementor-widget elementor-widget-text-editor\" data-id=\"37cac71e\" data-element_type=\"widget\" data-widget_type=\"text-editor.default\">\n\t\t\t\t<div class=\"elementor-widget-container\">\n\t\t\t\t\t\t\t\t\t<p style=\"text-align: justify;\">En effet,\u00a0<em><strong>Achro Latex<\/strong><\/em> permet \u00e0 la fois d&rsquo;augmenter l&rsquo;adh\u00e9rence, la flexibilit\u00e9 mais aussi l&rsquo;imperm\u00e9abilit\u00e9 du mortier ou du b\u00e9ton sur lequel il est appliqu\u00e9. Ce produit polyvalent convient donc \u00e0 de nombreux usages. Mais\u00a0<em><strong>Achro Latex<\/strong><\/em> am\u00e9liore aussi la r\u00e9sistance m\u00e9canique et \u00e0 l&rsquo;impact. La surface devient alors plus solide face aux sollicitations exerc\u00e9es par la traction ou la compression. Enfin,<\/p><p style=\"text-align: justify;\"><em><strong>Achro Latex<\/strong><\/em> prot\u00e8ge de la fissuration en rendant le mortier ou le b\u00e9ton plus plastique, plus mall\u00e9able. Cette derni\u00e8re action, en r\u00e9duisant la quantit\u00e9 d&rsquo;eau de g\u00e2chage durant le coulage du b\u00e9ton, et limite donc le risque de le voir se fissurer.<\/p><h2 style=\"text-align: justify; font-size: 20px; color: #004f9f;\"><strong>Achro Latex, une r\u00e9sine adapt\u00e9e \u00e0 de nombreux supports <\/strong><\/h2><p style=\"text-align: justify;\">Cette dispersion aqueuse est particuli\u00e8rement adapt\u00e9e pour formuler une barbotine d&rsquo;accrochage pour les chapes, coulis ou enduits.\u00a0<em><strong>Achro Latex<\/strong><\/em> peut \u00e9galement \u00eatre utilis\u00e9 pour renforcer le b\u00e9ton con\u00e7u \u00e0 partir de liants hydrauliques.<\/p><p style=\"text-align: justify;\">Mais\u00a0<em><strong>Achro Latex<\/strong><\/em> est \u00e9galement efficace pour am\u00e9liorer les chapes minces ou anti-usure ou pour reprendre des \u00e9paufrures en mauvais \u00e9tant. Enfin, produit est notamment recommand\u00e9 pour r\u00e9aliser des joints de ma\u00e7onnerie ou pour reprendre un b\u00e9tonnage, afin de garantir la meilleure protection possible \u00e0 l&rsquo;ouvrage r\u00e9alis\u00e9.<\/p><h2 style=\"text-align: justify; font-size: 20px; color: #004f9f;\"><strong>Une mise en \u0153uvre simple pour un produit efficace <\/strong><\/h2><p style=\"text-align: justify;\"><em><strong>Achro Latex<\/strong><\/em> est non seulement une r\u00e9sine relativement efficace, mais sa mise en oeuvre est particuli\u00e8rement simple. Voici les principales \u00e9tapes \u00e0 suivre afin de b\u00e9n\u00e9ficier de toutes les avantages de ce produit de fa\u00e7on optimale.<\/p><p style=\"text-align: justify;\">Premi\u00e8rement, il convient de pr\u00e9parer le support destin\u00e9 \u00e0 recevoir <em><strong>Achro Latex<\/strong><\/em>. Celui-ci doit \u00eatre lav\u00e9 afin d&rsquo;\u00eatre exempt de toute salet\u00e9. Toutefois, la surface ne doit pas \u00eatre s\u00e8che, mais l\u00e9g\u00e8rement humide. Si tel n&rsquo;est pas le cas, il est possible de l&rsquo;humidifier l\u00e9g\u00e8rement gr\u00e2ce \u00e0 une \u00e9ponge ou un linge mouill\u00e9. L&rsquo;humidit\u00e9 garantit en effet une meilleure action de la r\u00e9sine.<\/p><p style=\"text-align: justify;\">Ensuite, on proc\u00e8de \u00e0 la r\u00e9alisation de la couche d&rsquo;accrochage. Il suffit pour cela de pr\u00e9parer un m\u00e9lange dont les proportions sont d&rsquo;un volume de <em><strong>Achro Latex<\/strong><\/em> pour 2 volumes d&rsquo;eau. Puis, on ajoute cette solution \u00e0 1 volume de ciment et 1 volume de sable dont la granulom\u00e9trie devra \u00eatre comprise entre 0 et 2 mm. Une fois cette pr\u00e9paration effectu\u00e9e, on l&rsquo;applique sur le support \u00e0 l&rsquo;aide d&rsquo;un simple balai.<\/p><p style=\"text-align: justify;\">Enfin, on coule la chape. Celle-ci doit \u00eatre r\u00e9alis\u00e9e avec les proportions suivantes : 1 volume de r\u00e9sine pour 3 volumes d&rsquo;eau, 1 de ciment et 2 de sable (de granulom\u00e9trie 0\/3 mm). Elle doit \u00eatre \u00e9tal\u00e9e quand la couche d&rsquo;accrochage est encore humide. Enfin, pulv\u00e9riser Achrocure sur la surface taloch\u00e9e et liss\u00e9e afin d&rsquo;optimiser la protection.<\/p>\t\t\t\t\t\t\t\t<\/div>\n\t\t\t\t<\/div>\n\t\t\t\t\t<\/div>\n\t\t\t\t<\/div>\n\t\t\t\t<\/div>\n\t\t","protected":false},"excerpt":{"rendered":"<p style=\"text-align: justify;\"><em><strong>Achro Latex<\/strong><\/em> est une r\u00e9sine permettant une meilleure adh\u00e9rence au sol.<\/p>\n<p style=\"text-align: justify;\">Se pr\u00e9sentant sous la forme d&rsquo;une dispersion aqueuse, ce produit est destin\u00e9 aux surfaces en mortier ou en b\u00e9ton.<\/p>\n","protected":false},"featured_media":4447,"template":"","meta":[],"product_cat":[57],"product_tag":[],"class_list":{"0":"post-1301","1":"product","2":"type-product","3":"status-publish","4":"has-post-thumbnail","6":"product_cat-colles","8":"first","9":"instock","10":"featured","11":"shipping-taxable","12":"product-type-simple"},"yoast_head":"<!-- This site is optimized with the Yoast SEO plugin v24.3 - https:\/\/yoast.com\/wordpress\/plugins\/seo\/ -->\n<title>Produit d&#039;adh\u00e9rence pour dallage b\u00e9ton industriel<\/title>\n<meta name=\"description\" content=\"Chape d&#039;adh\u00e9rence pour b\u00e9ton plus adh\u00e9rent. Cet additif peut \u00eatre m\u00e9langer directement avec le b\u00e9ton ce qui lui conf\u00e8re une solidit\u00e9 suppl\u00e9mentaire.\" \/>\n<meta name=\"robots\" content=\"index, follow, max-snippet:-1, max-image-preview:large, max-video-preview:-1\" \/>\n<link rel=\"canonical\" href=\"https:\/\/www.achro.eu\/fr\/achrolatex.html\" \/>\n<meta property=\"og:locale\" content=\"fr_FR\" \/>\n<meta property=\"og:type\" content=\"article\" \/>\n<meta property=\"og:title\" content=\"Produit d&#039;adh\u00e9rence pour dallage b\u00e9ton industriel\" \/>\n<meta property=\"og:description\" content=\"Chape d&#039;adh\u00e9rence pour b\u00e9ton plus adh\u00e9rent. Cet additif peut \u00eatre m\u00e9langer directement avec le b\u00e9ton ce qui lui conf\u00e8re une solidit\u00e9 suppl\u00e9mentaire.\" \/>\n<meta property=\"og:url\" content=\"https:\/\/www.achro.eu\/fr\/achrolatex.html\" \/>\n<meta property=\"article:modified_time\" content=\"2025-03-26T20:09:39+00:00\" \/>\n<meta property=\"og:image\" content=\"http:\/\/www.achro.eu\/fr\/wp-content\/uploads\/2016\/04\/bidon-20l-achro.jpg\" \/>\n\t<meta property=\"og:image:width\" content=\"800\" \/>\n\t<meta property=\"og:image:height\" content=\"800\" \/>\n\t<meta property=\"og:image:type\" content=\"image\/jpeg\" \/>\n<meta name=\"twitter:card\" content=\"summary_large_image\" \/>\n<meta name=\"twitter:label1\" content=\"Dur\u00e9e de lecture estim\u00e9e\" \/>\n\t<meta name=\"twitter:data1\" content=\"3 minutes\" \/>\n<script type=\"application\/ld+json\" class=\"yoast-schema-graph\">{\"@context\":\"https:\/\/schema.org\",\"@graph\":[{\"@type\":\"WebPage\",\"@id\":\"https:\/\/www.achro.eu\/fr\/achrolatex.html\",\"url\":\"https:\/\/www.achro.eu\/fr\/achrolatex.html\",\"name\":\"Produit d'adh\u00e9rence pour dallage b\u00e9ton industriel\",\"isPartOf\":{\"@id\":\"https:\/\/www.achro.eu\/fr\/#website\"},\"primaryImageOfPage\":{\"@id\":\"https:\/\/www.achro.eu\/fr\/achrolatex.html#primaryimage\"},\"image\":{\"@id\":\"https:\/\/www.achro.eu\/fr\/achrolatex.html#primaryimage\"},\"thumbnailUrl\":\"https:\/\/www.achro.eu\/fr\/wp-content\/uploads\/2016\/04\/bidon-20l-achro.jpg\",\"datePublished\":\"2016-04-14T07:33:49+00:00\",\"dateModified\":\"2025-03-26T20:09:39+00:00\",\"description\":\"Chape d'adh\u00e9rence pour b\u00e9ton plus adh\u00e9rent. Cet additif peut \u00eatre m\u00e9langer directement avec le b\u00e9ton ce qui lui conf\u00e8re une solidit\u00e9 suppl\u00e9mentaire.\",\"inLanguage\":\"fr-FR\",\"potentialAction\":[{\"@type\":\"ReadAction\",\"target\":[\"https:\/\/www.achro.eu\/fr\/achrolatex.html\"]}]},{\"@type\":\"ImageObject\",\"inLanguage\":\"fr-FR\",\"@id\":\"https:\/\/www.achro.eu\/fr\/achrolatex.html#primaryimage\",\"url\":\"https:\/\/www.achro.eu\/fr\/wp-content\/uploads\/2016\/04\/bidon-20l-achro.jpg\",\"contentUrl\":\"https:\/\/www.achro.eu\/fr\/wp-content\/uploads\/2016\/04\/bidon-20l-achro.jpg\",\"width\":800,\"height\":800},{\"@type\":\"WebSite\",\"@id\":\"https:\/\/www.achro.eu\/fr\/#website\",\"url\":\"https:\/\/www.achro.eu\/fr\/\",\"name\":\"\",\"description\":\"\",\"potentialAction\":[{\"@type\":\"SearchAction\",\"target\":{\"@type\":\"EntryPoint\",\"urlTemplate\":\"https:\/\/www.achro.eu\/fr\/?s={search_term_string}\"},\"query-input\":{\"@type\":\"PropertyValueSpecification\",\"valueRequired\":true,\"valueName\":\"search_term_string\"}}],\"inLanguage\":\"fr-FR\"}]}<\/script>\n<!-- \/ Yoast SEO plugin. -->","yoast_head_json":{"title":"Produit d'adh\u00e9rence pour dallage b\u00e9ton industriel","description":"Chape d'adh\u00e9rence pour b\u00e9ton plus adh\u00e9rent. Cet additif peut \u00eatre m\u00e9langer directement avec le b\u00e9ton ce qui lui conf\u00e8re une solidit\u00e9 suppl\u00e9mentaire.","robots":{"index":"index","follow":"follow","max-snippet":"max-snippet:-1","max-image-preview":"max-image-preview:large","max-video-preview":"max-video-preview:-1"},"canonical":"https:\/\/www.achro.eu\/fr\/achrolatex.html","og_locale":"fr_FR","og_type":"article","og_title":"Produit d'adh\u00e9rence pour dallage b\u00e9ton industriel","og_description":"Chape d'adh\u00e9rence pour b\u00e9ton plus adh\u00e9rent. Cet additif peut \u00eatre m\u00e9langer directement avec le b\u00e9ton ce qui lui conf\u00e8re une solidit\u00e9 suppl\u00e9mentaire.","og_url":"https:\/\/www.achro.eu\/fr\/achrolatex.html","article_modified_time":"2025-03-26T20:09:39+00:00","og_image":[{"width":800,"height":800,"url":"http:\/\/www.achro.eu\/fr\/wp-content\/uploads\/2016\/04\/bidon-20l-achro.jpg","type":"image\/jpeg"}],"twitter_card":"summary_large_image","twitter_misc":{"Dur\u00e9e de lecture estim\u00e9e":"3 minutes"},"schema":{"@context":"https:\/\/schema.org","@graph":[{"@type":"WebPage","@id":"https:\/\/www.achro.eu\/fr\/achrolatex.html","url":"https:\/\/www.achro.eu\/fr\/achrolatex.html","name":"Produit d'adh\u00e9rence pour dallage b\u00e9ton industriel","isPartOf":{"@id":"https:\/\/www.achro.eu\/fr\/#website"},"primaryImageOfPage":{"@id":"https:\/\/www.achro.eu\/fr\/achrolatex.html#primaryimage"},"image":{"@id":"https:\/\/www.achro.eu\/fr\/achrolatex.html#primaryimage"},"thumbnailUrl":"https:\/\/www.achro.eu\/fr\/wp-content\/uploads\/2016\/04\/bidon-20l-achro.jpg","datePublished":"2016-04-14T07:33:49+00:00","dateModified":"2025-03-26T20:09:39+00:00","description":"Chape d'adh\u00e9rence pour b\u00e9ton plus adh\u00e9rent. Cet additif peut \u00eatre m\u00e9langer directement avec le b\u00e9ton ce qui lui conf\u00e8re une solidit\u00e9 suppl\u00e9mentaire.","inLanguage":"fr-FR","potentialAction":[{"@type":"ReadAction","target":["https:\/\/www.achro.eu\/fr\/achrolatex.html"]}]},{"@type":"ImageObject","inLanguage":"fr-FR","@id":"https:\/\/www.achro.eu\/fr\/achrolatex.html#primaryimage","url":"https:\/\/www.achro.eu\/fr\/wp-content\/uploads\/2016\/04\/bidon-20l-achro.jpg","contentUrl":"https:\/\/www.achro.eu\/fr\/wp-content\/uploads\/2016\/04\/bidon-20l-achro.jpg","width":800,"height":800},{"@type":"WebSite","@id":"https:\/\/www.achro.eu\/fr\/#website","url":"https:\/\/www.achro.eu\/fr\/","name":"","description":"","potentialAction":[{"@type":"SearchAction","target":{"@type":"EntryPoint","urlTemplate":"https:\/\/www.achro.eu\/fr\/?s={search_term_string}"},"query-input":{"@type":"PropertyValueSpecification","valueRequired":true,"valueName":"search_term_string"}}],"inLanguage":"fr-FR"}]}},"_links":{"self":[{"href":"https:\/\/www.achro.eu\/fr\/wp-json\/wp\/v2\/product\/1301"}],"collection":[{"href":"https:\/\/www.achro.eu\/fr\/wp-json\/wp\/v2\/product"}],"about":[{"href":"https:\/\/www.achro.eu\/fr\/wp-json\/wp\/v2\/types\/product"}],"version-history":[{"count":16,"href":"https:\/\/www.achro.eu\/fr\/wp-json\/wp\/v2\/product\/1301\/revisions"}],"predecessor-version":[{"id":5060,"href":"https:\/\/www.achro.eu\/fr\/wp-json\/wp\/v2\/product\/1301\/revisions\/5060"}],"wp:featuredmedia":[{"embeddable":true,"href":"https:\/\/www.achro.eu\/fr\/wp-json\/wp\/v2\/media\/4447"}],"wp:attachment":[{"href":"https:\/\/www.achro.eu\/fr\/wp-json\/wp\/v2\/media?parent=1301"}],"wp:term":[{"taxonomy":"product_cat","embeddable":true,"href":"https:\/\/www.achro.eu\/fr\/wp-json\/wp\/v2\/product_cat?post=1301"},{"taxonomy":"product_tag","embeddable":true,"href":"https:\/\/www.achro.eu\/fr\/wp-json\/wp\/v2\/product_tag?post=1301"}],"curies":[{"name":"wp","href":"https:\/\/api.w.org\/{rel}","templated":true}]}}