{"id":1298,"date":"2016-04-14T08:23:49","date_gmt":"2016-04-14T07:23:49","guid":{"rendered":"http:\/\/www.rcr-production-france.com\/2016\/achro-plast-55.html"},"modified":"2025-03-26T21:09:51","modified_gmt":"2025-03-26T20:09:51","slug":"achroprim","status":"publish","type":"product","link":"https:\/\/www.achro.eu\/fr\/achroprim.html","title":{"rendered":"AchroPrim"},"content":{"rendered":"\t\t<div data-elementor-type=\"wp-post\" data-elementor-id=\"1298\" class=\"elementor elementor-1298\">\n\t\t\t\t<div class=\"elementor-element elementor-element-1f9b3836 e-grid e-con-boxed e-con e-parent\" data-id=\"1f9b3836\" data-element_type=\"container\">\n\t\t\t\t\t<div class=\"e-con-inner\">\n\t\t\t\t<div class=\"elementor-element elementor-element-48ad0bb elementor-widget elementor-widget-text-editor\" data-id=\"48ad0bb\" data-element_type=\"widget\" data-widget_type=\"text-editor.default\">\n\t\t\t\t<div class=\"elementor-widget-container\">\n\t\t\t\t\t\t\t\t\t<h2 style=\"text-align: justify; font-size: 20px; color: #004f9f;\">Qu\u2019est-ce qu\u2019AchroPrim ?<\/h2><div style=\"text-align: justify;\"><p>Diff\u00e9rents types de collages peuvent \u00eatre r\u00e9alis\u00e9s \u00e0 l\u2019aide d\u2019<em><strong>Achroprim<\/strong><\/em>. En premier lieu, la colle peut servir \u00e0 couler un b\u00e9ton frais sur un b\u00e9ton ancien (durci). Cela concerne aussi bien les reprises de b\u00e9tonnage que les r\u00e9parations d\u2019\u00e9paufrures, les collages de chapes minces ou encore les coulis. <em><strong><a href=\"https:\/\/www.achrodeco.com\/additifs-beton\/98-achroprim.html\">Achroprim<\/a><\/strong><\/em> peut \u00e9galement \u00eatre utilis\u00e9 pour les renforcements et scellements sur b\u00e9ton. On peut notamment citer le renforcement ou le scellement d\u2019ouvrages d\u2019art, de poteaux, de poutres, de canaux ou encore de dallages.<\/p><p>Quelle que soit l\u2019utilisation qui est faite de la colle, ses deux composants sont uniquement pr\u00e9vus pour une utilisation sur des surfaces horizontales.<\/p><\/div>\t\t\t\t\t\t\t\t<\/div>\n\t\t\t\t<\/div>\n\t\t<div class=\"elementor-element elementor-element-651d9c5e e-con-full e-flex e-con e-child\" data-id=\"651d9c5e\" data-element_type=\"container\" data-settings=\"{&quot;background_background&quot;:&quot;classic&quot;}\">\n\t\t\t\t<div class=\"elementor-element elementor-element-641929cc elementor-widget elementor-widget-cs_title\" data-id=\"641929cc\" data-element_type=\"widget\" data-widget_type=\"cs_title.default\">\n\t\t\t\t<div class=\"elementor-widget-container\">\n\t\t\t\t\t\n        <div class=\"cs-title-wrap text-center\">\t            <div class=\"cs-subtitle-wrap\"><span class=\"cs-subtitle\">liens utiles<\/span><\/div>\t            <h4 class=\"cs-title\">\n\t                T\u00e9l\u00e9chargements\t            <\/h4>        <\/div>\t\t\t\t<\/div>\n\t\t\t\t<\/div>\n\t\t\t\t<div class=\"elementor-element elementor-element-76e40796 elementor-widget elementor-widget-text-editor\" data-id=\"76e40796\" data-element_type=\"widget\" data-widget_type=\"text-editor.default\">\n\t\t\t\t<div class=\"elementor-widget-container\">\n\t\t\t\t\t\t\t\t\t<p style=\"text-align: center;\"><a href=\"http:\/\/www.achro.eu\/fr\/wp-content\/uploads\/2016\/04\/Achroprim.pdf\" rel=\"\">Fiche technique<\/a><br \/><a href=\"http:\/\/www.achro.eu\/fr\/wp-content\/uploads\/2016\/04\/fds-achro-prim-durcisseur.pdf\" rel=\"\">Fiche de s\u00e9curit\u00e9 du durcisseur<\/a><br \/><a href=\"http:\/\/www.achro.eu\/fr\/wp-content\/uploads\/2016\/04\/fds-achro-prim-resine.pdf\" rel=\"\">Fiche s\u00e9curit\u00e9 r\u00e9sine<\/a><\/p>\t\t\t\t\t\t\t\t<\/div>\n\t\t\t\t<\/div>\n\t\t\t\t<div class=\"elementor-element elementor-element-12380ecc elementor-align-center elementor-widget elementor-widget-cs_button\" data-id=\"12380ecc\" data-element_type=\"widget\" data-widget_type=\"cs_button.default\">\n\t\t\t\t<div class=\"elementor-widget-container\">\n\t\t\t\t\t        <a href=\"https:\/\/www.achrodeco.com\/additifs-beton\/98-achroprim.html\" class=\"elementor-button-link button\" role=\"button\">\n            <span class=\"cs-btn-text\">Acheter ce produit<\/span>        <\/a>\t\t\t\t<\/div>\n\t\t\t\t<\/div>\n\t\t\t\t<\/div>\n\t\t\t\t\t<\/div>\n\t\t\t\t<\/div>\n\t\t<div class=\"elementor-element elementor-element-6b630611 e-flex e-con-boxed e-con e-parent\" data-id=\"6b630611\" data-element_type=\"container\">\n\t\t\t\t\t<div class=\"e-con-inner\">\n\t\t\t\t<div class=\"elementor-element elementor-element-272c0866 elementor-widget elementor-widget-text-editor\" data-id=\"272c0866\" data-element_type=\"widget\" data-widget_type=\"text-editor.default\">\n\t\t\t\t<div class=\"elementor-widget-container\">\n\t\t\t\t\t\t\t\t\t<div style=\"text-align: justify;\"><h2 style=\"text-align: justify; font-size: 20px; color: #004f9f;\">Comment utiliser AchroPrim<\/h2><h3>Pr\u00e9paration du dallage b\u00e9ton<\/h3><p>Avant d\u2019utiliser <em><strong>Achroprim<\/strong><\/em>, il est essentiel de d\u00e9graisser, scarifier par grenaillage ou rabotage, nettoyer et s\u00e9cher les dallages b\u00e9ton de ciment anciens. Pour ce qui est des dallages de b\u00e9ton de ciment neufs, ils ne doivent pas \u00eatre liss\u00e9s ou glac\u00e9s. Que les dallages b\u00e9ton de ciment soient anciens ou neufs, avant de mettre en \u0153uvre <em><strong>Achroprim<\/strong><\/em> ils doivent \u00eatre propres et ne comporter aucun produit r\u00e9duisant l\u2019adh\u00e9rence comme l\u2019huile ou la graisse.<\/p><h3>Pr\u00e9paration et application d\u2019AchroPrim<\/h3><p>Une fois le dallage b\u00e9ton pr\u00eat \u00e0 accueillir le produit, celui-ci doit \u00eatre m\u00e9lang\u00e9. Le composant B doit alors \u00eatre vers\u00e9 en int\u00e9gralit\u00e9 dans le composant A. Le m\u00e9lange devra ensuite \u00eatre fait \u00e0 vitesse lente, \u00e0 l\u2019aide d\u2019un agitateur m\u00e9canique. Il sera pr\u00eat d\u00e8s l\u2019obtention d\u2019une p\u00e2te homog\u00e8ne qui pourra alors \u00eatre appliqu\u00e9e directement sur le support gr\u00e2ce \u00e0 un rouleau. On l\u2019appliquera au fur et \u00e0 mesure de l\u2019avancement du coulage de la chape ou bien du b\u00e9ton, lors du coulage <em><strong>Achroprim<\/strong><\/em> devra \u00eatre encore poisseux.<\/p><p>La dose de produit \u00e0 utiliser d\u00e9pendra de l\u2019\u00e9tat du support. Elle peut ainsi varier de 0,5 \u00e0 0,8 kg\/m\u00b2. <strong><em>Achroprim<\/em><\/strong> ne doit \u00eatre utilis\u00e9 que si la temp\u00e9rature est au minimum de 5\u00b0C et au maximum de 30\u00b0C. Si la temp\u00e9rature est de 20\u00b0C, les caract\u00e9ristiques optimales du produit sont obtenues apr\u00e8s 48 heures. Toujours \u00e0 une temp\u00e9rature de 20\u00b0C, le produit est sec apr\u00e8s 6 heures, la dur\u00e9e de durcissement double si l\u2019on divise la temp\u00e9rature par 2.<\/p><h3>Pr\u00e9cautions d\u2019emploi<\/h3><p>Comme toutes pour toutes les r\u00e9sines, l\u2019utilisation d\u2019Achroprim exige le respect de certaines pr\u00e9cautions d\u2019emploi. La premi\u00e8re \u00e9tant d\u2019\u00e9viter tout contact avec la peau ou les yeux. Si le produit entre en contact avec les yeux, il est n\u00e9cessaire de rincer abondamment \u00e0 l\u2019eau puis de contacter un m\u00e9decin imm\u00e9diatement.<br \/><strong><em>Achroprim<\/em><\/strong> ne doit pas \u00eatre ing\u00e9r\u00e9, il ne doit donc \u00eatre ni mang\u00e9 ni bu.<\/p><h2 style=\"text-align: justify; font-size: 20px; color: #004f9f;\">Conditionnement et stockage d\u2019AchroPrim<\/h2><p><em><strong>Achroprim<\/strong><\/em> est conditionn\u00e9 sous forme de kits (composants A et B) de 5 kg ou bien de kits de 25 kg.<br \/>Les kits, conserv\u00e9s sans leur emballage d\u2019origine, si celui n\u2019est pas ab\u00eem\u00e9, peuvent \u00eatre stock\u00e9s jusqu\u2019\u00e0 6 mois. Le stockage devra se faire au sein d\u2019un local clos et prot\u00e9g\u00e9 de l\u2019humidit\u00e9 ainsi que du gel.<\/p><h2 style=\"text-align: justify; font-size: 20px; color: #004f9f;\">Caract\u00e9ristiques techniques d\u2019AchroPrim<\/h2><p>La r\u00e9sine bi-composants <em><strong>Achroprim<\/strong><\/em> dispose d\u2019une densit\u00e9 situ\u00e9e entre 1,04 et 1,08 lorsque les deux composants sont m\u00e9lang\u00e9s (A+B). De m\u00eame, lorsque les deux composants sont m\u00e9lang\u00e9s, le produit affiche une viscosit\u00e9 de 850 \u00e0 100 mPa.s soit 850 \u00e0 100 cP.<\/p><p><em><strong>Achroprim<\/strong><\/em> comporte un extrait sec en volume de 100%.<\/p><p>La colle n\u2019est inflammable que lorsque la temp\u00e9rature d\u00e9passe les 100\u00b0C.<\/p><p><em><strong>Achroprim<\/strong><\/em> doit \u00eatre utilis\u00e9e durant les 20 minutes faisant suite \u00e0 sa pr\u00e9paration, et donc au m\u00e9lange, si la temp\u00e9rature se situe aux alentours de 20\u00b0C. Sa D.P.U. est donc de 20 min \u00e0 environ 20\u00b0C.<br \/>Une fois utilis\u00e9e, la colle <strong><em>Achroprim<\/em><\/strong> est apte au trafic d\u00e8s 24 heures apr\u00e8s l\u2019application.<\/p><\/div>\t\t\t\t\t\t\t\t<\/div>\n\t\t\t\t<\/div>\n\t\t\t\t\t<\/div>\n\t\t\t\t<\/div>\n\t\t\t\t<\/div>\n\t\t","protected":false},"excerpt":{"rendered":"<p style=\"text-align: justify;\"><em><strong>Achroprim<\/strong><\/em> est une <a href=\"https:\/\/www.achrodeco.com\/additifs-beton\/98-achroprim.html\">colle \u00e9poxy pour les b\u00e9tons<\/a> et les chapes. Elle est constitu\u00e9e au moment de l\u2019emploi par le m\u00e9lange de deux composants ne contenant pas de solvant.<\/p>\n<p style=\"text-align: justify;\">Les excellentes propri\u00e9t\u00e9s d\u2019adh\u00e9rence d\u2019<em><strong>Achroprim<\/strong><\/em> en font un mat\u00e9riau id\u00e9al pour les reprises de b\u00e9tonnage, y compris sur des surface l\u00e9g\u00e8rement humides.<\/p>\n","protected":false},"featured_media":4661,"template":"","meta":[],"product_cat":[57],"product_tag":[],"class_list":{"0":"post-1298","1":"product","2":"type-product","3":"status-publish","4":"has-post-thumbnail","6":"product_cat-colles","8":"first","9":"instock","10":"featured","11":"shipping-taxable","12":"product-type-simple"},"yoast_head":"<!-- This site is optimized with the Yoast SEO plugin v24.3 - https:\/\/yoast.com\/wordpress\/plugins\/seo\/ -->\n<title>R\u00e9sine primaire et colle pour b\u00e9ton, mortier et ciment<\/title>\n<meta name=\"description\" content=\"AchroPrim est une r\u00e9sine bi-composant primaire d&#039;accrochage. Ce produit permet de coller ou r\u00e9parer une chape peu importe le support.\" \/>\n<meta name=\"robots\" content=\"index, follow, max-snippet:-1, max-image-preview:large, max-video-preview:-1\" \/>\n<link rel=\"canonical\" href=\"https:\/\/www.achro.eu\/fr\/achroprim.html\" \/>\n<meta property=\"og:locale\" content=\"fr_FR\" \/>\n<meta property=\"og:type\" content=\"article\" \/>\n<meta property=\"og:title\" content=\"R\u00e9sine primaire et colle pour b\u00e9ton, mortier et ciment\" \/>\n<meta property=\"og:description\" content=\"AchroPrim est une r\u00e9sine bi-composant primaire d&#039;accrochage. Ce produit permet de coller ou r\u00e9parer une chape peu importe le support.\" \/>\n<meta property=\"og:url\" content=\"https:\/\/www.achro.eu\/fr\/achroprim.html\" \/>\n<meta property=\"article:modified_time\" content=\"2025-03-26T20:09:51+00:00\" \/>\n<meta property=\"og:image\" content=\"http:\/\/www.achro.eu\/fr\/wp-content\/uploads\/2016\/04\/kit-colle-epoxy-achro.jpg\" \/>\n\t<meta property=\"og:image:width\" content=\"1000\" \/>\n\t<meta property=\"og:image:height\" content=\"1000\" \/>\n\t<meta property=\"og:image:type\" content=\"image\/jpeg\" \/>\n<meta name=\"twitter:card\" content=\"summary_large_image\" \/>\n<meta name=\"twitter:label1\" content=\"Dur\u00e9e de lecture estim\u00e9e\" \/>\n\t<meta name=\"twitter:data1\" content=\"4 minutes\" \/>\n<script type=\"application\/ld+json\" class=\"yoast-schema-graph\">{\"@context\":\"https:\/\/schema.org\",\"@graph\":[{\"@type\":\"WebPage\",\"@id\":\"https:\/\/www.achro.eu\/fr\/achroprim.html\",\"url\":\"https:\/\/www.achro.eu\/fr\/achroprim.html\",\"name\":\"R\u00e9sine primaire et colle pour b\u00e9ton, mortier et ciment\",\"isPartOf\":{\"@id\":\"https:\/\/www.achro.eu\/fr\/#website\"},\"primaryImageOfPage\":{\"@id\":\"https:\/\/www.achro.eu\/fr\/achroprim.html#primaryimage\"},\"image\":{\"@id\":\"https:\/\/www.achro.eu\/fr\/achroprim.html#primaryimage\"},\"thumbnailUrl\":\"https:\/\/www.achro.eu\/fr\/wp-content\/uploads\/2016\/04\/kit-colle-epoxy-achro.jpg\",\"datePublished\":\"2016-04-14T07:23:49+00:00\",\"dateModified\":\"2025-03-26T20:09:51+00:00\",\"description\":\"AchroPrim est une r\u00e9sine bi-composant primaire d'accrochage. Ce produit permet de coller ou r\u00e9parer une chape peu importe le support.\",\"inLanguage\":\"fr-FR\",\"potentialAction\":[{\"@type\":\"ReadAction\",\"target\":[\"https:\/\/www.achro.eu\/fr\/achroprim.html\"]}]},{\"@type\":\"ImageObject\",\"inLanguage\":\"fr-FR\",\"@id\":\"https:\/\/www.achro.eu\/fr\/achroprim.html#primaryimage\",\"url\":\"https:\/\/www.achro.eu\/fr\/wp-content\/uploads\/2016\/04\/kit-colle-epoxy-achro.jpg\",\"contentUrl\":\"https:\/\/www.achro.eu\/fr\/wp-content\/uploads\/2016\/04\/kit-colle-epoxy-achro.jpg\",\"width\":1000,\"height\":1000},{\"@type\":\"WebSite\",\"@id\":\"https:\/\/www.achro.eu\/fr\/#website\",\"url\":\"https:\/\/www.achro.eu\/fr\/\",\"name\":\"\",\"description\":\"\",\"potentialAction\":[{\"@type\":\"SearchAction\",\"target\":{\"@type\":\"EntryPoint\",\"urlTemplate\":\"https:\/\/www.achro.eu\/fr\/?s={search_term_string}\"},\"query-input\":{\"@type\":\"PropertyValueSpecification\",\"valueRequired\":true,\"valueName\":\"search_term_string\"}}],\"inLanguage\":\"fr-FR\"}]}<\/script>\n<!-- \/ Yoast SEO plugin. -->","yoast_head_json":{"title":"R\u00e9sine primaire et colle pour b\u00e9ton, mortier et ciment","description":"AchroPrim est une r\u00e9sine bi-composant primaire d'accrochage. Ce produit permet de coller ou r\u00e9parer une chape peu importe le support.","robots":{"index":"index","follow":"follow","max-snippet":"max-snippet:-1","max-image-preview":"max-image-preview:large","max-video-preview":"max-video-preview:-1"},"canonical":"https:\/\/www.achro.eu\/fr\/achroprim.html","og_locale":"fr_FR","og_type":"article","og_title":"R\u00e9sine primaire et colle pour b\u00e9ton, mortier et ciment","og_description":"AchroPrim est une r\u00e9sine bi-composant primaire d'accrochage. Ce produit permet de coller ou r\u00e9parer une chape peu importe le support.","og_url":"https:\/\/www.achro.eu\/fr\/achroprim.html","article_modified_time":"2025-03-26T20:09:51+00:00","og_image":[{"width":1000,"height":1000,"url":"http:\/\/www.achro.eu\/fr\/wp-content\/uploads\/2016\/04\/kit-colle-epoxy-achro.jpg","type":"image\/jpeg"}],"twitter_card":"summary_large_image","twitter_misc":{"Dur\u00e9e de lecture estim\u00e9e":"4 minutes"},"schema":{"@context":"https:\/\/schema.org","@graph":[{"@type":"WebPage","@id":"https:\/\/www.achro.eu\/fr\/achroprim.html","url":"https:\/\/www.achro.eu\/fr\/achroprim.html","name":"R\u00e9sine primaire et colle pour b\u00e9ton, mortier et ciment","isPartOf":{"@id":"https:\/\/www.achro.eu\/fr\/#website"},"primaryImageOfPage":{"@id":"https:\/\/www.achro.eu\/fr\/achroprim.html#primaryimage"},"image":{"@id":"https:\/\/www.achro.eu\/fr\/achroprim.html#primaryimage"},"thumbnailUrl":"https:\/\/www.achro.eu\/fr\/wp-content\/uploads\/2016\/04\/kit-colle-epoxy-achro.jpg","datePublished":"2016-04-14T07:23:49+00:00","dateModified":"2025-03-26T20:09:51+00:00","description":"AchroPrim est une r\u00e9sine bi-composant primaire d'accrochage. Ce produit permet de coller ou r\u00e9parer une chape peu importe le support.","inLanguage":"fr-FR","potentialAction":[{"@type":"ReadAction","target":["https:\/\/www.achro.eu\/fr\/achroprim.html"]}]},{"@type":"ImageObject","inLanguage":"fr-FR","@id":"https:\/\/www.achro.eu\/fr\/achroprim.html#primaryimage","url":"https:\/\/www.achro.eu\/fr\/wp-content\/uploads\/2016\/04\/kit-colle-epoxy-achro.jpg","contentUrl":"https:\/\/www.achro.eu\/fr\/wp-content\/uploads\/2016\/04\/kit-colle-epoxy-achro.jpg","width":1000,"height":1000},{"@type":"WebSite","@id":"https:\/\/www.achro.eu\/fr\/#website","url":"https:\/\/www.achro.eu\/fr\/","name":"","description":"","potentialAction":[{"@type":"SearchAction","target":{"@type":"EntryPoint","urlTemplate":"https:\/\/www.achro.eu\/fr\/?s={search_term_string}"},"query-input":{"@type":"PropertyValueSpecification","valueRequired":true,"valueName":"search_term_string"}}],"inLanguage":"fr-FR"}]}},"_links":{"self":[{"href":"https:\/\/www.achro.eu\/fr\/wp-json\/wp\/v2\/product\/1298"}],"collection":[{"href":"https:\/\/www.achro.eu\/fr\/wp-json\/wp\/v2\/product"}],"about":[{"href":"https:\/\/www.achro.eu\/fr\/wp-json\/wp\/v2\/types\/product"}],"version-history":[{"count":12,"href":"https:\/\/www.achro.eu\/fr\/wp-json\/wp\/v2\/product\/1298\/revisions"}],"predecessor-version":[{"id":5063,"href":"https:\/\/www.achro.eu\/fr\/wp-json\/wp\/v2\/product\/1298\/revisions\/5063"}],"wp:featuredmedia":[{"embeddable":true,"href":"https:\/\/www.achro.eu\/fr\/wp-json\/wp\/v2\/media\/4661"}],"wp:attachment":[{"href":"https:\/\/www.achro.eu\/fr\/wp-json\/wp\/v2\/media?parent=1298"}],"wp:term":[{"taxonomy":"product_cat","embeddable":true,"href":"https:\/\/www.achro.eu\/fr\/wp-json\/wp\/v2\/product_cat?post=1298"},{"taxonomy":"product_tag","embeddable":true,"href":"https:\/\/www.achro.eu\/fr\/wp-json\/wp\/v2\/product_tag?post=1298"}],"curies":[{"name":"wp","href":"https:\/\/api.w.org\/{rel}","templated":true}]}}