{"id":1291,"date":"2016-04-01T07:46:46","date_gmt":"2016-04-01T06:46:46","guid":{"rendered":"http:\/\/www.rcr-production-france.com\/2016\/achropu-925.html"},"modified":"2025-03-26T21:10:19","modified_gmt":"2025-03-26T20:10:19","slug":"achro-joint-50","status":"publish","type":"product","link":"https:\/\/www.achro.eu\/fr\/achro-joint-50.html","title":{"rendered":"Achro joint 50"},"content":{"rendered":"\t\t<div data-elementor-type=\"wp-post\" data-elementor-id=\"1291\" class=\"elementor elementor-1291\">\n\t\t\t\t<div class=\"elementor-element elementor-element-2638e73c e-grid e-con-full e-con e-parent\" data-id=\"2638e73c\" data-element_type=\"container\">\n\t\t\t\t<div class=\"elementor-element elementor-element-5fe75cbb elementor-widget elementor-widget-text-editor\" data-id=\"5fe75cbb\" data-element_type=\"widget\" data-widget_type=\"text-editor.default\">\n\t\t\t\t<div class=\"elementor-widget-container\">\n\t\t\t\t\t\t\t\t\t<h2 style=\"text-align: justify; font-size: 20px; color: #004f9f;\">Qu\u2019est-ce qu\u2019Achro joint 50 ?<\/h2><div id=\"textpreview\" style=\"text-align: justify;\"><p>Les profil\u00e9s plastiques <strong><em>Achro joint 50<\/em><\/strong> sont plus particuli\u00e8rement con\u00e7us pour la r\u00e9alisation de joints de retrait et d\u2019isolement des dallages en b\u00e9ton amen\u00e9s \u00e0 recevoir des rev\u00eatements rapport\u00e9s. On regroupe sous ce terme de rev\u00eatements rapport\u00e9s les carrelages, moquettes ou encore thermoplastiques par exemple.<\/p><p>\u00a0<\/p><\/div>\t\t\t\t\t\t\t\t<\/div>\n\t\t\t\t<\/div>\n\t\t<div class=\"elementor-element elementor-element-2e32e53b e-con-full e-flex e-con e-child\" data-id=\"2e32e53b\" data-element_type=\"container\" data-settings=\"{&quot;background_background&quot;:&quot;classic&quot;}\">\n\t\t\t\t<div class=\"elementor-element elementor-element-3db84a7 elementor-widget elementor-widget-cs_title\" data-id=\"3db84a7\" data-element_type=\"widget\" data-widget_type=\"cs_title.default\">\n\t\t\t\t<div class=\"elementor-widget-container\">\n\t\t\t\t\t\n        <div class=\"cs-title-wrap text-center\">\t            <div class=\"cs-subtitle-wrap\"><span class=\"cs-subtitle\">liens utiles<\/span><\/div>\t            <h4 class=\"cs-title\">\n\t                T\u00e9l\u00e9chargements\t            <\/h4>        <\/div>\t\t\t\t<\/div>\n\t\t\t\t<\/div>\n\t\t\t\t<div class=\"elementor-element elementor-element-3daa540c elementor-widget elementor-widget-text-editor\" data-id=\"3daa540c\" data-element_type=\"widget\" data-widget_type=\"text-editor.default\">\n\t\t\t\t<div class=\"elementor-widget-container\">\n\t\t\t\t\t\t\t\t\t<p style=\"text-align: center;\"><a href=\"http:\/\/www.achro.eu\/fr\/wp-content\/uploads\/2016\/04\/Achro-joint-50.pdf\" rel=\"\">Fiche technique<\/a><\/p>\t\t\t\t\t\t\t\t<\/div>\n\t\t\t\t<\/div>\n\t\t\t\t<\/div>\n\t\t\t\t<\/div>\n\t\t<div class=\"elementor-element elementor-element-d874da7 e-con-full e-flex e-con e-parent\" data-id=\"d874da7\" data-element_type=\"container\">\n\t\t\t\t<div class=\"elementor-element elementor-element-c4c1961 elementor-widget elementor-widget-text-editor\" data-id=\"c4c1961\" data-element_type=\"widget\" data-widget_type=\"text-editor.default\">\n\t\t\t\t<div class=\"elementor-widget-container\">\n\t\t\t\t\t\t\t\t\t<p><strong><em>Achro joint 50<\/em><\/strong> permet une simplification des op\u00e9rations li\u00e9es \u00e0 la r\u00e9alisation des joints de retrait. Ce produit simple \u00e0 mettre en \u0153uvre et \u00e9conomique permet ainsi d\u2019\u00e9viter le recours \u00e0 des proc\u00e9d\u00e9s complexes et on\u00e9reux comme le sciage ou le remplissage.<\/p><p>Les profil\u00e9s PVC\u00a0Achro joint 50 peuvent \u00eatre utilis\u00e9s sur tous les chantiers n\u00e9cessitant la mise en place et la r\u00e9alisation de joints de retrait et m\u00eame lorsque le chantier est particuli\u00e8rement difficile d\u2019acc\u00e8s.<\/p><div id=\"textpreview\" style=\"text-align: justify;\"><h2 style=\"text-align: justify; font-size: 20px; color: #004f9f;\">Utilisation du produit<\/h2><p><strong><em>Achro joint 50<\/em><\/strong>\u00a0est tr\u00e8s facile \u00e0 utiliser et \u00e0 mettre en \u0153uvre pour r\u00e9aliser des joints de retrait.<\/p><p>En premier lieu, le profil\u00e9 doit \u00eatre incorpor\u00e9 au b\u00e9ton ou bien au mortier alors que celui-ci est frais. La partie sup\u00e9rieure du joint doit ensuite \u00eatre aras\u00e9e au niveau fini, c\u2019est-\u00e0-dire au niveau du dallage en b\u00e9ton. Ces deux \u00e9tapes simples suffisent \u00e0 mettre en \u0153uvre les profil\u00e9s\u00a0<strong><em>Achro joint 50<\/em><\/strong>.<\/p><p>Cependant, il est important, \u00e0 des fins esth\u00e9tiques, de veiller \u00e0 certains d\u00e9tails. Ainsi, il est recommand\u00e9 de placer les joints dans le m\u00eame sens que les encoches. Afin d\u2019effectuer cela, un guide rigide doit \u00eatre utilis\u00e9.<\/p><p>Toujours pour apporter le plus grand soin \u00e0 l\u2019aspect des joints et particuli\u00e8rement des joints visibles, il est primordial que ceux-ci soient parfaitement rectilignes.<\/p><p>L\u2019aspect des joints peut \u00e9galement \u00eatre travaill\u00e9 lors des \u00e9tapes de talochage et de lissage du b\u00e9ton. Cet aspect peut alors \u00eatre modifi\u00e9 \u00e0 l\u2019aide des pales d\u2019une truelle m\u00e9canique.<\/p><h2 style=\"text-align: justify; font-size: 20px; color: #004f9f;\">Caract\u00e9ristiques techniques d\u2019Achro joint 50<\/h2><p>Les profil\u00e9s\u00a0<strong><em>Achro joint 50<\/em><\/strong> sont vendus en paquets indivisibles comprenant chacun 40 unit\u00e9s de 3 m\u00e8tres de longueur pour 2 mm d\u2019\u00e9paisseur aux extr\u00e9mit\u00e9s et 53 mm de hauteur. Cela repr\u00e9sente 120 mL.<\/p><p>Les profil\u00e9s\u00a0<strong><em>Achro joint 50<\/em><\/strong> sont dimensionn\u00e9s pour permettre la r\u00e9alisation de joints de retrait pour des dalles d\u2019une \u00e9paisseur allant de 12 \u00e0 20 cm.<\/p><p>Malgr\u00e9 leur teinte grise, les profil\u00e9s\u00a0<strong><em>Achro joint 50<\/em><\/strong> sont quasiment invisibles une fois mis en \u0153uvre.<\/p><p>Afin d\u2019\u00eatre le plus durable possible et d\u2019augmenter sa r\u00e9sistance, le PVC composant les profil\u00e9s\u00a0<strong><em>Achro joint 50<\/em><\/strong> est trait\u00e9 anti-acides. En plus de cela, ils disposent d\u2019une excellente r\u00e9sistance \u00e0 de nombreux produits, notamment les huiles, les hydrocarbures, les solvants et les d\u00e9tergents.<\/p><\/div>\t\t\t\t\t\t\t\t<\/div>\n\t\t\t\t<\/div>\n\t\t\t\t<\/div>\n\t\t\t\t<\/div>\n\t\t","protected":false},"excerpt":{"rendered":"<p style=\"text-align: justify;\"><em><strong>Achro joint 50<\/strong><\/em> est un profil\u00e9 PVC pouvant servir \u00e0 la r\u00e9alisation de joints de retrait ou d\u2019isolement pour les dallages en b\u00e9ton.<\/p>\n<p style=\"text-align: justify;\">Le scellement du profil\u00e9 <em><strong>Achro joint 50<\/strong><\/em> aide ainsi le joint \u00e0 atteindre son objectif, \u00e0 savoir permettre au joint de concentrer la fissuration sur la ligne de faiblesse structurelle qu\u2019il forme.<\/p>\n","protected":false},"featured_media":4827,"template":"","meta":[],"product_cat":[56],"product_tag":[],"class_list":{"0":"post-1291","1":"product","2":"type-product","3":"status-publish","4":"has-post-thumbnail","6":"product_cat-joints","8":"first","9":"instock","10":"featured","11":"shipping-taxable","12":"product-type-simple"},"yoast_head":"<!-- This site is optimized with the Yoast SEO plugin v24.3 - https:\/\/yoast.com\/wordpress\/plugins\/seo\/ -->\n<title>Joint de retrait PVC pour b\u00e9ton, dallage industriel<\/title>\n<meta name=\"description\" content=\"Ces profil\u00e9s sont incorpor\u00e9s directement dans le b\u00e9ton encore frais. Il n&#039;est donc pas n\u00e9cessaire de scier la dalle s\u00e8che une fois celle-ci termin\u00e9e.\u00a0\" \/>\n<meta name=\"robots\" content=\"index, follow, max-snippet:-1, max-image-preview:large, max-video-preview:-1\" \/>\n<link rel=\"canonical\" href=\"https:\/\/www.achro.eu\/fr\/achro-joint-50.html\" \/>\n<meta property=\"og:locale\" content=\"fr_FR\" \/>\n<meta property=\"og:type\" content=\"article\" \/>\n<meta property=\"og:title\" content=\"Joint de retrait PVC pour b\u00e9ton, dallage industriel\" \/>\n<meta property=\"og:description\" content=\"Ces profil\u00e9s sont incorpor\u00e9s directement dans le b\u00e9ton encore frais. Il n&#039;est donc pas n\u00e9cessaire de scier la dalle s\u00e8che une fois celle-ci termin\u00e9e.\u00a0\" \/>\n<meta property=\"og:url\" content=\"https:\/\/www.achro.eu\/fr\/achro-joint-50.html\" \/>\n<meta property=\"article:modified_time\" content=\"2025-03-26T20:10:19+00:00\" \/>\n<meta property=\"og:image\" content=\"http:\/\/www.achro.eu\/fr\/wp-content\/uploads\/2016\/04\/achro-joint-50.jpg\" \/>\n\t<meta property=\"og:image:width\" content=\"1100\" \/>\n\t<meta property=\"og:image:height\" content=\"1110\" \/>\n\t<meta property=\"og:image:type\" content=\"image\/jpeg\" \/>\n<meta name=\"twitter:card\" content=\"summary_large_image\" \/>\n<meta name=\"twitter:label1\" content=\"Dur\u00e9e de lecture estim\u00e9e\" \/>\n\t<meta name=\"twitter:data1\" content=\"3 minutes\" \/>\n<script type=\"application\/ld+json\" class=\"yoast-schema-graph\">{\"@context\":\"https:\/\/schema.org\",\"@graph\":[{\"@type\":\"WebPage\",\"@id\":\"https:\/\/www.achro.eu\/fr\/achro-joint-50.html\",\"url\":\"https:\/\/www.achro.eu\/fr\/achro-joint-50.html\",\"name\":\"Joint de retrait PVC pour b\u00e9ton, dallage industriel\",\"isPartOf\":{\"@id\":\"https:\/\/www.achro.eu\/fr\/#website\"},\"primaryImageOfPage\":{\"@id\":\"https:\/\/www.achro.eu\/fr\/achro-joint-50.html#primaryimage\"},\"image\":{\"@id\":\"https:\/\/www.achro.eu\/fr\/achro-joint-50.html#primaryimage\"},\"thumbnailUrl\":\"https:\/\/www.achro.eu\/fr\/wp-content\/uploads\/2016\/04\/achro-joint-50.jpg\",\"datePublished\":\"2016-04-01T06:46:46+00:00\",\"dateModified\":\"2025-03-26T20:10:19+00:00\",\"description\":\"Ces profil\u00e9s sont incorpor\u00e9s directement dans le b\u00e9ton encore frais. Il n'est donc pas n\u00e9cessaire de scier la dalle s\u00e8che une fois celle-ci termin\u00e9e.\u00a0\",\"inLanguage\":\"fr-FR\",\"potentialAction\":[{\"@type\":\"ReadAction\",\"target\":[\"https:\/\/www.achro.eu\/fr\/achro-joint-50.html\"]}]},{\"@type\":\"ImageObject\",\"inLanguage\":\"fr-FR\",\"@id\":\"https:\/\/www.achro.eu\/fr\/achro-joint-50.html#primaryimage\",\"url\":\"https:\/\/www.achro.eu\/fr\/wp-content\/uploads\/2016\/04\/achro-joint-50.jpg\",\"contentUrl\":\"https:\/\/www.achro.eu\/fr\/wp-content\/uploads\/2016\/04\/achro-joint-50.jpg\",\"width\":1100,\"height\":1110},{\"@type\":\"WebSite\",\"@id\":\"https:\/\/www.achro.eu\/fr\/#website\",\"url\":\"https:\/\/www.achro.eu\/fr\/\",\"name\":\"\",\"description\":\"\",\"potentialAction\":[{\"@type\":\"SearchAction\",\"target\":{\"@type\":\"EntryPoint\",\"urlTemplate\":\"https:\/\/www.achro.eu\/fr\/?s={search_term_string}\"},\"query-input\":{\"@type\":\"PropertyValueSpecification\",\"valueRequired\":true,\"valueName\":\"search_term_string\"}}],\"inLanguage\":\"fr-FR\"}]}<\/script>\n<!-- \/ Yoast SEO plugin. -->","yoast_head_json":{"title":"Joint de retrait PVC pour b\u00e9ton, dallage industriel","description":"Ces profil\u00e9s sont incorpor\u00e9s directement dans le b\u00e9ton encore frais. Il n'est donc pas n\u00e9cessaire de scier la dalle s\u00e8che une fois celle-ci termin\u00e9e.\u00a0","robots":{"index":"index","follow":"follow","max-snippet":"max-snippet:-1","max-image-preview":"max-image-preview:large","max-video-preview":"max-video-preview:-1"},"canonical":"https:\/\/www.achro.eu\/fr\/achro-joint-50.html","og_locale":"fr_FR","og_type":"article","og_title":"Joint de retrait PVC pour b\u00e9ton, dallage industriel","og_description":"Ces profil\u00e9s sont incorpor\u00e9s directement dans le b\u00e9ton encore frais. Il n'est donc pas n\u00e9cessaire de scier la dalle s\u00e8che une fois celle-ci termin\u00e9e.\u00a0","og_url":"https:\/\/www.achro.eu\/fr\/achro-joint-50.html","article_modified_time":"2025-03-26T20:10:19+00:00","og_image":[{"width":1100,"height":1110,"url":"http:\/\/www.achro.eu\/fr\/wp-content\/uploads\/2016\/04\/achro-joint-50.jpg","type":"image\/jpeg"}],"twitter_card":"summary_large_image","twitter_misc":{"Dur\u00e9e de lecture estim\u00e9e":"3 minutes"},"schema":{"@context":"https:\/\/schema.org","@graph":[{"@type":"WebPage","@id":"https:\/\/www.achro.eu\/fr\/achro-joint-50.html","url":"https:\/\/www.achro.eu\/fr\/achro-joint-50.html","name":"Joint de retrait PVC pour b\u00e9ton, dallage industriel","isPartOf":{"@id":"https:\/\/www.achro.eu\/fr\/#website"},"primaryImageOfPage":{"@id":"https:\/\/www.achro.eu\/fr\/achro-joint-50.html#primaryimage"},"image":{"@id":"https:\/\/www.achro.eu\/fr\/achro-joint-50.html#primaryimage"},"thumbnailUrl":"https:\/\/www.achro.eu\/fr\/wp-content\/uploads\/2016\/04\/achro-joint-50.jpg","datePublished":"2016-04-01T06:46:46+00:00","dateModified":"2025-03-26T20:10:19+00:00","description":"Ces profil\u00e9s sont incorpor\u00e9s directement dans le b\u00e9ton encore frais. Il n'est donc pas n\u00e9cessaire de scier la dalle s\u00e8che une fois celle-ci termin\u00e9e.\u00a0","inLanguage":"fr-FR","potentialAction":[{"@type":"ReadAction","target":["https:\/\/www.achro.eu\/fr\/achro-joint-50.html"]}]},{"@type":"ImageObject","inLanguage":"fr-FR","@id":"https:\/\/www.achro.eu\/fr\/achro-joint-50.html#primaryimage","url":"https:\/\/www.achro.eu\/fr\/wp-content\/uploads\/2016\/04\/achro-joint-50.jpg","contentUrl":"https:\/\/www.achro.eu\/fr\/wp-content\/uploads\/2016\/04\/achro-joint-50.jpg","width":1100,"height":1110},{"@type":"WebSite","@id":"https:\/\/www.achro.eu\/fr\/#website","url":"https:\/\/www.achro.eu\/fr\/","name":"","description":"","potentialAction":[{"@type":"SearchAction","target":{"@type":"EntryPoint","urlTemplate":"https:\/\/www.achro.eu\/fr\/?s={search_term_string}"},"query-input":{"@type":"PropertyValueSpecification","valueRequired":true,"valueName":"search_term_string"}}],"inLanguage":"fr-FR"}]}},"_links":{"self":[{"href":"https:\/\/www.achro.eu\/fr\/wp-json\/wp\/v2\/product\/1291"}],"collection":[{"href":"https:\/\/www.achro.eu\/fr\/wp-json\/wp\/v2\/product"}],"about":[{"href":"https:\/\/www.achro.eu\/fr\/wp-json\/wp\/v2\/types\/product"}],"version-history":[{"count":18,"href":"https:\/\/www.achro.eu\/fr\/wp-json\/wp\/v2\/product\/1291\/revisions"}],"predecessor-version":[{"id":5066,"href":"https:\/\/www.achro.eu\/fr\/wp-json\/wp\/v2\/product\/1291\/revisions\/5066"}],"wp:featuredmedia":[{"embeddable":true,"href":"https:\/\/www.achro.eu\/fr\/wp-json\/wp\/v2\/media\/4827"}],"wp:attachment":[{"href":"https:\/\/www.achro.eu\/fr\/wp-json\/wp\/v2\/media?parent=1291"}],"wp:term":[{"taxonomy":"product_cat","embeddable":true,"href":"https:\/\/www.achro.eu\/fr\/wp-json\/wp\/v2\/product_cat?post=1291"},{"taxonomy":"product_tag","embeddable":true,"href":"https:\/\/www.achro.eu\/fr\/wp-json\/wp\/v2\/product_tag?post=1291"}],"curies":[{"name":"wp","href":"https:\/\/api.w.org\/{rel}","templated":true}]}}