{"id":1288,"date":"2016-03-31T13:08:48","date_gmt":"2016-03-31T12:08:48","guid":{"rendered":"http:\/\/www.rcr-production-france.com\/2016\/achro-joint-es-10.html"},"modified":"2025-03-26T21:10:38","modified_gmt":"2025-03-26T20:10:38","slug":"achro-pu-920","status":"publish","type":"product","link":"https:\/\/www.achro.eu\/fr\/achropu-925.html","title":{"rendered":"Achro PU 925"},"content":{"rendered":"\t\t<div data-elementor-type=\"wp-post\" data-elementor-id=\"1288\" class=\"elementor elementor-1288\">\n\t\t\t\t<div class=\"elementor-element elementor-element-61d773b8 e-grid e-con-boxed e-con e-parent\" data-id=\"61d773b8\" data-element_type=\"container\">\n\t\t\t\t\t<div class=\"e-con-inner\">\n\t\t\t\t<div class=\"elementor-element elementor-element-52d3b61e elementor-widget elementor-widget-text-editor\" data-id=\"52d3b61e\" data-element_type=\"widget\" data-widget_type=\"text-editor.default\">\n\t\t\t\t<div class=\"elementor-widget-container\">\n\t\t\t\t\t\t\t\t\t<h2 style=\"text-align: justify; font-size: 20px; color: #004f9f;\"><strong>Achro PU 925, un mastic destin\u00e9 aux joints de dallage\u00a0<\/strong><\/h2><div id=\"textpreview\" style=\"text-align: justify;\"><p>Mastic \u00e9lastom\u00e8re polyur\u00e9thane, <em><strong>Achro PU 925<\/strong><\/em> permet de r\u00e9aliser les joints de dallages en b\u00e9ton, aussi bien en ext\u00e9rieur qu&rsquo;en int\u00e9rieur.<\/p><p>Il offre \u00e0 ces derniers une protection contre les hydrocarbures et les agents chimiques. Ce produit convient pour des joints dont la largeur n&rsquo;exc\u00e8de pas 8 mm.<\/p><p>\u00a0<\/p><\/div>\t\t\t\t\t\t\t\t<\/div>\n\t\t\t\t<\/div>\n\t\t<div class=\"elementor-element elementor-element-10241a8f e-con-full e-flex e-con e-child\" data-id=\"10241a8f\" data-element_type=\"container\" data-settings=\"{&quot;background_background&quot;:&quot;classic&quot;}\">\n\t\t\t\t<div class=\"elementor-element elementor-element-435a44bf elementor-widget elementor-widget-cs_title\" data-id=\"435a44bf\" data-element_type=\"widget\" data-widget_type=\"cs_title.default\">\n\t\t\t\t<div class=\"elementor-widget-container\">\n\t\t\t\t\t\n        <div class=\"cs-title-wrap text-center\">\t            <div class=\"cs-subtitle-wrap\"><span class=\"cs-subtitle\">Liens utiles<\/span><\/div>\t            <h4 class=\"cs-title\">\n\t                T\u00e9l\u00e9chargements\t            <\/h4>        <\/div>\t\t\t\t<\/div>\n\t\t\t\t<\/div>\n\t\t\t\t<div class=\"elementor-element elementor-element-44a51167 elementor-widget elementor-widget-text-editor\" data-id=\"44a51167\" data-element_type=\"widget\" data-widget_type=\"text-editor.default\">\n\t\t\t\t<div class=\"elementor-widget-container\">\n\t\t\t\t\t\t\t\t\t<p style=\"text-align: center;\"><a href=\"http:\/\/www.achro.eu\/fr\/wp-content\/uploads\/2016\/03\/Achro-PU-920925.pdf\" rel=\"\">Fiche technique<br \/><\/a><a href=\"http:\/\/www.achro.eu\/fr\/wp-content\/uploads\/2016\/03\/fds-roc-pu-925.pdf\" rel=\"\">Fiche de s\u00e9curit\u00e9<\/a><\/p>\t\t\t\t\t\t\t\t<\/div>\n\t\t\t\t<\/div>\n\t\t\t\t<div class=\"elementor-element elementor-element-181fcf21 elementor-align-center elementor-widget elementor-widget-cs_button\" data-id=\"181fcf21\" data-element_type=\"widget\" data-widget_type=\"cs_button.default\">\n\t\t\t\t<div class=\"elementor-widget-container\">\n\t\t\t\t\t        <a href=\"https:\/\/www.achrodeco.com\/produits-d-entretien\/133-achro-pu-925.html\" class=\"elementor-button-link button\" role=\"button\">\n            <span class=\"cs-btn-text\">Acheter ce produit<\/span>        <\/a>\t\t\t\t<\/div>\n\t\t\t\t<\/div>\n\t\t\t\t<\/div>\n\t\t\t\t\t<\/div>\n\t\t\t\t<\/div>\n\t\t<div class=\"elementor-element elementor-element-444fea85 e-flex e-con-boxed e-con e-parent\" data-id=\"444fea85\" data-element_type=\"container\">\n\t\t\t\t\t<div class=\"e-con-inner\">\n\t\t\t\t<div class=\"elementor-element elementor-element-1493f800 elementor-widget elementor-widget-text-editor\" data-id=\"1493f800\" data-element_type=\"widget\" data-widget_type=\"text-editor.default\">\n\t\t\t\t<div class=\"elementor-widget-container\">\n\t\t\t\t\t\t\t\t\t<div id=\"textpreview\" style=\"text-align: justify;\"><p>Disponible en deux formats,\u00a0<em><strong>Achro PU 925<\/strong><\/em> est utilisable en cartouches de 310 ml sous la r\u00e9f\u00e9rence 925, tandis que l&rsquo;<strong><em>Achro PU 925<\/em><\/strong> se pr\u00e9sente sous la forme de proches de 600 ml, id\u00e9ales pour une utilisation plus importante.<\/p><p>Le premier est fourni par cartons de 12 cartouches, le second par cartons de 20 poches.<\/p><p>Les proportions de produit utilis\u00e9es d\u00e9pendent de l&rsquo;\u00e9tendue des travaux. Par exemple, une cartouche de <strong><em>Achro PU 925<\/em><\/strong> permet de r\u00e9aliser 10 m\u00e8tres de joint de 4 mm de largeur sur 7 mm de profondeur, tandis que dix poches de <strong><em>Achro PU 925<\/em><\/strong> sont n\u00e9cessaires pour 100 m\u00e8tres de joint de 6 mm largeur et de 9 mm de profondeur.<\/p><p>Avant toute application de <strong><em>Achro PU 925<\/em><\/strong>, il convient de s&rsquo;assurer que les l\u00e8vres des joints sont propres et s\u00e8ches, et ne comporte aucune trace de graisse ou de partie friable qui rendrait le joint fragile. Une fois prises ses pr\u00e9cautions, la mise en place du fond de joint doit \u00eatre faite de fa\u00e7on \u00e0 ce que sa profondeur soit, au minimum, \u00e9quivalente \u00e0 1,5 fois sa largeur.<\/p><p>Enfin, <em><strong>Achro PU 925<\/strong><\/em> est tr\u00e8s simple \u00e0 nettoyer une fois son application r\u00e9alis\u00e9e : le nettoyage des outils utilis\u00e9s et des bavures se fait tout simplement au White Spirit.<\/p><h2 style=\"text-align: justify; font-size: 20px; color: #004f9f;\"><strong>Un produit simple \u00e0 utiliser <\/strong><\/h2><p>Pr\u00eats \u00e0 emploi, <strong><em>Achro PU 925<\/em><\/strong> sont des mastics dont la consistance se rapproche de celle d&rsquo;une cr\u00e8me. De couleur gris clair, la mastic <strong><em>Achro PU 925<\/em><\/strong> est d&rsquo;une densit\u00e9 comprise entre 1,5 et 0,05. Il convient de le lisser \u00e0 une temp\u00e9rature de 20\u00b0C : le lissage doit prendre une heure au minimum pour en garantir l&rsquo;efficacit\u00e9 optimale.<\/p><p><strong><em>Achro PU 925<\/em><\/strong> poss\u00e8de des caract\u00e9ristiques techniques exceptionnelles, qui en font l&rsquo;un des mastics les plus efficaces sur le march\u00e9. En effet, sa stabilit\u00e9 en service s&rsquo;\u00e9tend de &#8211; 30\u00b0C \u00e0 +60\u00b0C, tandis que son aptitude au trafic est de seulement 48 heures pour une temp\u00e9rature ambiante de 20\u00b0C. Son allongement \u00e0 la rupture est sup\u00e9rieur \u00e0 300%, ce qui le rend particulier r\u00e9sistant.<\/p><\/div><p>Toutefois, si <strong><em>Achro PU 925<\/em><\/strong>\u00a0est des produits relativement faciles \u00e0 appliquer, il convient de prendre les pr\u00e9cautions traditionnelles lors de l&rsquo;utilisation d&rsquo;une r\u00e9sine. On \u00e9vitera ainsi tout contact avec la peau et les yeux : si cela arrive, il est recommand\u00e9 de rincer abondamment \u00e0 l&rsquo;eau et de consulter un m\u00e9decin au plus vite. Enfin, boire ou manger durant l&rsquo;application de <em><strong>Achro PU 925<\/strong><\/em>\u00a0est \u00e0 \u00e9viter, afin d&rsquo;\u00e9viter toute ingestion du produit.<\/p>\t\t\t\t\t\t\t\t<\/div>\n\t\t\t\t<\/div>\n\t\t\t\t\t<\/div>\n\t\t\t\t<\/div>\n\t\t\t\t<\/div>\n\t\t","protected":false},"excerpt":{"rendered":"<p><em><strong>Achro PU 925<\/strong><\/em>\u00a0est un mastic permettant le remplissage et la protection des joints.<\/p>\n<p>Ce produit, qui se pr\u00e9sente sous forme de cartouches ou de poches, polym\u00e9rise gr\u00e2ce \u00e0 l&rsquo;action de l&rsquo;humidit\u00e9 ambiante.<\/p>\n","protected":false},"featured_media":4665,"template":"","meta":[],"product_cat":[56],"product_tag":[],"class_list":{"0":"post-1288","1":"product","2":"type-product","3":"status-publish","4":"has-post-thumbnail","6":"product_cat-joints","8":"first","9":"instock","10":"featured","11":"shipping-taxable","12":"product-type-simple"},"yoast_head":"<!-- This site is optimized with the Yoast SEO plugin v24.3 - https:\/\/yoast.com\/wordpress\/plugins\/seo\/ -->\n<title>Remplissage de joint, joint de retrait pour sol b\u00e9ton<\/title>\n<meta name=\"description\" content=\"Mastic de remplissage de joint de retrait ou sciage. Cartouches pr\u00eatent \u00e0 l&#039;emploi, il prot\u00e8ge les arr\u00eates des joints de votre dallage.\" \/>\n<meta name=\"robots\" content=\"index, follow, max-snippet:-1, max-image-preview:large, max-video-preview:-1\" \/>\n<link rel=\"canonical\" href=\"https:\/\/www.achro.eu\/fr\/achropu-925.html\" \/>\n<meta property=\"og:locale\" content=\"fr_FR\" \/>\n<meta property=\"og:type\" content=\"article\" \/>\n<meta property=\"og:title\" content=\"Remplissage de joint, joint de retrait pour sol b\u00e9ton\" \/>\n<meta property=\"og:description\" content=\"Mastic de remplissage de joint de retrait ou sciage. Cartouches pr\u00eatent \u00e0 l&#039;emploi, il prot\u00e8ge les arr\u00eates des joints de votre dallage.\" \/>\n<meta property=\"og:url\" content=\"https:\/\/www.achro.eu\/fr\/achropu-925.html\" \/>\n<meta property=\"article:modified_time\" content=\"2025-03-26T20:10:38+00:00\" \/>\n<meta property=\"og:image\" content=\"http:\/\/www.achro.eu\/fr\/wp-content\/uploads\/2016\/03\/pu-925-1.jpg\" \/>\n\t<meta property=\"og:image:width\" content=\"1100\" \/>\n\t<meta property=\"og:image:height\" content=\"1110\" \/>\n\t<meta property=\"og:image:type\" content=\"image\/jpeg\" \/>\n<meta name=\"twitter:card\" content=\"summary_large_image\" \/>\n<meta name=\"twitter:label1\" content=\"Dur\u00e9e de lecture estim\u00e9e\" \/>\n\t<meta name=\"twitter:data1\" content=\"3 minutes\" \/>\n<script type=\"application\/ld+json\" class=\"yoast-schema-graph\">{\"@context\":\"https:\/\/schema.org\",\"@graph\":[{\"@type\":\"WebPage\",\"@id\":\"https:\/\/www.achro.eu\/fr\/achropu-925.html\",\"url\":\"https:\/\/www.achro.eu\/fr\/achropu-925.html\",\"name\":\"Remplissage de joint, joint de retrait pour sol b\u00e9ton\",\"isPartOf\":{\"@id\":\"https:\/\/www.achro.eu\/fr\/#website\"},\"primaryImageOfPage\":{\"@id\":\"https:\/\/www.achro.eu\/fr\/achropu-925.html#primaryimage\"},\"image\":{\"@id\":\"https:\/\/www.achro.eu\/fr\/achropu-925.html#primaryimage\"},\"thumbnailUrl\":\"https:\/\/www.achro.eu\/fr\/wp-content\/uploads\/2016\/03\/pu-925-1.jpg\",\"datePublished\":\"2016-03-31T12:08:48+00:00\",\"dateModified\":\"2025-03-26T20:10:38+00:00\",\"description\":\"Mastic de remplissage de joint de retrait ou sciage. Cartouches pr\u00eatent \u00e0 l'emploi, il prot\u00e8ge les arr\u00eates des joints de votre dallage.\",\"inLanguage\":\"fr-FR\",\"potentialAction\":[{\"@type\":\"ReadAction\",\"target\":[\"https:\/\/www.achro.eu\/fr\/achropu-925.html\"]}]},{\"@type\":\"ImageObject\",\"inLanguage\":\"fr-FR\",\"@id\":\"https:\/\/www.achro.eu\/fr\/achropu-925.html#primaryimage\",\"url\":\"https:\/\/www.achro.eu\/fr\/wp-content\/uploads\/2016\/03\/pu-925-1.jpg\",\"contentUrl\":\"https:\/\/www.achro.eu\/fr\/wp-content\/uploads\/2016\/03\/pu-925-1.jpg\",\"width\":1100,\"height\":1110},{\"@type\":\"WebSite\",\"@id\":\"https:\/\/www.achro.eu\/fr\/#website\",\"url\":\"https:\/\/www.achro.eu\/fr\/\",\"name\":\"\",\"description\":\"\",\"potentialAction\":[{\"@type\":\"SearchAction\",\"target\":{\"@type\":\"EntryPoint\",\"urlTemplate\":\"https:\/\/www.achro.eu\/fr\/?s={search_term_string}\"},\"query-input\":{\"@type\":\"PropertyValueSpecification\",\"valueRequired\":true,\"valueName\":\"search_term_string\"}}],\"inLanguage\":\"fr-FR\"}]}<\/script>\n<!-- \/ Yoast SEO plugin. -->","yoast_head_json":{"title":"Remplissage de joint, joint de retrait pour sol b\u00e9ton","description":"Mastic de remplissage de joint de retrait ou sciage. Cartouches pr\u00eatent \u00e0 l'emploi, il prot\u00e8ge les arr\u00eates des joints de votre dallage.","robots":{"index":"index","follow":"follow","max-snippet":"max-snippet:-1","max-image-preview":"max-image-preview:large","max-video-preview":"max-video-preview:-1"},"canonical":"https:\/\/www.achro.eu\/fr\/achropu-925.html","og_locale":"fr_FR","og_type":"article","og_title":"Remplissage de joint, joint de retrait pour sol b\u00e9ton","og_description":"Mastic de remplissage de joint de retrait ou sciage. Cartouches pr\u00eatent \u00e0 l'emploi, il prot\u00e8ge les arr\u00eates des joints de votre dallage.","og_url":"https:\/\/www.achro.eu\/fr\/achropu-925.html","article_modified_time":"2025-03-26T20:10:38+00:00","og_image":[{"width":1100,"height":1110,"url":"http:\/\/www.achro.eu\/fr\/wp-content\/uploads\/2016\/03\/pu-925-1.jpg","type":"image\/jpeg"}],"twitter_card":"summary_large_image","twitter_misc":{"Dur\u00e9e de lecture estim\u00e9e":"3 minutes"},"schema":{"@context":"https:\/\/schema.org","@graph":[{"@type":"WebPage","@id":"https:\/\/www.achro.eu\/fr\/achropu-925.html","url":"https:\/\/www.achro.eu\/fr\/achropu-925.html","name":"Remplissage de joint, joint de retrait pour sol b\u00e9ton","isPartOf":{"@id":"https:\/\/www.achro.eu\/fr\/#website"},"primaryImageOfPage":{"@id":"https:\/\/www.achro.eu\/fr\/achropu-925.html#primaryimage"},"image":{"@id":"https:\/\/www.achro.eu\/fr\/achropu-925.html#primaryimage"},"thumbnailUrl":"https:\/\/www.achro.eu\/fr\/wp-content\/uploads\/2016\/03\/pu-925-1.jpg","datePublished":"2016-03-31T12:08:48+00:00","dateModified":"2025-03-26T20:10:38+00:00","description":"Mastic de remplissage de joint de retrait ou sciage. Cartouches pr\u00eatent \u00e0 l'emploi, il prot\u00e8ge les arr\u00eates des joints de votre dallage.","inLanguage":"fr-FR","potentialAction":[{"@type":"ReadAction","target":["https:\/\/www.achro.eu\/fr\/achropu-925.html"]}]},{"@type":"ImageObject","inLanguage":"fr-FR","@id":"https:\/\/www.achro.eu\/fr\/achropu-925.html#primaryimage","url":"https:\/\/www.achro.eu\/fr\/wp-content\/uploads\/2016\/03\/pu-925-1.jpg","contentUrl":"https:\/\/www.achro.eu\/fr\/wp-content\/uploads\/2016\/03\/pu-925-1.jpg","width":1100,"height":1110},{"@type":"WebSite","@id":"https:\/\/www.achro.eu\/fr\/#website","url":"https:\/\/www.achro.eu\/fr\/","name":"","description":"","potentialAction":[{"@type":"SearchAction","target":{"@type":"EntryPoint","urlTemplate":"https:\/\/www.achro.eu\/fr\/?s={search_term_string}"},"query-input":{"@type":"PropertyValueSpecification","valueRequired":true,"valueName":"search_term_string"}}],"inLanguage":"fr-FR"}]}},"_links":{"self":[{"href":"https:\/\/www.achro.eu\/fr\/wp-json\/wp\/v2\/product\/1288"}],"collection":[{"href":"https:\/\/www.achro.eu\/fr\/wp-json\/wp\/v2\/product"}],"about":[{"href":"https:\/\/www.achro.eu\/fr\/wp-json\/wp\/v2\/types\/product"}],"version-history":[{"count":13,"href":"https:\/\/www.achro.eu\/fr\/wp-json\/wp\/v2\/product\/1288\/revisions"}],"predecessor-version":[{"id":5069,"href":"https:\/\/www.achro.eu\/fr\/wp-json\/wp\/v2\/product\/1288\/revisions\/5069"}],"wp:featuredmedia":[{"embeddable":true,"href":"https:\/\/www.achro.eu\/fr\/wp-json\/wp\/v2\/media\/4665"}],"wp:attachment":[{"href":"https:\/\/www.achro.eu\/fr\/wp-json\/wp\/v2\/media?parent=1288"}],"wp:term":[{"taxonomy":"product_cat","embeddable":true,"href":"https:\/\/www.achro.eu\/fr\/wp-json\/wp\/v2\/product_cat?post=1288"},{"taxonomy":"product_tag","embeddable":true,"href":"https:\/\/www.achro.eu\/fr\/wp-json\/wp\/v2\/product_tag?post=1288"}],"curies":[{"name":"wp","href":"https:\/\/api.w.org\/{rel}","templated":true}]}}