{"id":1278,"date":"2016-03-30T07:52:05","date_gmt":"2016-03-30T06:52:05","guid":{"rendered":"http:\/\/www.rcr-production-france.com\/2016\/achro-seal.html"},"modified":"2025-03-26T21:10:56","modified_gmt":"2025-03-26T20:10:56","slug":"ecocure-17","status":"publish","type":"product","link":"https:\/\/www.achro.eu\/fr\/ecocure-17.html","title":{"rendered":"Ecocure Superior"},"content":{"rendered":"\t\t<div data-elementor-type=\"wp-post\" data-elementor-id=\"1278\" class=\"elementor elementor-1278\">\n\t\t\t\t<div class=\"elementor-element elementor-element-3eac50b e-grid e-con-boxed e-con e-parent\" data-id=\"3eac50b\" data-element_type=\"container\">\n\t\t\t\t\t<div class=\"e-con-inner\">\n\t\t\t\t<div class=\"elementor-element elementor-element-329117c elementor-widget elementor-widget-text-editor\" data-id=\"329117c\" data-element_type=\"widget\" data-widget_type=\"text-editor.default\">\n\t\t\t\t<div class=\"elementor-widget-container\">\n\t\t\t\t\t\t\t\t\t<h2 style=\"text-align: justify; font-size: 20px; color: #004f9f;\">Qu\u2019est-ce que l&rsquo;Ecocure\u00a0Superior ?<\/h2><p style=\"text-align: justify;\">En d\u2019autres termes, <em><strong>Ecocure Superior<\/strong><\/em>\u00a0ralentit l\u2019\u00e9vaporation de l\u2019eau lors de la dessiccation afin d\u2019\u00e9viter les ph\u00e9nom\u00e8nes tels que la fissuration ou encore le fa\u00efen\u00e7age.<\/p><p>Il est d\u2019autant plus important d\u2019utiliser\u00a0<em><strong>Ecocure Superior<\/strong><\/em>\u00a0que l\u2019environnement est chaud ou venteux.<\/p>\t\t\t\t\t\t\t\t<\/div>\n\t\t\t\t<\/div>\n\t\t<div class=\"elementor-element elementor-element-21e7436a e-con-full e-flex e-con e-child\" data-id=\"21e7436a\" data-element_type=\"container\" data-settings=\"{&quot;background_background&quot;:&quot;classic&quot;}\">\n\t\t\t\t<div class=\"elementor-element elementor-element-2fa332df elementor-widget elementor-widget-cs_title\" data-id=\"2fa332df\" data-element_type=\"widget\" data-widget_type=\"cs_title.default\">\n\t\t\t\t<div class=\"elementor-widget-container\">\n\t\t\t\t\t\n        <div class=\"cs-title-wrap text-center\">\t            <div class=\"cs-subtitle-wrap\"><span class=\"cs-subtitle\">Liens utiles<\/span><\/div>\t            <h4 class=\"cs-title\">\n\t                T\u00e9l\u00e9chargements\t            <\/h4>        <\/div>\t\t\t\t<\/div>\n\t\t\t\t<\/div>\n\t\t\t\t<div class=\"elementor-element elementor-element-22772b65 elementor-widget elementor-widget-text-editor\" data-id=\"22772b65\" data-element_type=\"widget\" data-widget_type=\"text-editor.default\">\n\t\t\t\t<div class=\"elementor-widget-container\">\n\t\t\t\t\t\t\t\t\t<p style=\"text-align: center;\"><a href=\"http:\/\/www.achro.eu\/fr\/wp-content\/uploads\/2016\/03\/Ecocure-superior.pdf\" rel=\"\">Fiche technique<\/a><a href=\"http:\/\/www.achro.eu\/fr\/wp-content\/uploads\/2016\/03\/AchroSEAL.pdf\" rel=\"\"><br \/><\/a><a href=\"http:\/\/www.achro.eu\/fr\/wp-content\/uploads\/2016\/03\/ECOCURE-SUPERIOR_fr.pdf\" rel=\"\">Fiche de s\u00e9curit\u00e9<\/a><br \/><a href=\"http:\/\/www.achro.eu\/fr\/wp-content\/uploads\/2016\/03\/certificat-leed-ecocure.pdf\" rel=\"\">Certificat leed<\/a><\/p>\t\t\t\t\t\t\t\t<\/div>\n\t\t\t\t<\/div>\n\t\t\t\t<div class=\"elementor-element elementor-element-13392d6e elementor-align-center elementor-widget elementor-widget-cs_button\" data-id=\"13392d6e\" data-element_type=\"widget\" data-widget_type=\"cs_button.default\">\n\t\t\t\t<div class=\"elementor-widget-container\">\n\t\t\t\t\t        <a href=\"https:\/\/www.achrodeco.com\/additifs-beton\/46-ecocure-superior.html\" class=\"elementor-button-link button\" role=\"button\">\n            <span class=\"cs-btn-text\">Acheter ce produit<\/span>        <\/a>\t\t\t\t<\/div>\n\t\t\t\t<\/div>\n\t\t\t\t<\/div>\n\t\t\t\t\t<\/div>\n\t\t\t\t<\/div>\n\t\t<div class=\"elementor-element elementor-element-3874e52e e-flex e-con-boxed e-con e-parent\" data-id=\"3874e52e\" data-element_type=\"container\">\n\t\t\t\t\t<div class=\"e-con-inner\">\n\t\t\t\t<div class=\"elementor-element elementor-element-61c9960a elementor-widget elementor-widget-text-editor\" data-id=\"61c9960a\" data-element_type=\"widget\" data-widget_type=\"text-editor.default\">\n\t\t\t\t<div class=\"elementor-widget-container\">\n\t\t\t\t\t\t\t\t\t<h2 style=\"text-align: justify; font-size: 20px; color: #004f9f;\">Comment utiliser l&rsquo;Ecocure\u00a0Superior ?<\/h2><p style=\"text-align: justify;\"><em><strong>Ecocure Superior<\/strong><\/em>\u00a0peut \u00eatre utilis\u00e9 pour prot\u00e9ger de fa\u00e7on efficace les dalles et dallages en b\u00e9ton surfac\u00e9s, les chapes en ciment, les couches de finition \u00e0 base de liant hydraulique mais aussi les sols en b\u00e9ton auto pla\u00e7ant.<br \/>Dans tous les cas,\u00a0<em><strong>Ecocure Superior<\/strong><\/em>\u00a0doit \u00eatre mis en \u0153uvre \u00e0 l\u2019aide d\u2019un pulv\u00e9risateur thermique. Le produit doit alors \u00eatre pulv\u00e9ris\u00e9 sur un support d\u00e9pourvu de traces d\u2019humidit\u00e9 ou bien ne comportant pas d\u2019eau r\u00e9siduelle. Il p\u00e9n\u00e9trera alors dans les pores du b\u00e9ton permettant ainsi de le prot\u00e9ger efficacement, notamment contre le fa\u00efen\u00e7age.<\/p><p style=\"text-align: justify;\">Il est possible de circuler sur le produit, et donc sur le sol en b\u00e9ton, 8 heures apr\u00e8s l\u2019application si la temp\u00e9rature de l\u2019environnement est de 20\u00b0C (hors poussi\u00e8re apr\u00e8s 1 heure \u00e0 20\u00b0C).<br \/>Le produit liquide est d\u2019une teinte blanche laiteuse lorsqu\u2019il est appliqu\u00e9 mais devient translucide une fois qu\u2019il a s\u00e9ch\u00e9.<\/p><p style=\"text-align: justify;\">Toutefois, il est n\u00e9cessaire de veiller \u00e0 ne pas cr\u00e9er de sur-\u00e9paisseur, cela pouvant entra\u00eener des variations de nuances de teinte sur le sol, en particulier lorsque les temp\u00e9ratures sont basses.<\/p><p style=\"text-align: justify;\">Quoi qu\u2019il en soit, il n\u2019est pas n\u00e9cessaire de pratiquer un d\u00e9capage apr\u00e8s l\u2019application du produit et il sera possible d\u2019appliquer imm\u00e9diatement un traitement de surface adapt\u00e9.<\/p><p style=\"text-align: justify;\">Quel que soit le type de sol industriel en b\u00e9ton trait\u00e9,\u00a0<em><strong>Ecocure Superior<\/strong><\/em>\u00a0peut \u00eatre mis en \u0153uvre en environnement int\u00e9rieur comme ext\u00e9rieur. Il faut tout de m\u00eame savoir qu\u2019<em><strong>Ecocure Superior<\/strong><\/em>\u00a0ne doit pas \u00eatre utilis\u00e9 lorsqu\u2019il g\u00e8le.<\/p><p style=\"text-align: justify;\"><em><strong>Ecocure Superior<\/strong><\/em>\u00a0est compatible avec de tr\u00e8s nombreux primaires et de nombreuses colles d\u2019accrochage.<\/p><h2 style=\"text-align: justify; font-size: 20px; color: #004f9f;\">Ecocure\u00a0Superior : Stockage et s\u00e9curit\u00e9<\/h2><p style=\"text-align: justify;\"><em><strong>Ecocure Superior<\/strong><\/em>\u00a0peut \u00eatre conserv\u00e9 jusqu\u2019\u00e0 une ann\u00e9e dans son emballage d\u2019origine. Quelle que soit la dur\u00e9e de stockage du produit,\u00a0<em><strong>Ecocure Superior<\/strong><\/em>\u00a0doit toujours \u00eatre conserv\u00e9 \u00e0 l\u2019abri du gel. Sa nature ininflammable r\u00e9duit le risque lors du stockage en entrep\u00f4t.<\/p><p style=\"text-align: justify;\">La Fiche de Donn\u00e9es de S\u00e9curit\u00e9 concernant\u00a0<em><strong>Ecocure Superior<\/strong><\/em>\u00a0peut vous \u00eatre fournie \u00e0 la demande.<\/p><h2 style=\"text-align: justify; font-size: 20px; color: #004f9f;\">Caract\u00e9ristiques techniques du produit et conditionnement<\/h2><p style=\"text-align: justify;\">En raison de son aspect liquide,\u00a0<em><strong>Ecocure Superior<\/strong><\/em>\u00a0peut \u00eatre contenu dans des bidons de 20 litres. Le liquide blanc laiteux peut \u00e9galement \u00eatre conditionn\u00e9 dans des f\u00fbts de 200 litres ou des containers de 1000 litres.<\/p><p style=\"text-align: justify;\">La densit\u00e9 du produit\u00a0<em><strong>Ecocure Superior<\/strong><\/em>\u00a0se situe entre 0,9 et 1,1.<\/p><p style=\"text-align: justify;\">Le pH d\u2019<em><strong>Ecocure Superior<\/strong><\/em>\u00a0est compris entre 8,8 et 9,2. Id\u00e9alement son pH est de 9.<\/p><p style=\"text-align: justify;\">Selon le type de finition,\u00a0<em><strong>Ecocure Superior<\/strong><\/em>\u00a0voit son pouvoir couvrant se situer entre 80 et 100 gr\/m\u00b2 soit l\u2019\u00e9quivalent de 10 \u00e0 12 m\u00b2\/litre.<\/p>\t\t\t\t\t\t\t\t<\/div>\n\t\t\t\t<\/div>\n\t\t\t\t\t<\/div>\n\t\t\t\t<\/div>\n\t\t\t\t<\/div>\n\t\t","protected":false},"excerpt":{"rendered":"<p style=\"text-align: justify;\"><em><strong>Ecocure Superior<\/strong><\/em>\u00a0est un <a href=\"https:\/\/www.achrodeco.com\/additifs-beton\/46-ecocure-superior.html\">produit de cure<\/a> destin\u00e9 \u00e0 la protection des sols industriels en b\u00e9ton.<\/p>\n<p style=\"text-align: justify;\">Ce produit en phase aqueuse a pour objectif de maintenir une hydratation compl\u00e8te du b\u00e9ton.<\/p>\n<p style=\"text-align: justify;\">Pour cela,\u00a0<em><strong>Ecocure Superior\u00a0<\/strong><\/em>forme un film protecteur sur le b\u00e9ton permettant ainsi une limitation de l\u2019\u00e9vaporation d\u2019eau de g\u00e2chage.<\/p>\n","protected":false},"featured_media":4667,"template":"","meta":[],"product_cat":[55],"product_tag":[],"class_list":{"0":"post-1278","1":"product","2":"type-product","3":"status-publish","4":"has-post-thumbnail","6":"product_cat-additifs","8":"first","9":"instock","10":"featured","11":"shipping-taxable","12":"product-type-simple"},"yoast_head":"<!-- This site is optimized with the Yoast SEO plugin v24.3 - https:\/\/yoast.com\/wordpress\/plugins\/seo\/ -->\n<title>Produit de cure : film protecteur pour dallage b\u00e9ton\u00a0<\/title>\n<meta name=\"description\" content=\"Fine couche transparente de protection pour les dallages en b\u00e9ton. Il limite ainsi l&#039;\u00e9vaporation de l&#039;eau lors de s\u00e9chage du b\u00e9ton.\" \/>\n<meta name=\"robots\" content=\"index, follow, max-snippet:-1, max-image-preview:large, max-video-preview:-1\" \/>\n<link rel=\"canonical\" href=\"https:\/\/www.achro.eu\/fr\/ecocure-17.html\" \/>\n<meta property=\"og:locale\" content=\"fr_FR\" \/>\n<meta property=\"og:type\" content=\"article\" \/>\n<meta property=\"og:title\" content=\"Produit de cure : film protecteur pour dallage b\u00e9ton\u00a0\" \/>\n<meta property=\"og:description\" content=\"Fine couche transparente de protection pour les dallages en b\u00e9ton. Il limite ainsi l&#039;\u00e9vaporation de l&#039;eau lors de s\u00e9chage du b\u00e9ton.\" \/>\n<meta property=\"og:url\" content=\"https:\/\/www.achro.eu\/fr\/ecocure-17.html\" \/>\n<meta property=\"article:modified_time\" content=\"2025-03-26T20:10:56+00:00\" \/>\n<meta property=\"og:image\" content=\"http:\/\/www.achro.eu\/fr\/wp-content\/uploads\/2016\/03\/produit-cure-beton.jpg\" \/>\n\t<meta property=\"og:image:width\" content=\"945\" \/>\n\t<meta property=\"og:image:height\" content=\"944\" \/>\n\t<meta property=\"og:image:type\" content=\"image\/jpeg\" \/>\n<meta name=\"twitter:card\" content=\"summary_large_image\" \/>\n<meta name=\"twitter:label1\" content=\"Dur\u00e9e de lecture estim\u00e9e\" \/>\n\t<meta name=\"twitter:data1\" content=\"3 minutes\" \/>\n<script type=\"application\/ld+json\" class=\"yoast-schema-graph\">{\"@context\":\"https:\/\/schema.org\",\"@graph\":[{\"@type\":\"WebPage\",\"@id\":\"https:\/\/www.achro.eu\/fr\/ecocure-17.html\",\"url\":\"https:\/\/www.achro.eu\/fr\/ecocure-17.html\",\"name\":\"Produit de cure : film protecteur pour dallage b\u00e9ton\u00a0\",\"isPartOf\":{\"@id\":\"https:\/\/www.achro.eu\/fr\/#website\"},\"primaryImageOfPage\":{\"@id\":\"https:\/\/www.achro.eu\/fr\/ecocure-17.html#primaryimage\"},\"image\":{\"@id\":\"https:\/\/www.achro.eu\/fr\/ecocure-17.html#primaryimage\"},\"thumbnailUrl\":\"https:\/\/www.achro.eu\/fr\/wp-content\/uploads\/2016\/03\/produit-cure-beton.jpg\",\"datePublished\":\"2016-03-30T06:52:05+00:00\",\"dateModified\":\"2025-03-26T20:10:56+00:00\",\"description\":\"Fine couche transparente de protection pour les dallages en b\u00e9ton. Il limite ainsi l'\u00e9vaporation de l'eau lors de s\u00e9chage du b\u00e9ton.\",\"inLanguage\":\"fr-FR\",\"potentialAction\":[{\"@type\":\"ReadAction\",\"target\":[\"https:\/\/www.achro.eu\/fr\/ecocure-17.html\"]}]},{\"@type\":\"ImageObject\",\"inLanguage\":\"fr-FR\",\"@id\":\"https:\/\/www.achro.eu\/fr\/ecocure-17.html#primaryimage\",\"url\":\"https:\/\/www.achro.eu\/fr\/wp-content\/uploads\/2016\/03\/produit-cure-beton.jpg\",\"contentUrl\":\"https:\/\/www.achro.eu\/fr\/wp-content\/uploads\/2016\/03\/produit-cure-beton.jpg\",\"width\":945,\"height\":944},{\"@type\":\"WebSite\",\"@id\":\"https:\/\/www.achro.eu\/fr\/#website\",\"url\":\"https:\/\/www.achro.eu\/fr\/\",\"name\":\"\",\"description\":\"\",\"potentialAction\":[{\"@type\":\"SearchAction\",\"target\":{\"@type\":\"EntryPoint\",\"urlTemplate\":\"https:\/\/www.achro.eu\/fr\/?s={search_term_string}\"},\"query-input\":{\"@type\":\"PropertyValueSpecification\",\"valueRequired\":true,\"valueName\":\"search_term_string\"}}],\"inLanguage\":\"fr-FR\"}]}<\/script>\n<!-- \/ Yoast SEO plugin. -->","yoast_head_json":{"title":"Produit de cure : film protecteur pour dallage b\u00e9ton\u00a0","description":"Fine couche transparente de protection pour les dallages en b\u00e9ton. Il limite ainsi l'\u00e9vaporation de l'eau lors de s\u00e9chage du b\u00e9ton.","robots":{"index":"index","follow":"follow","max-snippet":"max-snippet:-1","max-image-preview":"max-image-preview:large","max-video-preview":"max-video-preview:-1"},"canonical":"https:\/\/www.achro.eu\/fr\/ecocure-17.html","og_locale":"fr_FR","og_type":"article","og_title":"Produit de cure : film protecteur pour dallage b\u00e9ton\u00a0","og_description":"Fine couche transparente de protection pour les dallages en b\u00e9ton. Il limite ainsi l'\u00e9vaporation de l'eau lors de s\u00e9chage du b\u00e9ton.","og_url":"https:\/\/www.achro.eu\/fr\/ecocure-17.html","article_modified_time":"2025-03-26T20:10:56+00:00","og_image":[{"width":945,"height":944,"url":"http:\/\/www.achro.eu\/fr\/wp-content\/uploads\/2016\/03\/produit-cure-beton.jpg","type":"image\/jpeg"}],"twitter_card":"summary_large_image","twitter_misc":{"Dur\u00e9e de lecture estim\u00e9e":"3 minutes"},"schema":{"@context":"https:\/\/schema.org","@graph":[{"@type":"WebPage","@id":"https:\/\/www.achro.eu\/fr\/ecocure-17.html","url":"https:\/\/www.achro.eu\/fr\/ecocure-17.html","name":"Produit de cure : film protecteur pour dallage b\u00e9ton\u00a0","isPartOf":{"@id":"https:\/\/www.achro.eu\/fr\/#website"},"primaryImageOfPage":{"@id":"https:\/\/www.achro.eu\/fr\/ecocure-17.html#primaryimage"},"image":{"@id":"https:\/\/www.achro.eu\/fr\/ecocure-17.html#primaryimage"},"thumbnailUrl":"https:\/\/www.achro.eu\/fr\/wp-content\/uploads\/2016\/03\/produit-cure-beton.jpg","datePublished":"2016-03-30T06:52:05+00:00","dateModified":"2025-03-26T20:10:56+00:00","description":"Fine couche transparente de protection pour les dallages en b\u00e9ton. Il limite ainsi l'\u00e9vaporation de l'eau lors de s\u00e9chage du b\u00e9ton.","inLanguage":"fr-FR","potentialAction":[{"@type":"ReadAction","target":["https:\/\/www.achro.eu\/fr\/ecocure-17.html"]}]},{"@type":"ImageObject","inLanguage":"fr-FR","@id":"https:\/\/www.achro.eu\/fr\/ecocure-17.html#primaryimage","url":"https:\/\/www.achro.eu\/fr\/wp-content\/uploads\/2016\/03\/produit-cure-beton.jpg","contentUrl":"https:\/\/www.achro.eu\/fr\/wp-content\/uploads\/2016\/03\/produit-cure-beton.jpg","width":945,"height":944},{"@type":"WebSite","@id":"https:\/\/www.achro.eu\/fr\/#website","url":"https:\/\/www.achro.eu\/fr\/","name":"","description":"","potentialAction":[{"@type":"SearchAction","target":{"@type":"EntryPoint","urlTemplate":"https:\/\/www.achro.eu\/fr\/?s={search_term_string}"},"query-input":{"@type":"PropertyValueSpecification","valueRequired":true,"valueName":"search_term_string"}}],"inLanguage":"fr-FR"}]}},"_links":{"self":[{"href":"https:\/\/www.achro.eu\/fr\/wp-json\/wp\/v2\/product\/1278"}],"collection":[{"href":"https:\/\/www.achro.eu\/fr\/wp-json\/wp\/v2\/product"}],"about":[{"href":"https:\/\/www.achro.eu\/fr\/wp-json\/wp\/v2\/types\/product"}],"version-history":[{"count":20,"href":"https:\/\/www.achro.eu\/fr\/wp-json\/wp\/v2\/product\/1278\/revisions"}],"predecessor-version":[{"id":5072,"href":"https:\/\/www.achro.eu\/fr\/wp-json\/wp\/v2\/product\/1278\/revisions\/5072"}],"wp:featuredmedia":[{"embeddable":true,"href":"https:\/\/www.achro.eu\/fr\/wp-json\/wp\/v2\/media\/4667"}],"wp:attachment":[{"href":"https:\/\/www.achro.eu\/fr\/wp-json\/wp\/v2\/media?parent=1278"}],"wp:term":[{"taxonomy":"product_cat","embeddable":true,"href":"https:\/\/www.achro.eu\/fr\/wp-json\/wp\/v2\/product_cat?post=1278"},{"taxonomy":"product_tag","embeddable":true,"href":"https:\/\/www.achro.eu\/fr\/wp-json\/wp\/v2\/product_tag?post=1278"}],"curies":[{"name":"wp","href":"https:\/\/api.w.org\/{rel}","templated":true}]}}