{"id":1274,"date":"2016-03-29T15:29:59","date_gmt":"2016-03-29T14:29:59","guid":{"rendered":"http:\/\/www.rcr-production-france.com\/2016\/achro-po-fluid.html"},"modified":"2025-03-26T21:11:07","modified_gmt":"2025-03-26T20:11:07","slug":"achro-seal","status":"publish","type":"product","link":"https:\/\/www.achro.eu\/fr\/achro-seal.html","title":{"rendered":"Achro Seal"},"content":{"rendered":"\t\t<div data-elementor-type=\"wp-post\" data-elementor-id=\"1274\" class=\"elementor elementor-1274\">\n\t\t\t\t<div class=\"elementor-element elementor-element-559633cf e-grid e-con-boxed e-con e-parent\" data-id=\"559633cf\" data-element_type=\"container\">\n\t\t\t\t\t<div class=\"e-con-inner\">\n\t\t\t\t<div class=\"elementor-element elementor-element-551fcf5c elementor-widget elementor-widget-text-editor\" data-id=\"551fcf5c\" data-element_type=\"widget\" data-widget_type=\"text-editor.default\">\n\t\t\t\t<div class=\"elementor-widget-container\">\n\t\t\t\t\t\t\t\t\t<h2 style=\"text-align: justify; font-size: 20px; color: #004f9f;\"><strong>Achro seal, produit de cure id\u00e9ale pour prot\u00e9ger les b\u00e9tons\u00a0<\/strong><\/h2><p style=\"text-align: justify;\"><em><strong>Achro seal<\/strong><\/em>, qui se pr\u00e9sente sous la forme d&rsquo;un liquide blanc laiteux, est un m\u00e9lange de r\u00e9sine synth\u00e9tique et de composants r\u00e9actifs fluosilicat\u00e9s. L&rsquo;action combin\u00e9e de ces \u00e9l\u00e9ments, en cr\u00e9ant des sels insolubles hydrat\u00e9s, permet de r\u00e9duire la micro-porosit\u00e9 du r\u00e9seau capillaire du b\u00e9ton. Le r\u00e9seau form\u00e9 par la r\u00e9sine de<em><strong> Achro seal<\/strong><\/em> assure quant \u00e0 lui un renforcement du dallage.<\/p><p>Mais la composition de <em><strong>Achro seal<\/strong><\/em> comporte un autre avantage : puisqu&rsquo;il ne contient pas de solvant, il est ininflammable, contrairement aux produits de cure classiques.<\/p>\t\t\t\t\t\t\t\t<\/div>\n\t\t\t\t<\/div>\n\t\t<div class=\"elementor-element elementor-element-4139c775 e-con-full e-flex e-con e-child\" data-id=\"4139c775\" data-element_type=\"container\" data-settings=\"{&quot;background_background&quot;:&quot;classic&quot;}\">\n\t\t\t\t<div class=\"elementor-element elementor-element-7c5c5de8 elementor-widget elementor-widget-cs_title\" data-id=\"7c5c5de8\" data-element_type=\"widget\" data-widget_type=\"cs_title.default\">\n\t\t\t\t<div class=\"elementor-widget-container\">\n\t\t\t\t\t\n        <div class=\"cs-title-wrap text-center\">\t            <div class=\"cs-subtitle-wrap\"><span class=\"cs-subtitle\">Liens utiles<\/span><\/div>\t            <h4 class=\"cs-title\">\n\t                T\u00e9l\u00e9chargements\t            <\/h4>        <\/div>\t\t\t\t<\/div>\n\t\t\t\t<\/div>\n\t\t\t\t<div class=\"elementor-element elementor-element-3783c24b elementor-widget elementor-widget-text-editor\" data-id=\"3783c24b\" data-element_type=\"widget\" data-widget_type=\"text-editor.default\">\n\t\t\t\t<div class=\"elementor-widget-container\">\n\t\t\t\t\t\t\t\t\t<p style=\"text-align: center;\"><a href=\"http:\/\/www.achro.eu\/fr\/wp-content\/uploads\/2016\/03\/AchroSEAL.pdf\" rel=\"\">Fiche technique<br \/><\/a><a href=\"http:\/\/www.achro.eu\/fr\/wp-content\/uploads\/2016\/03\/fds-seal.pdf\" rel=\"\">Fiche de s\u00e9curit\u00e9<\/a><\/p>\t\t\t\t\t\t\t\t<\/div>\n\t\t\t\t<\/div>\n\t\t\t\t<div class=\"elementor-element elementor-element-7406c116 elementor-align-center elementor-widget elementor-widget-cs_button\" data-id=\"7406c116\" data-element_type=\"widget\" data-widget_type=\"cs_button.default\">\n\t\t\t\t<div class=\"elementor-widget-container\">\n\t\t\t\t\t        <a href=\"https:\/\/www.achrodeco.com\/additifs-beton\/79-achroseal.html\" class=\"elementor-button-link button\" role=\"button\">\n            <span class=\"cs-btn-text\">Acheter ce produit<\/span>        <\/a>\t\t\t\t<\/div>\n\t\t\t\t<\/div>\n\t\t\t\t<\/div>\n\t\t\t\t\t<\/div>\n\t\t\t\t<\/div>\n\t\t<div class=\"elementor-element elementor-element-67c8646f e-flex e-con-boxed e-con e-parent\" data-id=\"67c8646f\" data-element_type=\"container\">\n\t\t\t\t\t<div class=\"e-con-inner\">\n\t\t\t\t<div class=\"elementor-element elementor-element-c57823d elementor-widget elementor-widget-text-editor\" data-id=\"c57823d\" data-element_type=\"widget\" data-widget_type=\"text-editor.default\">\n\t\t\t\t<div class=\"elementor-widget-container\">\n\t\t\t\t\t\t\t\t\t<p style=\"text-align: justify;\">Si les \u00e9l\u00e9ments qui le composent sont peu nombreux mais efficaces,<em><strong> Achro seal\u00a0<\/strong><\/em>est \u00e9galement tr\u00e8s simple \u00e0 utiliser.<\/p><h2 style=\"text-align: justify; font-size: 20px; color: #004f9f;\"><strong>Une utilisation simple pour une protection optimale <\/strong><\/h2><p style=\"text-align: justify;\">Pr\u00eat \u00e0 emploi,<em><strong> Achro seal<\/strong><\/em> est un produit \u00e0 la port\u00e9e de tous. En effet, il suffit de le pulv\u00e9riser sur la surface du b\u00e9ton \u00e0 prot\u00e9ger, \u00e0 la fin de son lissage, pour b\u00e9n\u00e9ficier de ses nombreux effets.<br \/>Gr\u00e2ce \u00e0 son efficacit\u00e9 polyvalente,<em><strong> Achro seal<\/strong><\/em>\u00a0agit d\u00e8s la mise en \u0153uvre du b\u00e9ton en favorisant son hydratation et en am\u00e9liorant directement son durcissement.<\/p><p style=\"text-align: justify;\">Il est adapt\u00e9 \u00e0 de nombreux types de sols, du dallage neuf poreux au sol en b\u00e9ton ancien. Quel que soit le ciment sur lequel il est appliqu\u00e9,<em><strong> Achro seal<\/strong><\/em> garantit son insensibilit\u00e9 \u00e0 l&rsquo;eau, aux huiles et aux graisses.<\/p><p style=\"text-align: justify;\">Afin de profiter de l&rsquo;action hydrofuge et ol\u00e9ofuge de\u00a0<em><strong>Achro seal<\/strong><\/em>, celui-ci doit \u00eatre pulv\u00e9ris\u00e9 lors de l&rsquo;ultime lissage du dallage neuf, avant que celui-ci ne devienne sec. La pulv\u00e9risation se fait comme avec n&rsquo;importe quel produit de cure traditionnel, avec un rouleau ou un manchon par exemple, en pr\u00e9f\u00e9rant deux passes afin d&rsquo;\u00e9viter la sur\u00e9paisseur.<\/p><p style=\"text-align: justify;\">Si le sol est poreux ou ancien, il convient d&rsquo;\u00f4ter toute pr\u00e9sence de poussi\u00e8re, huile ou salissure avant d&rsquo;appliquer<em><strong> Achro seal<\/strong><\/em> en deux fois, en attendant au moins 12 heures entre chacune des deux pulv\u00e9risations. Il faut \u00e9galement que le sol soit sec, car l&rsquo;humidit\u00e9 r\u00e9duira l&rsquo;efficacit\u00e9 du produit s&rsquo;il est appliqu\u00e9 sur un b\u00e9ton mouill\u00e9.<\/p><h2 style=\"text-align: justify; font-size: 20px; color: #004f9f;\"><strong>Recommandations <\/strong><\/h2><p style=\"text-align: justify;\"><em><strong>Achro seal<\/strong><\/em>\u00a0est disponible en diff\u00e9rents formes. Un jerrican de 20 litres suffira au particulier souhaitant r\u00e9nover sa terrasse en b\u00e9ton et am\u00e9liorer son imperm\u00e9abilit\u00e9 ; les containers de 1000 litres ou les f\u00fbts de 200 litres conviendront quant \u00e0 eux aux industriels et aux chantiers.<\/p><p style=\"text-align: justify;\">Si<em><strong> Achro seal<\/strong><\/em> n&rsquo;est pas un produit sp\u00e9cialement dangereux, il convient tout de m\u00eame de porter des gants, un masque et une combinaison appropri\u00e9e pour sa pulv\u00e9risation.<br \/><br \/><em><strong>Achro seal<\/strong><\/em> est un produit qui craint le gel. Il est donc recommand\u00e9 de conserver ce produit dans son emballage d&rsquo;origine, jusqu&rsquo;\u00e0 12 mois, dans un local clos \u00e0 l&rsquo;abri de l&rsquo;humidit\u00e9.<\/p>\t\t\t\t\t\t\t\t<\/div>\n\t\t\t\t<\/div>\n\t\t\t\t\t<\/div>\n\t\t\t\t<\/div>\n\t\t\t\t<\/div>\n\t\t","protected":false},"excerpt":{"rendered":"<p style=\"text-align: justify;\"><em><strong>Achro seal<\/strong><\/em> est un produit de cure destin\u00e9 \u00e0 rendre hydrofuge et ol\u00e9ofuge les surfaces en b\u00e9ton.<\/p>\n<p style=\"text-align: justify;\">Gr\u00e2ce \u00e0 son efficacit\u00e9 et \u00e0 sa polyvalence,\u00a0<em><strong>Achro seal<\/strong><\/em> peut \u00eatre utilis\u00e9 aussi bien sur un dallage de b\u00e9ton neuf, lors de sa mise en \u0153uvre, que sur un sol ancien ou poreux.<\/p>\n","protected":false},"featured_media":4447,"template":"","meta":[],"product_cat":[55],"product_tag":[],"class_list":{"0":"post-1274","1":"product","2":"type-product","3":"status-publish","4":"has-post-thumbnail","6":"product_cat-additifs","8":"first","9":"instock","10":"featured","11":"shipping-taxable","12":"product-type-simple"},"yoast_head":"<!-- This site is optimized with the Yoast SEO plugin v24.3 - https:\/\/yoast.com\/wordpress\/plugins\/seo\/ -->\n<title>Produit de cure pour b\u00e9ton \u00e0 base de r\u00e9sine<\/title>\n<meta name=\"description\" content=\"Ce produit de cure est une v\u00e9ritable protection assurant la bonne mise en oeuvre, de rendre le sol imperm\u00e9able et plus r\u00e9sistant.\u00a0\" \/>\n<meta name=\"robots\" content=\"index, follow, max-snippet:-1, max-image-preview:large, max-video-preview:-1\" \/>\n<link rel=\"canonical\" href=\"https:\/\/www.achro.eu\/fr\/achro-seal.html\" \/>\n<meta property=\"og:locale\" content=\"fr_FR\" \/>\n<meta property=\"og:type\" content=\"article\" \/>\n<meta property=\"og:title\" content=\"Produit de cure pour b\u00e9ton \u00e0 base de r\u00e9sine\" \/>\n<meta property=\"og:description\" content=\"Ce produit de cure est une v\u00e9ritable protection assurant la bonne mise en oeuvre, de rendre le sol imperm\u00e9able et plus r\u00e9sistant.\u00a0\" \/>\n<meta property=\"og:url\" content=\"https:\/\/www.achro.eu\/fr\/achro-seal.html\" \/>\n<meta property=\"article:modified_time\" content=\"2025-03-26T20:11:07+00:00\" \/>\n<meta property=\"og:image\" content=\"http:\/\/www.achro.eu\/fr\/wp-content\/uploads\/2016\/04\/bidon-20l-achro.jpg\" \/>\n\t<meta property=\"og:image:width\" content=\"800\" \/>\n\t<meta property=\"og:image:height\" content=\"800\" \/>\n\t<meta property=\"og:image:type\" content=\"image\/jpeg\" \/>\n<meta name=\"twitter:card\" content=\"summary_large_image\" \/>\n<meta name=\"twitter:label1\" content=\"Dur\u00e9e de lecture estim\u00e9e\" \/>\n\t<meta name=\"twitter:data1\" content=\"3 minutes\" \/>\n<script type=\"application\/ld+json\" class=\"yoast-schema-graph\">{\"@context\":\"https:\/\/schema.org\",\"@graph\":[{\"@type\":\"WebPage\",\"@id\":\"https:\/\/www.achro.eu\/fr\/achro-seal.html\",\"url\":\"https:\/\/www.achro.eu\/fr\/achro-seal.html\",\"name\":\"Produit de cure pour b\u00e9ton \u00e0 base de r\u00e9sine\",\"isPartOf\":{\"@id\":\"https:\/\/www.achro.eu\/fr\/#website\"},\"primaryImageOfPage\":{\"@id\":\"https:\/\/www.achro.eu\/fr\/achro-seal.html#primaryimage\"},\"image\":{\"@id\":\"https:\/\/www.achro.eu\/fr\/achro-seal.html#primaryimage\"},\"thumbnailUrl\":\"https:\/\/www.achro.eu\/fr\/wp-content\/uploads\/2016\/04\/bidon-20l-achro.jpg\",\"datePublished\":\"2016-03-29T14:29:59+00:00\",\"dateModified\":\"2025-03-26T20:11:07+00:00\",\"description\":\"Ce produit de cure est une v\u00e9ritable protection assurant la bonne mise en oeuvre, de rendre le sol imperm\u00e9able et plus r\u00e9sistant.\u00a0\",\"inLanguage\":\"fr-FR\",\"potentialAction\":[{\"@type\":\"ReadAction\",\"target\":[\"https:\/\/www.achro.eu\/fr\/achro-seal.html\"]}]},{\"@type\":\"ImageObject\",\"inLanguage\":\"fr-FR\",\"@id\":\"https:\/\/www.achro.eu\/fr\/achro-seal.html#primaryimage\",\"url\":\"https:\/\/www.achro.eu\/fr\/wp-content\/uploads\/2016\/04\/bidon-20l-achro.jpg\",\"contentUrl\":\"https:\/\/www.achro.eu\/fr\/wp-content\/uploads\/2016\/04\/bidon-20l-achro.jpg\",\"width\":800,\"height\":800},{\"@type\":\"WebSite\",\"@id\":\"https:\/\/www.achro.eu\/fr\/#website\",\"url\":\"https:\/\/www.achro.eu\/fr\/\",\"name\":\"\",\"description\":\"\",\"potentialAction\":[{\"@type\":\"SearchAction\",\"target\":{\"@type\":\"EntryPoint\",\"urlTemplate\":\"https:\/\/www.achro.eu\/fr\/?s={search_term_string}\"},\"query-input\":{\"@type\":\"PropertyValueSpecification\",\"valueRequired\":true,\"valueName\":\"search_term_string\"}}],\"inLanguage\":\"fr-FR\"}]}<\/script>\n<!-- \/ Yoast SEO plugin. -->","yoast_head_json":{"title":"Produit de cure pour b\u00e9ton \u00e0 base de r\u00e9sine","description":"Ce produit de cure est une v\u00e9ritable protection assurant la bonne mise en oeuvre, de rendre le sol imperm\u00e9able et plus r\u00e9sistant.\u00a0","robots":{"index":"index","follow":"follow","max-snippet":"max-snippet:-1","max-image-preview":"max-image-preview:large","max-video-preview":"max-video-preview:-1"},"canonical":"https:\/\/www.achro.eu\/fr\/achro-seal.html","og_locale":"fr_FR","og_type":"article","og_title":"Produit de cure pour b\u00e9ton \u00e0 base de r\u00e9sine","og_description":"Ce produit de cure est une v\u00e9ritable protection assurant la bonne mise en oeuvre, de rendre le sol imperm\u00e9able et plus r\u00e9sistant.\u00a0","og_url":"https:\/\/www.achro.eu\/fr\/achro-seal.html","article_modified_time":"2025-03-26T20:11:07+00:00","og_image":[{"width":800,"height":800,"url":"http:\/\/www.achro.eu\/fr\/wp-content\/uploads\/2016\/04\/bidon-20l-achro.jpg","type":"image\/jpeg"}],"twitter_card":"summary_large_image","twitter_misc":{"Dur\u00e9e de lecture estim\u00e9e":"3 minutes"},"schema":{"@context":"https:\/\/schema.org","@graph":[{"@type":"WebPage","@id":"https:\/\/www.achro.eu\/fr\/achro-seal.html","url":"https:\/\/www.achro.eu\/fr\/achro-seal.html","name":"Produit de cure pour b\u00e9ton \u00e0 base de r\u00e9sine","isPartOf":{"@id":"https:\/\/www.achro.eu\/fr\/#website"},"primaryImageOfPage":{"@id":"https:\/\/www.achro.eu\/fr\/achro-seal.html#primaryimage"},"image":{"@id":"https:\/\/www.achro.eu\/fr\/achro-seal.html#primaryimage"},"thumbnailUrl":"https:\/\/www.achro.eu\/fr\/wp-content\/uploads\/2016\/04\/bidon-20l-achro.jpg","datePublished":"2016-03-29T14:29:59+00:00","dateModified":"2025-03-26T20:11:07+00:00","description":"Ce produit de cure est une v\u00e9ritable protection assurant la bonne mise en oeuvre, de rendre le sol imperm\u00e9able et plus r\u00e9sistant.\u00a0","inLanguage":"fr-FR","potentialAction":[{"@type":"ReadAction","target":["https:\/\/www.achro.eu\/fr\/achro-seal.html"]}]},{"@type":"ImageObject","inLanguage":"fr-FR","@id":"https:\/\/www.achro.eu\/fr\/achro-seal.html#primaryimage","url":"https:\/\/www.achro.eu\/fr\/wp-content\/uploads\/2016\/04\/bidon-20l-achro.jpg","contentUrl":"https:\/\/www.achro.eu\/fr\/wp-content\/uploads\/2016\/04\/bidon-20l-achro.jpg","width":800,"height":800},{"@type":"WebSite","@id":"https:\/\/www.achro.eu\/fr\/#website","url":"https:\/\/www.achro.eu\/fr\/","name":"","description":"","potentialAction":[{"@type":"SearchAction","target":{"@type":"EntryPoint","urlTemplate":"https:\/\/www.achro.eu\/fr\/?s={search_term_string}"},"query-input":{"@type":"PropertyValueSpecification","valueRequired":true,"valueName":"search_term_string"}}],"inLanguage":"fr-FR"}]}},"_links":{"self":[{"href":"https:\/\/www.achro.eu\/fr\/wp-json\/wp\/v2\/product\/1274"}],"collection":[{"href":"https:\/\/www.achro.eu\/fr\/wp-json\/wp\/v2\/product"}],"about":[{"href":"https:\/\/www.achro.eu\/fr\/wp-json\/wp\/v2\/types\/product"}],"version-history":[{"count":13,"href":"https:\/\/www.achro.eu\/fr\/wp-json\/wp\/v2\/product\/1274\/revisions"}],"predecessor-version":[{"id":5075,"href":"https:\/\/www.achro.eu\/fr\/wp-json\/wp\/v2\/product\/1274\/revisions\/5075"}],"wp:featuredmedia":[{"embeddable":true,"href":"https:\/\/www.achro.eu\/fr\/wp-json\/wp\/v2\/media\/4447"}],"wp:attachment":[{"href":"https:\/\/www.achro.eu\/fr\/wp-json\/wp\/v2\/media?parent=1274"}],"wp:term":[{"taxonomy":"product_cat","embeddable":true,"href":"https:\/\/www.achro.eu\/fr\/wp-json\/wp\/v2\/product_cat?post=1274"},{"taxonomy":"product_tag","embeddable":true,"href":"https:\/\/www.achro.eu\/fr\/wp-json\/wp\/v2\/product_tag?post=1274"}],"curies":[{"name":"wp","href":"https:\/\/api.w.org\/{rel}","templated":true}]}}