{"id":1260,"date":"2016-03-29T13:00:11","date_gmt":"2016-03-29T12:00:11","guid":{"rendered":"http:\/\/www.rcr-production-france.com\/2016\/additif-dallage-beton\/19-achro-fluid.html"},"modified":"2025-03-26T21:11:17","modified_gmt":"2025-03-26T20:11:17","slug":"achro-po-fluid","status":"publish","type":"product","link":"https:\/\/www.achro.eu\/fr\/achro-po-fluid.html","title":{"rendered":"Achro PO Fluid"},"content":{"rendered":"\t\t<div data-elementor-type=\"wp-post\" data-elementor-id=\"1260\" class=\"elementor elementor-1260\">\n\t\t\t\t<div class=\"elementor-element elementor-element-ea21385 e-grid e-con-boxed e-con e-parent\" data-id=\"ea21385\" data-element_type=\"container\">\n\t\t\t\t\t<div class=\"e-con-inner\">\n\t\t\t\t<div class=\"elementor-element elementor-element-5305386f elementor-widget elementor-widget-text-editor\" data-id=\"5305386f\" data-element_type=\"widget\" data-widget_type=\"text-editor.default\">\n\t\t\t\t<div class=\"elementor-widget-container\">\n\t\t\t\t\t\t\t\t\t<h2 style=\"text-align: justify; font-size: 20px; color: #004f9f;\"><strong>Achro PU 925, un mastic destin\u00e9 aux joints de dallage\u00a0<\/strong><\/h2><div id=\"textpreview\" style=\"text-align: justify;\"><p>Mastic \u00e9lastom\u00e8re polyur\u00e9thane, <em><strong>Achro PU 925<\/strong><\/em> permet de r\u00e9aliser les joints de dallages en b\u00e9ton, aussi bien en ext\u00e9rieur qu&rsquo;en int\u00e9rieur.<\/p><p>Il offre \u00e0 ces derniers une protection contre les hydrocarbures et les agents chimiques. Ce produit convient pour des joints dont la largeur n&rsquo;exc\u00e8de pas 8 mm.<\/p><p>\u00a0<\/p><\/div>\t\t\t\t\t\t\t\t<\/div>\n\t\t\t\t<\/div>\n\t\t<div class=\"elementor-element elementor-element-afd6552 e-con-full e-flex e-con e-child\" data-id=\"afd6552\" data-element_type=\"container\" data-settings=\"{&quot;background_background&quot;:&quot;classic&quot;}\">\n\t\t\t\t<div class=\"elementor-element elementor-element-7c8d157d elementor-widget elementor-widget-cs_title\" data-id=\"7c8d157d\" data-element_type=\"widget\" data-widget_type=\"cs_title.default\">\n\t\t\t\t<div class=\"elementor-widget-container\">\n\t\t\t\t\t\n        <div class=\"cs-title-wrap text-center\">\t            <div class=\"cs-subtitle-wrap\"><span class=\"cs-subtitle\">Liens utiles<\/span><\/div>\t            <h4 class=\"cs-title\">\n\t                T\u00e9l\u00e9chargements\t            <\/h4>        <\/div>\t\t\t\t<\/div>\n\t\t\t\t<\/div>\n\t\t\t\t<div class=\"elementor-element elementor-element-65b3e5e0 elementor-widget elementor-widget-text-editor\" data-id=\"65b3e5e0\" data-element_type=\"widget\" data-widget_type=\"text-editor.default\">\n\t\t\t\t<div class=\"elementor-widget-container\">\n\t\t\t\t\t\t\t\t\t<p style=\"text-align: center;\"><a href=\"http:\/\/www.achro.eu\/fr\/wp-content\/uploads\/2016\/03\/Achro-PO-fluid.pdf\" rel=\"\">Fiche technique<br \/><\/a><a href=\"http:\/\/www.achro.eu\/fr\/wp-content\/uploads\/2016\/03\/fds-pofluid.pdf\" rel=\"\">Fiche de s\u00e9curit\u00e9<\/a><\/p>\t\t\t\t\t\t\t\t<\/div>\n\t\t\t\t<\/div>\n\t\t\t\t<\/div>\n\t\t\t\t\t<\/div>\n\t\t\t\t<\/div>\n\t\t<div class=\"elementor-element elementor-element-6cbda102 e-flex e-con-boxed e-con e-parent\" data-id=\"6cbda102\" data-element_type=\"container\">\n\t\t\t\t\t<div class=\"e-con-inner\">\n\t\t\t\t<div class=\"elementor-element elementor-element-1cf26ffa elementor-widget elementor-widget-text-editor\" data-id=\"1cf26ffa\" data-element_type=\"widget\" data-widget_type=\"text-editor.default\">\n\t\t\t\t<div class=\"elementor-widget-container\">\n\t\t\t\t\t\t\t\t\t<h2 style=\"text-align: justify; font-size: 20px; color: #004f9f;\"><strong>Un produit simple \u00e0 l&rsquo;efficacit\u00e9 redoutable <\/strong><\/h2><p style=\"text-align: justify;\"><em><strong>Achro PO Fluid<\/strong><\/em> traite le b\u00e9ton afin de lui conf\u00e9rer de nombreuses qualit\u00e9s. La premi\u00e8re d&rsquo;entre elles concerne sa mise en \u0153uvre, largement facilit\u00e9e par l&rsquo;utilisation de ce superplastifiant.<br \/>En effet,\u00a0<em><strong>Achro PO Fluid<\/strong><\/em> permet au b\u00e9ton d&rsquo;acqu\u00e9rir une meilleure ouvrabilit\u00e9, et donc faciliter sa pr\u00e9paration et son coulage. En tant qu&rsquo;<a href=\"http:\/\/www.achro.eu\/fr\/categorie-produit\/additifs\">adjuvant<\/a>,\u00a0<em><strong>Achro PO Fluid<\/strong><\/em> est ajout\u00e9 directement au b\u00e9ton lors de sa fabrication, en limitant l&rsquo;eau de g\u00e2chage et en offrant un rapport eau\/ciment peu important.<\/p><p style=\"text-align: justify;\">Une fois durci, le b\u00e9ton trait\u00e9 avec\u00a0<em><strong>Achro PO Fluid<\/strong><\/em> est particuli\u00e8rement r\u00e9sistant au niveau m\u00e9canique, en plus d&rsquo;\u00eatre imperm\u00e9able. Gr\u00e2ce \u00e0 l&rsquo;ajout de ce superplastifiant, sa durabilit\u00e9 est \u00e9galement prolong\u00e9e.<\/p><h2 style=\"text-align: justify; font-size: 20px; color: #004f9f;\"><strong>Un produit polyvalent <\/strong><\/h2><p style=\"text-align: justify;\">Gr\u00e2ce \u00e0 ses multiples effets b\u00e9n\u00e9fiques, <strong><em>Achro PO Fluid<\/em><\/strong> peut ainsi \u00eatre appliqu\u00e9 sur diff\u00e9rents types de sols. On peut donc choisir ce superplastifiant pour traiter des dallages mais aussi des b\u00e9tons ayant un besoin de r\u00e9sistance particuli\u00e8rement important, sup\u00e9rieur \u00e0 25 Mpa \u00e0 28 jours.<\/p><p style=\"text-align: justify;\"><em><strong>Achro PO Fluid<\/strong><\/em> peut \u00eatre utilis\u00e9 en compl\u00e9ment d&rsquo;Achro acc\u00e9l\u00e9rateur, un autre adjuvant permettant une prise plus rapide et plus efficace du b\u00e9ton.<\/p><p style=\"text-align: justify;\">Simple \u00e0 utiliser, ce superplastifiant se pr\u00e9sente sous la forme d&rsquo;une poudre de polym\u00e8res de couleur brune. Ce sont ces \u00e9l\u00e9ments actifs qui sont \u00e0 l&rsquo;origine de la meilleure dispersion du ciment.<\/p><p style=\"text-align: justify;\">Pour une efficacit\u00e9 optimale,\u00a0<em><strong>Achro PO Fluid<\/strong><\/em> doit \u00eatre m\u00e9lang\u00e9 \u00e0 des agr\u00e9gats et du ciment mouill\u00e9s au pr\u00e9alable, avant de couleur le b\u00e9ton. Il est donc recommand\u00e9 d&rsquo;utiliser directement le superplastifiant sur le chantier, en ajoutant 1 \u00e0 2 doses d&rsquo;<em><strong>Achro PO Fluid<\/strong><\/em> au b\u00e9ton et en le malaxant \u00e0 grande vitesse durant 1 minute par m\u00e8tre cube, \u00e0 l&rsquo;endroit o\u00f9 celui-ci sera coul\u00e9, jusqu&rsquo;\u00e0 obtention d&rsquo;une consistance homog\u00e8ne.<\/p><h2 style=\"text-align: justify; font-size: 20px; color: #004f9f;\"><strong>Les nombreux atouts de l&rsquo;action d&rsquo;Achro PO Fluid <\/strong><\/h2><p style=\"text-align: justify;\"><em><strong>Achro PO Fluid<\/strong><\/em> agit de mani\u00e8re d\u00e9floculante sur le b\u00e9ton auquel il est m\u00e9lang\u00e9. Il permet \u00e0 la fois de r\u00e9duire la quantit\u00e9 d&rsquo;eau de g\u00e2chage en assurant son ouvrabilit\u00e9, ce qui lui assure une meilleure fluidit\u00e9 et facilite ainsi sa mise en \u0153uvre.<\/p><p style=\"text-align: justify;\">Mais\u00a0<em><strong>Achro PO Fluid<\/strong><\/em> augmente aussi l&rsquo;imperm\u00e9abilit\u00e9 et la durabilit\u00e9 du b\u00e9ton et lui offre une meilleure r\u00e9sistance m\u00e9canique. Il r\u00e9duit \u00e9galement le fluage, le retrait hydraulique et la chaleur d&rsquo;hydratation en optimisant la composition du ciment.<\/p><p style=\"text-align: justify;\">Un autre avantage majeur de\u00a0<em><strong>Achro PO Fluid<\/strong><\/em> est la possibilit\u00e9 de varier son efficacit\u00e9 en variant la quantit\u00e9 de produit utilis\u00e9. Ainsi, le dosage de\u00a0<em><strong>Achro PO Fluid<\/strong><\/em> peut \u00eatre de 0,5 kilo par m\u00e8tre cube de b\u00e9ton si on souhaite am\u00e9liorer mod\u00e9r\u00e9ment son ouvrabilit\u00e9 \u00e0 1 kilo si on veut profiter d&rsquo;une efficacit\u00e9 maximale.<\/p><p style=\"text-align: justify;\"><em><strong>Achro PO Fluid\u00a0<\/strong><\/em> peut \u00eatre conserv\u00e9 pendant 1 an dans son emballage d&rsquo;origine, \u00e0 l&rsquo;abri de l&rsquo;humidit\u00e9.<\/p>\t\t\t\t\t\t\t\t<\/div>\n\t\t\t\t<\/div>\n\t\t\t\t\t<\/div>\n\t\t\t\t<\/div>\n\t\t\t\t<\/div>\n\t\t","protected":false},"excerpt":{"rendered":"<p style=\"text-align: justify;\"><em><strong>Achro PO Fluid\u00a0<\/strong><\/em>est un superplastifiant en poudre qui permet d&rsquo;am\u00e9liorer sensiblement la qualit\u00e9 de votre b\u00e9ton.<\/p>\n<p style=\"text-align: justify;\">En le rendant m\u00e9caniquement r\u00e9sistant, imperm\u00e9able et durable, cet adjuvant offre la solution id\u00e9ale pour couler et profiter d&rsquo;un dallage en b\u00e9ton aux nombreux avantages.<\/p>\n","protected":false},"featured_media":4583,"template":"","meta":[],"product_cat":[55],"product_tag":[],"class_list":{"0":"post-1260","1":"product","2":"type-product","3":"status-publish","4":"has-post-thumbnail","6":"product_cat-additifs","8":"first","9":"instock","10":"featured","11":"shipping-taxable","12":"product-type-simple"},"yoast_head":"<!-- This site is optimized with the Yoast SEO plugin v24.3 - https:\/\/yoast.com\/wordpress\/plugins\/seo\/ -->\n<title>Un superplastifiant pour sol b\u00e9ton industriel<\/title>\n<meta name=\"description\" content=\"R\u00e9ussissez votre b\u00e9ton en am\u00e9liorant la qualit\u00e9 du b\u00e9ton avec Achro PO Fluid. Un fluidifiant en poudre. Il s&#039;int\u00e8gre tr\u00e8s facilement au m\u00e9lange.\" \/>\n<meta name=\"robots\" content=\"index, follow, max-snippet:-1, max-image-preview:large, max-video-preview:-1\" \/>\n<link rel=\"canonical\" href=\"https:\/\/www.achro.eu\/fr\/achro-po-fluid.html\" \/>\n<meta property=\"og:locale\" content=\"fr_FR\" \/>\n<meta property=\"og:type\" content=\"article\" \/>\n<meta property=\"og:title\" content=\"Un superplastifiant pour sol b\u00e9ton industriel\" \/>\n<meta property=\"og:description\" content=\"R\u00e9ussissez votre b\u00e9ton en am\u00e9liorant la qualit\u00e9 du b\u00e9ton avec Achro PO Fluid. Un fluidifiant en poudre. Il s&#039;int\u00e8gre tr\u00e8s facilement au m\u00e9lange.\" \/>\n<meta property=\"og:url\" content=\"https:\/\/www.achro.eu\/fr\/achro-po-fluid.html\" \/>\n<meta property=\"article:modified_time\" content=\"2025-03-26T20:11:17+00:00\" \/>\n<meta property=\"og:image\" content=\"http:\/\/www.achro.eu\/fr\/wp-content\/uploads\/2016\/03\/superplastifiant-po-fluid.jpg\" \/>\n\t<meta property=\"og:image:width\" content=\"800\" \/>\n\t<meta property=\"og:image:height\" content=\"800\" \/>\n\t<meta property=\"og:image:type\" content=\"image\/jpeg\" \/>\n<meta name=\"twitter:card\" content=\"summary_large_image\" \/>\n<meta name=\"twitter:label1\" content=\"Dur\u00e9e de lecture estim\u00e9e\" \/>\n\t<meta name=\"twitter:data1\" content=\"3 minutes\" \/>\n<script type=\"application\/ld+json\" class=\"yoast-schema-graph\">{\"@context\":\"https:\/\/schema.org\",\"@graph\":[{\"@type\":\"WebPage\",\"@id\":\"https:\/\/www.achro.eu\/fr\/achro-po-fluid.html\",\"url\":\"https:\/\/www.achro.eu\/fr\/achro-po-fluid.html\",\"name\":\"Un superplastifiant pour sol b\u00e9ton industriel\",\"isPartOf\":{\"@id\":\"https:\/\/www.achro.eu\/fr\/#website\"},\"primaryImageOfPage\":{\"@id\":\"https:\/\/www.achro.eu\/fr\/achro-po-fluid.html#primaryimage\"},\"image\":{\"@id\":\"https:\/\/www.achro.eu\/fr\/achro-po-fluid.html#primaryimage\"},\"thumbnailUrl\":\"https:\/\/www.achro.eu\/fr\/wp-content\/uploads\/2016\/03\/superplastifiant-po-fluid.jpg\",\"datePublished\":\"2016-03-29T12:00:11+00:00\",\"dateModified\":\"2025-03-26T20:11:17+00:00\",\"description\":\"R\u00e9ussissez votre b\u00e9ton en am\u00e9liorant la qualit\u00e9 du b\u00e9ton avec Achro PO Fluid. Un fluidifiant en poudre. Il s'int\u00e8gre tr\u00e8s facilement au m\u00e9lange.\",\"inLanguage\":\"fr-FR\",\"potentialAction\":[{\"@type\":\"ReadAction\",\"target\":[\"https:\/\/www.achro.eu\/fr\/achro-po-fluid.html\"]}]},{\"@type\":\"ImageObject\",\"inLanguage\":\"fr-FR\",\"@id\":\"https:\/\/www.achro.eu\/fr\/achro-po-fluid.html#primaryimage\",\"url\":\"https:\/\/www.achro.eu\/fr\/wp-content\/uploads\/2016\/03\/superplastifiant-po-fluid.jpg\",\"contentUrl\":\"https:\/\/www.achro.eu\/fr\/wp-content\/uploads\/2016\/03\/superplastifiant-po-fluid.jpg\",\"width\":800,\"height\":800},{\"@type\":\"WebSite\",\"@id\":\"https:\/\/www.achro.eu\/fr\/#website\",\"url\":\"https:\/\/www.achro.eu\/fr\/\",\"name\":\"\",\"description\":\"\",\"potentialAction\":[{\"@type\":\"SearchAction\",\"target\":{\"@type\":\"EntryPoint\",\"urlTemplate\":\"https:\/\/www.achro.eu\/fr\/?s={search_term_string}\"},\"query-input\":{\"@type\":\"PropertyValueSpecification\",\"valueRequired\":true,\"valueName\":\"search_term_string\"}}],\"inLanguage\":\"fr-FR\"}]}<\/script>\n<!-- \/ Yoast SEO plugin. -->","yoast_head_json":{"title":"Un superplastifiant pour sol b\u00e9ton industriel","description":"R\u00e9ussissez votre b\u00e9ton en am\u00e9liorant la qualit\u00e9 du b\u00e9ton avec Achro PO Fluid. Un fluidifiant en poudre. Il s'int\u00e8gre tr\u00e8s facilement au m\u00e9lange.","robots":{"index":"index","follow":"follow","max-snippet":"max-snippet:-1","max-image-preview":"max-image-preview:large","max-video-preview":"max-video-preview:-1"},"canonical":"https:\/\/www.achro.eu\/fr\/achro-po-fluid.html","og_locale":"fr_FR","og_type":"article","og_title":"Un superplastifiant pour sol b\u00e9ton industriel","og_description":"R\u00e9ussissez votre b\u00e9ton en am\u00e9liorant la qualit\u00e9 du b\u00e9ton avec Achro PO Fluid. Un fluidifiant en poudre. Il s'int\u00e8gre tr\u00e8s facilement au m\u00e9lange.","og_url":"https:\/\/www.achro.eu\/fr\/achro-po-fluid.html","article_modified_time":"2025-03-26T20:11:17+00:00","og_image":[{"width":800,"height":800,"url":"http:\/\/www.achro.eu\/fr\/wp-content\/uploads\/2016\/03\/superplastifiant-po-fluid.jpg","type":"image\/jpeg"}],"twitter_card":"summary_large_image","twitter_misc":{"Dur\u00e9e de lecture estim\u00e9e":"3 minutes"},"schema":{"@context":"https:\/\/schema.org","@graph":[{"@type":"WebPage","@id":"https:\/\/www.achro.eu\/fr\/achro-po-fluid.html","url":"https:\/\/www.achro.eu\/fr\/achro-po-fluid.html","name":"Un superplastifiant pour sol b\u00e9ton industriel","isPartOf":{"@id":"https:\/\/www.achro.eu\/fr\/#website"},"primaryImageOfPage":{"@id":"https:\/\/www.achro.eu\/fr\/achro-po-fluid.html#primaryimage"},"image":{"@id":"https:\/\/www.achro.eu\/fr\/achro-po-fluid.html#primaryimage"},"thumbnailUrl":"https:\/\/www.achro.eu\/fr\/wp-content\/uploads\/2016\/03\/superplastifiant-po-fluid.jpg","datePublished":"2016-03-29T12:00:11+00:00","dateModified":"2025-03-26T20:11:17+00:00","description":"R\u00e9ussissez votre b\u00e9ton en am\u00e9liorant la qualit\u00e9 du b\u00e9ton avec Achro PO Fluid. Un fluidifiant en poudre. Il s'int\u00e8gre tr\u00e8s facilement au m\u00e9lange.","inLanguage":"fr-FR","potentialAction":[{"@type":"ReadAction","target":["https:\/\/www.achro.eu\/fr\/achro-po-fluid.html"]}]},{"@type":"ImageObject","inLanguage":"fr-FR","@id":"https:\/\/www.achro.eu\/fr\/achro-po-fluid.html#primaryimage","url":"https:\/\/www.achro.eu\/fr\/wp-content\/uploads\/2016\/03\/superplastifiant-po-fluid.jpg","contentUrl":"https:\/\/www.achro.eu\/fr\/wp-content\/uploads\/2016\/03\/superplastifiant-po-fluid.jpg","width":800,"height":800},{"@type":"WebSite","@id":"https:\/\/www.achro.eu\/fr\/#website","url":"https:\/\/www.achro.eu\/fr\/","name":"","description":"","potentialAction":[{"@type":"SearchAction","target":{"@type":"EntryPoint","urlTemplate":"https:\/\/www.achro.eu\/fr\/?s={search_term_string}"},"query-input":{"@type":"PropertyValueSpecification","valueRequired":true,"valueName":"search_term_string"}}],"inLanguage":"fr-FR"}]}},"_links":{"self":[{"href":"https:\/\/www.achro.eu\/fr\/wp-json\/wp\/v2\/product\/1260"}],"collection":[{"href":"https:\/\/www.achro.eu\/fr\/wp-json\/wp\/v2\/product"}],"about":[{"href":"https:\/\/www.achro.eu\/fr\/wp-json\/wp\/v2\/types\/product"}],"version-history":[{"count":11,"href":"https:\/\/www.achro.eu\/fr\/wp-json\/wp\/v2\/product\/1260\/revisions"}],"predecessor-version":[{"id":5078,"href":"https:\/\/www.achro.eu\/fr\/wp-json\/wp\/v2\/product\/1260\/revisions\/5078"}],"wp:featuredmedia":[{"embeddable":true,"href":"https:\/\/www.achro.eu\/fr\/wp-json\/wp\/v2\/media\/4583"}],"wp:attachment":[{"href":"https:\/\/www.achro.eu\/fr\/wp-json\/wp\/v2\/media?parent=1260"}],"wp:term":[{"taxonomy":"product_cat","embeddable":true,"href":"https:\/\/www.achro.eu\/fr\/wp-json\/wp\/v2\/product_cat?post=1260"},{"taxonomy":"product_tag","embeddable":true,"href":"https:\/\/www.achro.eu\/fr\/wp-json\/wp\/v2\/product_tag?post=1260"}],"curies":[{"name":"wp","href":"https:\/\/api.w.org\/{rel}","templated":true}]}}