{"id":1228,"date":"2016-03-25T16:24:51","date_gmt":"2016-03-25T15:24:51","guid":{"rendered":"http:\/\/www.rcr-production-france.com\/2016\/additif-dallage-beton\/41-achro-accelerateur-nc.html"},"modified":"2025-03-26T21:11:41","modified_gmt":"2025-03-26T20:11:41","slug":"achro-accel-g-copier","status":"publish","type":"product","link":"https:\/\/www.achro.eu\/fr\/achro-fluid.html","title":{"rendered":"Achro Fluid"},"content":{"rendered":"\t\t<div data-elementor-type=\"wp-post\" data-elementor-id=\"1228\" class=\"elementor elementor-1228\">\n\t\t\t\t<div class=\"elementor-element elementor-element-310012ea e-grid e-con-boxed e-con e-parent\" data-id=\"310012ea\" data-element_type=\"container\">\n\t\t\t\t\t<div class=\"e-con-inner\">\n\t\t\t\t<div class=\"elementor-element elementor-element-8a5bddd elementor-widget elementor-widget-text-editor\" data-id=\"8a5bddd\" data-element_type=\"widget\" data-widget_type=\"text-editor.default\">\n\t\t\t\t<div class=\"elementor-widget-container\">\n\t\t\t\t\t\t\t\t\t<h2 style=\"text-align: justify; font-size: 20px; color: #004f9f;\"><strong>Un plastifiant offrant une r\u00e9sistance exceptionnelle aux dallages<\/strong><\/h2><div id=\"textpreview\" style=\"text-align: justify;\"><p>Le plastifiant \u00e9nergique\u00a0<strong><em>Achro Fluid<\/em><\/strong> vise \u00e0 offrir aux dallages industriels une meilleure r\u00e9sistance m\u00e9canique. Gr\u00e2ce \u00e0 sa composition,\u00a0<strong><em>Achro Fluid<\/em><\/strong> peut \u00e0 la fois \u00eatre appliqu\u00e9 sur b\u00e9ton frais, durci ou \u00e9tuv\u00e9.<\/p><p>En effet, en agissant de mani\u00e8re physico-chimique, ce produit est capable d&rsquo;agir sur tous les types de ciments.<\/p><h2 style=\"text-align: justify; font-size: 20px; color: #004f9f;\">\u00a0<\/h2><\/div>\t\t\t\t\t\t\t\t<\/div>\n\t\t\t\t<\/div>\n\t\t<div class=\"elementor-element elementor-element-22fb854 e-con-full e-flex e-con e-child\" data-id=\"22fb854\" data-element_type=\"container\" data-settings=\"{&quot;background_background&quot;:&quot;classic&quot;}\">\n\t\t\t\t<div class=\"elementor-element elementor-element-4bb057eb elementor-widget elementor-widget-cs_title\" data-id=\"4bb057eb\" data-element_type=\"widget\" data-widget_type=\"cs_title.default\">\n\t\t\t\t<div class=\"elementor-widget-container\">\n\t\t\t\t\t\n        <div class=\"cs-title-wrap text-center\">\t            <div class=\"cs-subtitle-wrap\"><span class=\"cs-subtitle\">Liens utiles<\/span><\/div>\t            <h4 class=\"cs-title\">\n\t                T\u00e9l\u00e9chargements\t            <\/h4>        <\/div>\t\t\t\t<\/div>\n\t\t\t\t<\/div>\n\t\t\t\t<div class=\"elementor-element elementor-element-3067b05e elementor-widget elementor-widget-text-editor\" data-id=\"3067b05e\" data-element_type=\"widget\" data-widget_type=\"text-editor.default\">\n\t\t\t\t<div class=\"elementor-widget-container\">\n\t\t\t\t\t\t\t\t\t<p style=\"text-align: center;\"><a href=\"http:\/\/www.achro.eu\/fr\/wp-content\/uploads\/2016\/03\/Achro-fluid.pdf\" rel=\"\">Fiche technique<br \/><\/a><a href=\"http:\/\/www.achro.eu\/fr\/wp-content\/uploads\/2016\/03\/fds-fluid.pdf\" rel=\"\">Fiche de s\u00e9curit\u00e9<\/a><\/p>\t\t\t\t\t\t\t\t<\/div>\n\t\t\t\t<\/div>\n\t\t\t\t<div class=\"elementor-element elementor-element-5fc2eb8c elementor-align-center elementor-widget elementor-widget-cs_button\" data-id=\"5fc2eb8c\" data-element_type=\"widget\" data-widget_type=\"cs_button.default\">\n\t\t\t\t<div class=\"elementor-widget-container\">\n\t\t\t\t\t        <a href=\"https:\/\/www.achrodeco.com\/24-additifs-beton\" class=\"elementor-button-link button\" role=\"button\">\n            <span class=\"cs-btn-text\">Acheter ce produit<\/span>        <\/a>\t\t\t\t<\/div>\n\t\t\t\t<\/div>\n\t\t\t\t<\/div>\n\t\t\t\t\t<\/div>\n\t\t\t\t<\/div>\n\t\t<div class=\"elementor-element elementor-element-17783319 e-flex e-con-boxed e-con e-parent\" data-id=\"17783319\" data-element_type=\"container\">\n\t\t\t\t\t<div class=\"e-con-inner\">\n\t\t\t\t<div class=\"elementor-element elementor-element-7f7b314a elementor-widget elementor-widget-text-editor\" data-id=\"7f7b314a\" data-element_type=\"widget\" data-widget_type=\"text-editor.default\">\n\t\t\t\t<div class=\"elementor-widget-container\">\n\t\t\t\t\t\t\t\t\t<p>Utilis\u00e9 sur du b\u00e9ton frais,\u00a0Achro Fluid rend ce dernier beaucoup plus fluide, facilitant ainsi son ouvrabilit\u00e9 et am\u00e9liorant sa pompabilit\u00e9, tandis qu&rsquo;il am\u00e9liore les r\u00e9sistances m\u00e9caniques et augmente la compacit\u00e9 du b\u00e9ton durci. Enfin, ce produit de synth\u00e8se est un v\u00e9ritable alli\u00e9 du b\u00e9ton \u00e9tuv\u00e9, car une fois appliqu\u00e9 \u00e0 sa surface,\u00a0Achro Fluid permet \u00e0 la fois d&rsquo;\u00e9conomiser l&rsquo;\u00e9nergie et de rendre plus efficace la rotation des coffrages.<\/p><div id=\"textpreview\" style=\"text-align: justify;\"><h2 style=\"text-align: justify; font-size: 20px; color: #004f9f;\"><strong>Une application \u00e0 la port\u00e9e de tous <\/strong><\/h2><p>En plus d&rsquo;\u00eatre un v\u00e9ritable atout pour les dallages en b\u00e9ton,\u00a0<strong><em>Achro Fluid<\/em><\/strong> est tr\u00e8s simple \u00e0 appliquer.<\/p><p>Par sa polyvalence exceptionnelle, ce plastifiant peut \u00eatre employ\u00e9 de diff\u00e9rentes fa\u00e7ons en fonction du type de sol auquel il est destin\u00e9. Ainsi, si les chantiers et les pr\u00e9fabrications,\u00a0<strong><em>Achro Fluid<\/em><\/strong>\u00a0sera utilis\u00e9 en compl\u00e9ment lors de la troisi\u00e8me et ultime \u00e9tape du malaxage, juste apr\u00e8s l&rsquo;ajout de l&rsquo;eau de g\u00e2chage. Pour du b\u00e9ton pr\u00eat \u00e0 emploi, il conviendra d&rsquo;ajouter directement\u00a0<strong><em>Achro Fluid<\/em><\/strong> au b\u00e9ton dans le camion malaxeur, en respectant un temps minimal d&rsquo;une minute par m3 de b\u00e9ton.<\/p><p>Il est recommand\u00e9 de ne pas ajouter d&rsquo;eau dans un b\u00e9ton fluidifi\u00e9, et de pr\u00e9f\u00e9rer l&rsquo;utilisation d\u2019<strong><em>Achro Fluid<\/em><\/strong> pour am\u00e9liorer sa fluidification. Cependant, si celle-ci est trop importante, la prise du b\u00e9ton peut \u00eatre retard\u00e9e.<\/p><p><strong>Attention<\/strong> : tous les b\u00e9tons ne peuvent pas \u00eatre fluidifi\u00e9s. Pour cela, ils doivent contenir suffisamment d&rsquo;\u00e9l\u00e9ments tr\u00e8s fins : c&rsquo;est pourquoi ajouter 5% de sable de moins de 0,3 mm peut faciliter l&rsquo;utilisation de certains types de b\u00e9ton.<\/p><p>Les proportions du plastifiant doivent \u00eatre de l&rsquo;ordre de 0,6 \u00e0 1,5% du poids du ciment (soit 0,5 \u00e0 1,25 litre pour 100 kg de ciment), en fonction de l&rsquo;utilisation qui en est faite, du type de b\u00e9ton et de la temp\u00e9rature ambiante.<\/p><p>La dur\u00e9e de son efficacit\u00e9 d\u00e9pend \u00e9galement de ces crit\u00e8res. Par exemple, s&rsquo;il fait 25\u00b0C, <strong><em>Achro Fluid<\/em><\/strong> est efficace en seulement 30 minutes. De plus, son effet sera plus important en hiver qu&rsquo;en \u00e9t\u00e9 pour le m\u00eame dosage.<\/p><p><strong><em>Achro Fluid<\/em><\/strong> se pr\u00e9sente sous la forme d&rsquo;un liquide de couleur marron fonc\u00e9. Il est disponible en diff\u00e9rents formats : jerricans de 10 litres de 12 kilos, f\u00fbts de 200 lites de 240 kg et containers de 1000 litres de 1200 kilos. Il peut \u00eatre conserv\u00e9 \u00e0 l&rsquo;abri de l&rsquo;humidit\u00e9 et du gel, durant une p\u00e9riode de 3 ans dans son emballage.<\/p><\/div>\t\t\t\t\t\t\t\t<\/div>\n\t\t\t\t<\/div>\n\t\t\t\t\t<\/div>\n\t\t\t\t<\/div>\n\t\t\t\t<\/div>\n\t\t","protected":false},"excerpt":{"rendered":"<p style=\"text-align: justify;\"><strong><em>Achro Fluid<\/em><\/strong> est un <a href=\"https:\/\/www.achrodeco.com\/24-additifs-beton\">plastifiant pour b\u00e9ton<\/a> visant \u00e0 am\u00e9liorer la qualit\u00e9 des dallages en b\u00e9ton.<\/p>\n<p style=\"text-align: justify;\">Ce produit de synth\u00e8se, appliqu\u00e9 d\u00e8s la mise en \u0153uvre des b\u00e9tons, offre \u00e0 ces derniers une r\u00e9sistance accrue en r\u00e9duisant la quantit\u00e9 d&rsquo;eau de g\u00e2chage \u00e0 leur surface.<\/p>\n","protected":false},"featured_media":4669,"template":"","meta":[],"product_cat":[55],"product_tag":[],"class_list":{"0":"post-1228","1":"product","2":"type-product","3":"status-publish","4":"has-post-thumbnail","6":"product_cat-additifs","8":"first","9":"instock","10":"featured","11":"shipping-taxable","12":"product-type-simple"},"yoast_head":"<!-- This site is optimized with the Yoast SEO plugin v24.3 - https:\/\/yoast.com\/wordpress\/plugins\/seo\/ -->\n<title>Fluidifiant liquide pour sol b\u00e9ton, adjuvant b\u00e9ton<\/title>\n<meta name=\"description\" content=\"Fluidifiant pour la pr\u00e9paration du b\u00e9ton avant le coulage. Meilleure fluidit\u00e9 du b\u00e9ton, facilit\u00e9 d&#039;application. Permet \u00e9galement de retarder la prise.\" \/>\n<meta name=\"robots\" content=\"index, follow, max-snippet:-1, max-image-preview:large, max-video-preview:-1\" \/>\n<link rel=\"canonical\" href=\"https:\/\/www.achro.eu\/fr\/achro-fluid.html\" \/>\n<meta property=\"og:locale\" content=\"fr_FR\" \/>\n<meta property=\"og:type\" content=\"article\" \/>\n<meta property=\"og:title\" content=\"Fluidifiant liquide pour sol b\u00e9ton, adjuvant b\u00e9ton\" \/>\n<meta property=\"og:description\" content=\"Fluidifiant pour la pr\u00e9paration du b\u00e9ton avant le coulage. Meilleure fluidit\u00e9 du b\u00e9ton, facilit\u00e9 d&#039;application. Permet \u00e9galement de retarder la prise.\" \/>\n<meta property=\"og:url\" content=\"https:\/\/www.achro.eu\/fr\/achro-fluid.html\" \/>\n<meta property=\"article:modified_time\" content=\"2025-03-26T20:11:41+00:00\" \/>\n<meta property=\"og:image\" content=\"http:\/\/www.achro.eu\/fr\/wp-content\/uploads\/2016\/03\/fluidifiant-beton.jpg\" \/>\n\t<meta property=\"og:image:width\" content=\"945\" \/>\n\t<meta property=\"og:image:height\" content=\"944\" \/>\n\t<meta property=\"og:image:type\" content=\"image\/jpeg\" \/>\n<meta name=\"twitter:card\" content=\"summary_large_image\" \/>\n<meta name=\"twitter:label1\" content=\"Dur\u00e9e de lecture estim\u00e9e\" \/>\n\t<meta name=\"twitter:data1\" content=\"3 minutes\" \/>\n<script type=\"application\/ld+json\" class=\"yoast-schema-graph\">{\"@context\":\"https:\/\/schema.org\",\"@graph\":[{\"@type\":\"WebPage\",\"@id\":\"https:\/\/www.achro.eu\/fr\/achro-fluid.html\",\"url\":\"https:\/\/www.achro.eu\/fr\/achro-fluid.html\",\"name\":\"Fluidifiant liquide pour sol b\u00e9ton, adjuvant b\u00e9ton\",\"isPartOf\":{\"@id\":\"https:\/\/www.achro.eu\/fr\/#website\"},\"primaryImageOfPage\":{\"@id\":\"https:\/\/www.achro.eu\/fr\/achro-fluid.html#primaryimage\"},\"image\":{\"@id\":\"https:\/\/www.achro.eu\/fr\/achro-fluid.html#primaryimage\"},\"thumbnailUrl\":\"https:\/\/www.achro.eu\/fr\/wp-content\/uploads\/2016\/03\/fluidifiant-beton.jpg\",\"datePublished\":\"2016-03-25T15:24:51+00:00\",\"dateModified\":\"2025-03-26T20:11:41+00:00\",\"description\":\"Fluidifiant pour la pr\u00e9paration du b\u00e9ton avant le coulage. Meilleure fluidit\u00e9 du b\u00e9ton, facilit\u00e9 d'application. Permet \u00e9galement de retarder la prise.\",\"inLanguage\":\"fr-FR\",\"potentialAction\":[{\"@type\":\"ReadAction\",\"target\":[\"https:\/\/www.achro.eu\/fr\/achro-fluid.html\"]}]},{\"@type\":\"ImageObject\",\"inLanguage\":\"fr-FR\",\"@id\":\"https:\/\/www.achro.eu\/fr\/achro-fluid.html#primaryimage\",\"url\":\"https:\/\/www.achro.eu\/fr\/wp-content\/uploads\/2016\/03\/fluidifiant-beton.jpg\",\"contentUrl\":\"https:\/\/www.achro.eu\/fr\/wp-content\/uploads\/2016\/03\/fluidifiant-beton.jpg\",\"width\":945,\"height\":944},{\"@type\":\"WebSite\",\"@id\":\"https:\/\/www.achro.eu\/fr\/#website\",\"url\":\"https:\/\/www.achro.eu\/fr\/\",\"name\":\"\",\"description\":\"\",\"potentialAction\":[{\"@type\":\"SearchAction\",\"target\":{\"@type\":\"EntryPoint\",\"urlTemplate\":\"https:\/\/www.achro.eu\/fr\/?s={search_term_string}\"},\"query-input\":{\"@type\":\"PropertyValueSpecification\",\"valueRequired\":true,\"valueName\":\"search_term_string\"}}],\"inLanguage\":\"fr-FR\"}]}<\/script>\n<!-- \/ Yoast SEO plugin. -->","yoast_head_json":{"title":"Fluidifiant liquide pour sol b\u00e9ton, adjuvant b\u00e9ton","description":"Fluidifiant pour la pr\u00e9paration du b\u00e9ton avant le coulage. Meilleure fluidit\u00e9 du b\u00e9ton, facilit\u00e9 d'application. Permet \u00e9galement de retarder la prise.","robots":{"index":"index","follow":"follow","max-snippet":"max-snippet:-1","max-image-preview":"max-image-preview:large","max-video-preview":"max-video-preview:-1"},"canonical":"https:\/\/www.achro.eu\/fr\/achro-fluid.html","og_locale":"fr_FR","og_type":"article","og_title":"Fluidifiant liquide pour sol b\u00e9ton, adjuvant b\u00e9ton","og_description":"Fluidifiant pour la pr\u00e9paration du b\u00e9ton avant le coulage. Meilleure fluidit\u00e9 du b\u00e9ton, facilit\u00e9 d'application. Permet \u00e9galement de retarder la prise.","og_url":"https:\/\/www.achro.eu\/fr\/achro-fluid.html","article_modified_time":"2025-03-26T20:11:41+00:00","og_image":[{"width":945,"height":944,"url":"http:\/\/www.achro.eu\/fr\/wp-content\/uploads\/2016\/03\/fluidifiant-beton.jpg","type":"image\/jpeg"}],"twitter_card":"summary_large_image","twitter_misc":{"Dur\u00e9e de lecture estim\u00e9e":"3 minutes"},"schema":{"@context":"https:\/\/schema.org","@graph":[{"@type":"WebPage","@id":"https:\/\/www.achro.eu\/fr\/achro-fluid.html","url":"https:\/\/www.achro.eu\/fr\/achro-fluid.html","name":"Fluidifiant liquide pour sol b\u00e9ton, adjuvant b\u00e9ton","isPartOf":{"@id":"https:\/\/www.achro.eu\/fr\/#website"},"primaryImageOfPage":{"@id":"https:\/\/www.achro.eu\/fr\/achro-fluid.html#primaryimage"},"image":{"@id":"https:\/\/www.achro.eu\/fr\/achro-fluid.html#primaryimage"},"thumbnailUrl":"https:\/\/www.achro.eu\/fr\/wp-content\/uploads\/2016\/03\/fluidifiant-beton.jpg","datePublished":"2016-03-25T15:24:51+00:00","dateModified":"2025-03-26T20:11:41+00:00","description":"Fluidifiant pour la pr\u00e9paration du b\u00e9ton avant le coulage. Meilleure fluidit\u00e9 du b\u00e9ton, facilit\u00e9 d'application. Permet \u00e9galement de retarder la prise.","inLanguage":"fr-FR","potentialAction":[{"@type":"ReadAction","target":["https:\/\/www.achro.eu\/fr\/achro-fluid.html"]}]},{"@type":"ImageObject","inLanguage":"fr-FR","@id":"https:\/\/www.achro.eu\/fr\/achro-fluid.html#primaryimage","url":"https:\/\/www.achro.eu\/fr\/wp-content\/uploads\/2016\/03\/fluidifiant-beton.jpg","contentUrl":"https:\/\/www.achro.eu\/fr\/wp-content\/uploads\/2016\/03\/fluidifiant-beton.jpg","width":945,"height":944},{"@type":"WebSite","@id":"https:\/\/www.achro.eu\/fr\/#website","url":"https:\/\/www.achro.eu\/fr\/","name":"","description":"","potentialAction":[{"@type":"SearchAction","target":{"@type":"EntryPoint","urlTemplate":"https:\/\/www.achro.eu\/fr\/?s={search_term_string}"},"query-input":{"@type":"PropertyValueSpecification","valueRequired":true,"valueName":"search_term_string"}}],"inLanguage":"fr-FR"}]}},"_links":{"self":[{"href":"https:\/\/www.achro.eu\/fr\/wp-json\/wp\/v2\/product\/1228"}],"collection":[{"href":"https:\/\/www.achro.eu\/fr\/wp-json\/wp\/v2\/product"}],"about":[{"href":"https:\/\/www.achro.eu\/fr\/wp-json\/wp\/v2\/types\/product"}],"version-history":[{"count":14,"href":"https:\/\/www.achro.eu\/fr\/wp-json\/wp\/v2\/product\/1228\/revisions"}],"predecessor-version":[{"id":5081,"href":"https:\/\/www.achro.eu\/fr\/wp-json\/wp\/v2\/product\/1228\/revisions\/5081"}],"wp:featuredmedia":[{"embeddable":true,"href":"https:\/\/www.achro.eu\/fr\/wp-json\/wp\/v2\/media\/4669"}],"wp:attachment":[{"href":"https:\/\/www.achro.eu\/fr\/wp-json\/wp\/v2\/media?parent=1228"}],"wp:term":[{"taxonomy":"product_cat","embeddable":true,"href":"https:\/\/www.achro.eu\/fr\/wp-json\/wp\/v2\/product_cat?post=1228"},{"taxonomy":"product_tag","embeddable":true,"href":"https:\/\/www.achro.eu\/fr\/wp-json\/wp\/v2\/product_tag?post=1228"}],"curies":[{"name":"wp","href":"https:\/\/api.w.org\/{rel}","templated":true}]}}