{"id":1179,"date":"2016-03-23T11:13:59","date_gmt":"2016-03-23T10:13:59","guid":{"rendered":"http:\/\/www.rcr-production-france.com\/2016\/additif-dallage-beton\/17-achrocure.html"},"modified":"2025-03-26T21:12:01","modified_gmt":"2025-03-26T20:12:01","slug":"achro-accelerateur-nc","status":"publish","type":"product","link":"https:\/\/www.achro.eu\/fr\/achro-accelerateur-nc.html","title":{"rendered":"Achro accelerateur NC"},"content":{"rendered":"\t\t<div data-elementor-type=\"wp-post\" data-elementor-id=\"1179\" class=\"elementor elementor-1179\">\n\t\t\t\t<div class=\"elementor-element elementor-element-5e3523c5 e-grid e-con-boxed e-con e-parent\" data-id=\"5e3523c5\" data-element_type=\"container\">\n\t\t\t\t\t<div class=\"e-con-inner\">\n\t\t\t\t<div class=\"elementor-element elementor-element-672417bf elementor-widget elementor-widget-text-editor\" data-id=\"672417bf\" data-element_type=\"widget\" data-widget_type=\"text-editor.default\">\n\t\t\t\t<div class=\"elementor-widget-container\">\n\t\t\t\t\t\t\t\t\t<p>Il faut ajouter <em><strong>Achro acc\u00e9l\u00e9rateur NC<\/strong><\/em> permet l\u2019acc\u00e9l\u00e9ration de la prise du b\u00e9ton m\u00eame lorsque les temp\u00e9ratures sont basses.<\/p><p>De plus, le produit permet au b\u00e9ton qui vient d\u2019\u00eatre coul\u00e9 de r\u00e9sister au gel par temps tr\u00e8s froid.<\/p><p>Cela est rendu possible par l\u2019activation, induite par le produit, des r\u00e9actions exothermiques de la prise du ciment.<\/p>\t\t\t\t\t\t\t\t<\/div>\n\t\t\t\t<\/div>\n\t\t<div class=\"elementor-element elementor-element-5e7a56c2 e-con-full e-flex e-con e-child\" data-id=\"5e7a56c2\" data-element_type=\"container\" data-settings=\"{&quot;background_background&quot;:&quot;classic&quot;}\">\n\t\t\t\t<div class=\"elementor-element elementor-element-c17bb9e elementor-widget elementor-widget-cs_title\" data-id=\"c17bb9e\" data-element_type=\"widget\" data-widget_type=\"cs_title.default\">\n\t\t\t\t<div class=\"elementor-widget-container\">\n\t\t\t\t\t\n        <div class=\"cs-title-wrap text-center\">\t            <div class=\"cs-subtitle-wrap\"><span class=\"cs-subtitle\">Liens utiles<\/span><\/div>\t            <h4 class=\"cs-title\">\n\t                T\u00e9l\u00e9chargements\t            <\/h4>        <\/div>\t\t\t\t<\/div>\n\t\t\t\t<\/div>\n\t\t\t\t<div class=\"elementor-element elementor-element-62cdbf02 elementor-widget elementor-widget-text-editor\" data-id=\"62cdbf02\" data-element_type=\"widget\" data-widget_type=\"text-editor.default\">\n\t\t\t\t<div class=\"elementor-widget-container\">\n\t\t\t\t\t\t\t\t\t<p style=\"text-align: center;\"><a href=\"http:\/\/www.achro.eu\/fr\/wp-content\/uploads\/2016\/03\/achro-accelerateur-nc.pdf\" rel=\"\">Fiche technique<br \/><\/a><a href=\"http:\/\/www.achro.eu\/fr\/wp-content\/uploads\/2016\/03\/fds-achro-accelerateur-nc.pdf\" rel=\"\">Fiche de s\u00e9curit\u00e9<\/a><\/p>\t\t\t\t\t\t\t\t<\/div>\n\t\t\t\t<\/div>\n\t\t\t\t<div class=\"elementor-element elementor-element-1c074828 elementor-align-center elementor-widget elementor-widget-cs_button\" data-id=\"1c074828\" data-element_type=\"widget\" data-widget_type=\"cs_button.default\">\n\t\t\t\t<div class=\"elementor-widget-container\">\n\t\t\t\t\t        <a href=\"https:\/\/www.achrodeco.com\/additifs-beton\/117-accelarateur-de-prise-pour-beton-achro-accelerateur-nc.html\" class=\"elementor-button-link button\" role=\"button\">\n            <span class=\"cs-btn-text\">Acheter ce produit<\/span>        <\/a>\t\t\t\t<\/div>\n\t\t\t\t<\/div>\n\t\t\t\t<\/div>\n\t\t\t\t\t<\/div>\n\t\t\t\t<\/div>\n\t\t<div class=\"elementor-element elementor-element-430db871 e-flex e-con-boxed e-con e-parent\" data-id=\"430db871\" data-element_type=\"container\">\n\t\t\t\t\t<div class=\"e-con-inner\">\n\t\t\t\t<div class=\"elementor-element elementor-element-d6e4d0e elementor-widget elementor-widget-text-editor\" data-id=\"d6e4d0e\" data-element_type=\"widget\" data-widget_type=\"text-editor.default\">\n\t\t\t\t<div class=\"elementor-widget-container\">\n\t\t\t\t\t\t\t\t\t<h2 style=\"text-align: justify; font-size: 20px; color: #004f9f;\">Comment utiliser Achro acc\u00e9l\u00e9rateur NC ?<\/h2><h3 style=\"text-align: justify;\">De mani\u00e8re g\u00e9n\u00e9rale<\/h3><p style=\"text-align: justify;\"><em><strong>Achro acc\u00e9l\u00e9rateur NC<\/strong><\/em> est vendu en \u00e9tant pr\u00eat \u00e0 l\u2019emploi. Il doit alors \u00eatre incorpor\u00e9 tel quel au b\u00e9ton, \u00e0 l\u2019int\u00e9rieur d\u2019une toupie. La dose recommand\u00e9e\u00a0<em><strong>Achro acc\u00e9l\u00e9rateur NC<\/strong><\/em> \u00e0 utiliser doit correspondre \u00e0 un poids \u00e9quivalent \u00e0 1 \u00e0 2 % du poids total de ciment. Concr\u00e8tement, il est n\u00e9cessaire de respecter un dosage de 0,7 \u00e0 1,4 L\u00a0<em><strong>Achro acc\u00e9l\u00e9rateur NC<\/strong><\/em> pour un total de 100 kg de ciment. Une fois cette dose introduite dans la toupie, il faut respecter un temps de m\u00e9lange de l\u2019ensemble correspondant \u00e0 1 minute par m\u00e8tre cube de b\u00e9ton.<\/p><p style=\"text-align: justify;\">La dose\u00a0<em><strong>Achro acc\u00e9l\u00e9rateur NC<\/strong><\/em> \u00e0 incorporer devra \u00eatre adapt\u00e9e en fonction des conditions atmosph\u00e9riques, g\u00e9n\u00e9ralement les doses devront \u00eatre revues \u00e0 la hausse en cas de mauvaises conditions.<\/p><h3 style=\"text-align: justify;\">Par temps froid<\/h3><p style=\"text-align: justify;\">Lorsque les temp\u00e9ratures sont basses l\u2019utilisation\u00a0<em><strong>Achro acc\u00e9l\u00e9rateur NC<\/strong><\/em> est sensiblement la m\u00eame, \u00e0 ceci pr\u00e8s qu\u2019il existe quelques r\u00e8gles suppl\u00e9mentaires \u00e0 respecter. Ainsi, il est n\u00e9cessaire que la temp\u00e9rature du b\u00e9ton d\u00e9passe les +5\u00b0C. De m\u00eame, il ne faudra pas couler le b\u00e9ton si la temp\u00e9rature ext\u00e9rieure ne d\u00e9passe pas +3\u00b0C.<\/p><p style=\"text-align: justify;\">Il faut \u00e9galement \u00eatre vigilant \u00e0 ne pas utiliser d\u2019agr\u00e9gats gel\u00e9s. Enfin, pour r\u00e9ussir un b\u00e9tonnage par temps froid, il est primordial de veiller \u00e0 utiliser la plus grande dose de ciment classe R possible.<\/p><h2 style=\"text-align: justify; font-size: 20px; color: #004f9f;\">Stockage du produit<\/h2><p style=\"text-align: justify;\"><em><strong>Achro acc\u00e9l\u00e9rateur NC<\/strong><\/em> peut \u00eatre conserv\u00e9 et stock\u00e9 durant 3 ans lorsque son emballage d\u2019origine n\u2019a subi aucuns dommages. Quelle que soit la dur\u00e9e de stockage du produit, il est indispensable de conserver\u00a0<em><strong>Achro acc\u00e9l\u00e9rateur NC<\/strong><\/em> avec l\u2019emballage ouvert. Le produit doit toujours \u00eatre stock\u00e9 en milieu ventil\u00e9 et il doit \u00eatre prot\u00e9g\u00e9 du froid et notamment du gel.<\/p><h2 style=\"text-align: justify; font-size: 20px; color: #004f9f;\">Caract\u00e9ristiques techniques du produit et conditionnement<\/h2><p style=\"text-align: justify;\"><em><strong>Achro acc\u00e9l\u00e9rateur NC<\/strong><\/em> se pr\u00e9sente sous forme d\u2019un liquide brun et inflammable contenu dans des f\u00fbts de 280 kg et des containers de 1390 kg.<br \/>Sa densit\u00e9 \u00e0 20\u00b0C est d\u2019environ 1,39 (+\/- 0,05).<br \/>Le pH d\u2019<em><strong>Achro acc\u00e9l\u00e9rateur NC<\/strong><\/em> se situe entre 4 et 6, id\u00e9alement 5.<br \/>La teneur en chlorure du produit est toujours inf\u00e9rieure \u00e0 0,1% et l\u2019extrait sec en volume de l\u2019<em><strong>Achro acc\u00e9l\u00e9rateur NC<\/strong><\/em> est compris en 48 et 52 %.<\/p>\t\t\t\t\t\t\t\t<\/div>\n\t\t\t\t<\/div>\n\t\t\t\t\t<\/div>\n\t\t\t\t<\/div>\n\t\t\t\t<\/div>\n\t\t","protected":false},"excerpt":{"rendered":"<p style=\"text-align: justify;\"><em><strong>Achro acc\u00e9l\u00e9rateur NC<\/strong><\/em> est un <a href=\"https:\/\/www.achrodeco.com\/24-additifs-beton\">acc\u00e9l\u00e9rateur de prise<\/a> pour le b\u00e9ton qui ne contient pas de chlore.<\/p>\n<p style=\"text-align: justify;\">Il permet alors au b\u00e9ton de prendre plus rapidement. En d\u2019autres termes, gr\u00e2ce \u00e0\u00a0<em><strong>Achro acc\u00e9l\u00e9rateur NC<\/strong><\/em>, le b\u00e9ton obtient une forte r\u00e9sistance m\u00e9canique de fa\u00e7on acc\u00e9l\u00e9r\u00e9 par rapport \u00e0 un b\u00e9ton non m\u00e9lang\u00e9 au produit.<\/p>\n","protected":false},"featured_media":4447,"template":"","meta":[],"product_cat":[55],"product_tag":[],"class_list":{"0":"post-1179","1":"product","2":"type-product","3":"status-publish","4":"has-post-thumbnail","6":"product_cat-additifs","8":"first","9":"instock","10":"featured","11":"shipping-taxable","12":"product-type-simple"},"yoast_head":"<!-- This site is optimized with the Yoast SEO plugin v24.3 - https:\/\/yoast.com\/wordpress\/plugins\/seo\/ -->\n<title>Acc\u00e9l\u00e9rateur de prise pour b\u00e9ton coulage p\u00e9riode hivernale<\/title>\n<meta name=\"description\" content=\"Acc\u00e9l\u00e9rateur de prise en p\u00e9riode hivernale sans chlore. Sous forme liquide, il est facile d&#039;utilisation, en le m\u00e9langeant de fa\u00e7on homog\u00e8ne au b\u00e9ton.\u00a0\" \/>\n<meta name=\"robots\" content=\"index, follow, max-snippet:-1, max-image-preview:large, max-video-preview:-1\" \/>\n<link rel=\"canonical\" href=\"https:\/\/www.achro.eu\/fr\/achro-accelerateur-nc.html\" \/>\n<meta property=\"og:locale\" content=\"fr_FR\" \/>\n<meta property=\"og:type\" content=\"article\" \/>\n<meta property=\"og:title\" content=\"Acc\u00e9l\u00e9rateur de prise pour b\u00e9ton coulage p\u00e9riode hivernale\" \/>\n<meta property=\"og:description\" content=\"Acc\u00e9l\u00e9rateur de prise en p\u00e9riode hivernale sans chlore. Sous forme liquide, il est facile d&#039;utilisation, en le m\u00e9langeant de fa\u00e7on homog\u00e8ne au b\u00e9ton.\u00a0\" \/>\n<meta property=\"og:url\" content=\"https:\/\/www.achro.eu\/fr\/achro-accelerateur-nc.html\" \/>\n<meta property=\"article:modified_time\" content=\"2025-03-26T20:12:01+00:00\" \/>\n<meta property=\"og:image\" content=\"http:\/\/www.achro.eu\/fr\/wp-content\/uploads\/2016\/04\/bidon-20l-achro.jpg\" \/>\n\t<meta property=\"og:image:width\" content=\"800\" \/>\n\t<meta property=\"og:image:height\" content=\"800\" \/>\n\t<meta property=\"og:image:type\" content=\"image\/jpeg\" \/>\n<meta name=\"twitter:card\" content=\"summary_large_image\" \/>\n<meta name=\"twitter:label1\" content=\"Dur\u00e9e de lecture estim\u00e9e\" \/>\n\t<meta name=\"twitter:data1\" content=\"3 minutes\" \/>\n<script type=\"application\/ld+json\" class=\"yoast-schema-graph\">{\"@context\":\"https:\/\/schema.org\",\"@graph\":[{\"@type\":\"WebPage\",\"@id\":\"https:\/\/www.achro.eu\/fr\/achro-accelerateur-nc.html\",\"url\":\"https:\/\/www.achro.eu\/fr\/achro-accelerateur-nc.html\",\"name\":\"Acc\u00e9l\u00e9rateur de prise pour b\u00e9ton coulage p\u00e9riode hivernale\",\"isPartOf\":{\"@id\":\"https:\/\/www.achro.eu\/fr\/#website\"},\"primaryImageOfPage\":{\"@id\":\"https:\/\/www.achro.eu\/fr\/achro-accelerateur-nc.html#primaryimage\"},\"image\":{\"@id\":\"https:\/\/www.achro.eu\/fr\/achro-accelerateur-nc.html#primaryimage\"},\"thumbnailUrl\":\"https:\/\/www.achro.eu\/fr\/wp-content\/uploads\/2016\/04\/bidon-20l-achro.jpg\",\"datePublished\":\"2016-03-23T10:13:59+00:00\",\"dateModified\":\"2025-03-26T20:12:01+00:00\",\"description\":\"Acc\u00e9l\u00e9rateur de prise en p\u00e9riode hivernale sans chlore. Sous forme liquide, il est facile d'utilisation, en le m\u00e9langeant de fa\u00e7on homog\u00e8ne au b\u00e9ton.\u00a0\",\"inLanguage\":\"fr-FR\",\"potentialAction\":[{\"@type\":\"ReadAction\",\"target\":[\"https:\/\/www.achro.eu\/fr\/achro-accelerateur-nc.html\"]}]},{\"@type\":\"ImageObject\",\"inLanguage\":\"fr-FR\",\"@id\":\"https:\/\/www.achro.eu\/fr\/achro-accelerateur-nc.html#primaryimage\",\"url\":\"https:\/\/www.achro.eu\/fr\/wp-content\/uploads\/2016\/04\/bidon-20l-achro.jpg\",\"contentUrl\":\"https:\/\/www.achro.eu\/fr\/wp-content\/uploads\/2016\/04\/bidon-20l-achro.jpg\",\"width\":800,\"height\":800},{\"@type\":\"WebSite\",\"@id\":\"https:\/\/www.achro.eu\/fr\/#website\",\"url\":\"https:\/\/www.achro.eu\/fr\/\",\"name\":\"\",\"description\":\"\",\"potentialAction\":[{\"@type\":\"SearchAction\",\"target\":{\"@type\":\"EntryPoint\",\"urlTemplate\":\"https:\/\/www.achro.eu\/fr\/?s={search_term_string}\"},\"query-input\":{\"@type\":\"PropertyValueSpecification\",\"valueRequired\":true,\"valueName\":\"search_term_string\"}}],\"inLanguage\":\"fr-FR\"}]}<\/script>\n<!-- \/ Yoast SEO plugin. -->","yoast_head_json":{"title":"Acc\u00e9l\u00e9rateur de prise pour b\u00e9ton coulage p\u00e9riode hivernale","description":"Acc\u00e9l\u00e9rateur de prise en p\u00e9riode hivernale sans chlore. Sous forme liquide, il est facile d'utilisation, en le m\u00e9langeant de fa\u00e7on homog\u00e8ne au b\u00e9ton.\u00a0","robots":{"index":"index","follow":"follow","max-snippet":"max-snippet:-1","max-image-preview":"max-image-preview:large","max-video-preview":"max-video-preview:-1"},"canonical":"https:\/\/www.achro.eu\/fr\/achro-accelerateur-nc.html","og_locale":"fr_FR","og_type":"article","og_title":"Acc\u00e9l\u00e9rateur de prise pour b\u00e9ton coulage p\u00e9riode hivernale","og_description":"Acc\u00e9l\u00e9rateur de prise en p\u00e9riode hivernale sans chlore. Sous forme liquide, il est facile d'utilisation, en le m\u00e9langeant de fa\u00e7on homog\u00e8ne au b\u00e9ton.\u00a0","og_url":"https:\/\/www.achro.eu\/fr\/achro-accelerateur-nc.html","article_modified_time":"2025-03-26T20:12:01+00:00","og_image":[{"width":800,"height":800,"url":"http:\/\/www.achro.eu\/fr\/wp-content\/uploads\/2016\/04\/bidon-20l-achro.jpg","type":"image\/jpeg"}],"twitter_card":"summary_large_image","twitter_misc":{"Dur\u00e9e de lecture estim\u00e9e":"3 minutes"},"schema":{"@context":"https:\/\/schema.org","@graph":[{"@type":"WebPage","@id":"https:\/\/www.achro.eu\/fr\/achro-accelerateur-nc.html","url":"https:\/\/www.achro.eu\/fr\/achro-accelerateur-nc.html","name":"Acc\u00e9l\u00e9rateur de prise pour b\u00e9ton coulage p\u00e9riode hivernale","isPartOf":{"@id":"https:\/\/www.achro.eu\/fr\/#website"},"primaryImageOfPage":{"@id":"https:\/\/www.achro.eu\/fr\/achro-accelerateur-nc.html#primaryimage"},"image":{"@id":"https:\/\/www.achro.eu\/fr\/achro-accelerateur-nc.html#primaryimage"},"thumbnailUrl":"https:\/\/www.achro.eu\/fr\/wp-content\/uploads\/2016\/04\/bidon-20l-achro.jpg","datePublished":"2016-03-23T10:13:59+00:00","dateModified":"2025-03-26T20:12:01+00:00","description":"Acc\u00e9l\u00e9rateur de prise en p\u00e9riode hivernale sans chlore. Sous forme liquide, il est facile d'utilisation, en le m\u00e9langeant de fa\u00e7on homog\u00e8ne au b\u00e9ton.\u00a0","inLanguage":"fr-FR","potentialAction":[{"@type":"ReadAction","target":["https:\/\/www.achro.eu\/fr\/achro-accelerateur-nc.html"]}]},{"@type":"ImageObject","inLanguage":"fr-FR","@id":"https:\/\/www.achro.eu\/fr\/achro-accelerateur-nc.html#primaryimage","url":"https:\/\/www.achro.eu\/fr\/wp-content\/uploads\/2016\/04\/bidon-20l-achro.jpg","contentUrl":"https:\/\/www.achro.eu\/fr\/wp-content\/uploads\/2016\/04\/bidon-20l-achro.jpg","width":800,"height":800},{"@type":"WebSite","@id":"https:\/\/www.achro.eu\/fr\/#website","url":"https:\/\/www.achro.eu\/fr\/","name":"","description":"","potentialAction":[{"@type":"SearchAction","target":{"@type":"EntryPoint","urlTemplate":"https:\/\/www.achro.eu\/fr\/?s={search_term_string}"},"query-input":{"@type":"PropertyValueSpecification","valueRequired":true,"valueName":"search_term_string"}}],"inLanguage":"fr-FR"}]}},"_links":{"self":[{"href":"https:\/\/www.achro.eu\/fr\/wp-json\/wp\/v2\/product\/1179"}],"collection":[{"href":"https:\/\/www.achro.eu\/fr\/wp-json\/wp\/v2\/product"}],"about":[{"href":"https:\/\/www.achro.eu\/fr\/wp-json\/wp\/v2\/types\/product"}],"version-history":[{"count":22,"href":"https:\/\/www.achro.eu\/fr\/wp-json\/wp\/v2\/product\/1179\/revisions"}],"predecessor-version":[{"id":5087,"href":"https:\/\/www.achro.eu\/fr\/wp-json\/wp\/v2\/product\/1179\/revisions\/5087"}],"wp:featuredmedia":[{"embeddable":true,"href":"https:\/\/www.achro.eu\/fr\/wp-json\/wp\/v2\/media\/4447"}],"wp:attachment":[{"href":"https:\/\/www.achro.eu\/fr\/wp-json\/wp\/v2\/media?parent=1179"}],"wp:term":[{"taxonomy":"product_cat","embeddable":true,"href":"https:\/\/www.achro.eu\/fr\/wp-json\/wp\/v2\/product_cat?post=1179"},{"taxonomy":"product_tag","embeddable":true,"href":"https:\/\/www.achro.eu\/fr\/wp-json\/wp\/v2\/product_tag?post=1179"}],"curies":[{"name":"wp","href":"https:\/\/api.w.org\/{rel}","templated":true}]}}