{"id":1176,"date":"2016-03-21T15:12:59","date_gmt":"2016-03-21T14:12:59","guid":{"rendered":"http:\/\/www.rcr-production-france.com\/2016\/fibre-dallage-beton\/16-achrofibrite.html"},"modified":"2025-03-26T21:12:12","modified_gmt":"2025-03-26T20:12:12","slug":"achrocure","status":"publish","type":"product","link":"https:\/\/www.achro.eu\/fr\/achrocure.html","title":{"rendered":"Achrocure"},"content":{"rendered":"\t\t<div data-elementor-type=\"wp-post\" data-elementor-id=\"1176\" class=\"elementor elementor-1176\">\n\t\t\t\t<div class=\"elementor-element elementor-element-1396dc92 e-grid e-con-boxed e-con e-parent\" data-id=\"1396dc92\" data-element_type=\"container\">\n\t\t\t\t\t<div class=\"e-con-inner\">\n\t\t\t\t<div class=\"elementor-element elementor-element-5a406df4 elementor-widget elementor-widget-text-editor\" data-id=\"5a406df4\" data-element_type=\"widget\" data-widget_type=\"text-editor.default\">\n\t\t\t\t<div class=\"elementor-widget-container\">\n\t\t\t\t\t\t\t\t\t<h2 style=\"text-align: justify; font-size: 20px; color: #004f9f;\">Achrocure, un baume pour les dallages en b\u00e9ton<\/h2><p style=\"text-align: justify;\">Achrocure est une r\u00e9sine de p\u00e9trole en phase solvant, qui permet l&rsquo;hydratation du b\u00e9ton.<\/p><p style=\"text-align: justify;\">Ce produit permet donc de pr\u00e9venir les effets de fa\u00efen\u00e7age sur les dallages industriels, mais \u00e9galement d&#8217;emp\u00eacher sa dessiccation et d&rsquo;att\u00e9nuer l&rsquo;\u00e9vaporation trop rapide de l&rsquo;eau \u00e0 sa surface. En plus d&rsquo;assurer un taux d&rsquo;humidit\u00e9 optimal, Achrocure limite l&rsquo;efflorescence, ph\u00e9nom\u00e8nes couramment observ\u00e9s sur les sols industriels. Il s&rsquo;agit donc d&rsquo;un v\u00e9ritable baume protecteur, incolore et invisible \u00e0 l\u2019\u0153il nu.<\/p>\t\t\t\t\t\t\t\t<\/div>\n\t\t\t\t<\/div>\n\t\t<div class=\"elementor-element elementor-element-e055ef7 e-con-full e-flex e-con e-child\" data-id=\"e055ef7\" data-element_type=\"container\" data-settings=\"{&quot;background_background&quot;:&quot;classic&quot;}\">\n\t\t\t\t<div class=\"elementor-element elementor-element-3bc44145 elementor-widget elementor-widget-cs_title\" data-id=\"3bc44145\" data-element_type=\"widget\" data-widget_type=\"cs_title.default\">\n\t\t\t\t<div class=\"elementor-widget-container\">\n\t\t\t\t\t\n        <div class=\"cs-title-wrap text-center\">\t            <div class=\"cs-subtitle-wrap\"><span class=\"cs-subtitle\">Liens utiles<\/span><\/div>\t            <h4 class=\"cs-title\">\n\t                T\u00e9l\u00e9chargements\t            <\/h4>        <\/div>\t\t\t\t<\/div>\n\t\t\t\t<\/div>\n\t\t\t\t<div class=\"elementor-element elementor-element-1bab8425 elementor-widget elementor-widget-text-editor\" data-id=\"1bab8425\" data-element_type=\"widget\" data-widget_type=\"text-editor.default\">\n\t\t\t\t<div class=\"elementor-widget-container\">\n\t\t\t\t\t\t\t\t\t<p style=\"text-align: center;\"><a href=\"http:\/\/www.achro.eu\/fr\/wp-content\/uploads\/2016\/03\/AchroCURE.pdf\" rel=\"\">Fiche technique Achrocure<br \/><\/a><a href=\"http:\/\/www.achro.eu\/fr\/wp-content\/uploads\/2016\/03\/fds-achrocure.pdf\" rel=\"\">Fiche de s\u00e9curit\u00e9<\/a><\/p>\t\t\t\t\t\t\t\t<\/div>\n\t\t\t\t<\/div>\n\t\t\t\t<div class=\"elementor-element elementor-element-7679b62f elementor-align-center elementor-widget elementor-widget-cs_button\" data-id=\"7679b62f\" data-element_type=\"widget\" data-widget_type=\"cs_button.default\">\n\t\t\t\t<div class=\"elementor-widget-container\">\n\t\t\t\t\t        <a href=\"https:\/\/www.achrodeco.com\/additifs-beton\/178-achrocure.html\" class=\"elementor-button-link button\" role=\"button\">\n            <span class=\"cs-btn-text\">Acheter ce produit<\/span>        <\/a>\t\t\t\t<\/div>\n\t\t\t\t<\/div>\n\t\t\t\t<\/div>\n\t\t\t\t\t<\/div>\n\t\t\t\t<\/div>\n\t\t<div class=\"elementor-element elementor-element-48f2c9a1 e-flex e-con-boxed e-con e-parent\" data-id=\"48f2c9a1\" data-element_type=\"container\">\n\t\t\t\t\t<div class=\"e-con-inner\">\n\t\t\t\t<div class=\"elementor-element elementor-element-5b6a23b3 elementor-widget elementor-widget-text-editor\" data-id=\"5b6a23b3\" data-element_type=\"widget\" data-widget_type=\"text-editor.default\">\n\t\t\t\t<div class=\"elementor-widget-container\">\n\t\t\t\t\t\t\t\t\t<p style=\"text-align: justify;\">Gr\u00e2ce \u00e0 ces multiples avantages, Achrocure peut \u00eatre appliqu\u00e9 sur diff\u00e9rents types de dallages.<\/p><p style=\"text-align: justify;\">En effet, il convient \u00e0 la fois aux sols en b\u00e9ton brut, aux dallages color\u00e9s ou non, et \u00e0 ceux ayant un durcisseur de surface.<\/p><p style=\"text-align: justify;\">V\u00e9ritable produit de cure pour le b\u00e9ton industriel, Achrocure est compos\u00e9 d&rsquo;une solution ing\u00e9nieusement mise au point pour garantir une hydratation constante et homog\u00e8ne du sol sur lequel il est appliqu\u00e9.<\/p><p style=\"text-align: justify;\">Translucide, il agit comme une couche d&rsquo;usure rapport\u00e9e ou incorpor\u00e9e tout conservant l&rsquo;aspect originel du sol.<\/p><h2 style=\"text-align: justify; font-size: 20px; color: #004f9f;\">Un produit efficace et une application facile<\/h2><p style=\"text-align: justify;\">Pr\u00eat \u00e0 emploi, Achrocure est tr\u00e8s facile \u00e0 utiliser. Il doit \u00eatre appliqu\u00e9 d\u00e8s la mise en \u0153uvre des b\u00e9tons, afin d&rsquo;en garantir la meilleure efficacit\u00e9.<\/p><p style=\"text-align: justify;\">Une fois le dallage coul\u00e9, on attend que les traces d&rsquo;humidit\u00e9 disparaissent de sa surface. On peut alors appliqu\u00e9 le produit de cure Achrocure, par pulv\u00e9risation (la dilution est prohib\u00e9e). On peut r\u00e9partir le produit soit manuellement, soit gr\u00e2ce \u00e0 un pulv\u00e9risateur thermique : cependant, la quantit\u00e9 d&rsquo;Achrocure r\u00e9pandue doit \u00eatre comprise entre 100 et 150 grammes par m\u00e8tre carr\u00e9. Il est cependant d\u00e9conseill\u00e9 d&rsquo;en appliquer une \u00e9paisseur trop importante.<\/p><p style=\"text-align: justify;\">Achrocure \u00e9tant une r\u00e9sine, il convient de prendre les pr\u00e9cautions habituelles \u00e0 l&#8217;emploi de ce type de produit. Les locaux o\u00f9 le produit sera appliqu\u00e9 doivent \u00eatre ventil\u00e9s. Durant la pulv\u00e9risation du produit, portez des gants, des masques et des lunettes. De plus, manger, boire ou fumer est fortement d\u00e9conseill\u00e9. Si le produit entre en contact avec les yeux, rincez abondamment et imm\u00e9diatement.<\/p><p style=\"text-align: justify;\">Gr\u00e2ce \u00e0 sa rapidit\u00e9 d&rsquo;utilisation, on peut profiter d&rsquo;Achrocure au bout de 6 heures si la temp\u00e9rature est de 20\u00b0C ou de 12 heures \u00e0 5\u00b0C. Il est toutefois recommand\u00e9 d&rsquo;\u00f4ter la pellicule Achrochure avant tout traitement et toute circulation \u00e0 la surface du sol, notamment si celui-ci est susceptible d&rsquo;entrer en contact avec des hydrocarbures ou des solvants organiques.<\/p><p style=\"text-align: justify;\">Le produit de cure Achrocure est disponible sous diff\u00e9rents formats. Le jerrican de 20 litres pourra convenir pour une petite entreprise ou un particulier, tandis que les f\u00fbts de 200 litres et les containers de 1000 litres seront plus utiles et rentables pour les grandes surfaces.<\/p><p style=\"text-align: justify;\">Achrocure peut \u00eatre conserv\u00e9 dans son emballage d&rsquo;origine, m\u00eame entam\u00e9, \u00e0 temp\u00e9rature ambiante, et ce pour une dur\u00e9e d&rsquo;un an.<\/p>\t\t\t\t\t\t\t\t<\/div>\n\t\t\t\t<\/div>\n\t\t\t\t\t<\/div>\n\t\t\t\t<\/div>\n\t\t\t\t<\/div>\n\t\t","protected":false},"excerpt":{"rendered":"<p class=\"p1\" style=\"text-align: justify;\"><b id=\"textpreview_title\"><\/b><em><strong>Achrocure<\/strong><\/em> est un produit de cure destin\u00e9 \u00e0 hydrater les dallages en b\u00e9ton. Cette r\u00e9sine de p\u00e9trole, incolore, est compos\u00e9 de nombreux solvants aromatiques. Appliqu\u00e9e durant la prise du b\u00e9ton, <strong><em>Achrocure<\/em><\/strong> hydrate et prot\u00e8ge le futur dallage des fissures et des probl\u00e8me li\u00e9s \u00e0 son humidit\u00e9.<\/p>\n","protected":false},"featured_media":4612,"template":"","meta":[],"product_cat":[55],"product_tag":[],"class_list":{"0":"post-1176","1":"product","2":"type-product","3":"status-publish","4":"has-post-thumbnail","6":"product_cat-additifs","8":"first","9":"instock","10":"featured","11":"shipping-taxable","12":"product-type-simple"},"yoast_head":"<!-- This site is optimized with the Yoast SEO plugin v24.3 - https:\/\/yoast.com\/wordpress\/plugins\/seo\/ -->\n<title>Produit de cure pour b\u00e9ton, r\u00e9ussir son coulage<\/title>\n<meta name=\"description\" content=\"R\u00e9ussir son coulage gr\u00e2ce \u00e0 cette r\u00e9sine de surface qui emp\u00eache la fissuration du b\u00e9ton lors de son s\u00e9chage. Le b\u00e9ton reste alors humide plus longtemps.\" \/>\n<meta name=\"robots\" content=\"index, follow, max-snippet:-1, max-image-preview:large, max-video-preview:-1\" \/>\n<link rel=\"canonical\" href=\"https:\/\/www.achro.eu\/fr\/achrocure.html\" \/>\n<meta property=\"og:locale\" content=\"fr_FR\" \/>\n<meta property=\"og:type\" content=\"article\" \/>\n<meta property=\"og:title\" content=\"Produit de cure pour b\u00e9ton, r\u00e9ussir son coulage\" \/>\n<meta property=\"og:description\" content=\"R\u00e9ussir son coulage gr\u00e2ce \u00e0 cette r\u00e9sine de surface qui emp\u00eache la fissuration du b\u00e9ton lors de son s\u00e9chage. Le b\u00e9ton reste alors humide plus longtemps.\" \/>\n<meta property=\"og:url\" content=\"https:\/\/www.achro.eu\/fr\/achrocure.html\" \/>\n<meta property=\"article:modified_time\" content=\"2025-03-26T20:12:12+00:00\" \/>\n<meta property=\"og:image\" content=\"http:\/\/www.achro.eu\/fr\/wp-content\/uploads\/2016\/03\/cure-beton-achrocure.jpg\" \/>\n\t<meta property=\"og:image:width\" content=\"945\" \/>\n\t<meta property=\"og:image:height\" content=\"944\" \/>\n\t<meta property=\"og:image:type\" content=\"image\/jpeg\" \/>\n<meta name=\"twitter:card\" content=\"summary_large_image\" \/>\n<meta name=\"twitter:label1\" content=\"Dur\u00e9e de lecture estim\u00e9e\" \/>\n\t<meta name=\"twitter:data1\" content=\"3 minutes\" \/>\n<script type=\"application\/ld+json\" class=\"yoast-schema-graph\">{\"@context\":\"https:\/\/schema.org\",\"@graph\":[{\"@type\":\"WebPage\",\"@id\":\"https:\/\/www.achro.eu\/fr\/achrocure.html\",\"url\":\"https:\/\/www.achro.eu\/fr\/achrocure.html\",\"name\":\"Produit de cure pour b\u00e9ton, r\u00e9ussir son coulage\",\"isPartOf\":{\"@id\":\"https:\/\/www.achro.eu\/fr\/#website\"},\"primaryImageOfPage\":{\"@id\":\"https:\/\/www.achro.eu\/fr\/achrocure.html#primaryimage\"},\"image\":{\"@id\":\"https:\/\/www.achro.eu\/fr\/achrocure.html#primaryimage\"},\"thumbnailUrl\":\"https:\/\/www.achro.eu\/fr\/wp-content\/uploads\/2016\/03\/cure-beton-achrocure.jpg\",\"datePublished\":\"2016-03-21T14:12:59+00:00\",\"dateModified\":\"2025-03-26T20:12:12+00:00\",\"description\":\"R\u00e9ussir son coulage gr\u00e2ce \u00e0 cette r\u00e9sine de surface qui emp\u00eache la fissuration du b\u00e9ton lors de son s\u00e9chage. Le b\u00e9ton reste alors humide plus longtemps.\",\"inLanguage\":\"fr-FR\",\"potentialAction\":[{\"@type\":\"ReadAction\",\"target\":[\"https:\/\/www.achro.eu\/fr\/achrocure.html\"]}]},{\"@type\":\"ImageObject\",\"inLanguage\":\"fr-FR\",\"@id\":\"https:\/\/www.achro.eu\/fr\/achrocure.html#primaryimage\",\"url\":\"https:\/\/www.achro.eu\/fr\/wp-content\/uploads\/2016\/03\/cure-beton-achrocure.jpg\",\"contentUrl\":\"https:\/\/www.achro.eu\/fr\/wp-content\/uploads\/2016\/03\/cure-beton-achrocure.jpg\",\"width\":945,\"height\":944},{\"@type\":\"WebSite\",\"@id\":\"https:\/\/www.achro.eu\/fr\/#website\",\"url\":\"https:\/\/www.achro.eu\/fr\/\",\"name\":\"\",\"description\":\"\",\"potentialAction\":[{\"@type\":\"SearchAction\",\"target\":{\"@type\":\"EntryPoint\",\"urlTemplate\":\"https:\/\/www.achro.eu\/fr\/?s={search_term_string}\"},\"query-input\":{\"@type\":\"PropertyValueSpecification\",\"valueRequired\":true,\"valueName\":\"search_term_string\"}}],\"inLanguage\":\"fr-FR\"}]}<\/script>\n<!-- \/ Yoast SEO plugin. -->","yoast_head_json":{"title":"Produit de cure pour b\u00e9ton, r\u00e9ussir son coulage","description":"R\u00e9ussir son coulage gr\u00e2ce \u00e0 cette r\u00e9sine de surface qui emp\u00eache la fissuration du b\u00e9ton lors de son s\u00e9chage. Le b\u00e9ton reste alors humide plus longtemps.","robots":{"index":"index","follow":"follow","max-snippet":"max-snippet:-1","max-image-preview":"max-image-preview:large","max-video-preview":"max-video-preview:-1"},"canonical":"https:\/\/www.achro.eu\/fr\/achrocure.html","og_locale":"fr_FR","og_type":"article","og_title":"Produit de cure pour b\u00e9ton, r\u00e9ussir son coulage","og_description":"R\u00e9ussir son coulage gr\u00e2ce \u00e0 cette r\u00e9sine de surface qui emp\u00eache la fissuration du b\u00e9ton lors de son s\u00e9chage. Le b\u00e9ton reste alors humide plus longtemps.","og_url":"https:\/\/www.achro.eu\/fr\/achrocure.html","article_modified_time":"2025-03-26T20:12:12+00:00","og_image":[{"width":945,"height":944,"url":"http:\/\/www.achro.eu\/fr\/wp-content\/uploads\/2016\/03\/cure-beton-achrocure.jpg","type":"image\/jpeg"}],"twitter_card":"summary_large_image","twitter_misc":{"Dur\u00e9e de lecture estim\u00e9e":"3 minutes"},"schema":{"@context":"https:\/\/schema.org","@graph":[{"@type":"WebPage","@id":"https:\/\/www.achro.eu\/fr\/achrocure.html","url":"https:\/\/www.achro.eu\/fr\/achrocure.html","name":"Produit de cure pour b\u00e9ton, r\u00e9ussir son coulage","isPartOf":{"@id":"https:\/\/www.achro.eu\/fr\/#website"},"primaryImageOfPage":{"@id":"https:\/\/www.achro.eu\/fr\/achrocure.html#primaryimage"},"image":{"@id":"https:\/\/www.achro.eu\/fr\/achrocure.html#primaryimage"},"thumbnailUrl":"https:\/\/www.achro.eu\/fr\/wp-content\/uploads\/2016\/03\/cure-beton-achrocure.jpg","datePublished":"2016-03-21T14:12:59+00:00","dateModified":"2025-03-26T20:12:12+00:00","description":"R\u00e9ussir son coulage gr\u00e2ce \u00e0 cette r\u00e9sine de surface qui emp\u00eache la fissuration du b\u00e9ton lors de son s\u00e9chage. Le b\u00e9ton reste alors humide plus longtemps.","inLanguage":"fr-FR","potentialAction":[{"@type":"ReadAction","target":["https:\/\/www.achro.eu\/fr\/achrocure.html"]}]},{"@type":"ImageObject","inLanguage":"fr-FR","@id":"https:\/\/www.achro.eu\/fr\/achrocure.html#primaryimage","url":"https:\/\/www.achro.eu\/fr\/wp-content\/uploads\/2016\/03\/cure-beton-achrocure.jpg","contentUrl":"https:\/\/www.achro.eu\/fr\/wp-content\/uploads\/2016\/03\/cure-beton-achrocure.jpg","width":945,"height":944},{"@type":"WebSite","@id":"https:\/\/www.achro.eu\/fr\/#website","url":"https:\/\/www.achro.eu\/fr\/","name":"","description":"","potentialAction":[{"@type":"SearchAction","target":{"@type":"EntryPoint","urlTemplate":"https:\/\/www.achro.eu\/fr\/?s={search_term_string}"},"query-input":{"@type":"PropertyValueSpecification","valueRequired":true,"valueName":"search_term_string"}}],"inLanguage":"fr-FR"}]}},"_links":{"self":[{"href":"https:\/\/www.achro.eu\/fr\/wp-json\/wp\/v2\/product\/1176"}],"collection":[{"href":"https:\/\/www.achro.eu\/fr\/wp-json\/wp\/v2\/product"}],"about":[{"href":"https:\/\/www.achro.eu\/fr\/wp-json\/wp\/v2\/types\/product"}],"version-history":[{"count":16,"href":"https:\/\/www.achro.eu\/fr\/wp-json\/wp\/v2\/product\/1176\/revisions"}],"predecessor-version":[{"id":5090,"href":"https:\/\/www.achro.eu\/fr\/wp-json\/wp\/v2\/product\/1176\/revisions\/5090"}],"wp:featuredmedia":[{"embeddable":true,"href":"https:\/\/www.achro.eu\/fr\/wp-json\/wp\/v2\/media\/4612"}],"wp:attachment":[{"href":"https:\/\/www.achro.eu\/fr\/wp-json\/wp\/v2\/media?parent=1176"}],"wp:term":[{"taxonomy":"product_cat","embeddable":true,"href":"https:\/\/www.achro.eu\/fr\/wp-json\/wp\/v2\/product_cat?post=1176"},{"taxonomy":"product_tag","embeddable":true,"href":"https:\/\/www.achro.eu\/fr\/wp-json\/wp\/v2\/product_tag?post=1176"}],"curies":[{"name":"wp","href":"https:\/\/api.w.org\/{rel}","templated":true}]}}