{"id":1175,"date":"2016-03-18T14:04:07","date_gmt":"2016-03-18T13:04:07","guid":{"rendered":"http:\/\/www.rcr-production-france.com\/2016\/15-achrodal-be.html"},"modified":"2026-01-26T11:55:27","modified_gmt":"2026-01-26T10:55:27","slug":"achrofibrite","status":"publish","type":"product","link":"https:\/\/www.achro.eu\/fr\/achrofibrite.html","title":{"rendered":"Achrofibrite"},"content":{"rendered":"\t\t<div data-elementor-type=\"wp-post\" data-elementor-id=\"1175\" class=\"elementor elementor-1175\">\n\t\t\t\t<div class=\"elementor-element elementor-element-3d7f6fdc e-grid e-con-boxed e-con e-parent\" data-id=\"3d7f6fdc\" data-element_type=\"container\">\n\t\t\t\t\t<div class=\"e-con-inner\">\n\t\t\t\t<div class=\"elementor-element elementor-element-63efb3d5 elementor-widget elementor-widget-text-editor\" data-id=\"63efb3d5\" data-element_type=\"widget\" data-widget_type=\"text-editor.default\">\n\t\t\t\t<div class=\"elementor-widget-container\">\n\t\t\t\t\t\t\t\t\t<h2 style=\"text-align: justify; font-size: 20px; color: #004f9f;\"><strong>Un produit offrant une am\u00e9lioration exceptionnelle du b\u00e9ton<\/strong><\/h2><p class=\"p1\" style=\"text-align: justify;\">Le proc\u00e9d\u00e9 <em><strong>Achrofibrite<\/strong><\/em> offre au corps des dallages industriels une r\u00e9sistance exceptionnelle. Compos\u00e9 de fibres synth\u00e9tiques multifilaments, d&rsquo;un plastifiant ainsi que d&rsquo;un dispositif d&rsquo;armature de liaison, <em><strong>Achrofibrite<\/strong><\/em> est une solution compl\u00e8te pour le renforcement des sols industriels.<\/p><p class=\"p1\" style=\"text-align: justify;\">Id\u00e9al pour prot\u00e9ger les surfaces fortement sollicit\u00e9es, <strong><em>Achrofibrite<\/em><\/strong> est un proc\u00e9d\u00e9 tirant ses qualit\u00e9s d&rsquo;un savoir-faire technologique pouss\u00e9. Les multifilaments qui le composent comptent quelques 185 millions de fibres par m\u00e8tre cube, garantissant ainsi une r\u00e9sistance hors-norme aux dallages sur lesquels il sont appliqu\u00e9s.<\/p><p class=\"p1\" style=\"text-align: justify;\">\u00a0<\/p>\t\t\t\t\t\t\t\t<\/div>\n\t\t\t\t<\/div>\n\t\t<div class=\"elementor-element elementor-element-9daf837 e-con-full e-flex e-con e-child\" data-id=\"9daf837\" data-element_type=\"container\" data-settings=\"{&quot;background_background&quot;:&quot;classic&quot;}\">\n\t\t\t\t<div class=\"elementor-element elementor-element-7528362 elementor-widget elementor-widget-cs_title\" data-id=\"7528362\" data-element_type=\"widget\" data-widget_type=\"cs_title.default\">\n\t\t\t\t<div class=\"elementor-widget-container\">\n\t\t\t\t\t\n        <div class=\"cs-title-wrap text-center\">\t            <div class=\"cs-subtitle-wrap\"><span class=\"cs-subtitle\">liens utiles<\/span><\/div>\t            <h4 class=\"cs-title\">\n\t                T\u00e9l\u00e9chargements\t            <\/h4>        <\/div>\t\t\t\t<\/div>\n\t\t\t\t<\/div>\n\t\t\t\t<div class=\"elementor-element elementor-element-6ce598a elementor-widget elementor-widget-text-editor\" data-id=\"6ce598a\" data-element_type=\"widget\" data-widget_type=\"text-editor.default\">\n\t\t\t\t<div class=\"elementor-widget-container\">\n\t\t\t\t\t\t\t\t\t<p style=\"text-align: center;\"><a href=\"http:\/\/www.achro.eu\/fr\/wp-content\/uploads\/2016\/03\/Achrofibrite.pdf\" rel=\"\">Fiche technique<\/a><\/p>\t\t\t\t\t\t\t\t<\/div>\n\t\t\t\t<\/div>\n\t\t\t\t<div class=\"elementor-element elementor-element-8e77cd8 elementor-align-center elementor-widget elementor-widget-cs_button\" data-id=\"8e77cd8\" data-element_type=\"widget\" data-widget_type=\"cs_button.default\">\n\t\t\t\t<div class=\"elementor-widget-container\">\n\t\t\t\t\t        <a href=\"https:\/\/www.achrodeco.com\/additifs-beton\/84-achrofibrite-fibre-synthetique-beton.html\" class=\"elementor-button-link button\" role=\"button\">\n            <span class=\"cs-btn-text\">Acheter ce produit<\/span>        <\/a>\t\t\t\t<\/div>\n\t\t\t\t<\/div>\n\t\t\t\t<\/div>\n\t\t\t\t\t<\/div>\n\t\t\t\t<\/div>\n\t\t<div class=\"elementor-element elementor-element-8f799b4 e-flex e-con-boxed e-con e-parent\" data-id=\"8f799b4\" data-element_type=\"container\">\n\t\t\t\t\t<div class=\"e-con-inner\">\n\t\t\t\t<div class=\"elementor-element elementor-element-6a7fb7e elementor-widget elementor-widget-text-editor\" data-id=\"6a7fb7e\" data-element_type=\"widget\" data-widget_type=\"text-editor.default\">\n\t\t\t\t<div class=\"elementor-widget-container\">\n\t\t\t\t\t\t\t\t\t<p class=\"p1\" style=\"text-align: justify;\">Ces fibres agissent au c\u0153ur du b\u00e9ton gr\u00e2ce \u00e0 une liaison multidirectionnelle qui permet, d\u00e8s leur int\u00e9gration dans le mortier, de limiter le retrait en le guidant lors de la prise. Gr\u00e2ce \u00e0 cette technologie, les fibres s&rsquo;adaptent parfaitement \u00e0 leur environnement et \u00e9vitent les fissurations.<\/p><p class=\"p1\" style=\"text-align: justify;\">De plus, gr\u00e2ce \u00e0 leur finesse (leur diam\u00e8tre n&rsquo;est que de 18 microns), les fibres sont invisibles \u00e0 l\u2019\u0153il nu, rendant le dallage totalement libre de recevoir d&rsquo;autres rev\u00eatements de protection.<br \/><em><strong>Achrofibrite<\/strong><\/em> offre ainsi de multiples avantages. En plus de r\u00e9sister \u00e0 la fissuration, ce proc\u00e9d\u00e9 permet de r\u00e9duire l&rsquo;eau de g\u00e2chage, d&rsquo;am\u00e9liorer sensiblement l&rsquo;ouvrabilit\u00e9, mais aussi de r\u00e9duire la perm\u00e9abilit\u00e9 du b\u00e9ton.<\/p><p class=\"p1\" style=\"text-align: justify;\">De plus, les dallages industriels deviennent plus r\u00e9sistants face aux chocs et \u00e0 l&rsquo;abrasion, tout en profitant de l&rsquo;insensibilit\u00e9 des fibres aux agents chimiques susceptibles de les ab\u00eemer. Enfin, la mise en \u0153uvre de ce produit ne n\u00e9cessite pas de dispositif de vibrations.<\/p><h2 style=\"text-align: justify; font-size: 20px; color: #004f9f;\"><strong>Un r\u00e9seau de fibres multi-filaments efficace&#8230; et simple \u00e0 mettre en place <\/strong><\/h2><p class=\"p1\" style=\"text-align: justify;\"><em><strong>Achrofibrite<\/strong><\/em> est \u00e0 utiliser d\u00e8s le coulage du dallage. <a href=\"http:\/\/www.achro.eu\/fr\/categorie-produit\/fibres\">Les fibres<\/a> sont ainsi incorpor\u00e9es directement dans le b\u00e9ton.<br \/>Premi\u00e8rement, on m\u00e9lange 0,5 kg d&rsquo;<em><strong>Achrofibrite<\/strong><\/em> par m\u00e8tre cube de b\u00e9ton, en y ajoutant 2 kg du fluidifiant <a href=\"http:\/\/www.achro.eu\/fr\/achro-fluid.html\">Achrofluid<\/a>, afin d&rsquo;optimiser le r\u00e9sultat final. On dispose ensuite l&rsquo;armature de liaison perpendiculairement au futur joint de retrait, et en respectant la proportion de 0,80 cm2 par millilitre. Enfin, on patient jusqu&rsquo;\u00e0 ce que le dallage soit totalement sec.<\/p><p class=\"p1\" style=\"text-align: justify;\">On pourra alors soit le laisse brut, soit lui appliquer d&rsquo;autres rev\u00eatements. Les <a href=\"http:\/\/www.achro.eu\/fr\/categorie-produit\/durcisseurs\">couches d&rsquo;usures<\/a> <em><strong>Achro<\/strong><\/em> peuvent toutes \u00eatres utilis\u00e9es en compl\u00e9ment de l&rsquo;Achrofibrite, quelle que soit la m\u00e9thode de mise en \u0153uvre adopt\u00e9e. En effet, ces rev\u00eatements peuvent \u00eatre \u00e9pandus manuellement, m\u00e9caniquement ou encore par chape incorpor\u00e9e.<\/p><p class=\"p1\" style=\"text-align: justify;\">Il est \u00e0 noter que le proc\u00e9d\u00e9 <em><strong>Achrofibrite<\/strong><\/em>, en incorporant des fibres polypropyl\u00e8ne dans le b\u00e9ton, lui permet d&rsquo;\u00eatre davantage maniable et plastique que dans le cas d&rsquo;un dallage classique. Toutefois, la prise du b\u00e9ton n&rsquo;est pas r\u00e9duite gr\u00e2ce \u00e0 cette technologie.<\/p><p class=\"p1\" style=\"text-align: justify;\">Enfin, <em><strong>Achrofibrite<\/strong><\/em> est disponible en trois formats, chacun d&rsquo;entre eux \u00e9tant adapt\u00e9 \u00e0 un usage diff\u00e9rent. On peut ainsi se procurer ce produit sous forme de sachets hydrosolubles, de doses de 0,5 kg ou par cartons de quarante doses.<\/p>\t\t\t\t\t\t\t\t<\/div>\n\t\t\t\t<\/div>\n\t\t\t\t\t<\/div>\n\t\t\t\t<\/div>\n\t\t\t\t<\/div>\n\t\t","protected":false},"excerpt":{"rendered":"<p style=\"text-align: justify;\"><em><strong>Achrofibrite<\/strong><\/em> est un produit destin\u00e9 \u00e0 am\u00e9liorer le b\u00e9ton des <strong>sols industriels<\/strong>. Gr\u00e2ce aux fibres synth\u00e9tiques multifilaments qui la composent, la technologie <em><strong>Achrofibrite<\/strong><\/em> permet d&rsquo;optimiser la qualit\u00e9 de ce type de dallage en le renfor\u00e7ant.<\/p>\n","protected":false},"featured_media":5110,"template":"","meta":[],"product_cat":[53],"product_tag":[],"class_list":{"0":"post-1175","1":"product","2":"type-product","3":"status-publish","4":"has-post-thumbnail","6":"product_cat-fibres","8":"first","9":"instock","10":"featured","11":"shipping-taxable","12":"product-type-simple"},"yoast_head":"<!-- This site is optimized with the Yoast SEO plugin v24.3 - https:\/\/yoast.com\/wordpress\/plugins\/seo\/ -->\n<title>Fibre b\u00e9ton pour dallage et sols industriels fibr\u00e9s<\/title>\n<meta name=\"description\" content=\"Fibre synth\u00e9tique multi-filament pour b\u00e9ton s&#039;int\u00e9grant parfaitement lors du coulage pour la r\u00e9alisation d&#039;une dalle en b\u00e9ton fibr\u00e9.\u00a0\" \/>\n<meta name=\"robots\" content=\"index, follow, max-snippet:-1, max-image-preview:large, max-video-preview:-1\" \/>\n<link rel=\"canonical\" href=\"https:\/\/www.achro.eu\/fr\/achrofibrite.html\" \/>\n<meta property=\"og:locale\" content=\"fr_FR\" \/>\n<meta property=\"og:type\" content=\"article\" \/>\n<meta property=\"og:title\" content=\"Fibre b\u00e9ton pour dallage et sols industriels fibr\u00e9s\" \/>\n<meta property=\"og:description\" content=\"Fibre synth\u00e9tique multi-filament pour b\u00e9ton s&#039;int\u00e9grant parfaitement lors du coulage pour la r\u00e9alisation d&#039;une dalle en b\u00e9ton fibr\u00e9.\u00a0\" \/>\n<meta property=\"og:url\" content=\"https:\/\/www.achro.eu\/fr\/achrofibrite.html\" \/>\n<meta property=\"article:modified_time\" content=\"2026-01-26T10:55:27+00:00\" \/>\n<meta property=\"og:image\" content=\"http:\/\/www.achro.eu\/fr\/wp-content\/uploads\/2016\/03\/fibres-synthetiques.jpg\" \/>\n\t<meta property=\"og:image:width\" content=\"800\" \/>\n\t<meta property=\"og:image:height\" content=\"800\" \/>\n\t<meta property=\"og:image:type\" content=\"image\/jpeg\" \/>\n<meta name=\"twitter:card\" content=\"summary_large_image\" \/>\n<meta name=\"twitter:label1\" content=\"Dur\u00e9e de lecture estim\u00e9e\" \/>\n\t<meta name=\"twitter:data1\" content=\"3 minutes\" \/>\n<script type=\"application\/ld+json\" class=\"yoast-schema-graph\">{\"@context\":\"https:\/\/schema.org\",\"@graph\":[{\"@type\":\"WebPage\",\"@id\":\"https:\/\/www.achro.eu\/fr\/achrofibrite.html\",\"url\":\"https:\/\/www.achro.eu\/fr\/achrofibrite.html\",\"name\":\"Fibre b\u00e9ton pour dallage et sols industriels fibr\u00e9s\",\"isPartOf\":{\"@id\":\"https:\/\/www.achro.eu\/fr\/#website\"},\"primaryImageOfPage\":{\"@id\":\"https:\/\/www.achro.eu\/fr\/achrofibrite.html#primaryimage\"},\"image\":{\"@id\":\"https:\/\/www.achro.eu\/fr\/achrofibrite.html#primaryimage\"},\"thumbnailUrl\":\"https:\/\/www.achro.eu\/fr\/wp-content\/uploads\/2016\/03\/fibres-synthetiques.jpg\",\"datePublished\":\"2016-03-18T13:04:07+00:00\",\"dateModified\":\"2026-01-26T10:55:27+00:00\",\"description\":\"Fibre synth\u00e9tique multi-filament pour b\u00e9ton s'int\u00e9grant parfaitement lors du coulage pour la r\u00e9alisation d'une dalle en b\u00e9ton fibr\u00e9.\u00a0\",\"inLanguage\":\"fr-FR\",\"potentialAction\":[{\"@type\":\"ReadAction\",\"target\":[\"https:\/\/www.achro.eu\/fr\/achrofibrite.html\"]}]},{\"@type\":\"ImageObject\",\"inLanguage\":\"fr-FR\",\"@id\":\"https:\/\/www.achro.eu\/fr\/achrofibrite.html#primaryimage\",\"url\":\"https:\/\/www.achro.eu\/fr\/wp-content\/uploads\/2016\/03\/fibres-synthetiques.jpg\",\"contentUrl\":\"https:\/\/www.achro.eu\/fr\/wp-content\/uploads\/2016\/03\/fibres-synthetiques.jpg\",\"width\":800,\"height\":800},{\"@type\":\"WebSite\",\"@id\":\"https:\/\/www.achro.eu\/fr\/#website\",\"url\":\"https:\/\/www.achro.eu\/fr\/\",\"name\":\"\",\"description\":\"\",\"potentialAction\":[{\"@type\":\"SearchAction\",\"target\":{\"@type\":\"EntryPoint\",\"urlTemplate\":\"https:\/\/www.achro.eu\/fr\/?s={search_term_string}\"},\"query-input\":{\"@type\":\"PropertyValueSpecification\",\"valueRequired\":true,\"valueName\":\"search_term_string\"}}],\"inLanguage\":\"fr-FR\"}]}<\/script>\n<!-- \/ Yoast SEO plugin. -->","yoast_head_json":{"title":"Fibre b\u00e9ton pour dallage et sols industriels fibr\u00e9s","description":"Fibre synth\u00e9tique multi-filament pour b\u00e9ton s'int\u00e9grant parfaitement lors du coulage pour la r\u00e9alisation d'une dalle en b\u00e9ton fibr\u00e9.\u00a0","robots":{"index":"index","follow":"follow","max-snippet":"max-snippet:-1","max-image-preview":"max-image-preview:large","max-video-preview":"max-video-preview:-1"},"canonical":"https:\/\/www.achro.eu\/fr\/achrofibrite.html","og_locale":"fr_FR","og_type":"article","og_title":"Fibre b\u00e9ton pour dallage et sols industriels fibr\u00e9s","og_description":"Fibre synth\u00e9tique multi-filament pour b\u00e9ton s'int\u00e9grant parfaitement lors du coulage pour la r\u00e9alisation d'une dalle en b\u00e9ton fibr\u00e9.\u00a0","og_url":"https:\/\/www.achro.eu\/fr\/achrofibrite.html","article_modified_time":"2026-01-26T10:55:27+00:00","og_image":[{"width":800,"height":800,"url":"http:\/\/www.achro.eu\/fr\/wp-content\/uploads\/2016\/03\/fibres-synthetiques.jpg","type":"image\/jpeg"}],"twitter_card":"summary_large_image","twitter_misc":{"Dur\u00e9e de lecture estim\u00e9e":"3 minutes"},"schema":{"@context":"https:\/\/schema.org","@graph":[{"@type":"WebPage","@id":"https:\/\/www.achro.eu\/fr\/achrofibrite.html","url":"https:\/\/www.achro.eu\/fr\/achrofibrite.html","name":"Fibre b\u00e9ton pour dallage et sols industriels fibr\u00e9s","isPartOf":{"@id":"https:\/\/www.achro.eu\/fr\/#website"},"primaryImageOfPage":{"@id":"https:\/\/www.achro.eu\/fr\/achrofibrite.html#primaryimage"},"image":{"@id":"https:\/\/www.achro.eu\/fr\/achrofibrite.html#primaryimage"},"thumbnailUrl":"https:\/\/www.achro.eu\/fr\/wp-content\/uploads\/2016\/03\/fibres-synthetiques.jpg","datePublished":"2016-03-18T13:04:07+00:00","dateModified":"2026-01-26T10:55:27+00:00","description":"Fibre synth\u00e9tique multi-filament pour b\u00e9ton s'int\u00e9grant parfaitement lors du coulage pour la r\u00e9alisation d'une dalle en b\u00e9ton fibr\u00e9.\u00a0","inLanguage":"fr-FR","potentialAction":[{"@type":"ReadAction","target":["https:\/\/www.achro.eu\/fr\/achrofibrite.html"]}]},{"@type":"ImageObject","inLanguage":"fr-FR","@id":"https:\/\/www.achro.eu\/fr\/achrofibrite.html#primaryimage","url":"https:\/\/www.achro.eu\/fr\/wp-content\/uploads\/2016\/03\/fibres-synthetiques.jpg","contentUrl":"https:\/\/www.achro.eu\/fr\/wp-content\/uploads\/2016\/03\/fibres-synthetiques.jpg","width":800,"height":800},{"@type":"WebSite","@id":"https:\/\/www.achro.eu\/fr\/#website","url":"https:\/\/www.achro.eu\/fr\/","name":"","description":"","potentialAction":[{"@type":"SearchAction","target":{"@type":"EntryPoint","urlTemplate":"https:\/\/www.achro.eu\/fr\/?s={search_term_string}"},"query-input":{"@type":"PropertyValueSpecification","valueRequired":true,"valueName":"search_term_string"}}],"inLanguage":"fr-FR"}]}},"_links":{"self":[{"href":"https:\/\/www.achro.eu\/fr\/wp-json\/wp\/v2\/product\/1175"}],"collection":[{"href":"https:\/\/www.achro.eu\/fr\/wp-json\/wp\/v2\/product"}],"about":[{"href":"https:\/\/www.achro.eu\/fr\/wp-json\/wp\/v2\/types\/product"}],"version-history":[{"count":59,"href":"https:\/\/www.achro.eu\/fr\/wp-json\/wp\/v2\/product\/1175\/revisions"}],"predecessor-version":[{"id":5111,"href":"https:\/\/www.achro.eu\/fr\/wp-json\/wp\/v2\/product\/1175\/revisions\/5111"}],"wp:featuredmedia":[{"embeddable":true,"href":"https:\/\/www.achro.eu\/fr\/wp-json\/wp\/v2\/media\/5110"}],"wp:attachment":[{"href":"https:\/\/www.achro.eu\/fr\/wp-json\/wp\/v2\/media?parent=1175"}],"wp:term":[{"taxonomy":"product_cat","embeddable":true,"href":"https:\/\/www.achro.eu\/fr\/wp-json\/wp\/v2\/product_cat?post=1175"},{"taxonomy":"product_tag","embeddable":true,"href":"https:\/\/www.achro.eu\/fr\/wp-json\/wp\/v2\/product_tag?post=1175"}],"curies":[{"name":"wp","href":"https:\/\/api.w.org\/{rel}","templated":true}]}}