{"id":1135,"date":"2016-03-11T10:27:34","date_gmt":"2016-03-11T09:27:34","guid":{"rendered":"http:\/\/www.rcr-production-france.com\/2016\/13-achroquartz.html"},"modified":"2025-02-04T16:45:04","modified_gmt":"2025-02-04T15:45:04","slug":"achrodal-be","status":"publish","type":"product","link":"https:\/\/www.achro.eu\/fr\/achrodal-be.html","title":{"rendered":"Achrodal BE"},"content":{"rendered":"\t\t<div data-elementor-type=\"wp-post\" data-elementor-id=\"1135\" class=\"elementor elementor-1135\">\n\t\t\t\t<div class=\"elementor-element elementor-element-5ec8f60c e-grid e-con-boxed e-con e-parent\" data-id=\"5ec8f60c\" data-element_type=\"container\">\n\t\t\t\t\t<div class=\"e-con-inner\">\n\t\t\t\t<div class=\"elementor-element elementor-element-1fc1665 elementor-widget elementor-widget-text-editor\" data-id=\"1fc1665\" data-element_type=\"widget\" data-widget_type=\"text-editor.default\">\n\t\t\t\t<div class=\"elementor-widget-container\">\n\t\t\t\t\t\t\t\t\t<h2 style=\"text-align: justify; font-size: 20px; color: #004f9f;\"><strong>Un durcisseur de surface de qualit\u00e9<\/strong><\/h2><p class=\"p1\" style=\"text-align: justify;\"><span style=\"line-height: 1.5;\">De grande duret\u00e9, les granulats min\u00e9raux composant le durcisseur de surface <em><strong>Achrodal B\u00e9ton Ext\u00e9rieur<\/strong><\/em> sont coupl\u00e9s \u00e0 un liant hydraulique PMES qui permet \u00e0 ce dernier d&rsquo;\u00eatre facilement utilisable.<br \/>Offrant une excellente r\u00e9sistance \u00e0 l\u2019abrasion et au trafic, Achrodal B\u00e9ton Ext\u00e9rieur est adapt\u00e9 \u00e0 de nombreux domaines d&rsquo;application.<\/span><\/p><p><span style=\"line-height: 1.5;\">Ainsi, il convient aussi bien pour recouvrir une terrasse d&rsquo;une couche d&rsquo;usure que pour prot\u00e9ger le sol d&rsquo;un silo. Ce durcisseur de surface est sp\u00e9cialement con\u00e7u pour une utilisation en ext\u00e9rieur, et poss\u00e8de donc de multiples qualit\u00e9s : il ne rouille pas et r\u00e9siste aux sels de devergla\u00e7age.<\/span><\/p>\t\t\t\t\t\t\t\t<\/div>\n\t\t\t\t<\/div>\n\t\t<div class=\"elementor-element elementor-element-9f562b0 e-con-full e-flex e-con e-child\" data-id=\"9f562b0\" data-element_type=\"container\" data-settings=\"{&quot;background_background&quot;:&quot;classic&quot;}\">\n\t\t\t\t<div class=\"elementor-element elementor-element-4d83902d elementor-widget elementor-widget-cs_title\" data-id=\"4d83902d\" data-element_type=\"widget\" data-widget_type=\"cs_title.default\">\n\t\t\t\t<div class=\"elementor-widget-container\">\n\t\t\t\t\t\n        <div class=\"cs-title-wrap text-center\">\t            <div class=\"cs-subtitle-wrap\"><span class=\"cs-subtitle\">Liens utiles<\/span><\/div>\t            <h4 class=\"cs-title\">\n\t                T\u00e9l\u00e9chargements\t            <\/h4>        <\/div>\t\t\t\t<\/div>\n\t\t\t\t<\/div>\n\t\t\t\t<div class=\"elementor-element elementor-element-69fd95f3 elementor-widget elementor-widget-text-editor\" data-id=\"69fd95f3\" data-element_type=\"widget\" data-widget_type=\"text-editor.default\">\n\t\t\t\t<div class=\"elementor-widget-container\">\n\t\t\t\t\t\t\t\t\t<p style=\"text-align: center;\"><a href=\"http:\/\/www.achro.eu\/fr\/wp-content\/uploads\/2016\/03\/fr_ft_achrodbe.pdf\" rel=\"\">Fiche technique<br \/><\/a><a href=\"http:\/\/www.achro.eu\/fr\/wp-content\/uploads\/2015\/11\/fds-durcisseurs.pdf\" rel=\"\">Fiche de s\u00e9curit\u00e9<\/a><\/p>\t\t\t\t\t\t\t\t<\/div>\n\t\t\t\t<\/div>\n\t\t\t\t<\/div>\n\t\t\t\t\t<\/div>\n\t\t\t\t<\/div>\n\t\t<div class=\"elementor-element elementor-element-d920d94 e-flex e-con-boxed e-con e-parent\" data-id=\"d920d94\" data-element_type=\"container\">\n\t\t\t\t\t<div class=\"e-con-inner\">\n\t\t\t\t<div class=\"elementor-element elementor-element-0368710 elementor-widget elementor-widget-text-editor\" data-id=\"0368710\" data-element_type=\"widget\" data-widget_type=\"text-editor.default\">\n\t\t\t\t<div class=\"elementor-widget-container\">\n\t\t\t\t\t\t\t\t\t<p class=\"p1\" style=\"text-align: justify;\"><span style=\"line-height: 1.5;\">Particuliers comme professionnels peuvent utiliser\u00a0<em><strong>Achrodal B\u00e9ton Ext\u00e9rieur<\/strong><\/em> pour rendre plus r\u00e9sistant un haut-vent, le dallage d&rsquo;un b\u00e2timent agricole encore une surface accueillant une structure couverte.<\/span><\/p><p class=\"p1\" style=\"text-align: justify;\"><span style=\"line-height: 1.5;\">En plus de prot\u00e9ger efficacement les sols,\u00a0<em><strong>Achrodal B\u00e9ton Ext\u00e9rieur<\/strong><\/em> permet de leur redonner une seconde vie. En effet, ce produit allie l&rsquo;utile \u00e0 l&rsquo;agr\u00e9able, puisqu&rsquo;il est disponible en diff\u00e9rents coloris. On pourra donc r\u00e9nover sa terrasse gr\u00e2ce \u00e0\u00a0<em><strong>Achrodal B\u00e9ton Ext\u00e9rieur<\/strong><\/em> tout en la colorant d&rsquo;une teinte Havane ou Ocre. <\/span><\/p><p class=\"p1\" style=\"text-align: justify;\"><span style=\"line-height: 1.5;\">Le propri\u00e9taire d&rsquo;un parking public pourra quant \u00e0 lui choisir\u00a0<em><strong>Achrodal B\u00e9ton Ext\u00e9rieur<\/strong><\/em> pour rendre son sol plus r\u00e9sistant et durable, mais \u00e9galement pour le rendre plus personnel pour ses utilisateurs, en optant pour la teinte Ardoise ou Wimbledon. <\/span><\/p><p class=\"p1\" style=\"text-align: justify;\"><span style=\"line-height: 1.5;\">Disponible en 9 coloris (Gris ciment, brique, Ocre, Ardoise, Wimbledon, Havane, Citron, Souris, Noir),\u00a0<em><strong>Achrodal B\u00e9ton Ext\u00e9rieur<\/strong><\/em> offre donc une double utilit\u00e9 : esth\u00e9tique et protectrice.\u00a0<\/span><\/p><h2 style=\"text-align: justify; font-size: 20px; color: #004f9f;\"><strong>Une application simple et rapide, pour une efficacit\u00e9 hors-norme <\/strong><\/h2><p class=\"p1\" style=\"text-align: justify;\"><span style=\"line-height: 1.5;\">S&rsquo;il rend \u00e0 la fois plus durable et plus belle n&rsquo;importe quelle surface en ext\u00e9rieur,\u00a0<em><strong>Achrodal B\u00e9ton Ext\u00e9rieur<\/strong><\/em> est aussi facilement applicable.<br \/>Pr\u00eat \u00e0 emploi, ce durcisseur de surface n\u00e9cessite d&rsquo;\u00eatre incorpor\u00e9 \u00e0 une chape de b\u00e9ton et d&rsquo;\u00eatre \u00e9pandu. Dans le premier cas, on proc\u00e8de au coulage d&rsquo;un corps de dallage dont on d\u00e9termine l&rsquo;\u00e9paisseur en fonction de sa nature et de la r\u00e9sistance qui lui sera n\u00e9cessaire. <\/span><\/p><p class=\"p1\" style=\"text-align: justify;\"><span style=\"line-height: 1.5;\"><em><strong>Achrodal B\u00e9ton Ext\u00e9rieur<\/strong><\/em> est int\u00e9gr\u00e9 au processus de coulage du b\u00e9ton afin d&rsquo;en optimiser l&rsquo;efficacit\u00e9. Il est cependant recommand\u00e9 de ne pas utiliser ce durcisseur de surface avec un b\u00e9ton contenant de l&rsquo;entraineur d&rsquo;air, puisque cela peut provoquer des d\u00e9collements du produit. Afin de garantir un lissage parfait du b\u00e9ton, il est conseill\u00e9 d&rsquo;utiliser des r\u00e8gles ou un Laser Screed pour les surfaces les plus importantes. <\/span><\/p><p class=\"p1\" style=\"text-align: justify;\"><span style=\"line-height: 1.5;\">Si on opte pour l&rsquo;\u00e9pandage,\u00a0<em><strong>Achrodal B\u00e9ton Ext\u00e9rieur<\/strong><\/em> peut \u00eatre saupoudr\u00e9 soit manuellement (en deux fois, \u00e0 raison de 2 \u00e0 3,5 kg par m2) soit m\u00e9caniquement (en une seule passe, \u00e0 raison de 8 \u00e0 12 kg par m2). Si on choisit la m\u00e9thode du coulis, on m\u00e9lange 3 \u00e0 3,5 litres d&rsquo;eau \u00e0 un sac de 25 kg d&rsquo;<em><strong>Achrodal B\u00e9ton Ext\u00e9rieur<\/strong><\/em> dans une b\u00e9tonni\u00e8re, puis on verse sur le b\u00e9ton taloch\u00e9 une quantit\u00e9 d&rsquo;au moins 12 kg par m2.<\/span><\/p><p class=\"p1\" style=\"text-align: justify;\"><span style=\"line-height: 1.5;\">Enfin, la pulv\u00e9risation d&rsquo;un produit de cure tels que Achrocure ou Ecocure est recommand\u00e9e pour parfaire l&rsquo;efficacit\u00e9 du produit.<\/span><\/p>\t\t\t\t\t\t\t\t<\/div>\n\t\t\t\t<\/div>\n\t\t\t\t\t<\/div>\n\t\t\t\t<\/div>\n\t\t\t\t<\/div>\n\t\t","protected":false},"excerpt":{"rendered":"<p class=\"p1\" style=\"text-align: justify;\"><em><strong>Achrodal B\u00e9ton Ext\u00e9rieur<\/strong><\/em> est un produit destin\u00e9 \u00e0 am\u00e9liorer la r\u00e9sistance et l&rsquo;aspect des surfaces ext\u00e9rieures.<\/p>\n<p class=\"p1\" style=\"text-align: justify;\">Gr\u00e2ce aux granulats min\u00e9raux qui le composent, ce durcisseur de surface est particuli\u00e8rement adapt\u00e9 aux terrasses ou aux parkings, leur offrant une excellente r\u00e9sistance \u00e0 l\u2019usure.<\/p>\n","protected":false},"featured_media":1137,"template":"","meta":[],"product_cat":[54],"product_tag":[],"class_list":{"0":"post-1135","1":"product","2":"type-product","3":"status-publish","4":"has-post-thumbnail","6":"product_cat-durcisseurs","8":"first","9":"instock","10":"featured","11":"shipping-taxable","12":"product-type-simple"},"yoast_head":"<!-- This site is optimized with the Yoast SEO plugin v24.3 - https:\/\/yoast.com\/wordpress\/plugins\/seo\/ -->\n<title>Durcisseur pour dallage b\u00e9ton ext\u00e9rieur, application simple.\u00a0<\/title>\n<meta name=\"description\" content=\"Voici une excellente couche d&#039;usure qui s&#039;applique tr\u00e8s facilement en ext\u00e9rieur pour r\u00e9aliser des dallages b\u00e9ton de qualit\u00e9. Epandage manuel ou m\u00e9canique.\" \/>\n<meta name=\"robots\" content=\"index, follow, max-snippet:-1, max-image-preview:large, max-video-preview:-1\" \/>\n<link rel=\"canonical\" href=\"https:\/\/www.achro.eu\/fr\/achrodal-be.html\" \/>\n<meta property=\"og:locale\" content=\"fr_FR\" \/>\n<meta property=\"og:type\" content=\"article\" \/>\n<meta property=\"og:title\" content=\"Durcisseur pour dallage b\u00e9ton ext\u00e9rieur, application simple.\u00a0\" \/>\n<meta property=\"og:description\" content=\"Voici une excellente couche d&#039;usure qui s&#039;applique tr\u00e8s facilement en ext\u00e9rieur pour r\u00e9aliser des dallages b\u00e9ton de qualit\u00e9. Epandage manuel ou m\u00e9canique.\" \/>\n<meta property=\"og:url\" content=\"https:\/\/www.achro.eu\/fr\/achrodal-be.html\" \/>\n<meta property=\"article:modified_time\" content=\"2025-02-04T15:45:04+00:00\" \/>\n<meta property=\"og:image\" content=\"https:\/\/www.achro.eu\/fr\/wp-content\/uploads\/2016\/03\/achrodal-be.jpg\" \/>\n\t<meta property=\"og:image:width\" content=\"600\" \/>\n\t<meta property=\"og:image:height\" content=\"600\" \/>\n\t<meta property=\"og:image:type\" content=\"image\/jpeg\" \/>\n<meta name=\"twitter:card\" content=\"summary_large_image\" \/>\n<meta name=\"twitter:label1\" content=\"Dur\u00e9e de lecture estim\u00e9e\" \/>\n\t<meta name=\"twitter:data1\" content=\"3 minutes\" \/>\n<script type=\"application\/ld+json\" class=\"yoast-schema-graph\">{\"@context\":\"https:\/\/schema.org\",\"@graph\":[{\"@type\":\"WebPage\",\"@id\":\"https:\/\/www.achro.eu\/fr\/achrodal-be.html\",\"url\":\"https:\/\/www.achro.eu\/fr\/achrodal-be.html\",\"name\":\"Durcisseur pour dallage b\u00e9ton ext\u00e9rieur, application simple.\u00a0\",\"isPartOf\":{\"@id\":\"https:\/\/www.achro.eu\/fr\/#website\"},\"primaryImageOfPage\":{\"@id\":\"https:\/\/www.achro.eu\/fr\/achrodal-be.html#primaryimage\"},\"image\":{\"@id\":\"https:\/\/www.achro.eu\/fr\/achrodal-be.html#primaryimage\"},\"thumbnailUrl\":\"https:\/\/www.achro.eu\/fr\/wp-content\/uploads\/2016\/03\/achrodal-be.jpg\",\"datePublished\":\"2016-03-11T09:27:34+00:00\",\"dateModified\":\"2025-02-04T15:45:04+00:00\",\"description\":\"Voici une excellente couche d'usure qui s'applique tr\u00e8s facilement en ext\u00e9rieur pour r\u00e9aliser des dallages b\u00e9ton de qualit\u00e9. Epandage manuel ou m\u00e9canique.\",\"inLanguage\":\"fr-FR\",\"potentialAction\":[{\"@type\":\"ReadAction\",\"target\":[\"https:\/\/www.achro.eu\/fr\/achrodal-be.html\"]}]},{\"@type\":\"ImageObject\",\"inLanguage\":\"fr-FR\",\"@id\":\"https:\/\/www.achro.eu\/fr\/achrodal-be.html#primaryimage\",\"url\":\"https:\/\/www.achro.eu\/fr\/wp-content\/uploads\/2016\/03\/achrodal-be.jpg\",\"contentUrl\":\"https:\/\/www.achro.eu\/fr\/wp-content\/uploads\/2016\/03\/achrodal-be.jpg\",\"width\":600,\"height\":600},{\"@type\":\"WebSite\",\"@id\":\"https:\/\/www.achro.eu\/fr\/#website\",\"url\":\"https:\/\/www.achro.eu\/fr\/\",\"name\":\"\",\"description\":\"\",\"potentialAction\":[{\"@type\":\"SearchAction\",\"target\":{\"@type\":\"EntryPoint\",\"urlTemplate\":\"https:\/\/www.achro.eu\/fr\/?s={search_term_string}\"},\"query-input\":{\"@type\":\"PropertyValueSpecification\",\"valueRequired\":true,\"valueName\":\"search_term_string\"}}],\"inLanguage\":\"fr-FR\"}]}<\/script>\n<!-- \/ Yoast SEO plugin. -->","yoast_head_json":{"title":"Durcisseur pour dallage b\u00e9ton ext\u00e9rieur, application simple.\u00a0","description":"Voici une excellente couche d'usure qui s'applique tr\u00e8s facilement en ext\u00e9rieur pour r\u00e9aliser des dallages b\u00e9ton de qualit\u00e9. Epandage manuel ou m\u00e9canique.","robots":{"index":"index","follow":"follow","max-snippet":"max-snippet:-1","max-image-preview":"max-image-preview:large","max-video-preview":"max-video-preview:-1"},"canonical":"https:\/\/www.achro.eu\/fr\/achrodal-be.html","og_locale":"fr_FR","og_type":"article","og_title":"Durcisseur pour dallage b\u00e9ton ext\u00e9rieur, application simple.\u00a0","og_description":"Voici une excellente couche d'usure qui s'applique tr\u00e8s facilement en ext\u00e9rieur pour r\u00e9aliser des dallages b\u00e9ton de qualit\u00e9. Epandage manuel ou m\u00e9canique.","og_url":"https:\/\/www.achro.eu\/fr\/achrodal-be.html","article_modified_time":"2025-02-04T15:45:04+00:00","og_image":[{"width":600,"height":600,"url":"https:\/\/www.achro.eu\/fr\/wp-content\/uploads\/2016\/03\/achrodal-be.jpg","type":"image\/jpeg"}],"twitter_card":"summary_large_image","twitter_misc":{"Dur\u00e9e de lecture estim\u00e9e":"3 minutes"},"schema":{"@context":"https:\/\/schema.org","@graph":[{"@type":"WebPage","@id":"https:\/\/www.achro.eu\/fr\/achrodal-be.html","url":"https:\/\/www.achro.eu\/fr\/achrodal-be.html","name":"Durcisseur pour dallage b\u00e9ton ext\u00e9rieur, application simple.\u00a0","isPartOf":{"@id":"https:\/\/www.achro.eu\/fr\/#website"},"primaryImageOfPage":{"@id":"https:\/\/www.achro.eu\/fr\/achrodal-be.html#primaryimage"},"image":{"@id":"https:\/\/www.achro.eu\/fr\/achrodal-be.html#primaryimage"},"thumbnailUrl":"https:\/\/www.achro.eu\/fr\/wp-content\/uploads\/2016\/03\/achrodal-be.jpg","datePublished":"2016-03-11T09:27:34+00:00","dateModified":"2025-02-04T15:45:04+00:00","description":"Voici une excellente couche d'usure qui s'applique tr\u00e8s facilement en ext\u00e9rieur pour r\u00e9aliser des dallages b\u00e9ton de qualit\u00e9. Epandage manuel ou m\u00e9canique.","inLanguage":"fr-FR","potentialAction":[{"@type":"ReadAction","target":["https:\/\/www.achro.eu\/fr\/achrodal-be.html"]}]},{"@type":"ImageObject","inLanguage":"fr-FR","@id":"https:\/\/www.achro.eu\/fr\/achrodal-be.html#primaryimage","url":"https:\/\/www.achro.eu\/fr\/wp-content\/uploads\/2016\/03\/achrodal-be.jpg","contentUrl":"https:\/\/www.achro.eu\/fr\/wp-content\/uploads\/2016\/03\/achrodal-be.jpg","width":600,"height":600},{"@type":"WebSite","@id":"https:\/\/www.achro.eu\/fr\/#website","url":"https:\/\/www.achro.eu\/fr\/","name":"","description":"","potentialAction":[{"@type":"SearchAction","target":{"@type":"EntryPoint","urlTemplate":"https:\/\/www.achro.eu\/fr\/?s={search_term_string}"},"query-input":{"@type":"PropertyValueSpecification","valueRequired":true,"valueName":"search_term_string"}}],"inLanguage":"fr-FR"}]}},"_links":{"self":[{"href":"https:\/\/www.achro.eu\/fr\/wp-json\/wp\/v2\/product\/1135"}],"collection":[{"href":"https:\/\/www.achro.eu\/fr\/wp-json\/wp\/v2\/product"}],"about":[{"href":"https:\/\/www.achro.eu\/fr\/wp-json\/wp\/v2\/types\/product"}],"version-history":[{"count":9,"href":"https:\/\/www.achro.eu\/fr\/wp-json\/wp\/v2\/product\/1135\/revisions"}],"predecessor-version":[{"id":4687,"href":"https:\/\/www.achro.eu\/fr\/wp-json\/wp\/v2\/product\/1135\/revisions\/4687"}],"wp:featuredmedia":[{"embeddable":true,"href":"https:\/\/www.achro.eu\/fr\/wp-json\/wp\/v2\/media\/1137"}],"wp:attachment":[{"href":"https:\/\/www.achro.eu\/fr\/wp-json\/wp\/v2\/media?parent=1135"}],"wp:term":[{"taxonomy":"product_cat","embeddable":true,"href":"https:\/\/www.achro.eu\/fr\/wp-json\/wp\/v2\/product_cat?post=1135"},{"taxonomy":"product_tag","embeddable":true,"href":"https:\/\/www.achro.eu\/fr\/wp-json\/wp\/v2\/product_tag?post=1135"}],"curies":[{"name":"wp","href":"https:\/\/api.w.org\/{rel}","templated":true}]}}