{"id":1134,"date":"2016-03-11T10:26:25","date_gmt":"2016-03-11T09:26:25","guid":{"rendered":"http:\/\/www.rcr-production-france.com\/2016\/12-achrochoc.html"},"modified":"2025-02-04T16:48:47","modified_gmt":"2025-02-04T15:48:47","slug":"achroquartz","status":"publish","type":"product","link":"https:\/\/www.achro.eu\/fr\/achroquartz.html","title":{"rendered":"Achroquartz"},"content":{"rendered":"\t\t<div data-elementor-type=\"wp-post\" data-elementor-id=\"1134\" class=\"elementor elementor-1134\">\n\t\t\t\t<div class=\"elementor-element elementor-element-85abd38 e-grid e-con-boxed e-con e-parent\" data-id=\"85abd38\" data-element_type=\"container\">\n\t\t\t\t\t<div class=\"e-con-inner\">\n\t\t\t\t<div class=\"elementor-element elementor-element-64a775b8 elementor-widget elementor-widget-text-editor\" data-id=\"64a775b8\" data-element_type=\"widget\" data-widget_type=\"text-editor.default\">\n\t\t\t\t<div class=\"elementor-widget-container\">\n\t\t\t\t\t\t\t\t\t<h2 style=\"text-align: justify; font-size: 20px; color: #004f9f;\"><span class=\"s1\"><strong>Un durcisseur de surface redoutablement efficace<\/strong> <\/span><\/h2><p class=\"p1\" style=\"text-align: justify;\"><em><strong>Achroquartz<\/strong><\/em> est un durcisseur pr\u00eat \u00e0 emploi, applicable sous forme liquide gr\u00e2ce au liant hydraulique qui assemble les granulats min\u00e9raux. Ces compos\u00e9s de grande duret\u00e9 garantissent aux dallages industrie une excellente r\u00e9sistance \u00e0 l&rsquo;abrasion et \u00e0 la poussi\u00e8re. De plus,\u00a0<em><strong>Achroquartz\u00a0<\/strong><\/em>permet de lisser plus facilement les sols en b\u00e9ton, et est disponible en version ciment PMES sur demande.<\/p><p class=\"p1\" style=\"text-align: justify;\"><em><strong>Achroquartz<\/strong><\/em> est non seulement simple \u00e0 appliquer, mais il peut \u00e9galement \u00eatre utilis\u00e9 par toutes les entreprises souhaitant obtenir un sol lisse et r\u00e9sistant. Ainsi, petites et moyennes soci\u00e9t\u00e9s peuvent faire confiance \u00e0\u00a0<em><strong>Achroquartz<\/strong><\/em> pour faire de leur dallage une surface \u00e0 la fois \u00e9tanche, robuste et durable.<\/p>\t\t\t\t\t\t\t\t<\/div>\n\t\t\t\t<\/div>\n\t\t<div class=\"elementor-element elementor-element-32c7f729 e-con-full e-flex e-con e-child\" data-id=\"32c7f729\" data-element_type=\"container\" data-settings=\"{&quot;background_background&quot;:&quot;classic&quot;}\">\n\t\t\t\t<div class=\"elementor-element elementor-element-4e85fb95 elementor-widget elementor-widget-cs_title\" data-id=\"4e85fb95\" data-element_type=\"widget\" data-widget_type=\"cs_title.default\">\n\t\t\t\t<div class=\"elementor-widget-container\">\n\t\t\t\t\t\n        <div class=\"cs-title-wrap text-center\">\t            <div class=\"cs-subtitle-wrap\"><span class=\"cs-subtitle\">Liens utiles<\/span><\/div>\t            <h4 class=\"cs-title\">\n\t                T\u00e9l\u00e9chargements\t            <\/h4>        <\/div>\t\t\t\t<\/div>\n\t\t\t\t<\/div>\n\t\t\t\t<div class=\"elementor-element elementor-element-22ded4a9 elementor-widget elementor-widget-text-editor\" data-id=\"22ded4a9\" data-element_type=\"widget\" data-widget_type=\"text-editor.default\">\n\t\t\t\t<div class=\"elementor-widget-container\">\n\t\t\t\t\t\t\t\t\t<p style=\"text-align: center;\"><a href=\"http:\/\/www.achro.eu\/fr\/wp-content\/uploads\/2016\/03\/Achroquartz.pdf\" rel=\"\">Fiche technique<br \/><\/a><a href=\"http:\/\/www.achro.eu\/fr\/wp-content\/uploads\/2015\/11\/fds-durcisseurs.pdf\" rel=\"\">Fiche de s\u00e9curit\u00e9<\/a><br \/><a href=\"http:\/\/www.achro.eu\/fr\/wp-content\/uploads\/2016\/03\/cstb-achroquartz.pdf\">Rapport CSTB<\/a><\/p>\t\t\t\t\t\t\t\t<\/div>\n\t\t\t\t<\/div>\n\t\t\t\t<div class=\"elementor-element elementor-element-6a608993 elementor-align-center elementor-widget elementor-widget-cs_button\" data-id=\"6a608993\" data-element_type=\"widget\" data-widget_type=\"cs_button.default\">\n\t\t\t\t<div class=\"elementor-widget-container\">\n\t\t\t\t\t        <a href=\"https:\/\/www.achrodeco.com\/betons-quartzes\/74-achroquartz-lte.html\" class=\"elementor-button-link button\" role=\"button\">\n            <span class=\"cs-btn-text\">Acheter ce produit<\/span>        <\/a>\t\t\t\t<\/div>\n\t\t\t\t<\/div>\n\t\t\t\t<\/div>\n\t\t\t\t\t<\/div>\n\t\t\t\t<\/div>\n\t\t<div class=\"elementor-element elementor-element-90d2bd0 e-flex e-con-boxed e-con e-parent\" data-id=\"90d2bd0\" data-element_type=\"container\">\n\t\t\t\t\t<div class=\"e-con-inner\">\n\t\t\t\t<div class=\"elementor-element elementor-element-b1f6896 elementor-widget elementor-widget-text-editor\" data-id=\"b1f6896\" data-element_type=\"widget\" data-widget_type=\"text-editor.default\">\n\t\t\t\t<div class=\"elementor-widget-container\">\n\t\t\t\t\t\t\t\t\t<p class=\"p1\" style=\"text-align: justify;\">En tant que durcisseur de surface,\u00a0<em><strong>Achroquartz<\/strong><\/em> peut aussi \u00eatre tr\u00e8s utile pour couvrir les sols des bureaux, qui subissent un afflux important de personnes tous les jours. Mais ce produit aura surtout une utilit\u00e9 redoutable pour prot\u00e9ger et durcir les surfaces tr\u00e8s sollicit\u00e9s des parkings.<\/p><p class=\"p1\" style=\"text-align: justify;\">Gr\u00e2ce \u00e0 sa composition simple et de grande qualit\u00e9, ce durcisseur de surface satisfait aux exigences de la norme Europ\u00e9enne EN13813 dans la cat\u00e9gorie \u00ab\u00a0Mat\u00e9riaux pour chapes\u00a0\u00bb. De plus,\u00a0<em><strong>Achroquartz<\/strong><\/em> a obtenu le classement performanciel I.P.R.U. : 1.2.2.2, d\u00e9livr\u00e9 par le CSTB N\u00b0 10-26022883*01. Cette qualification garantie la qualit\u00e9 et la conformit\u00e9 de ce durcisseur de surface.<\/p><p class=\"p1\" style=\"text-align: justify;\">Toutes ces caract\u00e9ristiques techniques ne doivent pas faire oublier que si\u00a0<em><strong>Achroquartz<\/strong><\/em> est un produit avant tout utile, il peut \u00e9galement rendre un sol plus beau. En effet, les dallages industriels sont, dans leur \u00e9crasante majorit\u00e9, d&rsquo;un gris ciment triste et banal. Gr\u00e2ce \u00e0 un nuancier compos\u00e9 de 14 coloris diff\u00e9rents,\u00a0<em><strong>Achroquartz<\/strong><\/em> offre la possibilit\u00e9 de prot\u00e9ger et d&#8217;embellir son sol en une seule et m\u00eame fois.<\/p><h2 style=\"text-align: justify; font-size: 20px; color: #004f9f;\"><strong>Achroquartz, un durcisseur de surface pr\u00eat \u00e0 emploi et simple \u00e0 utiliser<\/strong><\/h2><p class=\"p1\" style=\"text-align: justify;\"><span style=\"line-height: 1.5;\">L&rsquo;utilisation d\u2019<em><strong>Achroquartz<\/strong><\/em> est simple et accessible \u00e0 tous.\u00a0Pour profiter de la r\u00e9sistance exceptionnelle offerte par ce durcisseur de surface hors-norme, il suffit de r\u00e9aliser son \u00e9pandage. Ce dernier peut \u00eatre effectu\u00e9 soit manuellement, soit m\u00e9caniquement.<br \/><\/span><span style=\"line-height: 1.5;\"><br \/>Premi\u00e8rement, il convient de d\u00e9terminer l&rsquo;\u00e9paisseur du dallage sur lequel sera appliqu\u00e9\u00a0<em><strong><a href=\"https:\/\/www.achrodeco.com\/betons-quartzes\/74-achroquartz-lte.html\">Achroquartz<\/a><\/strong><\/em> en fonction de la nature du sol et des charges qu&rsquo;il est destin\u00e9 \u00e0 supporter. Ainsi, on coulera une chape plus \u00e9paisse s&rsquo;il s&rsquo;agit du dallage d&rsquo;un entrep\u00f4t de marchandises que s&rsquo;il s&rsquo;agit du sol d&rsquo;un bureau, le premier \u00e9tant par d\u00e9finition soumis au poids et au trafic de nombreuses machines. <\/span><\/p><p class=\"p1\" style=\"text-align: justify;\"><span style=\"line-height: 1.5;\">Une fois son \u00e9paisseur calcul\u00e9e, la chape peut \u00eatre coul\u00e9e. Pour optimiser la qualit\u00e9 du b\u00e9ton, on peut y ajouter des <a href=\"http:\/\/www.achro.eu\/fr\/categorie-produit\/additifs\">fluidifiants<\/a> tout en veillant \u00e0 ce que sa teneur en air occlus soit inf\u00e9rieure \u00e0 3%. De plus, afin d&rsquo;am\u00e9liorer la mise en place du coulage, il est recommand\u00e9 d&rsquo;utiliser un Laser Screed afin d&rsquo;\u00e9viter les erreurs, notamment pour les surfaces importantes.<\/span><\/p><p class=\"p1\" style=\"text-align: justify;\"><span style=\"line-height: 1.5;\"><em><strong>Achroquartz<\/strong><\/em> peut alors \u00eatre \u00e9pandu par saupoudrage, en deux fois si celui-ci est fait manuellement ou en une seule passe si on opte pour l&rsquo;option m\u00e9canique. Une fois sec, il suffira d&rsquo;attendre quelques jours pour pouvoir b\u00e9n\u00e9ficier d&rsquo;un sol \u00e0 la r\u00e9sistance exceptionnelle qui n&rsquo;aura rien \u00e0 envier \u00e0 celle du quartz !<\/span><\/p>\t\t\t\t\t\t\t\t<\/div>\n\t\t\t\t<\/div>\n\t\t\t\t\t<\/div>\n\t\t\t\t<\/div>\n\t\t\t\t<\/div>\n\t\t","protected":false},"excerpt":{"rendered":"<p style=\"text-align: justify;\">Durcisseur de surface destin\u00e9 aux sols industriels, <a href=\"https:\/\/www.achrodeco.com\/betons-quartzes\/74-10178-achroquartz-lte.html\">Achroquartz<\/a> est un produit compos\u00e9 de granulats min\u00e9raux offrant une r\u00e9sistance exceptionnelle aux surfaces sur lequel il est appliqu\u00e9.<\/p>\n<p style=\"text-align: justify;\">\n","protected":false},"featured_media":1138,"template":"","meta":[],"product_cat":[54],"product_tag":[],"class_list":{"0":"post-1134","1":"product","2":"type-product","3":"status-publish","4":"has-post-thumbnail","6":"product_cat-durcisseurs","8":"first","9":"instock","10":"featured","11":"shipping-taxable","12":"product-type-simple"},"yoast_head":"<!-- This site is optimized with the Yoast SEO plugin v24.3 - https:\/\/yoast.com\/wordpress\/plugins\/seo\/ -->\n<title>Durcisseur b\u00e9ton pour sol industriel, \u00e9pandage facile, resistance<\/title>\n<meta name=\"description\" content=\"Couche d&#039;usure \u00e9pandage facile manuel ou m\u00e9canique pour r\u00e9alisation de sol industriel haute performance. De nombreux coloris.\" \/>\n<meta name=\"robots\" content=\"index, follow, max-snippet:-1, max-image-preview:large, max-video-preview:-1\" \/>\n<link rel=\"canonical\" href=\"https:\/\/www.achro.eu\/fr\/achroquartz.html\" \/>\n<meta property=\"og:locale\" content=\"fr_FR\" \/>\n<meta property=\"og:type\" content=\"article\" \/>\n<meta property=\"og:title\" content=\"Durcisseur b\u00e9ton pour sol industriel, \u00e9pandage facile, resistance\" \/>\n<meta property=\"og:description\" content=\"Couche d&#039;usure \u00e9pandage facile manuel ou m\u00e9canique pour r\u00e9alisation de sol industriel haute performance. De nombreux coloris.\" \/>\n<meta property=\"og:url\" content=\"https:\/\/www.achro.eu\/fr\/achroquartz.html\" \/>\n<meta property=\"article:modified_time\" content=\"2025-02-04T15:48:47+00:00\" \/>\n<meta property=\"og:image\" content=\"https:\/\/www.achro.eu\/fr\/wp-content\/uploads\/2016\/03\/achroquartz.jpg\" \/>\n\t<meta property=\"og:image:width\" content=\"600\" \/>\n\t<meta property=\"og:image:height\" content=\"600\" \/>\n\t<meta property=\"og:image:type\" content=\"image\/jpeg\" \/>\n<meta name=\"twitter:card\" content=\"summary_large_image\" \/>\n<meta name=\"twitter:label1\" content=\"Dur\u00e9e de lecture estim\u00e9e\" \/>\n\t<meta name=\"twitter:data1\" content=\"3 minutes\" \/>\n<script type=\"application\/ld+json\" class=\"yoast-schema-graph\">{\"@context\":\"https:\/\/schema.org\",\"@graph\":[{\"@type\":\"WebPage\",\"@id\":\"https:\/\/www.achro.eu\/fr\/achroquartz.html\",\"url\":\"https:\/\/www.achro.eu\/fr\/achroquartz.html\",\"name\":\"Durcisseur b\u00e9ton pour sol industriel, \u00e9pandage facile, resistance\",\"isPartOf\":{\"@id\":\"https:\/\/www.achro.eu\/fr\/#website\"},\"primaryImageOfPage\":{\"@id\":\"https:\/\/www.achro.eu\/fr\/achroquartz.html#primaryimage\"},\"image\":{\"@id\":\"https:\/\/www.achro.eu\/fr\/achroquartz.html#primaryimage\"},\"thumbnailUrl\":\"https:\/\/www.achro.eu\/fr\/wp-content\/uploads\/2016\/03\/achroquartz.jpg\",\"datePublished\":\"2016-03-11T09:26:25+00:00\",\"dateModified\":\"2025-02-04T15:48:47+00:00\",\"description\":\"Couche d'usure \u00e9pandage facile manuel ou m\u00e9canique pour r\u00e9alisation de sol industriel haute performance. De nombreux coloris.\",\"inLanguage\":\"fr-FR\",\"potentialAction\":[{\"@type\":\"ReadAction\",\"target\":[\"https:\/\/www.achro.eu\/fr\/achroquartz.html\"]}]},{\"@type\":\"ImageObject\",\"inLanguage\":\"fr-FR\",\"@id\":\"https:\/\/www.achro.eu\/fr\/achroquartz.html#primaryimage\",\"url\":\"https:\/\/www.achro.eu\/fr\/wp-content\/uploads\/2016\/03\/achroquartz.jpg\",\"contentUrl\":\"https:\/\/www.achro.eu\/fr\/wp-content\/uploads\/2016\/03\/achroquartz.jpg\",\"width\":600,\"height\":600},{\"@type\":\"WebSite\",\"@id\":\"https:\/\/www.achro.eu\/fr\/#website\",\"url\":\"https:\/\/www.achro.eu\/fr\/\",\"name\":\"\",\"description\":\"\",\"potentialAction\":[{\"@type\":\"SearchAction\",\"target\":{\"@type\":\"EntryPoint\",\"urlTemplate\":\"https:\/\/www.achro.eu\/fr\/?s={search_term_string}\"},\"query-input\":{\"@type\":\"PropertyValueSpecification\",\"valueRequired\":true,\"valueName\":\"search_term_string\"}}],\"inLanguage\":\"fr-FR\"}]}<\/script>\n<!-- \/ Yoast SEO plugin. -->","yoast_head_json":{"title":"Durcisseur b\u00e9ton pour sol industriel, \u00e9pandage facile, resistance","description":"Couche d'usure \u00e9pandage facile manuel ou m\u00e9canique pour r\u00e9alisation de sol industriel haute performance. De nombreux coloris.","robots":{"index":"index","follow":"follow","max-snippet":"max-snippet:-1","max-image-preview":"max-image-preview:large","max-video-preview":"max-video-preview:-1"},"canonical":"https:\/\/www.achro.eu\/fr\/achroquartz.html","og_locale":"fr_FR","og_type":"article","og_title":"Durcisseur b\u00e9ton pour sol industriel, \u00e9pandage facile, resistance","og_description":"Couche d'usure \u00e9pandage facile manuel ou m\u00e9canique pour r\u00e9alisation de sol industriel haute performance. De nombreux coloris.","og_url":"https:\/\/www.achro.eu\/fr\/achroquartz.html","article_modified_time":"2025-02-04T15:48:47+00:00","og_image":[{"width":600,"height":600,"url":"https:\/\/www.achro.eu\/fr\/wp-content\/uploads\/2016\/03\/achroquartz.jpg","type":"image\/jpeg"}],"twitter_card":"summary_large_image","twitter_misc":{"Dur\u00e9e de lecture estim\u00e9e":"3 minutes"},"schema":{"@context":"https:\/\/schema.org","@graph":[{"@type":"WebPage","@id":"https:\/\/www.achro.eu\/fr\/achroquartz.html","url":"https:\/\/www.achro.eu\/fr\/achroquartz.html","name":"Durcisseur b\u00e9ton pour sol industriel, \u00e9pandage facile, resistance","isPartOf":{"@id":"https:\/\/www.achro.eu\/fr\/#website"},"primaryImageOfPage":{"@id":"https:\/\/www.achro.eu\/fr\/achroquartz.html#primaryimage"},"image":{"@id":"https:\/\/www.achro.eu\/fr\/achroquartz.html#primaryimage"},"thumbnailUrl":"https:\/\/www.achro.eu\/fr\/wp-content\/uploads\/2016\/03\/achroquartz.jpg","datePublished":"2016-03-11T09:26:25+00:00","dateModified":"2025-02-04T15:48:47+00:00","description":"Couche d'usure \u00e9pandage facile manuel ou m\u00e9canique pour r\u00e9alisation de sol industriel haute performance. De nombreux coloris.","inLanguage":"fr-FR","potentialAction":[{"@type":"ReadAction","target":["https:\/\/www.achro.eu\/fr\/achroquartz.html"]}]},{"@type":"ImageObject","inLanguage":"fr-FR","@id":"https:\/\/www.achro.eu\/fr\/achroquartz.html#primaryimage","url":"https:\/\/www.achro.eu\/fr\/wp-content\/uploads\/2016\/03\/achroquartz.jpg","contentUrl":"https:\/\/www.achro.eu\/fr\/wp-content\/uploads\/2016\/03\/achroquartz.jpg","width":600,"height":600},{"@type":"WebSite","@id":"https:\/\/www.achro.eu\/fr\/#website","url":"https:\/\/www.achro.eu\/fr\/","name":"","description":"","potentialAction":[{"@type":"SearchAction","target":{"@type":"EntryPoint","urlTemplate":"https:\/\/www.achro.eu\/fr\/?s={search_term_string}"},"query-input":{"@type":"PropertyValueSpecification","valueRequired":true,"valueName":"search_term_string"}}],"inLanguage":"fr-FR"}]}},"_links":{"self":[{"href":"https:\/\/www.achro.eu\/fr\/wp-json\/wp\/v2\/product\/1134"}],"collection":[{"href":"https:\/\/www.achro.eu\/fr\/wp-json\/wp\/v2\/product"}],"about":[{"href":"https:\/\/www.achro.eu\/fr\/wp-json\/wp\/v2\/types\/product"}],"version-history":[{"count":7,"href":"https:\/\/www.achro.eu\/fr\/wp-json\/wp\/v2\/product\/1134\/revisions"}],"predecessor-version":[{"id":4694,"href":"https:\/\/www.achro.eu\/fr\/wp-json\/wp\/v2\/product\/1134\/revisions\/4694"}],"wp:featuredmedia":[{"embeddable":true,"href":"https:\/\/www.achro.eu\/fr\/wp-json\/wp\/v2\/media\/1138"}],"wp:attachment":[{"href":"https:\/\/www.achro.eu\/fr\/wp-json\/wp\/v2\/media?parent=1134"}],"wp:term":[{"taxonomy":"product_cat","embeddable":true,"href":"https:\/\/www.achro.eu\/fr\/wp-json\/wp\/v2\/product_cat?post=1134"},{"taxonomy":"product_tag","embeddable":true,"href":"https:\/\/www.achro.eu\/fr\/wp-json\/wp\/v2\/product_tag?post=1134"}],"curies":[{"name":"wp","href":"https:\/\/api.w.org\/{rel}","templated":true}]}}