{"id":1133,"date":"2016-03-11T10:09:14","date_gmt":"2016-03-11T09:09:14","guid":{"rendered":"http:\/\/www.rcr-production-france.com\/2016\/12-achrochoc.html"},"modified":"2025-02-04T16:56:27","modified_gmt":"2025-02-04T15:56:27","slug":"achrochoc-fe","status":"publish","type":"product","link":"https:\/\/www.achro.eu\/fr\/achrochoc-fe.html","title":{"rendered":"Achrochoc FE"},"content":{"rendered":"\t\t<div data-elementor-type=\"wp-post\" data-elementor-id=\"1133\" class=\"elementor elementor-1133\">\n\t\t\t\t<div class=\"elementor-element elementor-element-24357823 e-grid e-con-boxed e-con e-parent\" data-id=\"24357823\" data-element_type=\"container\">\n\t\t\t\t\t<div class=\"e-con-inner\">\n\t\t\t\t<div class=\"elementor-element elementor-element-6c45919c elementor-widget elementor-widget-text-editor\" data-id=\"6c45919c\" data-element_type=\"widget\" data-widget_type=\"text-editor.default\">\n\t\t\t\t<div class=\"elementor-widget-container\">\n\t\t\t\t\t\t\t\t\t<p><span style=\"color: #000000;\">Ce durcisseur de surface industrielle s\u2019applique sous la forme d\u2019une couche d\u2019usure m\u00e9tallique sur les surfaces subissant un trafic intense et des charges lourdes.\u00a0<\/span><\/p><p><span style=\"color: #000000;\">Cette r\u00e9sistance exceptionnelle est le r\u00e9sultat d\u2019un m\u00e9lange subtil compos\u00e9 de granulats m\u00e9talliques, d\u2019un liant hydraulique et d\u2019additifs r\u00e9actifs.<\/span><\/p>\t\t\t\t\t\t\t\t<\/div>\n\t\t\t\t<\/div>\n\t\t<div class=\"elementor-element elementor-element-6a71be04 e-con-full e-flex e-con e-child\" data-id=\"6a71be04\" data-element_type=\"container\" data-settings=\"{&quot;background_background&quot;:&quot;classic&quot;}\">\n\t\t\t\t<div class=\"elementor-element elementor-element-45e1f7a3 elementor-widget elementor-widget-cs_title\" data-id=\"45e1f7a3\" data-element_type=\"widget\" data-widget_type=\"cs_title.default\">\n\t\t\t\t<div class=\"elementor-widget-container\">\n\t\t\t\t\t\n        <div class=\"cs-title-wrap text-center\">\t            <div class=\"cs-subtitle-wrap\"><span class=\"cs-subtitle\">Liens utiles<\/span><\/div>\t            <h4 class=\"cs-title\">\n\t                T\u00e9l\u00e9chargements\t            <\/h4>        <\/div>\t\t\t\t<\/div>\n\t\t\t\t<\/div>\n\t\t\t\t<div class=\"elementor-element elementor-element-6e0a5ad elementor-widget elementor-widget-text-editor\" data-id=\"6e0a5ad\" data-element_type=\"widget\" data-widget_type=\"text-editor.default\">\n\t\t\t\t<div class=\"elementor-widget-container\">\n\t\t\t\t\t\t\t\t\t<p style=\"text-align: center;\"><a href=\"http:\/\/www.achro.eu\/fr\/wp-content\/uploads\/2016\/03\/Achrochoc-FE.pdf\" rel=\"\">Fiche technique<br \/><\/a><a href=\"http:\/\/www.achro.eu\/fr\/wp-content\/uploads\/2016\/03\/fds-achrochoc-sc.pdf\" rel=\"\">Fiche de s\u00e9curit\u00e9<\/a><br \/><a href=\"http:\/\/www.achro.eu\/fr\/wp-content\/uploads\/2016\/03\/cstb-achrochoc-fe.pdf\">Rapport CSTB<\/a><\/p><p>\u00a0<\/p>\t\t\t\t\t\t\t\t<\/div>\n\t\t\t\t<\/div>\n\t\t\t\t<\/div>\n\t\t\t\t\t<\/div>\n\t\t\t\t<\/div>\n\t\t<div class=\"elementor-element elementor-element-e88bcef e-flex e-con-boxed e-con e-parent\" data-id=\"e88bcef\" data-element_type=\"container\">\n\t\t\t\t\t<div class=\"e-con-inner\">\n\t\t\t\t<div class=\"elementor-element elementor-element-a78fbff elementor-widget elementor-widget-text-editor\" data-id=\"a78fbff\" data-element_type=\"widget\" data-widget_type=\"text-editor.default\">\n\t\t\t\t<div class=\"elementor-widget-container\">\n\t\t\t\t\t\t\t\t\t<h2>Des propri\u00e9t\u00e9s exceptionnelles et nombreuses<\/h2><p><span style=\"color: #000000;\"><em><strong>Achrochoc FE<\/strong><\/em> poss\u00e8de de nombreuses propri\u00e9t\u00e9s qui en font un produit non seulement polyvalent, mais \u00e9galement applicable \u00e0 de nombreux types de sols diff\u00e9rents. En effet,\u00a0<em><strong>Achrochoc FE<\/strong><\/em>\u00a0ne garantit pas seulement une excellente r\u00e9sistance \u00e0 l\u2019usure, \u00e0 l\u2019abrasion et aux chocs. Il pr\u00e9vient \u00e9galement toute d\u00e9t\u00e9rioration en \u00e9tant insensible aux huiles et aux hydrocarbures qui pourraient s\u2019y d\u00e9verser.<\/span><\/p><p><span style=\"color: #000000;\">De plus,\u00a0<em><strong>Achrochoc FE<\/strong><\/em>\u00a0r\u00e9siste avec succ\u00e8s \u00e0 l\u2019\u00e9preuve du temps, puisqu\u2019il ne rouille pas malgr\u00e9 sa composition principalement m\u00e9tallique.<\/span><\/p><p><span style=\"color: #000000;\">La polyvalence de ce durcisseur m\u00e9tallique lui permet de couvrir de nombreux domaines d\u2019application.\u00a0<em><strong>Achrochoc FE<\/strong><\/em>\u00a0est particuli\u00e8rement utile pour prot\u00e9ger les sols des terminaux de transport et des entrep\u00f4ts de stockage, puisqu\u2019ils doivent par nature supporter de nombreuses charges et un trafic intense de machines. Mais les ateliers de fonderie et de m\u00e9tallurgie peuvent \u00e9galement utiliser\u00a0<em><strong>Achrochoc FE<\/strong><\/em>\u00a0pour prot\u00e9ger leur sol des projections et des chocs dus \u00e0 leur activit\u00e9. De plus, les c\u00e2bleries, les industries lourdes et automobiles sont des lieux o\u00f9 ce durcussieur m\u00e9tallique aura une r\u00e9elle utilit\u00e9.<\/span><\/p><h2>Un produit efficace, beau et simple \u00e0 utiliser<\/h2><p><span style=\"color: #000000;\">Mais si\u00a0<strong><em>Achrochoc FE<\/em><\/strong>\u00a0est efficace, il permet \u00e9galement d\u2019offrir un nouveau aspect visuel \u00e0 des surfaces g\u00e9n\u00e9ralement monotones. Disponible dans sa version standard de teinte naturelle \u00ab\u00a0gris ciment\u00a0\u00bb, ce durcisseur existe en 7 autres coloris, qui permettent ainsi d\u2019allier la r\u00e9sistance du sol \u00e0 l\u2019\u00e9l\u00e9gance de sa couleur. Prot\u00e9ger le sol d\u2019un entrep\u00f4t n\u2019emp\u00eache pas de l\u2019\u00e9gayer.<\/span><br \/><span style=\"color: #000000;\">L\u2019application d\u2019<em><strong>Achrochoc FE<\/strong><\/em>\u00a0est d\u2019une simplicit\u00e9 confondante.<\/span><\/p><p><span style=\"color: #000000;\">Une fois coul\u00e9 le b\u00e9ton, une couche du produit sera appliqu\u00e9e sur le dallage, dont on aura d\u00e9cid\u00e9 de l\u2019\u00e9paisseur en fonction de l\u2019importance des charges qui s\u2019y concentreront. Le durcisseur sera m\u00eal\u00e9 au b\u00e9ton afin de garantir une p\u00e9n\u00e9tration optimale du produit \u00e0 sa surface.<\/span><\/p><p><span style=\"color: #000000;\">Pour utiliser\u00a0<strong><em>Achrochoc FE<\/em><\/strong>, il suffit de r\u00e9aliser son \u00e9pandage de fa\u00e7on manuelle ou m\u00e9canique. Si on choisit de r\u00e9partir de fa\u00e7on homog\u00e8ne ce durcisseur manuellement, il convient de le faire en 2 fois, dans des proportions allant de 4 \u00e0 5.5 kg par m2 lors d\u2019une premi\u00e8re passe et de 2 \u00e0 2,5 kg par m2 lors de la seconde. L\u2019\u00e9pandage m\u00e9canique ne n\u00e9cessite quant \u00e0 lui qu\u2019une seule application \u00e0 raison de 6 \u00e0 10 kg de produit par m2.<\/span><\/p><p><span style=\"color: #000000;\">Dans tous les cas, il convient de respecter un d\u00e9lai de 7 \u00e0 28 jours entre l\u2019application du durcisseur et la mise en service du sol, afin d\u2019optimiser son efficacit\u00e9.<\/span><\/p>\t\t\t\t\t\t\t\t<\/div>\n\t\t\t\t<\/div>\n\t\t\t\t\t<\/div>\n\t\t\t\t<\/div>\n\t\t\t\t<\/div>\n\t\t","protected":false},"excerpt":{"rendered":"<p style=\"text-align: justify;\"><span style=\"color: #000000;\"><em><strong>Achrochoc FE<\/strong><\/em> est un produit destin\u00e9 \u00e0 am\u00e9liorer la tenue et la durabilit\u00e9 des sols industriels soumis \u00e0 de forts trafics et \u00e0 des sollicitations importantes. <\/span><\/p>\n<p style=\"text-align: justify;\"><span style=\"color: #000000;\">Compos\u00e9 de granulats m\u00e9talliques qui en assurent l&#039;efficacit\u00e9, <em><strong>Achrochoc FE<\/strong><\/em> constitue un blindage r\u00e9sistant contre tous les types de chocs.<\/span><\/p>\n","protected":false},"featured_media":1113,"template":"","meta":[],"product_cat":[54],"product_tag":[],"class_list":{"0":"post-1133","1":"product","2":"type-product","3":"status-publish","4":"has-post-thumbnail","6":"product_cat-durcisseurs","8":"first","9":"instock","10":"featured","11":"shipping-taxable","12":"product-type-simple"},"yoast_head":"<!-- This site is optimized with the Yoast SEO plugin v24.3 - https:\/\/yoast.com\/wordpress\/plugins\/seo\/ -->\n<title>Couche d&#039;usure b\u00e9ton pour sol industriel, tr\u00e8s r\u00e9sistante et color\u00e9<\/title>\n<meta name=\"description\" content=\"Excellent produit pour prot\u00e9ger la surface de vos dallages contre les trafics intenses de machines. Facile \u00e0 mettre en place l&#039;Achrochoc FE est color\u00e9.\" \/>\n<meta name=\"robots\" content=\"index, follow, max-snippet:-1, max-image-preview:large, max-video-preview:-1\" \/>\n<link rel=\"canonical\" href=\"https:\/\/www.achro.eu\/fr\/achrochoc-fe.html\" \/>\n<meta property=\"og:locale\" content=\"fr_FR\" \/>\n<meta property=\"og:type\" content=\"article\" \/>\n<meta property=\"og:title\" content=\"Couche d&#039;usure b\u00e9ton pour sol industriel, tr\u00e8s r\u00e9sistante et color\u00e9\" \/>\n<meta property=\"og:description\" content=\"Excellent produit pour prot\u00e9ger la surface de vos dallages contre les trafics intenses de machines. Facile \u00e0 mettre en place l&#039;Achrochoc FE est color\u00e9.\" \/>\n<meta property=\"og:url\" content=\"https:\/\/www.achro.eu\/fr\/achrochoc-fe.html\" \/>\n<meta property=\"article:modified_time\" content=\"2025-02-04T15:56:27+00:00\" \/>\n<meta property=\"og:image\" content=\"https:\/\/www.achro.eu\/fr\/wp-content\/uploads\/2016\/03\/achrochoc.jpg\" \/>\n\t<meta property=\"og:image:width\" content=\"600\" \/>\n\t<meta property=\"og:image:height\" content=\"600\" \/>\n\t<meta property=\"og:image:type\" content=\"image\/jpeg\" \/>\n<meta name=\"twitter:card\" content=\"summary_large_image\" \/>\n<meta name=\"twitter:label1\" content=\"Dur\u00e9e de lecture estim\u00e9e\" \/>\n\t<meta name=\"twitter:data1\" content=\"3 minutes\" \/>\n<script type=\"application\/ld+json\" class=\"yoast-schema-graph\">{\"@context\":\"https:\/\/schema.org\",\"@graph\":[{\"@type\":\"WebPage\",\"@id\":\"https:\/\/www.achro.eu\/fr\/achrochoc-fe.html\",\"url\":\"https:\/\/www.achro.eu\/fr\/achrochoc-fe.html\",\"name\":\"Couche d'usure b\u00e9ton pour sol industriel, tr\u00e8s r\u00e9sistante et color\u00e9\",\"isPartOf\":{\"@id\":\"https:\/\/www.achro.eu\/fr\/#website\"},\"primaryImageOfPage\":{\"@id\":\"https:\/\/www.achro.eu\/fr\/achrochoc-fe.html#primaryimage\"},\"image\":{\"@id\":\"https:\/\/www.achro.eu\/fr\/achrochoc-fe.html#primaryimage\"},\"thumbnailUrl\":\"https:\/\/www.achro.eu\/fr\/wp-content\/uploads\/2016\/03\/achrochoc.jpg\",\"datePublished\":\"2016-03-11T09:09:14+00:00\",\"dateModified\":\"2025-02-04T15:56:27+00:00\",\"description\":\"Excellent produit pour prot\u00e9ger la surface de vos dallages contre les trafics intenses de machines. Facile \u00e0 mettre en place l'Achrochoc FE est color\u00e9.\",\"inLanguage\":\"fr-FR\",\"potentialAction\":[{\"@type\":\"ReadAction\",\"target\":[\"https:\/\/www.achro.eu\/fr\/achrochoc-fe.html\"]}]},{\"@type\":\"ImageObject\",\"inLanguage\":\"fr-FR\",\"@id\":\"https:\/\/www.achro.eu\/fr\/achrochoc-fe.html#primaryimage\",\"url\":\"https:\/\/www.achro.eu\/fr\/wp-content\/uploads\/2016\/03\/achrochoc.jpg\",\"contentUrl\":\"https:\/\/www.achro.eu\/fr\/wp-content\/uploads\/2016\/03\/achrochoc.jpg\",\"width\":600,\"height\":600},{\"@type\":\"WebSite\",\"@id\":\"https:\/\/www.achro.eu\/fr\/#website\",\"url\":\"https:\/\/www.achro.eu\/fr\/\",\"name\":\"\",\"description\":\"\",\"potentialAction\":[{\"@type\":\"SearchAction\",\"target\":{\"@type\":\"EntryPoint\",\"urlTemplate\":\"https:\/\/www.achro.eu\/fr\/?s={search_term_string}\"},\"query-input\":{\"@type\":\"PropertyValueSpecification\",\"valueRequired\":true,\"valueName\":\"search_term_string\"}}],\"inLanguage\":\"fr-FR\"}]}<\/script>\n<!-- \/ Yoast SEO plugin. -->","yoast_head_json":{"title":"Couche d'usure b\u00e9ton pour sol industriel, tr\u00e8s r\u00e9sistante et color\u00e9","description":"Excellent produit pour prot\u00e9ger la surface de vos dallages contre les trafics intenses de machines. Facile \u00e0 mettre en place l'Achrochoc FE est color\u00e9.","robots":{"index":"index","follow":"follow","max-snippet":"max-snippet:-1","max-image-preview":"max-image-preview:large","max-video-preview":"max-video-preview:-1"},"canonical":"https:\/\/www.achro.eu\/fr\/achrochoc-fe.html","og_locale":"fr_FR","og_type":"article","og_title":"Couche d'usure b\u00e9ton pour sol industriel, tr\u00e8s r\u00e9sistante et color\u00e9","og_description":"Excellent produit pour prot\u00e9ger la surface de vos dallages contre les trafics intenses de machines. Facile \u00e0 mettre en place l'Achrochoc FE est color\u00e9.","og_url":"https:\/\/www.achro.eu\/fr\/achrochoc-fe.html","article_modified_time":"2025-02-04T15:56:27+00:00","og_image":[{"width":600,"height":600,"url":"https:\/\/www.achro.eu\/fr\/wp-content\/uploads\/2016\/03\/achrochoc.jpg","type":"image\/jpeg"}],"twitter_card":"summary_large_image","twitter_misc":{"Dur\u00e9e de lecture estim\u00e9e":"3 minutes"},"schema":{"@context":"https:\/\/schema.org","@graph":[{"@type":"WebPage","@id":"https:\/\/www.achro.eu\/fr\/achrochoc-fe.html","url":"https:\/\/www.achro.eu\/fr\/achrochoc-fe.html","name":"Couche d'usure b\u00e9ton pour sol industriel, tr\u00e8s r\u00e9sistante et color\u00e9","isPartOf":{"@id":"https:\/\/www.achro.eu\/fr\/#website"},"primaryImageOfPage":{"@id":"https:\/\/www.achro.eu\/fr\/achrochoc-fe.html#primaryimage"},"image":{"@id":"https:\/\/www.achro.eu\/fr\/achrochoc-fe.html#primaryimage"},"thumbnailUrl":"https:\/\/www.achro.eu\/fr\/wp-content\/uploads\/2016\/03\/achrochoc.jpg","datePublished":"2016-03-11T09:09:14+00:00","dateModified":"2025-02-04T15:56:27+00:00","description":"Excellent produit pour prot\u00e9ger la surface de vos dallages contre les trafics intenses de machines. Facile \u00e0 mettre en place l'Achrochoc FE est color\u00e9.","inLanguage":"fr-FR","potentialAction":[{"@type":"ReadAction","target":["https:\/\/www.achro.eu\/fr\/achrochoc-fe.html"]}]},{"@type":"ImageObject","inLanguage":"fr-FR","@id":"https:\/\/www.achro.eu\/fr\/achrochoc-fe.html#primaryimage","url":"https:\/\/www.achro.eu\/fr\/wp-content\/uploads\/2016\/03\/achrochoc.jpg","contentUrl":"https:\/\/www.achro.eu\/fr\/wp-content\/uploads\/2016\/03\/achrochoc.jpg","width":600,"height":600},{"@type":"WebSite","@id":"https:\/\/www.achro.eu\/fr\/#website","url":"https:\/\/www.achro.eu\/fr\/","name":"","description":"","potentialAction":[{"@type":"SearchAction","target":{"@type":"EntryPoint","urlTemplate":"https:\/\/www.achro.eu\/fr\/?s={search_term_string}"},"query-input":{"@type":"PropertyValueSpecification","valueRequired":true,"valueName":"search_term_string"}}],"inLanguage":"fr-FR"}]}},"_links":{"self":[{"href":"https:\/\/www.achro.eu\/fr\/wp-json\/wp\/v2\/product\/1133"}],"collection":[{"href":"https:\/\/www.achro.eu\/fr\/wp-json\/wp\/v2\/product"}],"about":[{"href":"https:\/\/www.achro.eu\/fr\/wp-json\/wp\/v2\/types\/product"}],"version-history":[{"count":6,"href":"https:\/\/www.achro.eu\/fr\/wp-json\/wp\/v2\/product\/1133\/revisions"}],"predecessor-version":[{"id":4701,"href":"https:\/\/www.achro.eu\/fr\/wp-json\/wp\/v2\/product\/1133\/revisions\/4701"}],"wp:featuredmedia":[{"embeddable":true,"href":"https:\/\/www.achro.eu\/fr\/wp-json\/wp\/v2\/media\/1113"}],"wp:attachment":[{"href":"https:\/\/www.achro.eu\/fr\/wp-json\/wp\/v2\/media?parent=1133"}],"wp:term":[{"taxonomy":"product_cat","embeddable":true,"href":"https:\/\/www.achro.eu\/fr\/wp-json\/wp\/v2\/product_cat?post=1133"},{"taxonomy":"product_tag","embeddable":true,"href":"https:\/\/www.achro.eu\/fr\/wp-json\/wp\/v2\/product_tag?post=1133"}],"curies":[{"name":"wp","href":"https:\/\/api.w.org\/{rel}","templated":true}]}}