{"id":1117,"date":"2016-03-10T10:15:46","date_gmt":"2016-03-10T09:15:46","guid":{"rendered":"http:\/\/www.rcr-production-france.com\/2016\/12-achrochoc.html"},"modified":"2025-02-04T16:58:13","modified_gmt":"2025-02-04T15:58:13","slug":"achrochape","status":"publish","type":"product","link":"https:\/\/www.achro.eu\/fr\/achrochape.html","title":{"rendered":"Achrochape"},"content":{"rendered":"\t\t<div data-elementor-type=\"wp-post\" data-elementor-id=\"1117\" class=\"elementor elementor-1117\">\n\t\t\t\t<div class=\"elementor-element elementor-element-1a66740f e-flex e-con-boxed e-con e-parent\" data-id=\"1a66740f\" data-element_type=\"container\">\n\t\t\t\t\t<div class=\"e-con-inner\">\n\t\t\t\t\t<\/div>\n\t\t\t\t<\/div>\n\t\t<div class=\"elementor-element elementor-element-296d1539 e-grid e-con-boxed e-con e-parent\" data-id=\"296d1539\" data-element_type=\"container\">\n\t\t\t\t\t<div class=\"e-con-inner\">\n\t\t\t\t<div class=\"elementor-element elementor-element-44fd5cc0 elementor-widget elementor-widget-text-editor\" data-id=\"44fd5cc0\" data-element_type=\"widget\" data-widget_type=\"text-editor.default\">\n\t\t\t\t<div class=\"elementor-widget-container\">\n\t\t\t\t\t\t\t\t\t<h2 style=\"text-align: justify; font-size: 20px; color: #004f9f;\"><b>Achrochape, un durcisseur contre l&rsquo;abrasion et le roulage intenses<\/b><\/h2><p class=\"p1\" style=\"text-align: justify; color: #000 !important;\">Offrant une excellente <strong>r\u00e9sistance<\/strong> au roulage et d&rsquo;abrasion intenses,\u00a0<em><strong>Achrochape<\/strong><\/em> pr\u00e9sente l&rsquo;int\u00e9r\u00eat d&rsquo;\u00eatre un rev\u00eatement anti-statique, caract\u00e9ristique bien utile dans de nombreuses industries. Enfin, il est possible de se procurer une version Ciment PMES sur demande.<\/p>\t\t\t\t\t\t\t\t<\/div>\n\t\t\t\t<\/div>\n\t\t<div class=\"elementor-element elementor-element-707e62ec e-con-full e-flex e-con e-child\" data-id=\"707e62ec\" data-element_type=\"container\" data-settings=\"{&quot;background_background&quot;:&quot;classic&quot;}\">\n\t\t\t\t<div class=\"elementor-element elementor-element-510a1fb7 elementor-widget elementor-widget-cs_title\" data-id=\"510a1fb7\" data-element_type=\"widget\" data-widget_type=\"cs_title.default\">\n\t\t\t\t<div class=\"elementor-widget-container\">\n\t\t\t\t\t\n        <div class=\"cs-title-wrap text-center\">\t            <div class=\"cs-subtitle-wrap\"><span class=\"cs-subtitle\">liens utiles<\/span><\/div>\t            <h4 class=\"cs-title\">\n\t                T\u00e9l\u00e9chargements\t            <\/h4>        <\/div>\t\t\t\t<\/div>\n\t\t\t\t<\/div>\n\t\t\t\t<div class=\"elementor-element elementor-element-ad0a03f elementor-widget elementor-widget-text-editor\" data-id=\"ad0a03f\" data-element_type=\"widget\" data-widget_type=\"text-editor.default\">\n\t\t\t\t<div class=\"elementor-widget-container\">\n\t\t\t\t\t\t\t\t\t<p style=\"text-align: center;\"><a href=\"http:\/\/www.achro.eu\/fr\/wp-content\/uploads\/2016\/03\/Achrochape-1.pdf\" rel=\"\">Fiche technique<br \/><\/a><a href=\"http:\/\/www.achro.eu\/fr\/wp-content\/uploads\/2015\/11\/fds-durcisseurs.pdf\" rel=\"\">Fiche de s\u00e9curit\u00e9<\/a><a href=\"http:\/\/www.achro.eu\/fr\/wp-content\/uploads\/2016\/03\/fr_ce_achrochape.pdf\" rel=\"\"><br \/><\/a><a href=\"http:\/\/www.achro.eu\/fr\/wp-content\/uploads\/2016\/03\/cstb-achrochape.pdf\" rel=\"\">Rapport CSTB<\/a><\/p>\t\t\t\t\t\t\t\t<\/div>\n\t\t\t\t<\/div>\n\t\t\t\t<\/div>\n\t\t\t\t\t<\/div>\n\t\t\t\t<\/div>\n\t\t<div class=\"elementor-element elementor-element-5da9c98e e-flex e-con-boxed e-con e-parent\" data-id=\"5da9c98e\" data-element_type=\"container\">\n\t\t\t\t\t<div class=\"e-con-inner\">\n\t\t\t\t<div class=\"elementor-element elementor-element-47f5548 elementor-widget elementor-widget-text-editor\" data-id=\"47f5548\" data-element_type=\"widget\" data-widget_type=\"text-editor.default\">\n\t\t\t\t<div class=\"elementor-widget-container\">\n\t\t\t\t\t\t\t\t\t<h3 class=\"p1\" style=\"text-align: justify;\"><span class=\"s1\"><b><span style=\"color: #0053a0;\">Un produit de qualit\u00e9 et polyvalent<\/span>\u00a0<\/b><\/span><\/h3><p class=\"p1\" style=\"text-align: justify; color: #000 !important;\"><span class=\"s1\">Offrant une r\u00e9sistance exceptionnelle aux sols, <em><strong>Achrochape<\/strong><\/em><\/span> est un produit dont la qualit\u00e9 est certifi\u00e9e par le classement performanciel I.P.R.U. : 2.3.4.3. Ce dernier, d\u00e9livr\u00e9 par le CSTB N\u00b010-26022879*01, est confirm\u00e9 par la Certificat CE C70 F10 A1,5 AR0,5, qui garantit que ce produit r\u00e9pond aux normes Europ\u00e9ennes.<\/p><p class=\"p1\" style=\"text-align: justify; color: #000 !important;\"><span class=\"s1\">G\u00e9n\u00e9ralement propos\u00e9 de teinte \u00ab\u00a0gris ciment\u00a0\u00bb, ce produit est \u00e9galement disponible en 14 coloris diff\u00e9rents pour plus de fantaisie.\u00a0<\/span><span class=\"s1\">Achrochape peut ainsi \u00eatre appliqu\u00e9 sur des sols destin\u00e9s \u00e0 de nombreux types d&rsquo;activit\u00e9s. Les principaux lieux d\u00b4application de ce produit sont les ateliers de stockage et de manutention, les pistes de roulements, rampes d\u2019acc\u00e8s subissant de fortes sollicitations&#8230; Les quais de chargement et les b\u00e2timents industriels en g\u00e9n\u00e9ral peuvent \u00e9galement utiliser\u00a0Achrochape pour prot\u00e9ger leurs sols et leurs dallages face aux nombreuses sollicitations qu&rsquo;ils supportent.<\/span><\/p><h3 class=\"p1\" style=\"text-align: justify;\"><span class=\"s1\" style=\"color: #0053a0;\"><b>Une efficacit\u00e9 redoutable doubl\u00e9e d&rsquo;une facilit\u00e9 d&rsquo;utilisation<\/b><\/span><\/h3><p class=\"p1\" style=\"text-align: justify; color: #000 !important;\"><span class=\"s1\">Pr\u00eat \u00e0 l\u2019emploi, l&rsquo;<em><strong>Achrochape<\/strong><\/em><\/span> doit simplement \u00eatre \u00e9pandu manuellement ou m\u00e9caniquement. Deux passes sont n\u00e9cessaires si on opte pour la premi\u00e8re m\u00e9thode, qui requiert un saupoudrage de 2,5 \u00e0 3.5 kg de produit par m2 pour chaque passe. Si on r\u00e9alise l&rsquo;\u00e9pandage de l&rsquo;<em><strong>Achrochape<\/strong><\/em> de fa\u00e7on m\u00e9canique, il faudra le faire en une seule passe, \u00e0 raison 8 \u00e0 12 kg par m2.<\/p><p class=\"p1\" style=\"text-align: justify; color: #000 !important;\"><span class=\"s1\">Une <strong>couche d&rsquo;usure<\/strong> est d&rsquo;abord r\u00e9alis\u00e9e par-dessus une chape. Celle-ci sera plus ou moins \u00e9paisse en fonction des charges qu&rsquo;elle devra supporter. Le b\u00e9ton est ainsi coul\u00e9 en m\u00eame temps que le durcisseur, afin que ce derni\u00e8re int\u00e8gre parfaitement la surface du sol et soit pleinement efficace.\u00a0<\/span><\/p><p class=\"p1\" style=\"text-align: justify; color: #000 !important;\"><span class=\"s1\">Une fois r\u00e9alis\u00e9e cette premi\u00e8re \u00e9tape, on doit attendre que l&rsquo;humidit\u00e9 pr\u00e9sente dans le b\u00e9ton ait \u00e9t\u00e9 absorb\u00e9e par l&rsquo;<em><strong>Achrochape<\/strong><\/em><\/span>. Puis, il convient de talocher le sol gr\u00e2ce \u00e0 une truelle manuelle, id\u00e9ale pour les recoins et les angles, ou m\u00e9canique, suffisante pour la plus grande partie de la surface.<\/p><p class=\"p1\" style=\"text-align: justify; color: #000 !important;\"><span class=\"s1\">L&rsquo;<em><strong>Achrochape<\/strong><\/em><\/span> m\u00e9lang\u00e9 \u00e0 de l&rsquo;eau produit un coulis permettant de cr\u00e9er une chape incorpor\u00e9e qui, une fois \u00e9tal\u00e9e sur le b\u00e9ton taloch\u00e9 encore frais, offrira un rev\u00eatement r\u00e9sistant et anti-statique exceptionnel.<\/p><p class=\"p1\" style=\"text-align: justify; color: #000 !important;\"><span class=\"s1\">Attention cependant : le b\u00e9ton doit \u00eatre compl\u00e8tement pris avant que le sol ne puisse servir. Si le trafic pr\u00e9vu sur le dallage est l\u00e9ger, un d\u00e9lai d&rsquo;attente de 7 jours suffit ; en cas de trafic plus important, il est plus prudent de compter 28 jours entre l&rsquo;\u00e9pandage et la mise en service du dallage.<\/span><\/p>\t\t\t\t\t\t\t\t<\/div>\n\t\t\t\t<\/div>\n\t\t\t\t\t<\/div>\n\t\t\t\t<\/div>\n\t\t\t\t<\/div>\n\t\t","protected":false},"excerpt":{"rendered":"<p class=\"p1\" style=\"text-align: justify; color: #000 !important;\"><em><strong>Achrochape<\/strong><\/em> est un durcisseur de surface id\u00e9al pour prot\u00e9ger et\u00a0rev\u00eatir les sols industriels. Ce produit est un m\u00e9lange de granulats dont la propri\u00e9t\u00e9 abrasive offre une r\u00e9sistance exceptionnelle au sol sur lequel il est appliqu\u00e9.<\/p>\n<p class=\"p1\" style=\"text-align: justify; color: #000 !important;\"><em><strong>Achrochape<\/strong><\/em> contient \u00e9galement des agr\u00e9gats min\u00e9raux \u00e0 la duret\u00e9 tr\u00e8s \u00e9lev\u00e9e. Un liant hydraulique, enrichi d\u2019additifs r\u00e9actifs, lie ces diff\u00e9rents \u00e9l\u00e9ments pour cr\u00e9er un <a href=\"http:\/\/www.rcr-production-france.com\/fr\/categorie-produit\/durcisseurs\">durcisseur<\/a> efficace.<\/p>\n","protected":false},"featured_media":1119,"template":"","meta":[],"product_cat":[54],"product_tag":[],"class_list":{"0":"post-1117","1":"product","2":"type-product","3":"status-publish","4":"has-post-thumbnail","6":"product_cat-durcisseurs","8":"first","9":"instock","10":"featured","11":"shipping-taxable","12":"product-type-simple"},"yoast_head":"<!-- This site is optimized with the Yoast SEO plugin v24.3 - https:\/\/yoast.com\/wordpress\/plugins\/seo\/ -->\n<title>Couche d\u2019usure tr\u00e8s r\u00e9sistante pour les dallages industriels.<\/title>\n<meta name=\"description\" content=\"Un durcisseur de surface pour prot\u00e9ger votre sol en b\u00e9ton de fa\u00e7on perenne. Il est propos\u00e9 dans de nombreux coloris en fonction de vos besoins.\u00a0\" \/>\n<meta name=\"robots\" content=\"index, follow, max-snippet:-1, max-image-preview:large, max-video-preview:-1\" \/>\n<link rel=\"canonical\" href=\"https:\/\/www.achro.eu\/fr\/achrochape.html\" \/>\n<meta property=\"og:locale\" content=\"fr_FR\" \/>\n<meta property=\"og:type\" content=\"article\" \/>\n<meta property=\"og:title\" content=\"Couche d\u2019usure tr\u00e8s r\u00e9sistante pour les dallages industriels.\" \/>\n<meta property=\"og:description\" content=\"Un durcisseur de surface pour prot\u00e9ger votre sol en b\u00e9ton de fa\u00e7on perenne. Il est propos\u00e9 dans de nombreux coloris en fonction de vos besoins.\u00a0\" \/>\n<meta property=\"og:url\" content=\"https:\/\/www.achro.eu\/fr\/achrochape.html\" \/>\n<meta property=\"article:modified_time\" content=\"2025-02-04T15:58:13+00:00\" \/>\n<meta property=\"og:image\" content=\"https:\/\/www.achro.eu\/fr\/wp-content\/uploads\/2016\/03\/achrochape.jpg\" \/>\n\t<meta property=\"og:image:width\" content=\"600\" \/>\n\t<meta property=\"og:image:height\" content=\"600\" \/>\n\t<meta property=\"og:image:type\" content=\"image\/jpeg\" \/>\n<meta name=\"twitter:card\" content=\"summary_large_image\" \/>\n<meta name=\"twitter:label1\" content=\"Dur\u00e9e de lecture estim\u00e9e\" \/>\n\t<meta name=\"twitter:data1\" content=\"3 minutes\" \/>\n<script type=\"application\/ld+json\" class=\"yoast-schema-graph\">{\"@context\":\"https:\/\/schema.org\",\"@graph\":[{\"@type\":\"WebPage\",\"@id\":\"https:\/\/www.achro.eu\/fr\/achrochape.html\",\"url\":\"https:\/\/www.achro.eu\/fr\/achrochape.html\",\"name\":\"Couche d\u2019usure tr\u00e8s r\u00e9sistante pour les dallages industriels.\",\"isPartOf\":{\"@id\":\"https:\/\/www.achro.eu\/fr\/#website\"},\"primaryImageOfPage\":{\"@id\":\"https:\/\/www.achro.eu\/fr\/achrochape.html#primaryimage\"},\"image\":{\"@id\":\"https:\/\/www.achro.eu\/fr\/achrochape.html#primaryimage\"},\"thumbnailUrl\":\"https:\/\/www.achro.eu\/fr\/wp-content\/uploads\/2016\/03\/achrochape.jpg\",\"datePublished\":\"2016-03-10T09:15:46+00:00\",\"dateModified\":\"2025-02-04T15:58:13+00:00\",\"description\":\"Un durcisseur de surface pour prot\u00e9ger votre sol en b\u00e9ton de fa\u00e7on perenne. Il est propos\u00e9 dans de nombreux coloris en fonction de vos besoins.\u00a0\",\"inLanguage\":\"fr-FR\",\"potentialAction\":[{\"@type\":\"ReadAction\",\"target\":[\"https:\/\/www.achro.eu\/fr\/achrochape.html\"]}]},{\"@type\":\"ImageObject\",\"inLanguage\":\"fr-FR\",\"@id\":\"https:\/\/www.achro.eu\/fr\/achrochape.html#primaryimage\",\"url\":\"https:\/\/www.achro.eu\/fr\/wp-content\/uploads\/2016\/03\/achrochape.jpg\",\"contentUrl\":\"https:\/\/www.achro.eu\/fr\/wp-content\/uploads\/2016\/03\/achrochape.jpg\",\"width\":600,\"height\":600},{\"@type\":\"WebSite\",\"@id\":\"https:\/\/www.achro.eu\/fr\/#website\",\"url\":\"https:\/\/www.achro.eu\/fr\/\",\"name\":\"\",\"description\":\"\",\"potentialAction\":[{\"@type\":\"SearchAction\",\"target\":{\"@type\":\"EntryPoint\",\"urlTemplate\":\"https:\/\/www.achro.eu\/fr\/?s={search_term_string}\"},\"query-input\":{\"@type\":\"PropertyValueSpecification\",\"valueRequired\":true,\"valueName\":\"search_term_string\"}}],\"inLanguage\":\"fr-FR\"}]}<\/script>\n<!-- \/ Yoast SEO plugin. -->","yoast_head_json":{"title":"Couche d\u2019usure tr\u00e8s r\u00e9sistante pour les dallages industriels.","description":"Un durcisseur de surface pour prot\u00e9ger votre sol en b\u00e9ton de fa\u00e7on perenne. Il est propos\u00e9 dans de nombreux coloris en fonction de vos besoins.\u00a0","robots":{"index":"index","follow":"follow","max-snippet":"max-snippet:-1","max-image-preview":"max-image-preview:large","max-video-preview":"max-video-preview:-1"},"canonical":"https:\/\/www.achro.eu\/fr\/achrochape.html","og_locale":"fr_FR","og_type":"article","og_title":"Couche d\u2019usure tr\u00e8s r\u00e9sistante pour les dallages industriels.","og_description":"Un durcisseur de surface pour prot\u00e9ger votre sol en b\u00e9ton de fa\u00e7on perenne. Il est propos\u00e9 dans de nombreux coloris en fonction de vos besoins.\u00a0","og_url":"https:\/\/www.achro.eu\/fr\/achrochape.html","article_modified_time":"2025-02-04T15:58:13+00:00","og_image":[{"width":600,"height":600,"url":"https:\/\/www.achro.eu\/fr\/wp-content\/uploads\/2016\/03\/achrochape.jpg","type":"image\/jpeg"}],"twitter_card":"summary_large_image","twitter_misc":{"Dur\u00e9e de lecture estim\u00e9e":"3 minutes"},"schema":{"@context":"https:\/\/schema.org","@graph":[{"@type":"WebPage","@id":"https:\/\/www.achro.eu\/fr\/achrochape.html","url":"https:\/\/www.achro.eu\/fr\/achrochape.html","name":"Couche d\u2019usure tr\u00e8s r\u00e9sistante pour les dallages industriels.","isPartOf":{"@id":"https:\/\/www.achro.eu\/fr\/#website"},"primaryImageOfPage":{"@id":"https:\/\/www.achro.eu\/fr\/achrochape.html#primaryimage"},"image":{"@id":"https:\/\/www.achro.eu\/fr\/achrochape.html#primaryimage"},"thumbnailUrl":"https:\/\/www.achro.eu\/fr\/wp-content\/uploads\/2016\/03\/achrochape.jpg","datePublished":"2016-03-10T09:15:46+00:00","dateModified":"2025-02-04T15:58:13+00:00","description":"Un durcisseur de surface pour prot\u00e9ger votre sol en b\u00e9ton de fa\u00e7on perenne. Il est propos\u00e9 dans de nombreux coloris en fonction de vos besoins.\u00a0","inLanguage":"fr-FR","potentialAction":[{"@type":"ReadAction","target":["https:\/\/www.achro.eu\/fr\/achrochape.html"]}]},{"@type":"ImageObject","inLanguage":"fr-FR","@id":"https:\/\/www.achro.eu\/fr\/achrochape.html#primaryimage","url":"https:\/\/www.achro.eu\/fr\/wp-content\/uploads\/2016\/03\/achrochape.jpg","contentUrl":"https:\/\/www.achro.eu\/fr\/wp-content\/uploads\/2016\/03\/achrochape.jpg","width":600,"height":600},{"@type":"WebSite","@id":"https:\/\/www.achro.eu\/fr\/#website","url":"https:\/\/www.achro.eu\/fr\/","name":"","description":"","potentialAction":[{"@type":"SearchAction","target":{"@type":"EntryPoint","urlTemplate":"https:\/\/www.achro.eu\/fr\/?s={search_term_string}"},"query-input":{"@type":"PropertyValueSpecification","valueRequired":true,"valueName":"search_term_string"}}],"inLanguage":"fr-FR"}]}},"_links":{"self":[{"href":"https:\/\/www.achro.eu\/fr\/wp-json\/wp\/v2\/product\/1117"}],"collection":[{"href":"https:\/\/www.achro.eu\/fr\/wp-json\/wp\/v2\/product"}],"about":[{"href":"https:\/\/www.achro.eu\/fr\/wp-json\/wp\/v2\/types\/product"}],"version-history":[{"count":16,"href":"https:\/\/www.achro.eu\/fr\/wp-json\/wp\/v2\/product\/1117\/revisions"}],"predecessor-version":[{"id":4704,"href":"https:\/\/www.achro.eu\/fr\/wp-json\/wp\/v2\/product\/1117\/revisions\/4704"}],"wp:featuredmedia":[{"embeddable":true,"href":"https:\/\/www.achro.eu\/fr\/wp-json\/wp\/v2\/media\/1119"}],"wp:attachment":[{"href":"https:\/\/www.achro.eu\/fr\/wp-json\/wp\/v2\/media?parent=1117"}],"wp:term":[{"taxonomy":"product_cat","embeddable":true,"href":"https:\/\/www.achro.eu\/fr\/wp-json\/wp\/v2\/product_cat?post=1117"},{"taxonomy":"product_tag","embeddable":true,"href":"https:\/\/www.achro.eu\/fr\/wp-json\/wp\/v2\/product_tag?post=1117"}],"curies":[{"name":"wp","href":"https:\/\/api.w.org\/{rel}","templated":true}]}}