{"id":783,"date":"2023-03-19T02:55:37","date_gmt":"2023-03-19T02:55:37","guid":{"rendered":"https:\/\/cozystay.loftocean.com\/island-resort\/?page_id=783"},"modified":"2025-02-04T18:28:18","modified_gmt":"2025-02-04T17:28:18","slug":"news","status":"publish","type":"page","link":"https:\/\/www.achro.eu\/fr\/news","title":{"rendered":"News"},"content":{"rendered":"\t\t<div data-elementor-type=\"wp-page\" data-elementor-id=\"783\" class=\"elementor elementor-783\">\n\t\t\t\t\t\t<section class=\"elementor-section elementor-top-section elementor-element elementor-element-51b883a elementor-section-height-min-height cs-section-content-fullwidth cs-parallax-on-scroll cs_scroll_y_100 elementor-section-boxed elementor-section-height-default elementor-section-items-middle\" data-id=\"51b883a\" data-element_type=\"section\" data-settings=\"{&quot;background_background&quot;:&quot;classic&quot;}\" data-cs-parallax-y=\"100\" style=\"background-image: none;\" data-cs-background-image=\"http:\/\/www.achro.eu\/fr\/wp-content\/uploads\/2025\/02\/chambre.jpg\" data-cs-background-image-alt-text=\"\">\n\t\t\t\t\t\t<div class=\"elementor-container elementor-column-gap-no\">\n\t\t\t\t\t<div class=\"elementor-column elementor-col-100 elementor-top-column elementor-element elementor-element-f8603f5 dark-color\" data-id=\"f8603f5\" data-element_type=\"column\">\n\t\t\t<div class=\"elementor-widget-wrap elementor-element-populated\">\n\t\t\t\t\t\t<div class=\"elementor-element elementor-element-5638ee6 elementor-widget elementor-widget-cs_title\" data-id=\"5638ee6\" data-element_type=\"widget\" data-widget_type=\"cs_title.default\">\n\t\t\t\t<div class=\"elementor-widget-container\">\n\t\t\t\t\t\n        <div class=\"cs-title-wrap text-center\">\t            <div class=\"cs-subtitle-wrap\"><span class=\"cs-subtitle color-white\">Les nouveaut\u00e9s et \u00e9venements<\/span><\/div>\t            <h1 class=\"cs-title\">\n\t                Les News\t            <\/h1>        <\/div>\t\t\t\t<\/div>\n\t\t\t\t<\/div>\n\t\t\t\t\t<\/div>\n\t\t<\/div>\n\t\t\t\t\t<\/div>\n\t\t<\/section>\n\t\t\t\t<section class=\"elementor-section elementor-top-section elementor-element elementor-element-4d98f40 elementor-section-boxed elementor-section-height-default elementor-section-height-default\" data-id=\"4d98f40\" data-element_type=\"section\">\n\t\t\t\t\t\t<div class=\"elementor-container elementor-column-gap-no\">\n\t\t\t\t\t<div class=\"elementor-column elementor-col-100 elementor-top-column elementor-element elementor-element-a58b2d7\" data-id=\"a58b2d7\" data-element_type=\"column\">\n\t\t\t<div class=\"elementor-widget-wrap elementor-element-populated\">\n\t\t\t\t\t\t<div class=\"elementor-element elementor-element-03caef0 elementor-widget elementor-widget-cs_blog\" data-id=\"03caef0\" data-element_type=\"widget\" data-widget_type=\"cs_blog.default\">\n\t\t\t\t<div class=\"elementor-widget-container\">\n\t\t\t\t\t\t\t\t\t<div class=\"posts layout-masonry column-2\">\n\t\t\t\t\t\t\t\t\t<div class=\"posts-wrapper\">\n<div class=\"masonry-column\"><article class=\"post-2185 post type-post status-publish format-standard has-post-thumbnail hentry category-non-classe\" data-post-id=\"2185\">\n            <div class=\"featured-img\">\n        \t<a href=\"https:\/\/www.achro.eu\/fr\/achro-terrazzo\"><img fetchpriority=\"high\" decoding=\"async\" width=\"550\" height=\"367\" src=\"https:\/\/www.achro.eu\/fr\/wp-content\/uploads\/2019\/01\/eglise-passy-8.jpg\" class=\"attachment-cozystay_550x9999 size-cozystay_550x9999 wp-post-image image-layout-masonry-column-2\" alt=\"\" srcset=\"https:\/\/www.achro.eu\/fr\/wp-content\/uploads\/2019\/01\/eglise-passy-8.jpg 1200w, https:\/\/www.achro.eu\/fr\/wp-content\/uploads\/2019\/01\/eglise-passy-8-150x100.jpg 150w, https:\/\/www.achro.eu\/fr\/wp-content\/uploads\/2019\/01\/eglise-passy-8-600x400.jpg 600w, https:\/\/www.achro.eu\/fr\/wp-content\/uploads\/2019\/01\/eglise-passy-8-300x200.jpg 300w, https:\/\/www.achro.eu\/fr\/wp-content\/uploads\/2019\/01\/eglise-passy-8-1024x683.jpg 1024w, https:\/\/www.achro.eu\/fr\/wp-content\/uploads\/2019\/01\/eglise-passy-8-540x360.jpg 540w, https:\/\/www.achro.eu\/fr\/wp-content\/uploads\/2019\/01\/eglise-passy-8-360x240.jpg 360w, https:\/\/www.achro.eu\/fr\/wp-content\/uploads\/2019\/01\/eglise-passy-8-272x182.jpg 272w\" sizes=\"(max-width: 1366px) 550px, 670px\" \/><\/a>        <\/div>\n\t<div class=\"post-content\">\n\t\t<header class=\"post-header\">    <h2 class=\"post-title\">\n        <a href=\"https:\/\/www.achro.eu\/fr\/achro-terrazzo\">Description technique d&rsquo;un chantier Terrazzo<\/a>\n    <\/h2>\t\t<\/header>\t<\/div>\n<\/article>\n<\/div>\n<div class=\"masonry-column\"><article class=\"post-1046 post type-post status-publish format-standard has-post-thumbnail hentry category-non-classe\" data-post-id=\"1046\">\n            <div class=\"featured-img\">\n        \t<a href=\"https:\/\/www.achro.eu\/fr\/archives\/1046\"><img decoding=\"async\" width=\"550\" height=\"412\" src=\"https:\/\/www.achro.eu\/fr\/wp-content\/uploads\/2016\/02\/beton-cire.jpg\" class=\"attachment-cozystay_550x9999 size-cozystay_550x9999 wp-post-image image-layout-masonry-column-2\" alt=\"\" srcset=\"https:\/\/www.achro.eu\/fr\/wp-content\/uploads\/2016\/02\/beton-cire.jpg 1024w, https:\/\/www.achro.eu\/fr\/wp-content\/uploads\/2016\/02\/beton-cire-150x112.jpg 150w, https:\/\/www.achro.eu\/fr\/wp-content\/uploads\/2016\/02\/beton-cire-600x449.jpg 600w, https:\/\/www.achro.eu\/fr\/wp-content\/uploads\/2016\/02\/beton-cire-300x225.jpg 300w, https:\/\/www.achro.eu\/fr\/wp-content\/uploads\/2016\/02\/beton-cire-768x575.jpg 768w, https:\/\/www.achro.eu\/fr\/wp-content\/uploads\/2016\/02\/beton-cire-540x404.jpg 540w\" sizes=\"(max-width: 1366px) 550px, 670px\" \/><\/a>        <\/div>\n\t<div class=\"post-content\">\n\t\t<header class=\"post-header\">    <h2 class=\"post-title\">\n        <a href=\"https:\/\/www.achro.eu\/fr\/archives\/1046\">B\u00e9ton cir\u00e9 int\u00e9rieur<\/a>\n    <\/h2>\t\t<\/header>\t<\/div>\n<\/article>\n<\/div>\t\t\t\t<\/div>\t\t\t\t<\/div>\t\t\t\t<\/div>\n\t\t\t\t<\/div>\n\t\t\t\t\t<\/div>\n\t\t<\/div>\n\t\t\t\t\t<\/div>\n\t\t<\/section>\n\t\t\t\t<\/div>\n\t\t","protected":false},"excerpt":{"rendered":"<p>Les nouveaut\u00e9s et \u00e9venements Les News Description technique d&rsquo;un chantier Terrazzo B\u00e9ton cir\u00e9 int\u00e9rieur<\/p>\n","protected":false},"author":1,"featured_media":0,"parent":0,"menu_order":0,"comment_status":"closed","ping_status":"closed","template":"template-wide-content.php","meta":{"cozystay_single_page_hide_site_header":"","cozystay_single_page_site_header_source":"","cozystay_single_page_custom_site_header":"0","cozystay_single_page_custom_sticky_site_header":"0","cozystay_single_page_hide_page_title":"on","cozystay_single_page_header_section_size":"","cozystay_single_page_header_background_color":"","cozystay_single_page_header_background_position_x":"center","cozystay_single_page_header_background_position_y":"center","cozystay_single_page_header_background_size":"cover","cozystay_single_page_header_background_repeat":"off","cozystay_single_page_header_background_scroll":"on","cozystay_single_page_header_text_color":"","cozystay_single_page_header_show_breadcrumb":"","cozystay_single_page_site_footer_hide_main":"","cozystay_single_custom_site_footer_main_source":"","cozystay_single_custom_site_footer_main":"0","cozystay_single_page_site_footer_hide_above":"","cozystay_single_custom_site_footer_above_source":"","cozystay_single_custom_site_footer_above":"0","cozystay_single_page_site_footer_hide_instagram":"","cozystay_single_page_site_footer_hide_bottom":"","cozystay_single_custom_mobile_menu_source":"","cozystay_single_custom_mobile_menu":"0","cozystay_single_custom_mobile_menu_animation":"","cozystay_single_custom_mobile_menu_width":"","cozystay_single_custom_mobile_menu_custom_width":375,"footnotes":""},"class_list":["post-783","page","type-page","status-publish","hentry"],"yoast_head":"<!-- This site is optimized with the Yoast SEO plugin v24.3 - https:\/\/yoast.com\/wordpress\/plugins\/seo\/ -->\n<title>News -<\/title>\n<meta name=\"robots\" content=\"index, follow, max-snippet:-1, max-image-preview:large, max-video-preview:-1\" \/>\n<link rel=\"canonical\" href=\"https:\/\/www.achro.eu\/fr\/news\" \/>\n<meta property=\"og:locale\" content=\"fr_FR\" \/>\n<meta property=\"og:type\" content=\"article\" \/>\n<meta property=\"og:title\" content=\"News -\" \/>\n<meta property=\"og:description\" content=\"Les nouveaut\u00e9s et \u00e9venements Les News Description technique d&rsquo;un chantier Terrazzo B\u00e9ton cir\u00e9 int\u00e9rieur\" \/>\n<meta property=\"og:url\" content=\"https:\/\/www.achro.eu\/fr\/news\" \/>\n<meta property=\"article:modified_time\" content=\"2025-02-04T17:28:18+00:00\" \/>\n<meta property=\"og:image\" content=\"http:\/\/www.rcr-production-france.com\/fr\/wp-content\/uploads\/2019\/01\/eglise-passy-8.jpg\" \/>\n<meta name=\"twitter:card\" content=\"summary_large_image\" \/>\n<meta name=\"twitter:label1\" content=\"Dur\u00e9e de lecture estim\u00e9e\" \/>\n\t<meta name=\"twitter:data1\" content=\"1 minute\" \/>\n<script type=\"application\/ld+json\" class=\"yoast-schema-graph\">{\"@context\":\"https:\/\/schema.org\",\"@graph\":[{\"@type\":\"WebPage\",\"@id\":\"https:\/\/www.achro.eu\/fr\/news\",\"url\":\"https:\/\/www.achro.eu\/fr\/news\",\"name\":\"News -\",\"isPartOf\":{\"@id\":\"https:\/\/www.achro.eu\/fr\/#website\"},\"primaryImageOfPage\":{\"@id\":\"https:\/\/www.achro.eu\/fr\/news#primaryimage\"},\"image\":{\"@id\":\"https:\/\/www.achro.eu\/fr\/news#primaryimage\"},\"thumbnailUrl\":\"http:\/\/www.rcr-production-france.com\/fr\/wp-content\/uploads\/2019\/01\/eglise-passy-8.jpg\",\"datePublished\":\"2023-03-19T02:55:37+00:00\",\"dateModified\":\"2025-02-04T17:28:18+00:00\",\"inLanguage\":\"fr-FR\",\"potentialAction\":[{\"@type\":\"ReadAction\",\"target\":[\"https:\/\/www.achro.eu\/fr\/news\"]}]},{\"@type\":\"ImageObject\",\"inLanguage\":\"fr-FR\",\"@id\":\"https:\/\/www.achro.eu\/fr\/news#primaryimage\",\"url\":\"http:\/\/www.rcr-production-france.com\/fr\/wp-content\/uploads\/2019\/01\/eglise-passy-8.jpg\",\"contentUrl\":\"http:\/\/www.rcr-production-france.com\/fr\/wp-content\/uploads\/2019\/01\/eglise-passy-8.jpg\"},{\"@type\":\"WebSite\",\"@id\":\"https:\/\/www.achro.eu\/fr\/#website\",\"url\":\"https:\/\/www.achro.eu\/fr\/\",\"name\":\"\",\"description\":\"\",\"potentialAction\":[{\"@type\":\"SearchAction\",\"target\":{\"@type\":\"EntryPoint\",\"urlTemplate\":\"https:\/\/www.achro.eu\/fr\/?s={search_term_string}\"},\"query-input\":{\"@type\":\"PropertyValueSpecification\",\"valueRequired\":true,\"valueName\":\"search_term_string\"}}],\"inLanguage\":\"fr-FR\"}]}<\/script>\n<!-- \/ Yoast SEO plugin. -->","yoast_head_json":{"title":"News -","robots":{"index":"index","follow":"follow","max-snippet":"max-snippet:-1","max-image-preview":"max-image-preview:large","max-video-preview":"max-video-preview:-1"},"canonical":"https:\/\/www.achro.eu\/fr\/news","og_locale":"fr_FR","og_type":"article","og_title":"News -","og_description":"Les nouveaut\u00e9s et \u00e9venements Les News Description technique d&rsquo;un chantier Terrazzo B\u00e9ton cir\u00e9 int\u00e9rieur","og_url":"https:\/\/www.achro.eu\/fr\/news","article_modified_time":"2025-02-04T17:28:18+00:00","og_image":[{"url":"http:\/\/www.rcr-production-france.com\/fr\/wp-content\/uploads\/2019\/01\/eglise-passy-8.jpg","type":"","width":"","height":""}],"twitter_card":"summary_large_image","twitter_misc":{"Dur\u00e9e de lecture estim\u00e9e":"1 minute"},"schema":{"@context":"https:\/\/schema.org","@graph":[{"@type":"WebPage","@id":"https:\/\/www.achro.eu\/fr\/news","url":"https:\/\/www.achro.eu\/fr\/news","name":"News -","isPartOf":{"@id":"https:\/\/www.achro.eu\/fr\/#website"},"primaryImageOfPage":{"@id":"https:\/\/www.achro.eu\/fr\/news#primaryimage"},"image":{"@id":"https:\/\/www.achro.eu\/fr\/news#primaryimage"},"thumbnailUrl":"http:\/\/www.rcr-production-france.com\/fr\/wp-content\/uploads\/2019\/01\/eglise-passy-8.jpg","datePublished":"2023-03-19T02:55:37+00:00","dateModified":"2025-02-04T17:28:18+00:00","inLanguage":"fr-FR","potentialAction":[{"@type":"ReadAction","target":["https:\/\/www.achro.eu\/fr\/news"]}]},{"@type":"ImageObject","inLanguage":"fr-FR","@id":"https:\/\/www.achro.eu\/fr\/news#primaryimage","url":"http:\/\/www.rcr-production-france.com\/fr\/wp-content\/uploads\/2019\/01\/eglise-passy-8.jpg","contentUrl":"http:\/\/www.rcr-production-france.com\/fr\/wp-content\/uploads\/2019\/01\/eglise-passy-8.jpg"},{"@type":"WebSite","@id":"https:\/\/www.achro.eu\/fr\/#website","url":"https:\/\/www.achro.eu\/fr\/","name":"","description":"","potentialAction":[{"@type":"SearchAction","target":{"@type":"EntryPoint","urlTemplate":"https:\/\/www.achro.eu\/fr\/?s={search_term_string}"},"query-input":{"@type":"PropertyValueSpecification","valueRequired":true,"valueName":"search_term_string"}}],"inLanguage":"fr-FR"}]}},"_links":{"self":[{"href":"https:\/\/www.achro.eu\/fr\/wp-json\/wp\/v2\/pages\/783"}],"collection":[{"href":"https:\/\/www.achro.eu\/fr\/wp-json\/wp\/v2\/pages"}],"about":[{"href":"https:\/\/www.achro.eu\/fr\/wp-json\/wp\/v2\/types\/page"}],"author":[{"embeddable":true,"href":"https:\/\/www.achro.eu\/fr\/wp-json\/wp\/v2\/users\/1"}],"replies":[{"embeddable":true,"href":"https:\/\/www.achro.eu\/fr\/wp-json\/wp\/v2\/comments?post=783"}],"version-history":[{"count":12,"href":"https:\/\/www.achro.eu\/fr\/wp-json\/wp\/v2\/pages\/783\/revisions"}],"predecessor-version":[{"id":4826,"href":"https:\/\/www.achro.eu\/fr\/wp-json\/wp\/v2\/pages\/783\/revisions\/4826"}],"wp:attachment":[{"href":"https:\/\/www.achro.eu\/fr\/wp-json\/wp\/v2\/media?parent=783"}],"curies":[{"name":"wp","href":"https:\/\/api.w.org\/{rel}","templated":true}]}}