{"id":36,"date":"2015-10-22T05:45:07","date_gmt":"2015-10-22T05:45:07","guid":{"rendered":"http:\/\/xml-io.proteusthemes.com\/structurepress\/?page_id=36"},"modified":"2025-02-04T18:24:12","modified_gmt":"2025-02-04T17:24:12","slug":"marque","status":"publish","type":"page","link":"https:\/\/www.achro.eu\/fr\/marque","title":{"rendered":"La marque Achro"},"content":{"rendered":"\t\t<div data-elementor-type=\"wp-page\" data-elementor-id=\"36\" class=\"elementor elementor-36\">\n\t\t\t\t<div class=\"elementor-element elementor-element-acc217d e-flex e-con-boxed e-con e-parent\" data-id=\"acc217d\" data-element_type=\"container\">\n\t\t\t\t\t<div class=\"e-con-inner\">\n\t\t<div class=\"elementor-element elementor-element-7664727 e-con-full e-flex e-con e-child\" data-id=\"7664727\" data-element_type=\"container\">\n\t\t\t\t<div class=\"elementor-element elementor-element-cca2a68 elementor-widget elementor-widget-image\" data-id=\"cca2a68\" data-element_type=\"widget\" data-widget_type=\"image.default\">\n\t\t\t\t<div class=\"elementor-widget-container\">\n\t\t\t\t\t\t\t\t\t\t\t\t\t\t\t<img fetchpriority=\"high\" decoding=\"async\" width=\"906\" height=\"906\" src=\"https:\/\/www.achro.eu\/fr\/wp-content\/uploads\/2025\/02\/la-marque-achrodeco.jpg\" class=\"attachment-large size-large wp-image-4769\" alt=\"\" srcset=\"https:\/\/www.achro.eu\/fr\/wp-content\/uploads\/2025\/02\/la-marque-achrodeco.jpg 906w, https:\/\/www.achro.eu\/fr\/wp-content\/uploads\/2025\/02\/la-marque-achrodeco-300x300.jpg 300w, https:\/\/www.achro.eu\/fr\/wp-content\/uploads\/2025\/02\/la-marque-achrodeco-150x150.jpg 150w, https:\/\/www.achro.eu\/fr\/wp-content\/uploads\/2025\/02\/la-marque-achrodeco-780x780.jpg 780w, https:\/\/www.achro.eu\/fr\/wp-content\/uploads\/2025\/02\/la-marque-achrodeco-600x600.jpg 600w, https:\/\/www.achro.eu\/fr\/wp-content\/uploads\/2025\/02\/la-marque-achrodeco-550x550.jpg 550w, https:\/\/www.achro.eu\/fr\/wp-content\/uploads\/2025\/02\/la-marque-achrodeco-370x370.jpg 370w, https:\/\/www.achro.eu\/fr\/wp-content\/uploads\/2025\/02\/la-marque-achrodeco-255x255.jpg 255w\" sizes=\"(max-width: 906px) 100vw, 906px\" \/>\t\t\t\t\t\t\t\t\t\t\t\t\t\t\t<\/div>\n\t\t\t\t<\/div>\n\t\t\t\t<\/div>\n\t\t<div class=\"elementor-element elementor-element-5fee250 e-con-full e-flex e-con e-child\" data-id=\"5fee250\" data-element_type=\"container\">\n\t\t\t\t<div class=\"elementor-element elementor-element-bb322c0 elementor-widget elementor-widget-text-editor\" data-id=\"bb322c0\" data-element_type=\"widget\" data-widget_type=\"text-editor.default\">\n\t\t\t\t<div class=\"elementor-widget-container\">\n\t\t\t\t\t\t\t\t\t<h1>Achro une marque d&rsquo;exception<\/h1><h2>Qualit\u00e9 des\u00a0produits<\/h2><p style=\"font-size: 14px;\">Achro est sp\u00e9cialis\u00e9 dans la fabrication et la distribution de produits pour vos sols et dallages b\u00e9ton, sols industriels ainsi que les b\u00e9tons d\u00e9coratifs. Nous fabriquons les meilleurs produits du secteur, pr\u00e9sentant des propri\u00e9t\u00e9s de r\u00e9sistance et d&rsquo;esth\u00e9tique sup\u00e9rieures. Nous appliquons une politique de qualit\u00e9 qui s&rsquo;inscrit dans la dur\u00e9e, avec le soucis de garantir des prestations \u00e0 long terme.<\/p><p style=\"font-size: 14px;\">Ainsi, nous utilisons des mat\u00e9riaux modernes et performants, et sommes inflexibles concernant le professionnalisme de nos fournisseurs.<br \/><br \/>Nous mettons \u00e0 votre disposition notre expertise concernant l&rsquo;\u00e9laboration de nos durcisseurs et divers produits, en ayant \u00e0 c\u0153ur de satisfaire chaque client.<br \/>Notre priorit\u00e9 est de nous am\u00e9liorer constamment, dans le but de maintenir une qualit\u00e9 optimale. La satisfaction de la client\u00e8le est notre challenge quotidien, d&rsquo;o\u00f9 notre exigence quant \u00e0 la qualit\u00e9 des produits.<\/p>\t\t\t\t\t\t\t\t<\/div>\n\t\t\t\t<\/div>\n\t\t\t\t<\/div>\n\t\t\t\t\t<\/div>\n\t\t\t\t<\/div>\n\t\t<div class=\"elementor-element elementor-element-b7c5a54 e-flex e-con-boxed e-con e-parent\" data-id=\"b7c5a54\" data-element_type=\"container\">\n\t\t\t\t\t<div class=\"e-con-inner\">\n\t\t<div class=\"elementor-element elementor-element-0fdbc8a e-con-full e-flex e-con e-child\" data-id=\"0fdbc8a\" data-element_type=\"container\">\n\t\t\t\t<div class=\"elementor-element elementor-element-fdd6b96 elementor-widget elementor-widget-image\" data-id=\"fdd6b96\" data-element_type=\"widget\" data-widget_type=\"image.default\">\n\t\t\t\t<div class=\"elementor-widget-container\">\n\t\t\t\t\t\t\t\t\t\t\t\t\t\t\t<img decoding=\"async\" width=\"1024\" height=\"1024\" src=\"https:\/\/www.achro.eu\/fr\/wp-content\/uploads\/2025\/02\/la-marque-achrodeco-2.jpg\" class=\"attachment-large size-large wp-image-4785\" alt=\"\" srcset=\"https:\/\/www.achro.eu\/fr\/wp-content\/uploads\/2025\/02\/la-marque-achrodeco-2.jpg 1024w, https:\/\/www.achro.eu\/fr\/wp-content\/uploads\/2025\/02\/la-marque-achrodeco-2-300x300.jpg 300w, https:\/\/www.achro.eu\/fr\/wp-content\/uploads\/2025\/02\/la-marque-achrodeco-2-150x150.jpg 150w, https:\/\/www.achro.eu\/fr\/wp-content\/uploads\/2025\/02\/la-marque-achrodeco-2-780x780.jpg 780w, https:\/\/www.achro.eu\/fr\/wp-content\/uploads\/2025\/02\/la-marque-achrodeco-2-600x600.jpg 600w, https:\/\/www.achro.eu\/fr\/wp-content\/uploads\/2025\/02\/la-marque-achrodeco-2-550x550.jpg 550w, https:\/\/www.achro.eu\/fr\/wp-content\/uploads\/2025\/02\/la-marque-achrodeco-2-370x370.jpg 370w, https:\/\/www.achro.eu\/fr\/wp-content\/uploads\/2025\/02\/la-marque-achrodeco-2-255x255.jpg 255w\" sizes=\"(max-width: 1024px) 100vw, 1024px\" \/>\t\t\t\t\t\t\t\t\t\t\t\t\t\t\t<\/div>\n\t\t\t\t<\/div>\n\t\t\t\t<\/div>\n\t\t<div class=\"elementor-element elementor-element-450077f e-con-full e-flex e-con e-child\" data-id=\"450077f\" data-element_type=\"container\">\n\t\t\t\t<div class=\"elementor-element elementor-element-3150144a elementor-widget elementor-widget-text-editor\" data-id=\"3150144a\" data-element_type=\"widget\" data-widget_type=\"text-editor.default\">\n\t\t\t\t<div class=\"elementor-widget-container\">\n\t\t\t\t\t\t\t\t\t<h2>Un savoir faire fran\u00e7ais<\/h2>\n<p style=\"font-size: 14px;\">Pour un r\u00e9sultat optimal, nous s\u00e9lectionnons tous nos produits avec minutie. Notre usine de production se trouve en France.\u00a0Les sols industriels soumis \u00e0 de fortes contraintes peuvent ainsi, gr\u00e2ce \u00e0 nos produits, \u00eatre plus r\u00e9sistants, aussi bien \u00e0 l&rsquo;abrasion qu&rsquo;\u00e0 un fort trafic.<\/p>\n<p style=\"font-size: 14px;\">Nos granulats sont disponibles en diverses teintes, pour s&rsquo;adapter parfaitement \u00e0 votre environnement personnel ou de travail.<\/p>\n<p style=\"font-size: 14px;\">Qu&rsquo;il s&rsquo;agisse d&rsquo;une d\u00e9coration d&rsquo;int\u00e9rieur, de quais de chargement, d&rsquo;ateliers ou encore d&rsquo;industries diverses, notre ma\u00eetrise des domaines d&rsquo;application nous permet une organisation rapide et un travail de qualit\u00e9 optimale.<\/p>\n<p style=\"font-size: 14px;\">Les propri\u00e9t\u00e9s de nos rev\u00eatements leur conf\u00e8rent un haut degr\u00e9 de r\u00e9sistance \u00e0 l&rsquo;usure, ce qui vaut \u00e0 Achro une place de choix dans le secteur des produits destin\u00e9s aux sols b\u00e9ton. Notre recherche d&rsquo;innovations et de performances vous garantit un savoir-faire incomparable.<\/p>\t\t\t\t\t\t\t\t<\/div>\n\t\t\t\t<\/div>\n\t\t\t\t<\/div>\n\t\t\t\t\t<\/div>\n\t\t\t\t<\/div>\n\t\t<div class=\"elementor-element elementor-element-384f742 e-flex e-con-boxed e-con e-parent\" data-id=\"384f742\" data-element_type=\"container\">\n\t\t\t\t\t<div class=\"e-con-inner\">\n\t\t<div class=\"elementor-element elementor-element-be65c05 e-con-full e-flex e-con e-child\" data-id=\"be65c05\" data-element_type=\"container\">\n\t\t\t\t<div class=\"elementor-element elementor-element-973abf8 elementor-widget elementor-widget-image\" data-id=\"973abf8\" data-element_type=\"widget\" data-widget_type=\"image.default\">\n\t\t\t\t<div class=\"elementor-widget-container\">\n\t\t\t\t\t\t\t\t\t\t\t\t\t\t\t<img decoding=\"async\" width=\"612\" height=\"408\" src=\"https:\/\/www.achro.eu\/fr\/wp-content\/uploads\/2025\/02\/equipe-bureau.jpg\" class=\"attachment-large size-large wp-image-4801\" alt=\"\" srcset=\"https:\/\/www.achro.eu\/fr\/wp-content\/uploads\/2025\/02\/equipe-bureau.jpg 612w, https:\/\/www.achro.eu\/fr\/wp-content\/uploads\/2025\/02\/equipe-bureau-300x200.jpg 300w, https:\/\/www.achro.eu\/fr\/wp-content\/uploads\/2025\/02\/equipe-bureau-600x400.jpg 600w, https:\/\/www.achro.eu\/fr\/wp-content\/uploads\/2025\/02\/equipe-bureau-550x367.jpg 550w, https:\/\/www.achro.eu\/fr\/wp-content\/uploads\/2025\/02\/equipe-bureau-370x247.jpg 370w, https:\/\/www.achro.eu\/fr\/wp-content\/uploads\/2025\/02\/equipe-bureau-255x170.jpg 255w, https:\/\/www.achro.eu\/fr\/wp-content\/uploads\/2025\/02\/equipe-bureau-150x100.jpg 150w, https:\/\/www.achro.eu\/fr\/wp-content\/uploads\/2025\/02\/equipe-bureau-272x182.jpg 272w\" sizes=\"(max-width: 612px) 100vw, 612px\" \/>\t\t\t\t\t\t\t\t\t\t\t\t\t\t\t<\/div>\n\t\t\t\t<\/div>\n\t\t\t\t<\/div>\n\t\t<div class=\"elementor-element elementor-element-a0ca204 e-con-full e-flex e-con e-child\" data-id=\"a0ca204\" data-element_type=\"container\">\n\t\t\t\t<div class=\"elementor-element elementor-element-0151a8c elementor-widget elementor-widget-text-editor\" data-id=\"0151a8c\" data-element_type=\"widget\" data-widget_type=\"text-editor.default\">\n\t\t\t\t<div class=\"elementor-widget-container\">\n\t\t\t\t\t\t\t\t\t<h2>Une \u00e9quipe de professionnel<\/h2><p style=\"font-size: 14px;\">Notre entreprise se montre intransigeante concernant la qualification du personnel, de m\u00eame que pour tous les intervenants avec qui nous traitons.<br \/>Nous sommes attach\u00e9s \u00e0 la valeur du travail bien fait, et tenons \u00e0 transmettre notre savoir-faire. Sur chaque chantier, nos sp\u00e9cialistes apportent leurs conseils pour am\u00e9liorer vos rev\u00eatements et leur durabilit\u00e9.<\/p><p style=\"font-size: 14px;\">La pr\u00e9paration du terrain est une \u00e9tape primordiale, afin de travailler dans de bonnes conditions en respectant les alentours du chantier.<\/p><p style=\"font-size: 14px;\">Nos propositions de produits adapt\u00e9s permettront d&rsquo;obtenir un r\u00e9sultat conforme \u00e0 vos attentes, avec une surface b\u00e9ton qui vous pr\u00e9servera de l&rsquo;apparition de fissures et d\u00e9formations. N&rsquo;h\u00e9sitez pas \u00e0 contacter nos \u00e9quipes pour tout renseignement compl\u00e9mentaire.<\/p>\t\t\t\t\t\t\t\t<\/div>\n\t\t\t\t<\/div>\n\t\t\t\t<\/div>\n\t\t\t\t\t<\/div>\n\t\t\t\t<\/div>\n\t\t<div class=\"elementor-element elementor-element-7943b50 e-flex e-con-boxed e-con e-parent\" data-id=\"7943b50\" data-element_type=\"container\">\n\t\t\t\t\t<div class=\"e-con-inner\">\n\t\t<div class=\"elementor-element elementor-element-dbdebd5 e-con-full e-flex e-con e-child\" data-id=\"dbdebd5\" data-element_type=\"container\">\n\t\t\t\t<div class=\"elementor-element elementor-element-6cf81b9 elementor-widget elementor-widget-image\" data-id=\"6cf81b9\" data-element_type=\"widget\" data-widget_type=\"image.default\">\n\t\t\t\t<div class=\"elementor-widget-container\">\n\t\t\t\t\t\t\t\t\t\t\t\t\t\t\t<img loading=\"lazy\" decoding=\"async\" width=\"612\" height=\"283\" src=\"https:\/\/www.achro.eu\/fr\/wp-content\/uploads\/2025\/02\/team-1.jpg\" class=\"attachment-large size-large wp-image-4794\" alt=\"\" srcset=\"https:\/\/www.achro.eu\/fr\/wp-content\/uploads\/2025\/02\/team-1.jpg 612w, https:\/\/www.achro.eu\/fr\/wp-content\/uploads\/2025\/02\/team-1-300x139.jpg 300w, https:\/\/www.achro.eu\/fr\/wp-content\/uploads\/2025\/02\/team-1-600x277.jpg 600w, https:\/\/www.achro.eu\/fr\/wp-content\/uploads\/2025\/02\/team-1-550x254.jpg 550w, https:\/\/www.achro.eu\/fr\/wp-content\/uploads\/2025\/02\/team-1-370x171.jpg 370w, https:\/\/www.achro.eu\/fr\/wp-content\/uploads\/2025\/02\/team-1-255x118.jpg 255w, https:\/\/www.achro.eu\/fr\/wp-content\/uploads\/2025\/02\/team-1-150x69.jpg 150w\" sizes=\"(max-width: 612px) 100vw, 612px\" \/>\t\t\t\t\t\t\t\t\t\t\t\t\t\t\t<\/div>\n\t\t\t\t<\/div>\n\t\t\t\t<\/div>\n\t\t<div class=\"elementor-element elementor-element-bd8c3c1 e-con-full e-flex e-con e-child\" data-id=\"bd8c3c1\" data-element_type=\"container\">\n\t\t\t\t<div class=\"elementor-element elementor-element-f6864c4 elementor-widget elementor-widget-text-editor\" data-id=\"f6864c4\" data-element_type=\"widget\" data-widget_type=\"text-editor.default\">\n\t\t\t\t<div class=\"elementor-widget-container\">\n\t\t\t\t\t\t\t\t\t<h2>Proximit\u00e9<\/h2><p style=\"font-size: 14px;\">Achro est\u00a0proche de ses clients pour r\u00e9pondre pr\u00e9cis\u00e9ment \u00e0 leurs\u00a0besoins, notre marque\u00a0d\u00e9veloppe un service de proximit\u00e9 : le but est d&rsquo;\u00eatre pr\u00e9sent dans toutes les r\u00e9gions fran\u00e7aises, afin d&rsquo;\u00eatre \u00e0 m\u00eame de traiter les commandes rapidement et efficacement, quelque soit le lieu de votre projet.<\/p><p style=\"font-size: 14px;\">Notre d&rsquo;exp\u00e9rience dans le secteur des<a href=\"http:\/\/www.achro.eu\/fr\/categorie-produit\/durcisseurs\">\u00a0rev\u00eatements de sols industriels<\/a>, nous permettent d&rsquo;avoir le recul et les comp\u00e9tences indispensables pour vous satisfaire. Nous souhaitons rendre notre large gamme de produits accessibles au plus grand nombre, de la distribution des additifs b\u00e9ton aux durcisseurs de surface.<\/p>\t\t\t\t\t\t\t\t<\/div>\n\t\t\t\t<\/div>\n\t\t\t\t<\/div>\n\t\t\t\t\t<\/div>\n\t\t\t\t<\/div>\n\t\t\t\t<\/div>\n\t\t","protected":false},"excerpt":{"rendered":"<p>Achro une marque d&rsquo;exception Qualit\u00e9 des\u00a0produits Achro est sp\u00e9cialis\u00e9 dans la fabrication et la distribution de produits pour vos sols et dallages b\u00e9ton, sols industriels ainsi que les b\u00e9tons d\u00e9coratifs. Nous fabriquons les meilleurs produits du secteur, pr\u00e9sentant des propri\u00e9t\u00e9s de r\u00e9sistance et d&rsquo;esth\u00e9tique sup\u00e9rieures. Nous appliquons une politique de qualit\u00e9 qui s&rsquo;inscrit dans la &#8230;<\/p>\n","protected":false},"author":1,"featured_media":4768,"parent":0,"menu_order":0,"comment_status":"closed","ping_status":"closed","template":"template-wide-content.php","meta":{"cozystay_single_page_hide_site_header":"","cozystay_single_page_site_header_source":"","cozystay_single_page_custom_site_header":"0","cozystay_single_page_custom_sticky_site_header":"0","cozystay_single_page_hide_page_title":"","cozystay_single_page_header_section_size":"","cozystay_single_page_header_background_color":"","cozystay_single_page_header_background_position_x":"center","cozystay_single_page_header_background_position_y":"center","cozystay_single_page_header_background_size":"cover","cozystay_single_page_header_background_repeat":"off","cozystay_single_page_header_background_scroll":"on","cozystay_single_page_header_text_color":"","cozystay_single_page_header_show_breadcrumb":"","cozystay_single_page_site_footer_hide_main":"","cozystay_single_custom_site_footer_main_source":"","cozystay_single_custom_site_footer_main":"0","cozystay_single_page_site_footer_hide_above":"","cozystay_single_custom_site_footer_above_source":"","cozystay_single_custom_site_footer_above":"0","cozystay_single_page_site_footer_hide_instagram":"","cozystay_single_page_site_footer_hide_bottom":"","cozystay_single_custom_mobile_menu_source":"","cozystay_single_custom_mobile_menu":"0","cozystay_single_custom_mobile_menu_animation":"","cozystay_single_custom_mobile_menu_width":"","cozystay_single_custom_mobile_menu_custom_width":375,"footnotes":""},"class_list":["post-36","page","type-page","status-publish","has-post-thumbnail","hentry"],"yoast_head":"<!-- This site is optimized with the Yoast SEO plugin v24.3 - https:\/\/yoast.com\/wordpress\/plugins\/seo\/ -->\n<title>Distributeur et fabricant de produits pour sol industriel.\u00a0<\/title>\n<meta name=\"description\" content=\"Des produits pour le sol industriel depuis plus de 50 ans. Fabrication fran\u00e7aise dans nos usines. Une \u00e9quipe de professionnels disponible \u00e0 votre \u00e9coute.\" \/>\n<meta name=\"robots\" content=\"index, follow, max-snippet:-1, max-image-preview:large, max-video-preview:-1\" \/>\n<link rel=\"canonical\" href=\"https:\/\/www.achro.eu\/fr\/marque\" \/>\n<meta property=\"og:locale\" content=\"fr_FR\" \/>\n<meta property=\"og:type\" content=\"article\" \/>\n<meta property=\"og:title\" content=\"Distributeur et fabricant de produits pour sol industriel.\u00a0\" \/>\n<meta property=\"og:description\" content=\"Des produits pour le sol industriel depuis plus de 50 ans. Fabrication fran\u00e7aise dans nos usines. Une \u00e9quipe de professionnels disponible \u00e0 votre \u00e9coute.\" \/>\n<meta property=\"og:url\" content=\"https:\/\/www.achro.eu\/fr\/marque\" \/>\n<meta property=\"article:modified_time\" content=\"2025-02-04T17:24:12+00:00\" \/>\n<meta property=\"og:image\" content=\"https:\/\/www.achro.eu\/fr\/wp-content\/uploads\/2025\/02\/beton-deco-exterieur.jpg\" \/>\n\t<meta property=\"og:image:width\" content=\"1297\" \/>\n\t<meta property=\"og:image:height\" content=\"864\" \/>\n\t<meta property=\"og:image:type\" content=\"image\/jpeg\" \/>\n<meta name=\"twitter:card\" content=\"summary_large_image\" \/>\n<meta name=\"twitter:label1\" content=\"Dur\u00e9e de lecture estim\u00e9e\" \/>\n\t<meta name=\"twitter:data1\" content=\"4 minutes\" \/>\n<script type=\"application\/ld+json\" class=\"yoast-schema-graph\">{\"@context\":\"https:\/\/schema.org\",\"@graph\":[{\"@type\":\"WebPage\",\"@id\":\"https:\/\/www.achro.eu\/fr\/marque\",\"url\":\"https:\/\/www.achro.eu\/fr\/marque\",\"name\":\"Distributeur et fabricant de produits pour sol industriel.\u00a0\",\"isPartOf\":{\"@id\":\"https:\/\/www.achro.eu\/fr\/#website\"},\"primaryImageOfPage\":{\"@id\":\"https:\/\/www.achro.eu\/fr\/marque#primaryimage\"},\"image\":{\"@id\":\"https:\/\/www.achro.eu\/fr\/marque#primaryimage\"},\"thumbnailUrl\":\"https:\/\/www.achro.eu\/fr\/wp-content\/uploads\/2025\/02\/beton-deco-exterieur.jpg\",\"datePublished\":\"2015-10-22T05:45:07+00:00\",\"dateModified\":\"2025-02-04T17:24:12+00:00\",\"description\":\"Des produits pour le sol industriel depuis plus de 50 ans. Fabrication fran\u00e7aise dans nos usines. Une \u00e9quipe de professionnels disponible \u00e0 votre \u00e9coute.\",\"inLanguage\":\"fr-FR\",\"potentialAction\":[{\"@type\":\"ReadAction\",\"target\":[\"https:\/\/www.achro.eu\/fr\/marque\"]}]},{\"@type\":\"ImageObject\",\"inLanguage\":\"fr-FR\",\"@id\":\"https:\/\/www.achro.eu\/fr\/marque#primaryimage\",\"url\":\"https:\/\/www.achro.eu\/fr\/wp-content\/uploads\/2025\/02\/beton-deco-exterieur.jpg\",\"contentUrl\":\"https:\/\/www.achro.eu\/fr\/wp-content\/uploads\/2025\/02\/beton-deco-exterieur.jpg\",\"width\":1297,\"height\":864},{\"@type\":\"WebSite\",\"@id\":\"https:\/\/www.achro.eu\/fr\/#website\",\"url\":\"https:\/\/www.achro.eu\/fr\/\",\"name\":\"\",\"description\":\"\",\"potentialAction\":[{\"@type\":\"SearchAction\",\"target\":{\"@type\":\"EntryPoint\",\"urlTemplate\":\"https:\/\/www.achro.eu\/fr\/?s={search_term_string}\"},\"query-input\":{\"@type\":\"PropertyValueSpecification\",\"valueRequired\":true,\"valueName\":\"search_term_string\"}}],\"inLanguage\":\"fr-FR\"}]}<\/script>\n<!-- \/ Yoast SEO plugin. -->","yoast_head_json":{"title":"Distributeur et fabricant de produits pour sol industriel.\u00a0","description":"Des produits pour le sol industriel depuis plus de 50 ans. Fabrication fran\u00e7aise dans nos usines. Une \u00e9quipe de professionnels disponible \u00e0 votre \u00e9coute.","robots":{"index":"index","follow":"follow","max-snippet":"max-snippet:-1","max-image-preview":"max-image-preview:large","max-video-preview":"max-video-preview:-1"},"canonical":"https:\/\/www.achro.eu\/fr\/marque","og_locale":"fr_FR","og_type":"article","og_title":"Distributeur et fabricant de produits pour sol industriel.\u00a0","og_description":"Des produits pour le sol industriel depuis plus de 50 ans. Fabrication fran\u00e7aise dans nos usines. Une \u00e9quipe de professionnels disponible \u00e0 votre \u00e9coute.","og_url":"https:\/\/www.achro.eu\/fr\/marque","article_modified_time":"2025-02-04T17:24:12+00:00","og_image":[{"width":1297,"height":864,"url":"https:\/\/www.achro.eu\/fr\/wp-content\/uploads\/2025\/02\/beton-deco-exterieur.jpg","type":"image\/jpeg"}],"twitter_card":"summary_large_image","twitter_misc":{"Dur\u00e9e de lecture estim\u00e9e":"4 minutes"},"schema":{"@context":"https:\/\/schema.org","@graph":[{"@type":"WebPage","@id":"https:\/\/www.achro.eu\/fr\/marque","url":"https:\/\/www.achro.eu\/fr\/marque","name":"Distributeur et fabricant de produits pour sol industriel.\u00a0","isPartOf":{"@id":"https:\/\/www.achro.eu\/fr\/#website"},"primaryImageOfPage":{"@id":"https:\/\/www.achro.eu\/fr\/marque#primaryimage"},"image":{"@id":"https:\/\/www.achro.eu\/fr\/marque#primaryimage"},"thumbnailUrl":"https:\/\/www.achro.eu\/fr\/wp-content\/uploads\/2025\/02\/beton-deco-exterieur.jpg","datePublished":"2015-10-22T05:45:07+00:00","dateModified":"2025-02-04T17:24:12+00:00","description":"Des produits pour le sol industriel depuis plus de 50 ans. Fabrication fran\u00e7aise dans nos usines. Une \u00e9quipe de professionnels disponible \u00e0 votre \u00e9coute.","inLanguage":"fr-FR","potentialAction":[{"@type":"ReadAction","target":["https:\/\/www.achro.eu\/fr\/marque"]}]},{"@type":"ImageObject","inLanguage":"fr-FR","@id":"https:\/\/www.achro.eu\/fr\/marque#primaryimage","url":"https:\/\/www.achro.eu\/fr\/wp-content\/uploads\/2025\/02\/beton-deco-exterieur.jpg","contentUrl":"https:\/\/www.achro.eu\/fr\/wp-content\/uploads\/2025\/02\/beton-deco-exterieur.jpg","width":1297,"height":864},{"@type":"WebSite","@id":"https:\/\/www.achro.eu\/fr\/#website","url":"https:\/\/www.achro.eu\/fr\/","name":"","description":"","potentialAction":[{"@type":"SearchAction","target":{"@type":"EntryPoint","urlTemplate":"https:\/\/www.achro.eu\/fr\/?s={search_term_string}"},"query-input":{"@type":"PropertyValueSpecification","valueRequired":true,"valueName":"search_term_string"}}],"inLanguage":"fr-FR"}]}},"_links":{"self":[{"href":"https:\/\/www.achro.eu\/fr\/wp-json\/wp\/v2\/pages\/36"}],"collection":[{"href":"https:\/\/www.achro.eu\/fr\/wp-json\/wp\/v2\/pages"}],"about":[{"href":"https:\/\/www.achro.eu\/fr\/wp-json\/wp\/v2\/types\/page"}],"author":[{"embeddable":true,"href":"https:\/\/www.achro.eu\/fr\/wp-json\/wp\/v2\/users\/1"}],"replies":[{"embeddable":true,"href":"https:\/\/www.achro.eu\/fr\/wp-json\/wp\/v2\/comments?post=36"}],"version-history":[{"count":99,"href":"https:\/\/www.achro.eu\/fr\/wp-json\/wp\/v2\/pages\/36\/revisions"}],"predecessor-version":[{"id":4816,"href":"https:\/\/www.achro.eu\/fr\/wp-json\/wp\/v2\/pages\/36\/revisions\/4816"}],"wp:featuredmedia":[{"embeddable":true,"href":"https:\/\/www.achro.eu\/fr\/wp-json\/wp\/v2\/media\/4768"}],"wp:attachment":[{"href":"https:\/\/www.achro.eu\/fr\/wp-json\/wp\/v2\/media?parent=36"}],"curies":[{"name":"wp","href":"https:\/\/api.w.org\/{rel}","templated":true}]}}