{"id":1264,"date":"2016-03-29T13:27:43","date_gmt":"2016-03-29T12:27:43","guid":{"rendered":"http:\/\/www.rcr-production-france.com\/2016\/?page_id=1264"},"modified":"2017-01-02T11:14:17","modified_gmt":"2017-01-02T10:14:17","slug":"mentions-legales","status":"publish","type":"page","link":"https:\/\/www.achro.eu\/fr\/mentions-legales","title":{"rendered":"Mentions l\u00e9gales"},"content":{"rendered":"<p style=\"text-align: justify;\">Consultation de ce site, t\u00e9moins de connexion, stockage et utilisation de vos donn\u00e9es<\/p>\n<p style=\"text-align: justify;\"><strong>Consultation de ce site<\/strong><\/p>\n<p style=\"text-align: justify;\">Les informations fournies au travers de ce site sont donn\u00e9es \u00e0 titre d&rsquo;information et ne constituent pas de message publicitaire.\u00a0Nous d\u00e9clinons toute responsabilit\u00e9 pour toute perte susceptible de r\u00e9sulter de l&rsquo;acc\u00e8s \u00e0 ce site ou de l&rsquo;utilisation des informations qu&rsquo;il contient.<\/p>\n<p style=\"text-align: justify;\"><strong><br \/>\n<\/strong><strong>Liens<\/strong><\/p>\n<p style=\"text-align: justify;\">Nous d\u00e9clinons toute responsabilit\u00e9 quant au contenu des sites externes qui renvoient \u00e0 notre site. Ce site propose des liens vers certains sites externes qui \u00e9chappent au contr\u00f4le de ACHRO ou des entreprises de son groupe. ACHRO d\u00e9cline donc toute responsabilit\u00e9 quant au contenu de ces sites.<\/p>\n<p style=\"text-align: justify;\"><strong><br \/>\n<\/strong><strong>Droits d&rsquo;auteur<\/strong><\/p>\n<p style=\"text-align: justify;\">Le contenu de ce site est soumis aux droits d&rsquo;auteur en vertu des conventions internationales. Sauf indications contraires, tous les documents publi\u00e9s sur ce site y compris conception, textes, graphiques et photographies sont la propri\u00e9t\u00e9 de ACHRO ou des entreprises de son groupe et sont prot\u00e9g\u00e9s par les droits d&rsquo;auteur.<\/p>\n<p style=\"text-align: justify;\">Vous avez la permission de lire le contenu de ce site et d&rsquo;en faire des copies pour votre usage personnel. Vous pouvez \u00e9galement remettre des copies (en version papier ou sous forme \u00e9lectronique) \u00e0 vos coll\u00e8gues et \u00e0 vos clients pour leur usage personnel et ce, \u00e0 titre sporadique et en quantit\u00e9 raisonnable, \u00e0 condition<\/p>\n<ul style=\"text-align: justify;\">\n<li>de nous mentionner comme auteur ;<\/li>\n<li>de ne pas modifier le texte, de quelque mani\u00e8re que ce soit ;<\/li>\n<li>d&rsquo;attirer l&rsquo;attention des destinataires qu&rsquo;ils se doivent, eux aussi, de respecter ces conditions d&rsquo;utilisation.<\/li>\n<\/ul>\n<p style=\"text-align: justify;\">Tout autre usage ainsi que la reproduction du contenu de ce site, que ceci soit fait de mani\u00e8re directe ou par l&rsquo;interm\u00e9diaire d&rsquo;un lien hypertexte, sont interdits, sauf accord pr\u00e9alable \u00e9crit de ACHRO.<\/p>\n<p style=\"text-align: justify;\"><strong><br \/>\n<\/strong><strong>Restrictions<\/strong><\/p>\n<p style=\"text-align: justify;\">L&rsquo;acc\u00e8s \u00e0 certaines parties restreintes du site est soumis \u00e0 des conditions plus sp\u00e9cifiques, conditions qui pr\u00e9valent sur les pr\u00e9sentes. La reproduction de sites tiers est soumise aux exigences de ces sites. Tout lien \u00e9lectronique vers ce site n\u00e9cessite notre autorisation. Pri\u00e8re d&rsquo;adresser vos demandes d&rsquo;autorisation \u00e0 info@rcr-production-france.com.<\/p>\n<p style=\"text-align: justify;\"><strong><br \/>\n<\/strong><strong>Protection antivirus<\/strong><\/p>\n<p style=\"text-align: justify;\">Il nous est impossible de vous garantir que ce site et son syst\u00e8me de livraison de documents fonctionneront conform\u00e9ment \u00e0 vos attentes ou qu&rsquo;ils sont d\u00e9pourvus de toute erreur ou de virus. Malgr\u00e9 les dispositions prises pour pr\u00e9senter un site sans virus, il vous convient de vous procurer votre propre syst\u00e8me de protection antivirus.<\/p>\n<p style=\"text-align: justify;\"><strong>Erreurs du site<\/strong><\/p>\n<p style=\"text-align: justify;\">Pri\u00e8re de nous contacter \u00e0 info@rcr-production-france.com si vous d\u00e9celez des erreurs sur ce site, de mani\u00e8re \u00e0 ce que nous puissions les corriger.<\/p>\n<p style=\"text-align: justify;\"><strong><br \/>\n<\/strong><strong>Mises \u00e0 jour du site<\/strong><\/p>\n<p style=\"text-align: justify;\">Nous nous r\u00e9servons le droit de mettre \u00e0 jour, modifier ou de fermer le pr\u00e9sent site \u00e0 tout moment et d&rsquo;abroger ou de modifier de temps \u00e0 autre les pr\u00e9sentes conditions d&#8217;emploi. Tout changement prendra effet d\u00e8s sa publication sur ce site.<\/p>\n<p style=\"text-align: justify;\"><strong><br \/>\n<\/strong><strong>Sites Internet de tiers<\/strong><\/p>\n<p style=\"text-align: justify;\">Ce site contient des liens vers d&rsquo;autres sites Internet. Nous d\u00e9clinons toute responsabilit\u00e9 pour ce qui est du contenu de ces sites Internet, de leur politique en mati\u00e8re de confidentialit\u00e9 ou de leurs pratiques.<\/p>\n<p style=\"text-align: justify;\"><strong><br \/>\n<\/strong><strong>Loi applicable<\/strong><\/p>\n<p style=\"text-align: justify;\">Toute information publi\u00e9e au travers de ce site est soumise au droit anglais.<\/p>\n<p style=\"text-align: justify;\"><strong><br \/>\n<\/strong><strong>Confidentialit\u00e9<\/strong><\/p>\n<p style=\"text-align: justify;\">Tous les courriers \u00e9lectroniques sont envoy\u00e9s en toute confidentialit\u00e9 et ce, uniquement \u00e0 leur(s) destinataire(s). Sont strictement interdites l&rsquo;utilisation, la diffusion, la distribution, la publication ou la reproduction de courriers \u00e9lectroniques \u00e0 moins de disposer de l&rsquo;autorisation requise.<\/p>\n<p style=\"text-align: justify;\">T\u00e9moins de connexion<\/p>\n<p style=\"text-align: justify;\">Ce site a recours \u00e0 des t\u00e9moins de connexion inoffensifs pour parfaire votre navigation et nous aider \u00e0 comprendre comment nos visiteurs utilisent notre site Internet. Voici les t\u00e9moins de connexion que nous utilisons et pourquoi nous le faisons.<\/p>\n<p style=\"text-align: justify;\"><strong>T\u00e9moin temporaire PHP<\/strong><\/p>\n<p style=\"text-align: justify;\">Il s&rsquo;agit d&rsquo;un seul t\u00e9moin qui est cr\u00e9\u00e9 quand vous arrivez sur le site www.rcr-production-france.com.\u00a0Ce t\u00e9moin ne sauvegarde aucune information concernant votre personne, votre ordinateur ou votre navigateur Internet de sorte que vous restez totalement dans l&rsquo;anonymat. Ce t\u00e9moin temporaire facilite votre visite puisqu&rsquo;il se rappelle par exemple quelles pages vous avez visit\u00e9es r\u00e9cemment de mani\u00e8re \u00e0 ce que vous puissiez y retourner rapidement. Ce t\u00e9moin temporaire n&rsquo;a pas d&rsquo;autre fonction et disparait d\u00e8s que vous quittez votre navigateur Internet.<\/p>\n<p style=\"text-align: justify;\"><strong><br \/>\n<\/strong><strong>T\u00e9moins de Google Analytics<\/strong><\/p>\n<p style=\"text-align: justify;\">Ce site utilise quatre (4) t\u00e9moins de Google Analytics (_utma, _utmb, _utmc et _utmz).\u00a0Google Analytics nous permet de calculer le nombre de visiteurs et de constater quelles sont les pages les plus fr\u00e9quent\u00e9es par nos visiteurs.\u00a0Ces t\u00e9moins ne contiennent aucune information permettant d&rsquo;identifier un visiteur de sorte que vous restez parfaitement dans l&rsquo;anonymat. Ces t\u00e9moins sont totalement inoffensifs, ils sont sauvegard\u00e9s dans votre ordinateur une fois que vous quittez votre navigateur Internet pour savoir si vous \u00eates retourn\u00e9 sur notre site ACHRO ; ces t\u00e9moins sont utilis\u00e9s \u00e0 nulle autre fin. Pour de plus amples informations concernant Google Analytics et ces t\u00e9moins, veuillez suivre le lien suivant qui m\u00e8ne au site <a href=\"https:\/\/developers.google.com\/analytics\/devguides\/collection\/analyticsjs\/cookie-usage\"><strong>Google Developers.<\/strong><\/a><\/p>\n<p style=\"text-align: justify;\">Pour de plus amples informations concernant ces t\u00e9moins, veuillez vous rendre au site suivant\u00a0<a href=\"http:\/\/www.allaboutcookies.org\/\"><strong>www.allaboutcookies.org<\/strong><\/a>.<\/p>\n<p style=\"text-align: justify;\">Si vous souhaitez d\u00e9sactiver les t\u00e9moins utilis\u00e9s par notre site, vous pouvez le faire en modifiant les param\u00e8tres de confidentialit\u00e9 de votre navigateur Internet qui devrait avoir un chapitre sp\u00e9cialement consacr\u00e9 aux t\u00e9moins. Votre navigateur devrait vous permettre de d\u00e9sactiver tous les t\u00e9moins de tous les sites Internet ou de ceux du site ACHRO.<\/p>\n<p style=\"text-align: justify;\">Si le sujet vous pr\u00e9occupe ou si vous avez d&rsquo;autres questions, n&rsquo;h\u00e9sitez pas \u00e0 contacter l&rsquo;administrateur de notre site Internet : info@rcr-production-france.com.<\/p>\n<p style=\"text-align: justify;\">Politique en mati\u00e8re de traitement des donn\u00e9es<\/p>\n<p style=\"text-align: justify;\">Nous sommes d\u00e9termin\u00e9s \u00e0 prot\u00e9ger la vie priv\u00e9e des visiteurs de notre site Internet. La pr\u00e9sente politique a pour objet de vous montrer comment nous traitons vos donn\u00e9es personnelles.<\/p>\n<p style=\"text-align: justify;\"><strong>Quelles sont les donn\u00e9es que nous r\u00e9coltons?<\/strong><\/p>\n<p style=\"text-align: justify;\">Sont r\u00e9colt\u00e9es, sauvegard\u00e9es et utilis\u00e9es les donn\u00e9es personnelles suivantes\u00a0:<br \/>\n(a) donn\u00e9es concernant vos visites de ce site ainsi que l&rsquo;utilisation que vous en faites,<br \/>\n(b) donn\u00e9es que vous nous fournissez pour vous abonner aux services que nous proposons sur le site, recevoir des notifications par courrier \u00e9lectronique et\/ou circulaires,<br \/>\n(c) donn\u00e9es que vous aurez choisies de nous envoyer.<\/p>\n<p style=\"text-align: justify;\"><strong>Utilisation de vos donn\u00e9es personnelles<\/strong><\/p>\n<p style=\"text-align: justify;\">Les donn\u00e9es personnelles fournies au travers de ce site seront utilis\u00e9es conform\u00e9ment \u00e0 cette politique de respect de la vie priv\u00e9e ou aux autres parties pertinentes du site.<\/p>\n<p style=\"text-align: justify;\">Vos donn\u00e9es personnelles sont susceptibles d&rsquo;\u00eatre utilis\u00e9es pour<br \/>\n(a) mieux g\u00e9rer le site\u00a0;<br \/>\n(b) affiner votre navigation en personnalisant le site\u00a0;<br \/>\n(c) vous permettre d&rsquo;utiliser les services offerts sur ce site\u00a0;<br \/>\n(d) vous envoyer des informations commerciales g\u00e9n\u00e9rales\u00a0;<br \/>\n(e) vous envoyer par courrier \u00e9lectronique les notifications que vous aurez demand\u00e9es de mani\u00e8re sp\u00e9cifique\u00a0;<br \/>\n(f) vous envoyer nos circulaires \u00e9lectroniques et autres communications commerciales relatives \u00e0 nos activit\u00e9s, soit parce que ces informations sont susceptibles de vous int\u00e9resser soit parce que vous en aurez fait la demande par courrier \u00e9lectronique ou technologie similaire (vous pouvez nous signaler \u00e0 tout moment si vous ne souhaitez plus recevoir nos informations commerciales).<\/p>\n<p style=\"text-align: justify;\"><strong>Diffusion des donn\u00e9es<\/strong><\/p>\n<p style=\"text-align: justify;\">Vos donn\u00e9es peuvent \u00eatre diffus\u00e9es \u00e0 nos employ\u00e9s ou \u00e0 nos cadres, dans la mesure o\u00f9 ceci est n\u00e9cessaire pour atteindre les buts d\u00e9finis dans les pr\u00e9sentes. Vos donn\u00e9es peuvent \u00e9galement \u00eatre transmises \u00e0 nos agents ou distributeurs agr\u00e9\u00e9s ou \u00e0 nos sous-traitants, dans la mesure o\u00f9 ceci est requis pour pouvoir ex\u00e9cuter votre commande ou r\u00e9pondre \u00e0 votre demande de mani\u00e8re efficace.<\/p>\n<p style=\"text-align: justify;\">De plus, vos donn\u00e9es peuvent \u00eatre transmises<br \/>\n(a) dans la mesure o\u00f9 la l\u00e9gislation nous y oblige\u00a0;<\/p>\n<p style=\"text-align: justify;\">(b) dans le cadre de poursuites judiciaires en cours ou envisag\u00e9s\u00a0;<\/p>\n<p style=\"text-align: justify;\">(c) pour constater, exercer ou d\u00e9fendre nos droits juridiques (y compris celui de la transmission d&rsquo;informations \u00e0 des tiers pour lutter contre la fraude et r\u00e9duire les risques de cr\u00e9dit).<br \/>\nSauf dispositions contraires, aucune information ne sera transmise \u00e0 des tiers.<\/p>\n<p style=\"text-align: justify;\"><strong>S\u00e9curit\u00e9 des donn\u00e9es personnelles<\/strong><\/p>\n<p style=\"text-align: justify;\">Nous prendrons les pr\u00e9cautions techniques et organisationnelles raisonnables pour parer \u00e0 la perte, l&rsquo;usage abusif ou la modification de vos donn\u00e9es personnelles. Par nature, l&rsquo;Internet n&rsquo;est pas un moyen s\u00fbr pour transmettre des donn\u00e9es de sorte que nous d\u00e9clinons toute responsabilit\u00e9 quant \u00e0 la s\u00e9curit\u00e9 des donn\u00e9es envoy\u00e9es au travers de ce m\u00e9dia.<\/p>\n<p style=\"text-align: justify;\">Comme nous sommes un groupe international, nous attirons votre attention sur le fait que vos donn\u00e9es peuvent sortir de l&rsquo;Union europ\u00e9enne (UE) et \u00eatre trait\u00e9es dans des centres de donn\u00e9es situ\u00e9s en dehors de celle-ci.<\/p>\n<p style=\"text-align: justify;\"><strong>Modification des pr\u00e9sentes<\/strong><\/p>\n<p style=\"text-align: justify;\">Nous nous r\u00e9servons le droit de modifier les pr\u00e9sentes et ce, \u00e0 tout moment en publiant simplement une nouvelle version sur notre site Internet. Veuillez donc consulter de temps en temps cette page afin de prendre connaissance des modifications.<\/p>\n<p style=\"text-align: justify;\"><strong>Vos droits<\/strong><\/p>\n<p style=\"text-align: justify;\">Vous pouvez nous demander quelles sont les donn\u00e9es personnelles que nous d\u00e9tenons \u00e0 votre \u00e9gard. A tout moment, vous pouvez nous demander de ne pas utiliser vos donn\u00e9es personnelles pour vous envoyer des informations commerciales.<\/p>\n<p style=\"text-align: justify;\"><strong>Mise \u00e0 jour des donn\u00e9es<\/strong><\/p>\n<p style=\"text-align: justify;\">Veuillez nous informer \u00e9galement si les informations personnelles que nous d\u00e9tenons \u00e0 votre \u00e9gard doivent \u00eatre modifi\u00e9es ou mises \u00e0 jour.<\/p>\n<p style=\"text-align: justify;\"><strong>Contact<\/strong><\/p>\n<p style=\"text-align: justify;\">Si vous avez des questions quant aux pr\u00e9sentes ou \u00e0 notre politique en mati\u00e8re de traitement des donn\u00e9es personnelles, n&rsquo;h\u00e9sitez pas \u00e0 envoyer un courrier \u00e9lectronique \u00e0 info@rcr-production-france.com.<\/p>\n","protected":false},"excerpt":{"rendered":"<p>Consultation de ce site, t\u00e9moins de connexion, stockage et utilisation de vos donn\u00e9es Consultation de ce site Les informations fournies au travers de ce site sont donn\u00e9es \u00e0 titre d&rsquo;information et ne constituent pas de message publicitaire.\u00a0Nous d\u00e9clinons toute responsabilit\u00e9 pour toute perte susceptible de r\u00e9sulter de l&rsquo;acc\u00e8s \u00e0 ce site ou de l&rsquo;utilisation des &#8230;<\/p>\n","protected":false},"author":1,"featured_media":0,"parent":0,"menu_order":0,"comment_status":"closed","ping_status":"closed","template":"","meta":{"cozystay_single_page_hide_site_header":"","cozystay_single_page_site_header_source":"","cozystay_single_page_custom_site_header":"0","cozystay_single_page_custom_sticky_site_header":"0","cozystay_single_page_hide_page_title":"","cozystay_single_page_header_section_size":"","cozystay_single_page_header_background_color":"","cozystay_single_page_header_background_position_x":"center","cozystay_single_page_header_background_position_y":"center","cozystay_single_page_header_background_size":"cover","cozystay_single_page_header_background_repeat":"off","cozystay_single_page_header_background_scroll":"on","cozystay_single_page_header_text_color":"","cozystay_single_page_header_show_breadcrumb":"","cozystay_single_page_site_footer_hide_main":"","cozystay_single_custom_site_footer_main_source":"","cozystay_single_custom_site_footer_main":"0","cozystay_single_page_site_footer_hide_above":"","cozystay_single_custom_site_footer_above_source":"","cozystay_single_custom_site_footer_above":"0","cozystay_single_page_site_footer_hide_instagram":"","cozystay_single_page_site_footer_hide_bottom":"","cozystay_single_custom_mobile_menu_source":"","cozystay_single_custom_mobile_menu":"0","cozystay_single_custom_mobile_menu_animation":"","cozystay_single_custom_mobile_menu_width":"","cozystay_single_custom_mobile_menu_custom_width":375,"footnotes":""},"class_list":["post-1264","page","type-page","status-publish","hentry"],"yoast_head":"<!-- This site is optimized with the Yoast SEO plugin v24.3 - https:\/\/yoast.com\/wordpress\/plugins\/seo\/ -->\n<title>Mentions l\u00e9gales -<\/title>\n<meta name=\"robots\" content=\"noindex, follow\" \/>\n<meta property=\"og:locale\" content=\"fr_FR\" \/>\n<meta property=\"og:type\" content=\"article\" \/>\n<meta property=\"og:title\" content=\"Mentions l\u00e9gales -\" \/>\n<meta property=\"og:description\" content=\"Consultation de ce site, t\u00e9moins de connexion, stockage et utilisation de vos donn\u00e9es Consultation de ce site Les informations fournies au travers de ce site sont donn\u00e9es \u00e0 titre d&rsquo;information et ne constituent pas de message publicitaire.\u00a0Nous d\u00e9clinons toute responsabilit\u00e9 pour toute perte susceptible de r\u00e9sulter de l&rsquo;acc\u00e8s \u00e0 ce site ou de l&rsquo;utilisation des ...\" \/>\n<meta property=\"og:url\" content=\"https:\/\/www.achro.eu\/fr\/mentions-legales\" \/>\n<meta property=\"article:modified_time\" content=\"2017-01-02T10:14:17+00:00\" \/>\n<meta name=\"twitter:card\" content=\"summary_large_image\" \/>\n<meta name=\"twitter:label1\" content=\"Dur\u00e9e de lecture estim\u00e9e\" \/>\n\t<meta name=\"twitter:data1\" content=\"8 minutes\" \/>\n<script type=\"application\/ld+json\" class=\"yoast-schema-graph\">{\"@context\":\"https:\/\/schema.org\",\"@graph\":[{\"@type\":\"WebPage\",\"@id\":\"https:\/\/www.achro.eu\/fr\/mentions-legales\",\"url\":\"https:\/\/www.achro.eu\/fr\/mentions-legales\",\"name\":\"Mentions l\u00e9gales -\",\"isPartOf\":{\"@id\":\"https:\/\/www.achro.eu\/fr\/#website\"},\"datePublished\":\"2016-03-29T12:27:43+00:00\",\"dateModified\":\"2017-01-02T10:14:17+00:00\",\"inLanguage\":\"fr-FR\",\"potentialAction\":[{\"@type\":\"ReadAction\",\"target\":[\"https:\/\/www.achro.eu\/fr\/mentions-legales\"]}]},{\"@type\":\"WebSite\",\"@id\":\"https:\/\/www.achro.eu\/fr\/#website\",\"url\":\"https:\/\/www.achro.eu\/fr\/\",\"name\":\"\",\"description\":\"\",\"potentialAction\":[{\"@type\":\"SearchAction\",\"target\":{\"@type\":\"EntryPoint\",\"urlTemplate\":\"https:\/\/www.achro.eu\/fr\/?s={search_term_string}\"},\"query-input\":{\"@type\":\"PropertyValueSpecification\",\"valueRequired\":true,\"valueName\":\"search_term_string\"}}],\"inLanguage\":\"fr-FR\"}]}<\/script>\n<!-- \/ Yoast SEO plugin. -->","yoast_head_json":{"title":"Mentions l\u00e9gales -","robots":{"index":"noindex","follow":"follow"},"og_locale":"fr_FR","og_type":"article","og_title":"Mentions l\u00e9gales -","og_description":"Consultation de ce site, t\u00e9moins de connexion, stockage et utilisation de vos donn\u00e9es Consultation de ce site Les informations fournies au travers de ce site sont donn\u00e9es \u00e0 titre d&rsquo;information et ne constituent pas de message publicitaire.\u00a0Nous d\u00e9clinons toute responsabilit\u00e9 pour toute perte susceptible de r\u00e9sulter de l&rsquo;acc\u00e8s \u00e0 ce site ou de l&rsquo;utilisation des ...","og_url":"https:\/\/www.achro.eu\/fr\/mentions-legales","article_modified_time":"2017-01-02T10:14:17+00:00","twitter_card":"summary_large_image","twitter_misc":{"Dur\u00e9e de lecture estim\u00e9e":"8 minutes"},"schema":{"@context":"https:\/\/schema.org","@graph":[{"@type":"WebPage","@id":"https:\/\/www.achro.eu\/fr\/mentions-legales","url":"https:\/\/www.achro.eu\/fr\/mentions-legales","name":"Mentions l\u00e9gales -","isPartOf":{"@id":"https:\/\/www.achro.eu\/fr\/#website"},"datePublished":"2016-03-29T12:27:43+00:00","dateModified":"2017-01-02T10:14:17+00:00","inLanguage":"fr-FR","potentialAction":[{"@type":"ReadAction","target":["https:\/\/www.achro.eu\/fr\/mentions-legales"]}]},{"@type":"WebSite","@id":"https:\/\/www.achro.eu\/fr\/#website","url":"https:\/\/www.achro.eu\/fr\/","name":"","description":"","potentialAction":[{"@type":"SearchAction","target":{"@type":"EntryPoint","urlTemplate":"https:\/\/www.achro.eu\/fr\/?s={search_term_string}"},"query-input":{"@type":"PropertyValueSpecification","valueRequired":true,"valueName":"search_term_string"}}],"inLanguage":"fr-FR"}]}},"_links":{"self":[{"href":"https:\/\/www.achro.eu\/fr\/wp-json\/wp\/v2\/pages\/1264"}],"collection":[{"href":"https:\/\/www.achro.eu\/fr\/wp-json\/wp\/v2\/pages"}],"about":[{"href":"https:\/\/www.achro.eu\/fr\/wp-json\/wp\/v2\/types\/page"}],"author":[{"embeddable":true,"href":"https:\/\/www.achro.eu\/fr\/wp-json\/wp\/v2\/users\/1"}],"replies":[{"embeddable":true,"href":"https:\/\/www.achro.eu\/fr\/wp-json\/wp\/v2\/comments?post=1264"}],"version-history":[{"count":3,"href":"https:\/\/www.achro.eu\/fr\/wp-json\/wp\/v2\/pages\/1264\/revisions"}],"predecessor-version":[{"id":1273,"href":"https:\/\/www.achro.eu\/fr\/wp-json\/wp\/v2\/pages\/1264\/revisions\/1273"}],"wp:attachment":[{"href":"https:\/\/www.achro.eu\/fr\/wp-json\/wp\/v2\/media?parent=1264"}],"curies":[{"name":"wp","href":"https:\/\/api.w.org\/{rel}","templated":true}]}}